{"id":160073,"date":"2025-11-21T11:12:28","date_gmt":"2025-11-21T10:12:28","guid":{"rendered":"https:\/\/secureus.se\/?post_type=product&#038;p=160073"},"modified":"2026-04-09T11:22:50","modified_gmt":"2026-04-09T09:22:50","slug":"axis-01589-001l-judforlangningskabel-b-5m-for-utvalda-35-mm-mikrofoner","status":"publish","type":"product","link":"https:\/\/secureus.se\/no\/axis-01589-001l-judforlangningskabel-b-5m-for-utvalda-35-mm-mikrofoner\/","title":{"rendered":"AXIS 01589-001l Jud forlengelseskabel B 5M for utvalgte 3,5 mm mikrofoner"},"content":{"rendered":"<h1>AXIS 01589-001 lydforlengelseskabel B 5M for utvalgte 3,5 mm mikrofoner<\/h1>\n<p class=\"ds-markdown-paragraph\"><strong>Produktoversikt<\/strong><\/p>\n<p class=\"ds-markdown-paragraph\">Axis 01589-001 er en dedikert lydforlengelseskabel som er utviklet for \u00e5 utvide rekkevidden til kompatible Axis-mikrofoner med 3,5 mm-tilkobling.<\/p>\n<p class=\"ds-markdown-paragraph\">Med en lengde p\u00e5 5 meter (16,4 fot) muliggj\u00f8r den fleksibel plassering av mikrofonen i forhold til nettverkskameraet, noe som er ideelt i installasjoner der direkte tilkobling ikke er praktisk.<\/p>\n<p class=\"ds-markdown-paragraph\"><strong>Hovedfunksjoner<\/strong><\/p>\n<ul>\n<li>\n<p class=\"ds-markdown-paragraph\">3,5 mm mono- eller stereokontakt<\/p>\n<\/li>\n<li>\n<p class=\"ds-markdown-paragraph\">Lengde: 5 meter (16,4 fot)<\/p>\n<\/li>\n<li>\n<p class=\"ds-markdown-paragraph\">Kompatibel med utvalgte Axis-mikrofoner<\/p>\n<\/li>\n<li>\n<p class=\"ds-markdown-paragraph\">Muliggj\u00f8r overf\u00f8ring av lydsignaler over avstand<\/p>\n<\/li>\n<li>\n<p class=\"ds-markdown-paragraph\">Enkel og direkte installasjon<\/p>\n<\/li>\n<\/ul>\n<p class=\"ds-markdown-paragraph\"><strong>Bruksomr\u00e5der<\/strong><\/p>\n<ul>\n<li>\n<p class=\"ds-markdown-paragraph\">Utvidelse av lydopptak i overv\u00e5kingssystemer<\/p>\n<\/li>\n<li>\n<p class=\"ds-markdown-paragraph\">Fleksibel plassering av mikrofoner i butikker, kontorer og offentlige milj\u00f8er<\/p>\n<\/li>\n<li>\n<p class=\"ds-markdown-paragraph\">Installasjoner der kamera og mikrofon m\u00e5 v\u00e6re adskilt<\/p>\n<\/li>\n<\/ul>\n<p class=\"ds-markdown-paragraph\"><strong>Teknisk informasjon<\/strong><\/p>\n<ul>\n<li>\n<p class=\"ds-markdown-paragraph\">Kontakttype: 3,5 mm jack<\/p>\n<\/li>\n<li>\n<p class=\"ds-markdown-paragraph\">Kabellengde: 5 m<\/p>\n<\/li>\n<li>\n<p class=\"ds-markdown-paragraph\">Farge: Sort<\/p>\n<\/li>\n<li>\n<p class=\"ds-markdown-paragraph\">UPC-kode: 7331021065628<\/p>\n<\/li>\n<li>\n<p class=\"ds-markdown-paragraph\">EAN-kode: 7331021065628<\/p>\n<\/li>\n<li>\n<p class=\"ds-markdown-paragraph\">Opprinnelsesland: Kina<\/p>\n<\/li>\n<\/ul>\n<p class=\"ds-markdown-paragraph\"><strong>Kompatibilitet<\/strong><\/p>\n<ul>\n<li>\n<p class=\"ds-markdown-paragraph\">Utvalgte Axis-mikrofoner med 3,5 mm-tilkobling<\/p>\n<\/li>\n<li>\n<p class=\"ds-markdown-paragraph\">Axis nettverkskameraer med lydinngang<\/p>\n<\/li>\n<\/ul>\n<p class=\"ds-markdown-paragraph\">Axis 01589-001 lydforlengelseskabel tilbyr en enkel og effektiv l\u00f8sning for \u00e5 utvide lydopptaksmulighetene til overv\u00e5kingssystemet ditt med h\u00f8y kvalitet og p\u00e5litelig ytelse.<\/p>","protected":false},"excerpt":{"rendered":"<div class=\"_4f9bf79 _43c05b5\">\n<div class=\"ds-message _63c77b1\">\n<div class=\"ds-markdown\">\n<p class=\"ds-markdown-paragraph\">5 meter forlengelseskabel med 3,5 mm kontakt for utvalgte Axis-mikrofoner.<\/p>\n<p class=\"ds-markdown-paragraph\">Muliggj\u00f8r overf\u00f8ring av lydsignaler opptil 5 meter fra mikrofonen til nettverkskameraet. Ideell for installasjoner der mikrofonen m\u00e5 plasseres i en viss avstand fra kameraet.<\/p>\n<p class=\"ds-markdown-paragraph\">Enkel \u00e5 koble til og bruke.<\/p>\n<\/div>\n<\/div>\n<div class=\"ds-theme\"><\/div>\n<div class=\"ds-flex _0a3d93b\">\n<div class=\"ds-flex _965abe9\">\n<div class=\"ds-icon-button db183363\" role=\"button\">\n<div class=\"ds-icon-button__hover-bg\"><\/div>\n<div class=\"ds-icon\"><\/div>\n<\/div>\n<div class=\"ds-icon-button db183363 ds-icon-button--disabled\" role=\"button\">\n<div class=\"ds-icon\"><\/div>\n<\/div>\n<div class=\"ds-icon-button db183363\" role=\"button\">\n<div class=\"ds-icon-button__hover-bg\"><\/div>\n<div class=\"ds-icon\"><\/div>\n<\/div>\n<div class=\"ds-icon-button db183363\" role=\"button\">\n<div class=\"ds-icon-button__hover-bg\"><\/div>\n<div class=\"ds-icon\"><\/div>\n<\/div>\n<div class=\"ds-icon-button db183363\" role=\"button\">\n<div class=\"ds-icon-button__hover-bg\"><\/div>\n<div class=\"ds-icon\"><\/div>\n<\/div>\n<\/div>\n<div><\/div>\n<\/div>\n<\/div>\n<div class=\"_9663006\" data-um-id=\"41\">\n<div class=\"d29f3d7d ds-message _63c77b1\"><\/div>\n<\/div>","protected":false},"featured_media":160072,"template":"","meta":{"_acf_changed":false},"product_brand":[],"product_cat":[4956],"product_tag":[],"class_list":{"0":"post-160073","1":"product","2":"type-product","3":"status-publish","4":"has-post-thumbnail","6":"product_cat-ovrigt-fran-axis","7":"pa_brands-axis","8":"pa_farg-vit","9":"tm-no-options","11":"first","12":"instock","13":"sale","14":"taxable","15":"shipping-taxable","16":"purchasable","17":"product-type-simple"},"acf":[],"_links":{"self":[{"href":"https:\/\/secureus.se\/no\/wp-json\/wp\/v2\/product\/160073","targetHints":{"allow":["GET"]}}],"collection":[{"href":"https:\/\/secureus.se\/no\/wp-json\/wp\/v2\/product"}],"about":[{"href":"https:\/\/secureus.se\/no\/wp-json\/wp\/v2\/types\/product"}],"wp:featuredmedia":[{"embeddable":true,"href":"https:\/\/secureus.se\/no\/wp-json\/wp\/v2\/media\/160072"}],"wp:attachment":[{"href":"https:\/\/secureus.se\/no\/wp-json\/wp\/v2\/media?parent=160073"}],"wp:term":[{"taxonomy":"product_brand","embeddable":true,"href":"https:\/\/secureus.se\/no\/wp-json\/wp\/v2\/product_brand?post=160073"},{"taxonomy":"product_cat","embeddable":true,"href":"https:\/\/secureus.se\/no\/wp-json\/wp\/v2\/product_cat?post=160073"},{"taxonomy":"product_tag","embeddable":true,"href":"https:\/\/secureus.se\/no\/wp-json\/wp\/v2\/product_tag?post=160073"}],"curies":[{"name":"wp","href":"https:\/\/api.w.org\/{rel}","templated":true}]}}