{"id":160128,"date":"2025-11-21T11:12:29","date_gmt":"2025-11-21T10:12:29","guid":{"rendered":"https:\/\/secureus.se\/?post_type=product&#038;p=160128"},"modified":"2026-04-09T11:22:02","modified_gmt":"2026-04-09T09:22:02","slug":"axis-m3215-lve-m32-serien-2mp-zipstream-ip-dome-kamera-med-dlpu-28-mm-fast-objektiv-ir-30m-ip66-ersatter-m3205-lve","status":"publish","type":"product","link":"https:\/\/secureus.se\/no\/axis-m3215-lve-m32-serien-2mp-zipstream-ip-dome-kamera-med-dlpu-28-mm-fast-objektiv-ir-30m-ip66-ersatter-m3205-lve\/","title":{"rendered":"AXIS M3215-LVE M32-serien, 2 MP Zipstream IP-kuppelkamera med DLPU, 2,8 mm fast objektiv, IR 30M, IP66 (erstatter M3205-LVE)"},"content":{"rendered":"<h1>AXIS M3215-LVE M32-serien, 2MP Zipstream IP-domekamera med DLPU, 2,8 mm fast linse, IR 30M, IP66<\/h1>\n<div class=\"dad65929\">\n<div class=\"_4f9bf79 d7dc56a8 _43c05b5\">\n<div class=\"ds-message _63c77b1\">\n<div class=\"ds-markdown\">\n<p class=\"ds-markdown-paragraph\">AXIS M3215-LVE er et kostnadseffektivt 2MP domekamera som kombinerer p\u00e5litelig ytelse med avanserte funksjoner for b\u00e5de innend\u00f8rs og utend\u00f8rs overv\u00e5king.<\/p>\n<p class=\"ds-markdown-paragraph\">Med ett fast 2.8 mm objektiv och en 1\/2.9&#8243; RGB CMOS-sensor levererar kameran skarpa 1080p-bilder med upp till 30 bilder per sekund.<\/p>\n<p class=\"ds-markdown-paragraph\">Kameraet er utstyrt med Axis&#039; velpr\u00f8vde bildeteknologi, inkludert Lightfinder for eksepsjonell bildekvalitet i svakt lys, Forensic WDR for detaljerte bilder i motiver med h\u00f8y kontrast og OptimizedIR med IR-belysning som n\u00e5r opptil 30 meter.<\/p>\n<p class=\"ds-markdown-paragraph\">Dette sikrer p\u00e5litelig overv\u00e5king d\u00f8gnet rundt, uavhengig av lysforhold.<\/p>\n<p class=\"ds-markdown-paragraph\">Kameraet er bygget p\u00e5 ARTPEC-8-prosessoren med dedikert Deep Learning Processing Unit (DLPU), og muliggj\u00f8r avansert AI-analyse direkte i kameraet.<\/p>\n<p class=\"ds-markdown-paragraph\">Med AXIS Object Analytics kan den automatisk oppdage og klassifisere personer, kj\u00f8ret\u00f8y og ulike kj\u00f8ret\u00f8ytyper, og st\u00f8tter scenarioer som linjekryssing og omr\u00e5deoverv\u00e5king.<\/p>\n<p class=\"ds-markdown-paragraph\">Med robust IP66- og IK10-beskyttelse t\u00e5ler kameraet t\u00f8ffe v\u00e6rforhold og fysisk belastning.<\/p>\n<p class=\"ds-markdown-paragraph\">Innebygd funksjonalitet for cybersikkerhet inkluderer Axis Edge Vault-plattformen for sikker lagring av kryptografiske n\u00f8kler, sikker oppstart og kryptert filsystem.<\/p>\n<p class=\"ds-markdown-paragraph\"><strong>Viktigste tekniske funksjoner:<\/strong><\/p>\n<ul>\n<li>\n<p class=\"ds-markdown-paragraph\">2 MP RGB CMOS-sensor med fast 2,8 mm-objektiv<\/p>\n<\/li>\n<li>\n<p class=\"ds-markdown-paragraph\">Lyss\u00f8ker, rettsmedisinsk WDR og optimalisert IR med 30 meter IR-belysning<\/p>\n<\/li>\n<li>\n<p class=\"ds-markdown-paragraph\">ARTPEC-8-prosessor med Deep Learning Processing Unit (DLPU)<\/p>\n<\/li>\n<li>\n<p class=\"ds-markdown-paragraph\">AXIS Object Analytics med klassifisering av personer og kj\u00f8ret\u00f8y<\/p>\n<\/li>\n<li>\n<p class=\"ds-markdown-paragraph\">IP66- og IK10-beskyttelse for utend\u00f8rs bruk<\/p>\n<\/li>\n<li>\n<p class=\"ds-markdown-paragraph\">Axis Edge Vault for avansert cybersikkerhet<\/p>\n<\/li>\n<li>\n<p class=\"ds-markdown-paragraph\">St\u00f8tte for H.264\/H.265-komprimering med Axis Zipstream-teknologi<\/p>\n<\/li>\n<li>\n<p class=\"ds-markdown-paragraph\">PoE-drift (IEEE 802.3af\/at) for enkel installasjon<\/p>\n<\/li>\n<li>\n<p class=\"ds-markdown-paragraph\">5 \u00e5rs garanti<\/p>\n<\/li>\n<\/ul>\n<p class=\"ds-markdown-paragraph\">AXIS M3215-LVE er et utmerket valg for budsjettbevisste installasjoner som krever p\u00e5litelig bildekvalitet, intelligent analyse og robust beskyttelse for b\u00e5de innend\u00f8rs og utend\u00f8rs milj\u00f8er.<\/p>\n<\/div>\n<\/div>\n<\/div>\n<\/div>","protected":false},"excerpt":{"rendered":"<p>Lightfinder, Forensic WDR og OptimisedIR med 30 meter IR-belysning sikrer utmerket bildekvalitet under alle lysforhold. Kameraet har IP66-beskyttelse for utend\u00f8rs bruk og innebygd cybersikkerhet.<\/p>","protected":false},"featured_media":160125,"template":"","meta":{"_acf_changed":false},"product_brand":[],"product_cat":[4950],"product_tag":[],"class_list":{"0":"post-160128","1":"product","2":"type-product","3":"status-publish","4":"has-post-thumbnail","6":"product_cat-axis-domekameror","7":"pa_brands-axis","8":"pa_farg-vit","9":"tm-no-options","11":"first","12":"onbackorder","13":"sale","14":"taxable","15":"shipping-taxable","16":"purchasable","17":"product-type-simple"},"acf":[],"_links":{"self":[{"href":"https:\/\/secureus.se\/no\/wp-json\/wp\/v2\/product\/160128","targetHints":{"allow":["GET"]}}],"collection":[{"href":"https:\/\/secureus.se\/no\/wp-json\/wp\/v2\/product"}],"about":[{"href":"https:\/\/secureus.se\/no\/wp-json\/wp\/v2\/types\/product"}],"wp:featuredmedia":[{"embeddable":true,"href":"https:\/\/secureus.se\/no\/wp-json\/wp\/v2\/media\/160125"}],"wp:attachment":[{"href":"https:\/\/secureus.se\/no\/wp-json\/wp\/v2\/media?parent=160128"}],"wp:term":[{"taxonomy":"product_brand","embeddable":true,"href":"https:\/\/secureus.se\/no\/wp-json\/wp\/v2\/product_brand?post=160128"},{"taxonomy":"product_cat","embeddable":true,"href":"https:\/\/secureus.se\/no\/wp-json\/wp\/v2\/product_cat?post=160128"},{"taxonomy":"product_tag","embeddable":true,"href":"https:\/\/secureus.se\/no\/wp-json\/wp\/v2\/product_tag?post=160128"}],"curies":[{"name":"wp","href":"https:\/\/api.w.org\/{rel}","templated":true}]}}