{"id":160137,"date":"2025-11-21T11:12:29","date_gmt":"2025-11-21T10:12:29","guid":{"rendered":"https:\/\/secureus.se\/?post_type=product&#038;p=160137"},"modified":"2026-04-23T13:01:41","modified_gmt":"2026-04-23T11:01:41","slug":"axis-p1465-le-p14-serien-2mp-zipstream-ip-bullet-kamera-29-mm-objektiv-ir-80m-ip67-vit","status":"publish","type":"product","link":"https:\/\/secureus.se\/no\/axis-p1465-le-p14-serien-2mp-zipstream-ip-bullet-kamera-29-mm-objektiv-ir-80m-ip67-vit\/","title":{"rendered":"AXIS P1465-LE P14-serien, 2 MP Zipstream IP Bullet-kamera, 29 mm objektiv, IR 80M, IP67, hvit"},"content":{"rendered":"<h1>AXIS P1465-LE P14-serien, 2 MP Zipstream IP Bullet-kamera, 29 mm objektiv, IR 80M, IP67, hvit<\/h1>\n<h3 class=\"TypographyStyle--11lquxl jakscM titleText\" data-test-selector=\"OverviewTitle\">Produktoversikt<\/h3>\n<div class=\"sc-bczRLJ eJpGGI\">\n<div class=\"headernamehrnone\">Dette fullfunksjonelle kameraet leverer utmerket bildekvalitet under alle lysforhold. Det har en oppl\u00f8sning p\u00e5 2 MP med en bildefrekvens p\u00e5 opptil 60 fps.<\/div>\n<div><\/div>\n<div class=\"headernamehrnone\">Takket v\u00e6re Lightfinder 2.0 og Forensic WDR leverer den ekte farger og flotte kriminaltekniske detaljer i utfordrende lys eller nesten m\u00f8rke.<\/div>\n<div><\/div>\n<div class=\"headernamehrnone\">OptimizedIR muliggj\u00f8r overv\u00e5king i totalt m\u00f8rke opptil 40 m (131 fot) uten behov for ekstra belysning.<\/div>\n<div><\/div>\n<div class=\"headernamehrnone\">Og bevegelsestilpasningsbasert eksponering reduserer bevegelsesuskarphet fra objekter som n\u00e6rmer seg eller n\u00e6rmer seg.<\/div>\n<div><\/div>\n<div class=\"headernamehrnone\">Kameraet er ogs\u00e5 tilgjengelig i to varianter med forskjellige objektiver: et 9 mm vidvinkelobjektiv for overv\u00e5king av store omr\u00e5der og et 29 mm teleobjektiv for overv\u00e5king p\u00e5 avstand.<\/div>\n<div><\/div>\n<div class=\"headernamehrnone\">Dette h\u00f8yytelseskameraet er basert p\u00e5 ARTPEC-8 og har en DLPU (Deep Learning Processing Unit).<\/div>\n<div><\/div>\n<div class=\"headernamehrnone\">Dette muliggj\u00f8r forbedrede behandlings- og lagringsmuligheter, slik at du kan samle inn og analysere enda mer data enn f\u00f8r \u2013 i utkanten av forsyningskjeden.<\/div>\n<div><\/div>\n<div class=\"headernamehrnone\">Takket v\u00e6re AXIS Object Analytics kan den oppdage og klassifisere personer, kj\u00f8ret\u00f8y og kj\u00f8ret\u00f8ytyper \u2013 alt skreddersydd til dine spesifikke behov.<\/div>\n<div><\/div>\n<div class=\"headernamehrnone\">Med kant-til-kant-teknologi kan den kobles til en Axis-nettverksh\u00f8yttaler for toveis lyd.<\/div>\n<div><\/div>\n<div class=\"headernamehrnone\">I tillegg kan den drives av likestr\u00f8m og PoE.<\/div>\n<div><\/div>\n<div class=\"headernamehrnone\">Og selv om det skulle oppst\u00e5 str\u00f8mbrudd, s\u00f8rger redundant likestr\u00f8m for en p\u00e5litelig str\u00f8mforsyning som beskytter dataene dine.<\/div>\n<div><\/div>\n<div class=\"headernamehrnone\">AXIS P1465-LE har innebygde cybersikkerhetsfunksjoner som bidrar til \u00e5 forhindre uautorisert tilgang og beskytte systemet ditt.<\/div>\n<div><\/div>\n<div class=\"headernamehrnone\">Axis Edge Vault beskytter Axis-enhets-ID-en din og forenkler autorisering av Axis-produkter i nettverket ditt.<\/div>\n<div><\/div>\n<div class=\"headernamehrnone\">I tillegg sikrer signert fastvare og sikker oppstart at fastvaren ikke har blitt kompromittert, og at kun autorisert fastvare er installert.<\/div>\n<div><\/div>\n<div class=\"headernamehrnone\">Og om n\u00f8dvendig s\u00f8rger sikker oppstart for at kameraet er helt fritt for skadelig programvare, selv etter en tilbakestilling til fabrikkinnstillinger.<\/div>\n<div><\/div>\n<div class=\"headernamehrnone\">I tillegg er dette robuste, utend\u00f8rsklare kameraet med IP66\/67-, NEMA 4X- og IK10-klassifiseringer beskyttet mot st\u00f8v, regn, sn\u00f8 og st\u00f8t, og t\u00e5ler vind p\u00e5 opptil 50 m\/s.<\/div>\n<div><\/div>\n<div class=\"row headername\">\n<div class=\"item-header rd-hyg-item-header\"><strong>Hovedtrekk<\/strong><\/div>\n<div class=\"row\">\n<ul>\n<li>Lightfinder 2.0, rettsmedisinsk WDR, optimalisert IR<\/li>\n<li>Analyse med dyp l\u00e6ring<\/li>\n<li>Lyd- og I\/O-tilkoblinger<\/li>\n<li>Innebygde funksjoner for nettsikkerhet<\/li>\n<li>To alternative linser<\/li>\n<\/ul>\n<\/div>\n<\/div>\n<div>\n<div class=\"row headername non-etl-overview\"><\/div>\n<\/div>\n<\/div>\n<div class=\"sc-bczRLJ fySwpa\">\n<div class=\"sc-bczRLJ kEeNDb\"><\/div>\n<\/div>","protected":false},"excerpt":{"rendered":"<p>AXIS P1465-LE P14-serien, 2 MP Zipstream IP Bullet-kamera, 29 mm objektiv, IR 80M, IP67, hvit<\/p>","protected":false},"featured_media":160134,"template":"","meta":{"_acf_changed":false},"product_brand":[],"product_cat":[4949],"product_tag":[],"class_list":{"0":"post-160137","1":"product","2":"type-product","3":"status-publish","4":"has-post-thumbnail","6":"product_cat-axis-bulletkameror","7":"pa_brands-axis","8":"pa_farg-vit","9":"tm-no-options","11":"first","12":"onbackorder","13":"sale","14":"taxable","15":"shipping-taxable","16":"purchasable","17":"product-type-simple"},"acf":[],"_links":{"self":[{"href":"https:\/\/secureus.se\/no\/wp-json\/wp\/v2\/product\/160137","targetHints":{"allow":["GET"]}}],"collection":[{"href":"https:\/\/secureus.se\/no\/wp-json\/wp\/v2\/product"}],"about":[{"href":"https:\/\/secureus.se\/no\/wp-json\/wp\/v2\/types\/product"}],"wp:featuredmedia":[{"embeddable":true,"href":"https:\/\/secureus.se\/no\/wp-json\/wp\/v2\/media\/160134"}],"wp:attachment":[{"href":"https:\/\/secureus.se\/no\/wp-json\/wp\/v2\/media?parent=160137"}],"wp:term":[{"taxonomy":"product_brand","embeddable":true,"href":"https:\/\/secureus.se\/no\/wp-json\/wp\/v2\/product_brand?post=160137"},{"taxonomy":"product_cat","embeddable":true,"href":"https:\/\/secureus.se\/no\/wp-json\/wp\/v2\/product_cat?post=160137"},{"taxonomy":"product_tag","embeddable":true,"href":"https:\/\/secureus.se\/no\/wp-json\/wp\/v2\/product_tag?post=160137"}],"curies":[{"name":"wp","href":"https:\/\/api.w.org\/{rel}","templated":true}]}}