{"id":160146,"date":"2025-11-21T11:12:30","date_gmt":"2025-11-21T10:12:30","guid":{"rendered":"https:\/\/secureus.se\/?post_type=product&#038;p=160146"},"modified":"2026-04-01T12:18:56","modified_gmt":"2026-04-01T10:18:56","slug":"axis-p1455-le-p14-serien-wdr-ip66-2mp-9mm-ip-bulletkamera-med-fast-objektiv-vit","status":"publish","type":"product","link":"https:\/\/secureus.se\/no\/axis-p1455-le-p14-serien-wdr-ip66-2mp-9mm-ip-bulletkamera-med-fast-objektiv-vit\/","title":{"rendered":"AXIS P1455-LE P14-serien, WDR IP66 2MP 9mm IP Bullet-kamera med fast linse, hvit"},"content":{"rendered":"<div class=\"sc-bczRLJ gTFQwC\">\n<div class=\"sc-bczRLJ eJpGGI\">\n<div class=\"row headername\">\n<div class=\"row\">\n<h1>AXIS P1455-LE P14-serien, WDR IP66 2MP 9mm IP Bullet-kamera med fast linse, hvit<\/h1>\n<p class=\"ds-markdown-paragraph\">AXIS P1455-LE er et funksjonsrikt 2MP bullet-kamera som leverer eksepsjonell bildekvalitet i HDTV 1080p med opptil 60 bilder per sekund.<\/p>\n<p class=\"ds-markdown-paragraph\">Med et fast 9 mm-objektiv tilbyr kameraet et optimalt synsfelt for overv\u00e5king av mellomstore omr\u00e5der.<\/p>\n<p class=\"ds-markdown-paragraph\">Den er utstyrt med Axis&#039; avanserte bildeteknologi, inkludert Lightfinder 2.0 for naturlige farger i svakt lys og Forensic WDR med opptil 120 dB dynamisk omr\u00e5de for detaljerte bilder i scener med h\u00f8y kontrast.<\/p>\n<p class=\"ds-markdown-paragraph\">Kameraet er basert p\u00e5 ARTPEC-7-prosessoren med maskinl\u00e6ringsprosessorenhet (MLPU) som muliggj\u00f8r intelligent analyse direkte i kameraet.<\/p>\n<p class=\"ds-markdown-paragraph\">Med AXIS Object Analytics kan systemet automatisk oppdage og klassifisere b\u00e5de personer og kj\u00f8ret\u00f8y.<\/p>\n<p class=\"ds-markdown-paragraph\">Den st\u00f8tter opptil 10 parallelle analysescenarier, inkludert linjekryssing og omr\u00e5deinngang.<\/p>\n<p class=\"ds-markdown-paragraph\">For overv\u00e5king i m\u00f8rket tilbyr kameraet OptimizedIR med effektive 850 nm LED-er som rekker opptil 40 meter.<\/p>\n<p class=\"ds-markdown-paragraph\">Bevegelsestilpasning minimerer bevegelsesuskarphet fra passerende objekter, noe som sikrer skarpe bilder selv under raske bevegelser. Smart kant-til-kant-teknologi muliggj\u00f8r enkel integrering med Axis-nettverksh\u00f8yttalere for toveiskommunikasjon.<\/p>\n<p class=\"ds-markdown-paragraph\">Med robust IP66\/IP67- og IK10-beskyttelse t\u00e5ler kameraet t\u00f8ffe v\u00e6rforhold og fysisk belastning.<\/p>\n<p class=\"ds-markdown-paragraph\">Innebygd funksjonalitet for nettsikkerhet inkluderer Axis Edge Vault for sikker enhetsautentisering og kryptert datalagring. Kameraet st\u00f8tter b\u00e5de PoE-drift og microSD-kort for fleksibel installasjon og lagring.<\/p>\n<p class=\"ds-markdown-paragraph\"><strong>Viktigste tekniske funksjoner:<\/strong><\/p>\n<ul>\n<li>\n<p class=\"ds-markdown-paragraph\">2MP-sensor med fast 9 mm-objektiv<\/p>\n<\/li>\n<li>\n<p class=\"ds-markdown-paragraph\">Lightfinder 2.0 og Forensic WDR opptil 120 dB<\/p>\n<\/li>\n<li>\n<p class=\"ds-markdown-paragraph\">Optimalisert IR med IR-belysning opptil 40 meter<\/p>\n<\/li>\n<li>\n<p class=\"ds-markdown-paragraph\">ARTPEC-7-prosessor med maskinl\u00e6ringsprosessorenhet<\/p>\n<\/li>\n<li>\n<p class=\"ds-markdown-paragraph\">AXIS Objektanalyse for mennesker og kj\u00f8ret\u00f8y<\/p>\n<\/li>\n<li>\n<p class=\"ds-markdown-paragraph\">IP66\/IP67 og IK10-beskyttelse for utend\u00f8rs bruk<\/p>\n<\/li>\n<li>\n<p class=\"ds-markdown-paragraph\">Axis Edge Vault for avansert cybersikkerhet<\/p>\n<\/li>\n<li>\n<p class=\"ds-markdown-paragraph\">St\u00f8tte for H.264\/H.265 med Axis Zipstream-teknologi<\/p>\n<\/li>\n<li>\n<p class=\"ds-markdown-paragraph\">PoE-drift (IEEE 802.3af\/at) for enkel installasjon<\/p>\n<\/li>\n<li>\n<p class=\"ds-markdown-paragraph\">5 \u00e5rs garanti<\/p>\n<\/li>\n<\/ul>\n<p class=\"ds-markdown-paragraph\">AXIS P1455-LE er et utmerket valg for krevende overv\u00e5kingsbehov der h\u00f8y bildekvalitet, intelligent analyse og robust konstruksjon er avgj\u00f8rende for en effektiv og sikker l\u00f8sning.<\/p>\n<\/div>\n<\/div>\n<div>\n<div class=\"row headername non-etl-overview\"><\/div>\n<\/div>\n<\/div>\n<\/div>","protected":false},"excerpt":{"rendered":"<p>AXIS P1455-LE er et allsidig 2MP bullet-kamera med et 9 mm fast objektiv.<\/p>\n<p>Med Lightfinder 2.0, Forensic WDR og IR-belysning opptil 40 m sikrer den utmerket bildekvalitet under alle lysforhold.<\/p>\n<p>Kameraet har AI-analyse og IP66\/IP67-beskyttelse for p\u00e5litelig utend\u00f8rsoverv\u00e5king.<\/p>","protected":false},"featured_media":160145,"template":"","meta":{"_acf_changed":false},"product_brand":[],"product_cat":[4949],"product_tag":[],"class_list":{"0":"post-160146","1":"product","2":"type-product","3":"status-publish","4":"has-post-thumbnail","6":"product_cat-axis-bulletkameror","7":"pa_brands-axis","8":"pa_farg-vit","9":"tm-no-options","11":"first","12":"onbackorder","13":"sale","14":"taxable","15":"shipping-taxable","16":"purchasable","17":"product-type-simple"},"acf":[],"_links":{"self":[{"href":"https:\/\/secureus.se\/no\/wp-json\/wp\/v2\/product\/160146","targetHints":{"allow":["GET"]}}],"collection":[{"href":"https:\/\/secureus.se\/no\/wp-json\/wp\/v2\/product"}],"about":[{"href":"https:\/\/secureus.se\/no\/wp-json\/wp\/v2\/types\/product"}],"wp:featuredmedia":[{"embeddable":true,"href":"https:\/\/secureus.se\/no\/wp-json\/wp\/v2\/media\/160145"}],"wp:attachment":[{"href":"https:\/\/secureus.se\/no\/wp-json\/wp\/v2\/media?parent=160146"}],"wp:term":[{"taxonomy":"product_brand","embeddable":true,"href":"https:\/\/secureus.se\/no\/wp-json\/wp\/v2\/product_brand?post=160146"},{"taxonomy":"product_cat","embeddable":true,"href":"https:\/\/secureus.se\/no\/wp-json\/wp\/v2\/product_cat?post=160146"},{"taxonomy":"product_tag","embeddable":true,"href":"https:\/\/secureus.se\/no\/wp-json\/wp\/v2\/product_tag?post=160146"}],"curies":[{"name":"wp","href":"https:\/\/api.w.org\/{rel}","templated":true}]}}