{"id":160161,"date":"2025-11-21T11:12:30","date_gmt":"2025-11-21T10:12:30","guid":{"rendered":"https:\/\/secureus.se\/?post_type=product&#038;p=160161"},"modified":"2026-04-23T12:59:27","modified_gmt":"2026-04-23T10:59:27","slug":"axis-q1971-e-varmekamera-for-utomhusbruk-13-mm-fast-objektiv-30-fps-ik10-vit","status":"publish","type":"product","link":"https:\/\/secureus.se\/no\/axis-q1971-e-varmekamera-for-utomhusbruk-13-mm-fast-objektiv-30-fps-ik10-vit\/","title":{"rendered":"AXIS Q1971-E utend\u00f8rs termisk kamera, 13 mm fast linse, 30 fps, IK10, hvit"},"content":{"rendered":"<h1>AXIS Q1971-E utend\u00f8rs termisk kamera, 13 mm fast linse, 30 fps, IK10, hvit<\/h1>\n<p class=\"ds-markdown-paragraph\">AXIS Q1971-E termokamera med 13 mm linse er et avansert termokamera som eliminerer avhengigheten av dagslys og visuelle bilder for \u00e5 tilby eksepsjonell deteksjon og verifisering d\u00f8gnet rundt.<\/p>\n<p class=\"ds-markdown-paragraph\">Den er spesielt godt egnet for perimeterbeskyttelse i kritiske utend\u00f8rsmilj\u00f8er, der den robuste, halogenfrie designen t\u00e5ler t\u00f8ffe forhold og gir konsistent ytelse selv i t\u00e5ke, r\u00f8yk, sn\u00f8fall eller totalt m\u00f8rke.<\/p>\n<p class=\"ds-markdown-paragraph\"><strong>Teknisk ytelse med 13 mm objektiv<\/strong><br \/>\nDenne varianten av Q1971-E er utstyrt med et fast 13 mm atermisk objektiv med en lysstyrke p\u00e5 F1.0.<\/p>\n<p class=\"ds-markdown-paragraph\">Linsen gir et horisontalt synsfelt p\u00e5 29\u00b0 og et vertikalt synsfelt p\u00e5 22\u00b0, noe som gj\u00f8r den ideell for overv\u00e5king av moderat store omr\u00e5der som lastebrygger, portpassasjer eller bestemte sektorer i et stort omr\u00e5de.<\/p>\n<p class=\"ds-markdown-paragraph\">Den korte fokuseringsavstanden p\u00e5 4,7 meter sikrer skarp deteksjon selv p\u00e5 relativt korte avstander. Hjertet i kameraet er en ukj\u00f8lt mikrobolometersensor p\u00e5 384\u00d7288 piksler med sv\u00e6rt h\u00f8y f\u00f8lsomhet (NETD &lt;20 mK), som garanterer klare og detaljerte termiske bilder for \u00e5 oppdage tilstedev\u00e6relse og aktivitet med h\u00f8y presisjon.<\/p>\n<p class=\"ds-markdown-paragraph\"><strong>AI-basert analyse og proaktiv overv\u00e5king<\/strong><br \/>\nMed en kraftig ARTPEC-8 System-on-Chip og en dedikert Deep Learning Processing Unit (DLPU) er Q1971-E en intelligent enhet som st\u00f8tter avansert analyse.<\/p>\n<p class=\"ds-markdown-paragraph\">Den leveres med innebygde analytikere som AXIS Video Motion Detection, AXIS Fence Guard og AXIS Loitering Guard.<\/p>\n<p class=\"ds-markdown-paragraph\">For ekstra beskyttelse kan den kraftige AI-analytikeren AXIS Perimeter Defender aktiveres, noe som muliggj\u00f8r n\u00f8yaktig klassifisering og tidlig deteksjon av inntrengere.<\/p>\n<p class=\"ds-markdown-paragraph\">Plattformen st\u00f8tter ogs\u00e5 tredjepartsanalytikere via AXIS Camera Application Platform (ACAP), noe som gir uendelige muligheter for tilpasning.<\/p>\n<p class=\"ds-markdown-paragraph\"><strong>Ledende cybersikkerhet med Axis Edge Vault<\/strong><br \/>\nI dagens tilkoblede verden er nettsikkerhet avgj\u00f8rende. AXIS Q1971-E har den maskinvarebaserte sikkerhetsplattformen Axis Edge Vault innebygd.<\/p>\n<p class=\"ds-markdown-paragraph\">Denne plattformen beskytter enhetens identitet og integritet gjennom funksjoner som sikker oppstart og et sikkert n\u00f8kkellager som er FIPS 140-2 niv\u00e5 2-sertifisert.<\/p>\n<p class=\"ds-markdown-paragraph\">Den tilbyr ogs\u00e5 \u00absignert video\u00bb, som garanterer at videobevis ikke har blitt tuklet med og kan spores tilbake til dette bestemte kameraet.<\/p>\n<p class=\"ds-markdown-paragraph\"><strong>Robust konstruksjon og enkel integrering<\/strong><br \/>\nKameraet er bygget for \u00e5 v\u00e6re slitesterkt med et hus i aluminium og polykarbonat som oppfyller beskyttelsesgradene IP66\/IP67, IK10 og NEMA 4X.<\/p>\n<p class=\"ds-markdown-paragraph\">Den t\u00e5ler temperaturer fra -40 \u00b0C til 60 \u00b0C og kondenserende fuktighet. For enkel integrering og drift st\u00f8tter den et bredt spekter av nettverksprotokoller, ONVIF-profiler (G, M, S, T) og VAPIX API.<\/p>\n<p class=\"ds-markdown-paragraph\">I\/O-porter gj\u00f8r det mulig \u00e5 koble eksternt utstyr som sirener eller lys direkte til kameraet for umiddelbar handling. Det drives via PoE (IEEE 802.3af\/at) eller 12\u201328 V DC, noe som gir fleksibilitet i installasjonen.<\/p>\n<p class=\"ds-markdown-paragraph\"><strong>Bilder og videostr\u00f8mmer<\/strong><br \/>\nSelv om sensorens opprinnelige oppl\u00f8sning er 384 \u00d7 288, kan den skaleres opp til 768 \u00d7 576 for forbedrede visuelle detaljer.<\/p>\n<p class=\"ds-markdown-paragraph\">Kameraet st\u00f8tter video med opptil 30 bilder per sekund og flere str\u00f8mmer i H.264, H.265 og Motion JPEG.<\/p>\n<p class=\"ds-markdown-paragraph\">Axis Zipstream-teknologi reduserer b\u00e5ndbredde- og lagringskrav med gjennomsnittlig 50 % uten \u00e5 ofre rettsmedisinsk viktig informasjon.<\/p>\n<p class=\"ds-markdown-paragraph\">Avslutningsvis er AXIS Q1971-E med 13 mm objektiv et utmerket valg for spesifikke overv\u00e5kingsbehov som krever en balanse mellom dekningsomr\u00e5de og detaljniv\u00e5.<\/p>\n<p class=\"ds-markdown-paragraph\">Kombinasjonen av enest\u00e5ende termisk deteksjon, AI-funksjoner, robust cybersikkerhet og p\u00e5litelig konstruksjon gj\u00f8r den til et f\u00f8rsteklasses valg for proaktiv beskyttelse av anlegg og infrastruktur.<\/p>\n<p class=\"ds-markdown-paragraph\"><strong>Viktige spesifikasjoner for 13 mm-modellen:<\/strong><\/p>\n<ul>\n<li>\n<p class=\"ds-markdown-paragraph\"><strong>Sensor:<\/strong>\u00a0Ukj\u00f8lt mikrobolometer, 384 \u00d7 288 piksler<\/p>\n<\/li>\n<li>\n<p class=\"ds-markdown-paragraph\"><strong>Objektiv:<\/strong>\u00a0Fast 13 mm, F1.0, 29\u00b0 horisontalt synsfelt<\/p>\n<\/li>\n<li>\n<p class=\"ds-markdown-paragraph\"><strong>F\u00f8lsomhet (NETD):<\/strong>\u00a0&lt;20 mK<\/p>\n<\/li>\n<li>\n<p class=\"ds-markdown-paragraph\"><strong>Bildebehandling:<\/strong>\u00a0ARTPEC-8 SoC med DLPU (AI)<\/p>\n<\/li>\n<li>\n<p class=\"ds-markdown-paragraph\"><strong>Analytiker:<\/strong>\u00a0Inkluderer\/st\u00f8tter AXIS Perimeter Defender<\/p>\n<\/li>\n<li>\n<p class=\"ds-markdown-paragraph\"><strong>Nettsikkerhet:<\/strong>\u00a0Axis Edge Vault (FIPS 140-2 niv\u00e5 2)<\/p>\n<\/li>\n<li>\n<p class=\"ds-markdown-paragraph\"><strong>Beskyttelses klasse:<\/strong>\u00a0IP66\/IP67, IK10, NEMA 4X<\/p>\n<\/li>\n<li>\n<p class=\"ds-markdown-paragraph\"><strong>Str\u00f8mforsyning:<\/strong>\u00a0PoE (IEEE 802.3af\/at) eller 12\u201328 V DC<\/p>\n<\/li>\n<li>\n<p class=\"ds-markdown-paragraph\"><strong>Garanti:<\/strong>\u00a05 \u00e5rs garanti<\/p>\n<\/li>\n<\/ul>","protected":false},"excerpt":{"rendered":"<p>AXIS Q1971-E er et robust termisk kamera med et 13 mm fast objektiv, designet for p\u00e5litelig deteksjon og verifisering d\u00f8gnet rundt, uavhengig av lys- og v\u00e6rforhold.<\/p>\n<p>Den er ideell for krevende perimeterbeskyttelse og fungerer utmerket selv i scenarier med lav kontrast.<\/p>\n<p>Kameraet har en 13 mm atermisk linse med et horisontalt synsfelt p\u00e5 29\u00b0, perfekt for overv\u00e5king av moderat store omr\u00e5der p\u00e5 middels avstand.<\/p>","protected":false},"featured_media":160158,"template":"","meta":{"_acf_changed":false},"product_brand":[],"product_cat":[4955],"product_tag":[],"class_list":{"0":"post-160161","1":"product","2":"type-product","3":"status-publish","4":"has-post-thumbnail","6":"product_cat-axis-varmekameror","7":"pa_brands-axis","8":"pa_farg-vit","9":"tm-no-options","11":"first","12":"instock","13":"sale","14":"taxable","15":"shipping-taxable","16":"purchasable","17":"product-type-simple"},"acf":[],"_links":{"self":[{"href":"https:\/\/secureus.se\/no\/wp-json\/wp\/v2\/product\/160161","targetHints":{"allow":["GET"]}}],"collection":[{"href":"https:\/\/secureus.se\/no\/wp-json\/wp\/v2\/product"}],"about":[{"href":"https:\/\/secureus.se\/no\/wp-json\/wp\/v2\/types\/product"}],"wp:featuredmedia":[{"embeddable":true,"href":"https:\/\/secureus.se\/no\/wp-json\/wp\/v2\/media\/160158"}],"wp:attachment":[{"href":"https:\/\/secureus.se\/no\/wp-json\/wp\/v2\/media?parent=160161"}],"wp:term":[{"taxonomy":"product_brand","embeddable":true,"href":"https:\/\/secureus.se\/no\/wp-json\/wp\/v2\/product_brand?post=160161"},{"taxonomy":"product_cat","embeddable":true,"href":"https:\/\/secureus.se\/no\/wp-json\/wp\/v2\/product_cat?post=160161"},{"taxonomy":"product_tag","embeddable":true,"href":"https:\/\/secureus.se\/no\/wp-json\/wp\/v2\/product_tag?post=160161"}],"curies":[{"name":"wp","href":"https:\/\/api.w.org\/{rel}","templated":true}]}}