{"id":160164,"date":"2025-11-21T11:12:30","date_gmt":"2025-11-21T10:12:30","guid":{"rendered":"https:\/\/secureus.se\/?post_type=product&#038;p=160164"},"modified":"2026-04-23T12:59:27","modified_gmt":"2026-04-23T10:59:27","slug":"axis-30w-1-port-midspan-for-inomhusbruk-240v-ac-02172-002","status":"publish","type":"product","link":"https:\/\/secureus.se\/no\/axis-30w-1-port-midspan-for-inomhusbruk-240v-ac-02172-002\/","title":{"rendered":"AXIS 30W 1-ports mellomspenn for innend\u00f8rs bruk, 240V AC (02172-002)"},"content":{"rendered":"<h1>AXIS 30W 1-ports mellomspenn for innend\u00f8rs bruk, 240V AC<\/h1>\n<p class=\"ds-markdown-paragraph\">AXIS 30 W Midspan er en p\u00e5litelig og energieffektiv 1-ports PoE-injektor (midspan) som er utviklet for \u00e5 effektivt drive \u00e9n enkelt nettverksenhet med h\u00f8y effekt.<\/p>\n<p class=\"ds-markdown-paragraph\">Den tilbyr en optimal l\u00f8sning for situasjoner der eksisterende nettverkssvitsjer mangler PoE-funksjonalitet eller ikke kan levere nok str\u00f8m, noe som eliminerer behovet for \u00e5 investere i en helt ny svitsj eller foreta kostbare elektriske installasjoner.<\/p>\n<p class=\"ds-markdown-paragraph\"><strong>Enkel og kostnadseffektiv Power over Ethernet-l\u00f8sning<\/strong><br \/>\nKjernen i denne enheten er dens evne til \u00e5 levere b\u00e5de data og str\u00f8m over \u00e9n standard Ethernet-kabel (kategori 5e eller h\u00f8yere).<\/p>\n<p class=\"ds-markdown-paragraph\">Denne \u00abplug-and-play\u00bb-l\u00f8sningen forenkler installasjonen av nettverksutstyr betraktelig, spesielt p\u00e5 steder der tilgangen til stikkontakter er begrenset eller d\u00e5rlig.<\/p>\n<p class=\"ds-markdown-paragraph\">Injektoren er kompatibel med IEEE 802.3af (PoE) og IEEE 802.3at (PoE+) standarder, noe som gj\u00f8r den til en allsidig partner for et bredt spekter av Axis-produkter, fra enkle IP-kameraer til kraftigere enheter som termiske kameraer og sikkerhetsradarer som krever opptil 30 W.<\/p>\n<p class=\"ds-markdown-paragraph\"><strong>Tekniske fordeler og ytelse<\/strong><br \/>\nAXIS 30 W Midspan st\u00f8tter Gigabit Ethernet (10\/100\/1000 Mbps), noe som sikrer at datab\u00e5ndbredden ikke er begrenset mens enheten forsyner utstyret ditt med str\u00f8m.<\/p>\n<p class=\"ds-markdown-paragraph\">Den har et bredt inngangsspenningsomr\u00e5de p\u00e5 100 til 240 V AC, noe som gj\u00f8r den egnet for global bruk.<\/p>\n<p class=\"ds-markdown-paragraph\">Utgangseffekten er 56 V DC med en maksimal effekt p\u00e5 30 W. For \u00e5 sikre energieffektivitet bruker midspan-lampen bare 100 mW n\u00e5r ingen enheter er tilkoblet.<\/p>\n<p class=\"ds-markdown-paragraph\">Den er utstyrt med en LED-indikator p\u00e5 frontpanelet for enkel visuell bekreftelse av str\u00f8m- og dataforsyning.<\/p>\n<p class=\"ds-markdown-paragraph\"><strong>Slitesterk design og allsidig montering<\/strong><br \/>\nEnheten er produsert i et slitesterkt, svart plastchassis og er b\u00e5de PVC- og halogenfri, i tr\u00e5d med Axis&#039; milj\u00f8ambisjoner.<\/p>\n<p class=\"ds-markdown-paragraph\">Det kompakte designet (30 x 46 x 140,1 mm) og den lave vekten (145 g) gj\u00f8r den diskr\u00e9 og enkel \u00e5 integrere i ethvert rom.<\/p>\n<p class=\"ds-markdown-paragraph\">For fleksibel installasjon kan den monteres p\u00e5 veggen, plasseres p\u00e5 en hylle eller festes til en standard DIN-skinne ved hjelp av tilbeh\u00f8ret som selges separat (AXIS T91A03 DIN-skinneklemme).<\/p>\n<p class=\"ds-markdown-paragraph\"><strong>Robuste driftsforhold og godkjenninger<\/strong><br \/>\nAXIS 30 W Midspan er konstruert for p\u00e5litelig drift innenfor et temperaturomr\u00e5de p\u00e5 -20 \u00b0C til 40 \u00b0C ved full belastning (30 W) og opptil 55 \u00b0C ved lavere effekt (15 W).<\/p>\n<p class=\"ds-markdown-paragraph\">Den har gjennomg\u00e5tt grundige tester og oppfyller relevante sikkerhets- og EMC-standarder, inkludert UL, CE, FCC og RoHS, noe som sikrer b\u00e5de sikker drift og h\u00f8y kvalitet.<\/p>\n<p class=\"ds-markdown-paragraph\"><strong>Sammendrag<\/strong><br \/>\nAXIS 30 W Midspan er det perfekte supplementet til din Axis-sikkerhetsl\u00f8sning.<\/p>\n<p class=\"ds-markdown-paragraph\">Den eliminerer installasjonsbarrierer ved \u00e5 gi deg muligheten til enkelt \u00e5 drive str\u00f8mkrevende enheter der du trenger dem, uten at det g\u00e5r p\u00e5 bekostning av nettverksytelsen.<\/p>\n<p class=\"ds-markdown-paragraph\">Enten du utvider et eksisterende system eller installerer nytt utstyr, tilbyr denne midspan-l\u00f8sningen en p\u00e5litelig, sikker og fremtidssikker str\u00f8mforsyningsl\u00f8sning.<\/p>\n<p class=\"ds-markdown-paragraph\"><strong>Viktige spesifikasjoner:<\/strong><\/p>\n<ul>\n<li>\n<p class=\"ds-markdown-paragraph\"><strong>Type:<\/strong>\u00a01-ports PoE-injektor (Midspan)<\/p>\n<\/li>\n<li>\n<p class=\"ds-markdown-paragraph\"><strong>PoE-standard:<\/strong>\u00a0IEEE 802.3af (PoE) og IEEE 802.3at (PoE+)<\/p>\n<\/li>\n<li>\n<p class=\"ds-markdown-paragraph\"><strong>Maks effekt:<\/strong>\u00a030W<\/p>\n<\/li>\n<li>\n<p class=\"ds-markdown-paragraph\"><strong>Dataflytting:<\/strong>\u00a010\/100\/1000 Mbps<\/p>\n<\/li>\n<li>\n<p class=\"ds-markdown-paragraph\"><strong>Inngangsspenning:<\/strong>\u00a0100\u2013240 V vekselstr\u00f8m<\/p>\n<\/li>\n<li>\n<p class=\"ds-markdown-paragraph\"><strong>Montering:<\/strong>\u00a0Vegg, hylle, DIN-skinne (tilbeh\u00f8r)<\/p>\n<\/li>\n<li>\n<p class=\"ds-markdown-paragraph\"><strong>Garanti:<\/strong>\u00a03 \u00e5rs garanti<\/p>\n<\/li>\n<\/ul>\n<div class=\"sc-bczRLJ fySwpa\">\n<div class=\"sc-bczRLJ kEeNDb\"><\/div>\n<\/div>","protected":false},"excerpt":{"rendered":"<p>AXIS 30 W Midspan er en kompakt og effektiv 1-ports PoE-injektor (midspan) som leverer opptil 30 W str\u00f8m til en nettverksenhet over \u00e9n enkelt Ethernet-kabel.<\/p>\n<p>Den er kompatibel med b\u00e5de IEEE 802.3af (15 W) og IEEE 802.3at (30 W) standarder, noe som sikrer kompatibilitet med de fleste Axis-nettverksprodukter med innebygd PoE, som kameraer og radarer.<\/p>","protected":false},"featured_media":160162,"template":"","meta":{"_acf_changed":false},"product_brand":[],"product_cat":[4951],"product_tag":[],"class_list":{"0":"post-160164","1":"product","2":"type-product","3":"status-publish","4":"has-post-thumbnail","6":"product_cat-axis-natverksuttag-poe","7":"pa_brands-axis","8":"tm-no-options","10":"first","11":"onbackorder","12":"sale","13":"taxable","14":"shipping-taxable","15":"purchasable","16":"product-type-simple"},"acf":[],"_links":{"self":[{"href":"https:\/\/secureus.se\/no\/wp-json\/wp\/v2\/product\/160164","targetHints":{"allow":["GET"]}}],"collection":[{"href":"https:\/\/secureus.se\/no\/wp-json\/wp\/v2\/product"}],"about":[{"href":"https:\/\/secureus.se\/no\/wp-json\/wp\/v2\/types\/product"}],"wp:featuredmedia":[{"embeddable":true,"href":"https:\/\/secureus.se\/no\/wp-json\/wp\/v2\/media\/160162"}],"wp:attachment":[{"href":"https:\/\/secureus.se\/no\/wp-json\/wp\/v2\/media?parent=160164"}],"wp:term":[{"taxonomy":"product_brand","embeddable":true,"href":"https:\/\/secureus.se\/no\/wp-json\/wp\/v2\/product_brand?post=160164"},{"taxonomy":"product_cat","embeddable":true,"href":"https:\/\/secureus.se\/no\/wp-json\/wp\/v2\/product_cat?post=160164"},{"taxonomy":"product_tag","embeddable":true,"href":"https:\/\/secureus.se\/no\/wp-json\/wp\/v2\/product_tag?post=160164"}],"curies":[{"name":"wp","href":"https:\/\/api.w.org\/{rel}","templated":true}]}}