{"id":160166,"date":"2025-11-21T11:12:30","date_gmt":"2025-11-21T10:12:30","guid":{"rendered":"https:\/\/secureus.se\/?post_type=product&#038;p=160166"},"modified":"2026-04-23T12:59:23","modified_gmt":"2026-04-23T10:59:23","slug":"axis-t8120-1-port-midspan-15w","status":"publish","type":"product","link":"https:\/\/secureus.se\/no\/axis-t8120-1-port-midspan-15w\/","title":{"rendered":"AXIS T8120 Midspan med 1 port, 15 W"},"content":{"rendered":"<h1>AXIS T8120 Midspan med 1 port, 15 W<\/h1>\n<p class=\"ds-markdown-paragraph\">AXIS T8120 Midspan 15 W 1-port er en effektiv og kostnadsbesparende l\u00f8sning for \u00e5 drive \u00e9n enkelt nettverksenhet med Power over Ethernet (PoE).<\/p>\n<p class=\"ds-markdown-paragraph\">Den er spesielt godt egnet for mindre installasjoner eller som et supplement til eksisterende nettverk der svitsjene mangler innebygd PoE-funksjonalitet.<\/p>\n<p class=\"ds-markdown-paragraph\"><strong>Effektiv PoE-l\u00f8sning for forenklet installasjon<\/strong><br \/>\nAXIS T8120 eliminerer behovet for \u00e5 trekke separate elektriske kabler til nettverksutstyret ditt.<\/p>\n<p class=\"ds-markdown-paragraph\">Ved \u00e5 kombinere data og str\u00f8m i \u00e9n standard Ethernet-kabel (kategori 5 eller h\u00f8yere), kan du enkelt plassere kameraer p\u00e5 optimale steder, uavhengig av avstand til str\u00f8muttak.<\/p>\n<p class=\"ds-markdown-paragraph\">Dette f\u00f8rer til betydelige besparelser i b\u00e5de materialer og installasjonsarbeid. Enheten er fullstendig plug-and-play, noe som betyr at den er umiddelbart klar til bruk uten noen konfigurasjon.<\/p>\n<p class=\"ds-markdown-paragraph\">Den oppdager automatisk den tilkoblede PoE-kompatible enheten og begynner \u00e5 levere str\u00f8m.<\/p>\n<p class=\"ds-markdown-paragraph\"><strong>Teknisk ytelse og kompatibilitet<\/strong><br \/>\nDenne midspan-kabelen er fullstendig kompatibel med IEEE 802.3af-standarden (PoE) og leverer en utgangsspenning p\u00e5 48 V DC med en maksimal effekt p\u00e5 15,4 W per port \u2013 nok for de fleste faste IP-kameraer, videokodere og lignende enheter.<\/p>\n<p class=\"ds-markdown-paragraph\">Den st\u00f8tter ogs\u00e5 Gigabit Ethernet (10\/100\/1000 Mbps), noe som sikrer at datab\u00e5ndbredden for HD-video ikke p\u00e5virkes.<\/p>\n<p class=\"ds-markdown-paragraph\">For \u00e5 sikre kompatibilitet med eldre enheter har den ogs\u00e5 en forh\u00e5ndsstandardisert bakoverkompatibilitetsalgoritme. Kabeltilkoblingen skjer via en skjermet RJ-45-port.<\/p>\n<p class=\"ds-markdown-paragraph\"><strong>Design og b\u00e6rekraft<\/strong><br \/>\nAXIS T8120 har et sv\u00e6rt kompakt design med m\u00e5l p\u00e5 33 x 53 x 81 mm og veier bare 450 gram.<\/p>\n<p class=\"ds-markdown-paragraph\">Denne lille st\u00f8rrelsen, kombinert med flere monteringsalternativer (vegg, hylle eller DIN-skinne med tilbeh\u00f8r), gj\u00f8r den ekstremt allsidig og enkel \u00e5 integrere i ethvert rom.<\/p>\n<p class=\"ds-markdown-paragraph\">En LED-indikator gir enkel visuell bekreftelse av str\u00f8m- og dataforsyning. Enheten er konstruert for \u00e5 fungere i et temperaturomr\u00e5de p\u00e5 0 \u00b0C til 40 \u00b0C og en luftfuktighet p\u00e5 10\u201390 % RF (ikke-kondenserende).<\/p>\n<p class=\"ds-markdown-paragraph\"><strong>Sikkerhet og godkjenninger<\/strong><br \/>\nAXIS T8120 er produsert i henhold til h\u00f8ye kvalitets- og sikkerhetsstandarder. Den har relevante godkjenninger, inkludert FCC, CE, UL og TUV, noe som sikrer sikker og p\u00e5litelig drift i kommersielle milj\u00f8er.<\/p>\n<p class=\"ds-markdown-paragraph\"><strong>Sammendrag<\/strong><br \/>\nAXIS T8120 1-ports Midspan er den perfekte l\u00f8sningen for raskt, enkelt og kostnadseffektivt \u00e5 drive \u00e9n PoE-enhet.<\/p>\n<p class=\"ds-markdown-paragraph\">Dens p\u00e5litelighet, enkle installasjon og kompakte formfaktor gj\u00f8r den til et utmerket valg for \u00e5 utvide nettverket ditt uten \u00e5 m\u00e5tte investere i en ny svitsj.<\/p>\n<p class=\"ds-markdown-paragraph\">Enten du installerer et nytt kamera eller flytter et eksisterende, gir denne midspan-l\u00f8sningen deg fleksibiliteten du trenger.<\/p>\n<p class=\"ds-markdown-paragraph\"><strong>Viktige spesifikasjoner:<\/strong><\/p>\n<ul>\n<li>\n<p class=\"ds-markdown-paragraph\"><strong>Type:<\/strong>\u00a01-ports PoE-injektor (Midspan)<\/p>\n<\/li>\n<li>\n<p class=\"ds-markdown-paragraph\"><strong>PoE-standard:<\/strong>\u00a0IEEE 802.3af (PoE)<\/p>\n<\/li>\n<li>\n<p class=\"ds-markdown-paragraph\"><strong>Maks effekt:<\/strong>\u00a015,4 W per port<\/p>\n<\/li>\n<li>\n<p class=\"ds-markdown-paragraph\"><strong>Dataflytting:<\/strong>\u00a010\/100\/1000 Mbps (gigabit)<\/p>\n<\/li>\n<li>\n<p class=\"ds-markdown-paragraph\"><strong>Inngangsspenning:<\/strong>\u00a0100\u2013240 V vekselstr\u00f8m<\/p>\n<\/li>\n<li>\n<p class=\"ds-markdown-paragraph\"><strong>Montering:<\/strong>\u00a0Vegg, hylle, DIN-skinne (tilbeh\u00f8r)<\/p>\n<\/li>\n<li>\n<p class=\"ds-markdown-paragraph\"><strong>Driftstemperatur:<\/strong>\u00a00 \u00b0C til 40 \u00b0C<\/p>\n<\/li>\n<\/ul>\n<div class=\"sc-bczRLJ fySwpa\">\n<div class=\"sc-bczRLJ kEeNDb\"><\/div>\n<\/div>","protected":false},"excerpt":{"rendered":"<p>AXIS T8120 Midspan 15 W er en kompakt og p\u00e5litelig PoE-injektor med \u00e9n port som leverer str\u00f8m og data til en nettverksenhet via \u00e9n enkelt Ethernet-kabel.<\/p>\n<p>Den er i samsvar med IEEE 802.3af-standarden og kan levere opptil 15,4 W, noe som gj\u00f8r den ideell for de fleste grunnleggende Axis-nettverkskameraer og andre PoE-kompatible enheter.<\/p>","protected":false},"featured_media":160165,"template":"","meta":{"_acf_changed":false},"product_brand":[],"product_cat":[4951],"product_tag":[],"class_list":{"0":"post-160166","1":"product","2":"type-product","3":"status-publish","4":"has-post-thumbnail","6":"product_cat-axis-natverksuttag-poe","7":"pa_brands-axis","8":"tm-no-options","10":"first","11":"onbackorder","12":"sale","13":"taxable","14":"shipping-taxable","15":"purchasable","16":"product-type-simple"},"acf":[],"_links":{"self":[{"href":"https:\/\/secureus.se\/no\/wp-json\/wp\/v2\/product\/160166","targetHints":{"allow":["GET"]}}],"collection":[{"href":"https:\/\/secureus.se\/no\/wp-json\/wp\/v2\/product"}],"about":[{"href":"https:\/\/secureus.se\/no\/wp-json\/wp\/v2\/types\/product"}],"wp:featuredmedia":[{"embeddable":true,"href":"https:\/\/secureus.se\/no\/wp-json\/wp\/v2\/media\/160165"}],"wp:attachment":[{"href":"https:\/\/secureus.se\/no\/wp-json\/wp\/v2\/media?parent=160166"}],"wp:term":[{"taxonomy":"product_brand","embeddable":true,"href":"https:\/\/secureus.se\/no\/wp-json\/wp\/v2\/product_brand?post=160166"},{"taxonomy":"product_cat","embeddable":true,"href":"https:\/\/secureus.se\/no\/wp-json\/wp\/v2\/product_cat?post=160166"},{"taxonomy":"product_tag","embeddable":true,"href":"https:\/\/secureus.se\/no\/wp-json\/wp\/v2\/product_tag?post=160166"}],"curies":[{"name":"wp","href":"https:\/\/api.w.org\/{rel}","templated":true}]}}