{"id":160168,"date":"2025-11-21T11:12:31","date_gmt":"2025-11-21T10:12:31","guid":{"rendered":"https:\/\/secureus.se\/?post_type=product&#038;p=160168"},"modified":"2026-04-23T12:59:19","modified_gmt":"2026-04-23T10:59:19","slug":"axis-t8134-midspan-for-hogeffektsenheter-60w-100-240v-ac","status":"publish","type":"product","link":"https:\/\/secureus.se\/no\/axis-t8134-midspan-for-hogeffektsenheter-60w-100-240v-ac\/","title":{"rendered":"AXIS T8134 Midspan for h\u00f8yeffektsenheter, 60 W, 100\u2013240 V AC"},"content":{"rendered":"<h1>AXIS T8134 Midspan for h\u00f8yeffektsenheter<\/h1>\n<p class=\"ds-markdown-paragraph\">AXIS T8134 60 W Midspan er en spesialisert Power over Ethernet (midspan)-injektor som dekker behovet for h\u00f8y effekt i nettverksbaserte sikkerhetssystemer.<\/p>\n<p class=\"ds-markdown-paragraph\">Den er beregnet for krevende enheter som bruker mer enn den konvensjonelle PoE-standarden tillater, og tilbyr en robust og p\u00e5litelig str\u00f8mforsyningsl\u00f8sning.<\/p>\n<p class=\"ds-markdown-paragraph\"><strong>H\u00f8y PoE for enheter med ekstrem ytelse<\/strong><br \/>\nAXIS T8134 skiller seg fra standard PoE-injektorer ved at den kan levere opptil 60 W str\u00f8m.<\/p>\n<p class=\"ds-markdown-paragraph\">Denne \u00abh\u00f8ye PoE\u00bb-kapasiteten er helt n\u00f8dvendig for \u00e5 drive noen av Axis&#039; mest avanserte enheter under alle forhold.<\/p>\n<p class=\"ds-markdown-paragraph\">Et godt eksempel er nettverkskameraet AXIS Q60-e, som krever denne ekstra kraften for \u00e5 fungere p\u00e5litelig under ekstreme kuldeforhold under -20 \u00b0C. Det er ogs\u00e5 egnet for \u00e5 drive PTZ-domekameraer med omfattende varmespoler, flere sensorer og avanserte panorerings-, tilt- og zoommotorer.<\/p>\n<p class=\"ds-markdown-paragraph\"><strong>Forenklet installasjon og kraftig ytelse<\/strong><br \/>\nSom med standard PoE eliminerer T8134 behovet for separat elektrisk kabling, noe som sparer tid og installasjonskostnader.<\/p>\n<p class=\"ds-markdown-paragraph\">Ved hjelp av \u00e9n enkelt Ethernet-kabel (kategori 5e eller h\u00f8yere) forsyner den den tilkoblede enheten med b\u00e5de data og str\u00f8m, uten at det p\u00e5virker nettverksytelsen.<\/p>\n<p class=\"ds-markdown-paragraph\">Den st\u00f8tter full Gigabit Ethernet (10\/100\/1000 Mbps) og fungerer plug-and-play \u2013 den oppdager enheten automatisk og begynner \u00e5 levere den n\u00f8dvendige str\u00f8mmen uten konfigurasjon.<\/p>\n<p class=\"ds-markdown-paragraph\"><strong>Slitesterk design og allsidig montering<\/strong><br \/>\nEnheten er bygget for profesjonell bruk med et kompakt og robust design.<\/p>\n<p class=\"ds-markdown-paragraph\">Den kan monteres p\u00e5 veggen, oppbevares p\u00e5 en hylle eller festes til en standard DIN-skinne ved hjelp av det separate tilbeh\u00f8ret AXIS Midspan DIN-klips A.<\/p>\n<p class=\"ds-markdown-paragraph\">Med en inngangsspenning p\u00e5 100\u2013240 V AC er den klar for global bruk. En LED-indikator gir umiddelbar visuell tilbakemelding om str\u00f8m- og datastatus.<\/p>\n<p class=\"ds-markdown-paragraph\"><strong>P\u00e5litelighet under ulike forhold<\/strong><br \/>\nAXIS T8134 er utviklet for \u00e5 fungere p\u00e5litelig i en rekke milj\u00f8er.<\/p>\n<p class=\"ds-markdown-paragraph\">Den har en driftstemperatur p\u00e5 -10 \u00b0C til 45 \u00b0C ved full belastning (60 W) og t\u00e5ler opptil 55 \u00b0C ved en lavere belastning p\u00e5 30 W.<\/p>\n<p class=\"ds-markdown-paragraph\">Den er PVC-fri og oppfyller en rekke internasjonale sikkerhets- og EMC-standarder som CE, UL og RoHS, noe som sikrer b\u00e5de sikker drift og milj\u00f8hensyn.<\/p>\n<p class=\"ds-markdown-paragraph\"><strong>Sammendrag<\/strong><br \/>\nAXIS T8134 60 W Midspan er den ultimate str\u00f8mforsyningsl\u00f8sningen n\u00e5r du trenger mer str\u00f8m.<\/p>\n<p class=\"ds-markdown-paragraph\">Enten du bruker kameraer i arktiske klimaer, kraftige PTZ-enheter eller andre nettverksprodukter med h\u00f8y effekt, gir denne midspan-l\u00f8sningen deg muligheten til \u00e5 plassere utstyret ditt akkurat der det trengs, uten begrensninger fra str\u00f8mnettet. Det er en p\u00e5litelig, sikker og enkel l\u00f8sning for fremtidssikre installasjoner.<\/p>\n<p class=\"ds-markdown-paragraph\"><strong>Viktige spesifikasjoner:<\/strong><\/p>\n<ul>\n<li>\n<p class=\"ds-markdown-paragraph\"><strong>Type:<\/strong>\u00a01-ports h\u00f8y PoE-injektor (mellomspenn)<\/p>\n<\/li>\n<li>\n<p class=\"ds-markdown-paragraph\"><strong>Maks effekt:<\/strong>\u00a060W<\/p>\n<\/li>\n<li>\n<p class=\"ds-markdown-paragraph\"><strong>Kompatibilitet:<\/strong>\u00a0IEEE 802.3at (PoE+) og IEEE 802.3af (PoE)<\/p>\n<\/li>\n<li>\n<p class=\"ds-markdown-paragraph\"><strong>Dataflytting:<\/strong>\u00a010\/100\/1000 Mbps (gigabit)<\/p>\n<\/li>\n<li>\n<p class=\"ds-markdown-paragraph\"><strong>Inngangsspenning:<\/strong>\u00a0100\u2013240 V vekselstr\u00f8m<\/p>\n<\/li>\n<li>\n<p class=\"ds-markdown-paragraph\"><strong>Montering:<\/strong>\u00a0Vegg, hylle, DIN-skinne (tilbeh\u00f8r)<\/p>\n<\/li>\n<li>\n<p class=\"ds-markdown-paragraph\"><strong>Garanti:<\/strong>\u00a03 \u00e5rs garanti<\/p>\n<\/li>\n<\/ul>\n<div class=\"sc-bczRLJ fySwpa\">\n<div class=\"sc-bczRLJ kEeNDb\"><\/div>\n<\/div>","protected":false},"excerpt":{"rendered":"<p>AXIS T8134 60 W Midspan er en 1-ports High PoE-injektor som er utviklet for \u00e5 drive kraftige nettverksenheter som krever mer str\u00f8m enn standard PoE kan gi.<\/p>\n<p>Den leverer opptil 60 W, som er dobbelt s\u00e5 mye som IEEE 802.3at (PoE+), noe som gj\u00f8r den ideell for for eksempel AXIS Q60-e nettverkskameraer som opererer i temperaturer under -20 \u00b0C eller for avanserte PTZ-domekameraer.<\/p>","protected":false},"featured_media":160167,"template":"","meta":{"_acf_changed":false},"product_brand":[],"product_cat":[4951],"product_tag":[],"class_list":{"0":"post-160168","1":"product","2":"type-product","3":"status-publish","4":"has-post-thumbnail","6":"product_cat-axis-natverksuttag-poe","7":"pa_brands-axis","8":"tm-no-options","10":"first","11":"onbackorder","12":"sale","13":"taxable","14":"shipping-taxable","15":"purchasable","16":"product-type-simple"},"acf":[],"_links":{"self":[{"href":"https:\/\/secureus.se\/no\/wp-json\/wp\/v2\/product\/160168","targetHints":{"allow":["GET"]}}],"collection":[{"href":"https:\/\/secureus.se\/no\/wp-json\/wp\/v2\/product"}],"about":[{"href":"https:\/\/secureus.se\/no\/wp-json\/wp\/v2\/types\/product"}],"wp:featuredmedia":[{"embeddable":true,"href":"https:\/\/secureus.se\/no\/wp-json\/wp\/v2\/media\/160167"}],"wp:attachment":[{"href":"https:\/\/secureus.se\/no\/wp-json\/wp\/v2\/media?parent=160168"}],"wp:term":[{"taxonomy":"product_brand","embeddable":true,"href":"https:\/\/secureus.se\/no\/wp-json\/wp\/v2\/product_brand?post=160168"},{"taxonomy":"product_cat","embeddable":true,"href":"https:\/\/secureus.se\/no\/wp-json\/wp\/v2\/product_cat?post=160168"},{"taxonomy":"product_tag","embeddable":true,"href":"https:\/\/secureus.se\/no\/wp-json\/wp\/v2\/product_tag?post=160168"}],"curies":[{"name":"wp","href":"https:\/\/api.w.org\/{rel}","templated":true}]}}