{"id":160172,"date":"2025-11-21T11:12:31","date_gmt":"2025-11-21T10:12:31","guid":{"rendered":"https:\/\/secureus.se\/?post_type=product&#038;p=160172"},"modified":"2026-04-09T11:18:26","modified_gmt":"2026-04-09T09:18:26","slug":"axis-m5526-e-50-hz-4mp-ptz-dome-kamera-inomhus-och-utomhus-10x-zoom-och-focus-recall","status":"publish","type":"product","link":"https:\/\/secureus.se\/no\/axis-m5526-e-50-hz-4mp-ptz-dome-kamera-inomhus-och-utomhus-10x-zoom-och-focus-recall\/","title":{"rendered":"AXIS M5526-E 50 Hz 4MP PTZ-domekamera, innend\u00f8rs og utend\u00f8rs, 10x zoom og fokusgjenkalling"},"content":{"rendered":"<h1>AXIS M5526-E 50 Hz 4MP PTZ-domekamera, innend\u00f8rs og utend\u00f8rs, 10x zoom og fokusgjenkalling<\/h1>\n<p class=\"ds-markdown-paragraph\">AXIS M5526-E PTZ-kamera er et allsidig og intelligent domekamera som kombinerer avansert PTZ-funksjonalitet med AI-basert analyse til en overkommelig pris.<\/p>\n<p class=\"ds-markdown-paragraph\">Den er designet for b\u00e5de innend\u00f8rs og utend\u00f8rs bruk, og leverer eksepsjonell bildekvalitet og smarte funksjoner for et bredt spekter av overv\u00e5kingsbehov.<\/p>\n<p class=\"ds-markdown-paragraph\"><strong>Eksepsjonell bildekvalitet og PTX-ytelse<\/strong><br \/>\nKameraets 4 MP-sensor og 10x optiske zoom (totalt 120x med digital zoom) gir deg muligheten til \u00e5 ta klare og detaljerte bilder, enten du har oversiktsvisning eller trenger \u00e5 zoome inn p\u00e5 en bestemt hendelse.<\/p>\n<p class=\"ds-markdown-paragraph\">Den tilbyr kontinuerlig 360\u00b0 panorering og rask, p\u00e5litelig autofokus (inkludert \u00abFocus Recall\u00bb) som sikrer skarphet hver gang. For \u00e5 h\u00e5ndtere utfordrende lysforhold er den utstyrt med Forensic WDR (opptil 120 dB) og Lightfinder 2.0-teknologi, som gir klare fargebilder selv i scenarier med sterkt baklys eller i nesten m\u00f8rke.<\/p>\n<p class=\"ds-markdown-paragraph\"><strong>AI-basert analyse for proaktiv sikkerhet<\/strong><br \/>\nM5526-E er bygget p\u00e5 det kraftige ARTPEC-8-brikkesettet, og inkluderer en Deep Learning Processing Unit (DLPU) for avansert analyse direkte i kameraet (ved kanten).<\/p>\n<p class=\"ds-markdown-paragraph\">Den forh\u00e5ndsinstallerte analytikeren\u00a0<strong>AXIS Objektanalyse<\/strong>\u00a0kan ikke bare oppdage, men ogs\u00e5 klassifisere objekter som mennesker og forskjellige typer kj\u00f8ret\u00f8y (biler, busser, lastebiler, motorsykler).<\/p>\n<p class=\"ds-markdown-paragraph\">Den st\u00f8tter scenarioer som linjekryssing, omr\u00e5deinngang og bevegelsesanalyse, noe som muliggj\u00f8r proaktive alarmer og smart s\u00f8king i innspilte opptak.<\/p>\n<p class=\"ds-markdown-paragraph\"><strong>Robust konstruksjon og ledende cybersikkerhet<\/strong><br \/>\nMed beskyttelsesklasser IP66 og IK09 t\u00e5ler kameraet elementene og fysisk belastning, noe som gj\u00f8r det egnet for installasjon i inngangspartier, parkeringsplasser, butikker og lagerbygninger.<\/p>\n<p class=\"ds-markdown-paragraph\">Som et ekstra sikkerhetslag inkluderer den den maskinvarebaserte plattformen\u00a0<strong>Axis Edge Vault<\/strong>, som beskytter enhetens identitet og integritet gjennom funksjoner som sikker oppstart og signert video, forhindrer manipulering og sikrer at bevisene er autentiske.<\/p>\n<p class=\"ds-markdown-paragraph\"><strong>Programvareplattform og integrasjon<\/strong><br \/>\nKameraet er en fullfunksjonell nettverksenhet med st\u00f8tte for flere videostr\u00f8mmer i H.264 og H.265, inkludert Axis Zipstream for \u00e5 redusere b\u00e5ndbredde- og lagringsbehov.<\/p>\n<p class=\"ds-markdown-paragraph\">Den integreres enkelt med ledende VMS-systemer via ONVIF-profiler (G, M, S, T) og Axis&#039; egne plattformer som AXIS Camera Station. Innebygde lyd- og I\/O-porter lar deg koble til eksterne enheter som mikrofoner, h\u00f8yttalere og sensorer.<\/p>\n<p class=\"ds-markdown-paragraph\"><strong>Sammendrag<\/strong><br \/>\nAXIS M5526-E PTZ-kamera er et utmerket valg for de som leter etter et kostnadseffektivt, intelligent og allsidig kamera som fungerer b\u00e5de innend\u00f8rs og utend\u00f8rs.<\/p>\n<p class=\"ds-markdown-paragraph\">Kombinasjonen av h\u00f8y bildekvalitet, smidig PTX-mobilitet, kraftig AI-analyse og robust cybersikkerhet gj\u00f8r den til et p\u00e5litelig valg for \u00e5 beskytte eiendelene dine og \u00f8ke situasjonsforst\u00e5elsen.<\/p>\n<p class=\"ds-markdown-paragraph\"><strong>Viktige spesifikasjoner:<\/strong><\/p>\n<ul>\n<li>\n<p class=\"ds-markdown-paragraph\"><strong>Sensor:<\/strong>\u00a01\/3\u2033 RGB CMOS, 4 MP<\/p>\n<\/li>\n<li>\n<p class=\"ds-markdown-paragraph\"><strong>Objektiv:<\/strong>\u00a04,7\u201347 mm, F1,6\u20133,0, 10x optisk zoom<\/p>\n<\/li>\n<li>\n<p class=\"ds-markdown-paragraph\"><strong>PTX:<\/strong>\u00a0360\u00b0 kontinuerlig panorering, 90\u00b0 tilt<\/p>\n<\/li>\n<li>\n<p class=\"ds-markdown-paragraph\"><strong>Bildeteknologi:<\/strong>\u00a0Rettsmedisinsk WDR, Lightfinder 2.0<\/p>\n<\/li>\n<li>\n<p class=\"ds-markdown-paragraph\"><strong>Analyse:<\/strong>\u00a0AXIS Object Analytics (Personer, Kj\u00f8ret\u00f8y) via DLPU<\/p>\n<\/li>\n<li>\n<p class=\"ds-markdown-paragraph\"><strong>Nettsikkerhet:<\/strong>\u00a0Axis Edge Vault<\/p>\n<\/li>\n<li>\n<p class=\"ds-markdown-paragraph\"><strong>Beskyttelses klasse:<\/strong>\u00a0IP66, IK09<\/p>\n<\/li>\n<li>\n<p class=\"ds-markdown-paragraph\"><strong>Str\u00f8mforsyning:<\/strong>\u00a0PoE (IEEE 802.3af\/at) eller 24 V DC<\/p>\n<\/li>\n<li>\n<p class=\"ds-markdown-paragraph\"><strong>Garanti:<\/strong>\u00a05 \u00e5rs garanti<\/p>\n<\/li>\n<\/ul>\n<div class=\"sc-bczRLJ fySwpa\">\n<div class=\"sc-bczRLJ kEeNDb\"><\/div>\n<\/div>","protected":false},"excerpt":{"rendered":"<p class=\"ds-markdown-paragraph\">AXIS M5526-E er et kompakt og rimelig PTZ-domekamera for b\u00e5de innend\u00f8rs og utend\u00f8rs bruk.<\/p>\n<p class=\"ds-markdown-paragraph\">Den leverer skarp bildekvalitet p\u00e5 4 MP og har en kraftig 10x optisk zoom som fanger detaljerte n\u00e6rbilder p\u00e5 avstand.<\/p>\n<p class=\"ds-markdown-paragraph\">Kameraet tilbyr kontinuerlig 360\u00b0 panorering og rask autofokus som sikrer skarpe bilder i alle posisjoner.<\/p>","protected":false},"featured_media":160169,"template":"","meta":{"_acf_changed":false},"product_brand":[],"product_cat":[4950],"product_tag":[],"class_list":{"0":"post-160172","1":"product","2":"type-product","3":"status-publish","4":"has-post-thumbnail","6":"product_cat-axis-domekameror","7":"pa_brands-axis","8":"pa_farg-vit","9":"tm-no-options","11":"first","12":"instock","13":"sale","14":"taxable","15":"shipping-taxable","16":"purchasable","17":"product-type-simple"},"acf":[],"_links":{"self":[{"href":"https:\/\/secureus.se\/no\/wp-json\/wp\/v2\/product\/160172","targetHints":{"allow":["GET"]}}],"collection":[{"href":"https:\/\/secureus.se\/no\/wp-json\/wp\/v2\/product"}],"about":[{"href":"https:\/\/secureus.se\/no\/wp-json\/wp\/v2\/types\/product"}],"wp:featuredmedia":[{"embeddable":true,"href":"https:\/\/secureus.se\/no\/wp-json\/wp\/v2\/media\/160169"}],"wp:attachment":[{"href":"https:\/\/secureus.se\/no\/wp-json\/wp\/v2\/media?parent=160172"}],"wp:term":[{"taxonomy":"product_brand","embeddable":true,"href":"https:\/\/secureus.se\/no\/wp-json\/wp\/v2\/product_brand?post=160172"},{"taxonomy":"product_cat","embeddable":true,"href":"https:\/\/secureus.se\/no\/wp-json\/wp\/v2\/product_cat?post=160172"},{"taxonomy":"product_tag","embeddable":true,"href":"https:\/\/secureus.se\/no\/wp-json\/wp\/v2\/product_tag?post=160172"}],"curies":[{"name":"wp","href":"https:\/\/api.w.org\/{rel}","templated":true}]}}