{"id":160185,"date":"2025-11-21T11:12:31","date_gmt":"2025-11-21T10:12:31","guid":{"rendered":"https:\/\/secureus.se\/?post_type=product&#038;p=160185"},"modified":"2026-04-09T11:18:19","modified_gmt":"2026-04-09T09:18:19","slug":"axis-q6135-le-q61-serien-2mp-zipstream-ip-ptz-kamera-med-32x-optisk-zoom-43-1376-mm-motoriserat-objektiv-ir-190-m-ip66-vit","status":"publish","type":"product","link":"https:\/\/secureus.se\/no\/axis-q6135-le-q61-serien-2mp-zipstream-ip-ptz-kamera-med-32x-optisk-zoom-43-1376-mm-motoriserat-objektiv-ir-190-m-ip66-vit\/","title":{"rendered":"AXIS Q6135-LE Q61-serien, 2MP Zipstream IP PTZ-kamera med 32x optisk zoom, 4,3\u2013137,6 mm motorisert linse, IR 190 M, IP66, hvit"},"content":{"rendered":"<h1>AXIS Q6135-LE Q61-serien, 2MP Zipstream IP PTZ-kamera med 32x optisk zoom, 4,3\u2013137,6 mm motorisert linse, IR 190 M, IP66, hvit<\/h1>\n<div class=\"dad65929\">\n<div class=\"_4f9bf79 d7dc56a8 _43c05b5\">\n<div class=\"ds-message _63c77b1\">\n<div class=\"ds-markdown\">\n<p class=\"ds-markdown-paragraph\">AXIS Q6135-LE PTZ-nettverkskameraet er et spesialbygd kamera for krevende overv\u00e5kingsapplikasjoner der lang rekkevidde og p\u00e5litelig ytelse under alle lysforhold er avgj\u00f8rende.<\/p>\n<p class=\"ds-markdown-paragraph\">Den kombinerer avansert optikk, intelligent IR-belysning og robust konstruksjon for \u00e5 tilby en komplett l\u00f8sning for beskyttelse av kritiske omr\u00e5der som flyplasser, havner, store industrianlegg og grenseoverv\u00e5king.<\/p>\n<p class=\"ds-markdown-paragraph\"><strong>Eksepsjonell optisk ytelse og IR med lang rekkevidde<\/strong><br \/>\nKjernen i Q6135-LE er dens 32x optiske zoom (4,3\u2013137,6 mm objektiv), som gir deg muligheten til \u00e5 identifisere objekter p\u00e5 sv\u00e6rt lange avstander med full HD 1080p-oppl\u00f8sning.<\/p>\n<p class=\"ds-markdown-paragraph\">Den er utstyrt med\u00a0<strong>Optimalisert IR<\/strong>teknologi som justerer IR-belysningen for \u00e5 oppn\u00e5 optimal belysning uten overeksponering. Med et dedikert 60 W High PoE-mellomspenn n\u00e5r IR-belysningen opptil\u00a0<strong>250 meter<\/strong>, som sikrer klare svart-hvitt-bilder selv i totalt m\u00f8rke.<\/p>\n<p class=\"ds-markdown-paragraph\"><strong>Avansert bildeteknologi for overlegen bildekvalitet<\/strong><br \/>\nFor \u00e5 h\u00e5ndtere utfordrende lysforhold bruker kameraet\u00a0<strong>Axis Lightfinder 2.0<\/strong>\u00a0for \u00e5 levere fargerike og skarpe bilder i svakt lys.<\/p>\n<p class=\"ds-markdown-paragraph\">Den inkluderer ogs\u00e5 Forensic WDR (Wide Dynamic Range) p\u00e5 opptil 120 dB for \u00e5 balansere scener med sv\u00e6rt h\u00f8y kontrast, som for eksempel motlys.<\/p>\n<p class=\"ds-markdown-paragraph\">Det banebrytende\u00a0<strong>Sharpdome-teknologi<\/strong>\u00a0er en unik fordel \u2013 det eliminerer den tradisjonelle forvrengningen som finnes i domekameraer og gir den samme skarpe bildekvaliteten opptil 20\u00b0 over horisonten, noe som er avgj\u00f8rende for \u00e5 oppdage hendelser som oppst\u00e5r h\u00f8yt oppe i bildet.<\/p>\n<p class=\"ds-markdown-paragraph\"><strong>Intelligente funksjoner for proaktiv overv\u00e5king<\/strong><br \/>\nKameraet er utstyrt med\u00a0<strong>Autosporing 2<\/strong>, som inkluderer den intuitive \u00abklikk og spor\u00bb-funksjonen.<\/p>\n<p class=\"ds-markdown-paragraph\">Dette gj\u00f8r det mulig for en operat\u00f8r \u00e5 enkelt markere et mistenkelig objekt, slik at kameraet automatisk begynner \u00e5 spore bevegelsen over \u00e5stedet.<\/p>\n<p class=\"ds-markdown-paragraph\">Den innebygde\u00a0<strong>AXIS Objektanalyse<\/strong>\u00a0kan oppdage personer og kj\u00f8ret\u00f8y og brukes til \u00e5 lage intelligente alarmregler basert p\u00e5 atferd, for eksempel linjekryssing eller inntreden i forbudte soner.<\/p>\n<p class=\"ds-markdown-paragraph\"><strong>Robust og sikker konstruksjon<\/strong><br \/>\nKameraet er bygget for ekstreme utend\u00f8rsmilj\u00f8er, har et IP66- og NEMA 4X-klassifisert hus og IK10-beskyttelse mot h\u00e6rverk.<\/p>\n<p class=\"ds-markdown-paragraph\">For \u00e5 beskytte selve systemet er den maskinvarebaserte sikkerhetsplattformen integrert\u00a0<strong>Axis Edge Vault<\/strong>\u00a0med en\u00a0<strong>TPM 2.0-modul som er FIPS 140-2 niv\u00e5 2-sertifisert<\/strong>Dette sikrer sikker oppstart, signert fastvare og beskytter kameraets identitet og videointegritet mot uautorisert tilgang.<\/p>\n<p class=\"ds-markdown-paragraph\"><strong>Sammendrag<\/strong><br \/>\nAXIS Q6135-LE er den ultimate l\u00f8sningen for situasjoner der synlighet og bildeklarhet er helt avgj\u00f8rende, d\u00f8gnet rundt.<\/p>\n<p class=\"ds-markdown-paragraph\">Den unike kombinasjonen av zoom med lang rekkevidde, avansert IR-belysning, Sharpdome-teknologi og intelligente sporingsfunksjoner gj\u00f8r den til et usl\u00e5elig valg for \u00e5 beskytte store, \u00e5pne og sensitive utend\u00f8rsomr\u00e5der.<\/p>\n<p class=\"ds-markdown-paragraph\"><strong>Viktige spesifikasjoner:<\/strong><\/p>\n<ul>\n<li>\n<p class=\"ds-markdown-paragraph\"><strong>Sensor:<\/strong>\u00a01\/2,8\u2033 progressiv skanning CMOS<\/p>\n<\/li>\n<li>\n<p class=\"ds-markdown-paragraph\"><strong>Objektiv:<\/strong>\u00a04,3\u2013137,6 mm, F1,4\u20134,0, 32x optisk zoom<\/p>\n<\/li>\n<li>\n<p class=\"ds-markdown-paragraph\"><strong>IR-avstand:<\/strong>\u00a0Opptil 250 m (med 60 W mellomspenn)<\/p>\n<\/li>\n<li>\n<p class=\"ds-markdown-paragraph\"><strong>Bildeteknologi:<\/strong>\u00a0Lightfinder 2.0, rettsmedisinsk WDR, Sharpdome<\/p>\n<\/li>\n<li>\n<p class=\"ds-markdown-paragraph\"><strong>Sporing:<\/strong>\u00a0Autosporing 2 med \u00abklikk og spor\u00bb<\/p>\n<\/li>\n<li>\n<p class=\"ds-markdown-paragraph\"><strong>Analyse:<\/strong>\u00a0AXIS Objektanalyse (Personer, Kj\u00f8ret\u00f8y)<\/p>\n<\/li>\n<li>\n<p class=\"ds-markdown-paragraph\"><strong>Beskyttelses klasse:<\/strong>\u00a0IP66, NEMA 4X, IK10<\/p>\n<\/li>\n<li>\n<p class=\"ds-markdown-paragraph\"><strong>Sikkerhet:<\/strong>\u00a0Axis Edge Vault, TPM (FIPS 140-2 niv\u00e5 2)<\/p>\n<\/li>\n<li>\n<p class=\"ds-markdown-paragraph\"><strong>Garanti:<\/strong>\u00a05 \u00e5rs garanti<\/p>\n<\/li>\n<\/ul>\n<\/div>\n<\/div>\n<\/div>\n<\/div>","protected":false},"excerpt":{"rendered":"<p>AXIS Q6135-LE er et h\u00f8ytytende PTZ-kamera som er spesielt utviklet for langdistanseoverv\u00e5king i utfordrende milj\u00f8er.<\/p>\n<p>Den tilbyr skarpe bilder i HDTV 1080p med en kraftig 32x optisk zoom. En unik funksjon er den langtrekkende OptimizedIR-sensoren som effektivt lyser opp scener p\u00e5 avstander opptil 250 meter, avhengig av forholdene.<\/p>\n<p>For \u00e5 sikre bildekvalitet i svakt lys er kameraet utstyrt med Axis Lightfinder 2.0.<\/p>","protected":false},"featured_media":160181,"template":"","meta":{"_acf_changed":false},"product_brand":[],"product_cat":[4952],"product_tag":[],"class_list":{"0":"post-160185","1":"product","2":"type-product","3":"status-publish","4":"has-post-thumbnail","6":"product_cat-axis-ptz-kamera","7":"pa_brands-axis","8":"pa_farg-vit","9":"tm-no-options","11":"first","12":"instock","13":"sale","14":"taxable","15":"shipping-taxable","16":"purchasable","17":"product-type-simple"},"acf":[],"_links":{"self":[{"href":"https:\/\/secureus.se\/no\/wp-json\/wp\/v2\/product\/160185","targetHints":{"allow":["GET"]}}],"collection":[{"href":"https:\/\/secureus.se\/no\/wp-json\/wp\/v2\/product"}],"about":[{"href":"https:\/\/secureus.se\/no\/wp-json\/wp\/v2\/types\/product"}],"wp:featuredmedia":[{"embeddable":true,"href":"https:\/\/secureus.se\/no\/wp-json\/wp\/v2\/media\/160181"}],"wp:attachment":[{"href":"https:\/\/secureus.se\/no\/wp-json\/wp\/v2\/media?parent=160185"}],"wp:term":[{"taxonomy":"product_brand","embeddable":true,"href":"https:\/\/secureus.se\/no\/wp-json\/wp\/v2\/product_brand?post=160185"},{"taxonomy":"product_cat","embeddable":true,"href":"https:\/\/secureus.se\/no\/wp-json\/wp\/v2\/product_cat?post=160185"},{"taxonomy":"product_tag","embeddable":true,"href":"https:\/\/secureus.se\/no\/wp-json\/wp\/v2\/product_tag?post=160185"}],"curies":[{"name":"wp","href":"https:\/\/api.w.org\/{rel}","templated":true}]}}