{"id":160189,"date":"2025-11-21T11:12:31","date_gmt":"2025-11-21T10:12:31","guid":{"rendered":"https:\/\/secureus.se\/?post_type=product&#038;p=160189"},"modified":"2026-04-09T11:18:13","modified_gmt":"2026-04-09T09:18:13","slug":"axis-a9210-relamodul-for-i-o-i-natverk","status":"publish","type":"product","link":"https:\/\/secureus.se\/no\/axis-a9210-relamodul-for-i-o-i-natverk\/","title":{"rendered":"AXIS A9210 nettverk I\/O-rel\u00e9modul"},"content":{"rendered":"<h1>AXIS A9210 nettverk I\/O-rel\u00e9modul<\/h1>\n<p class=\"ds-markdown-paragraph\">AXIS A9210 Network I\/O-rel\u00e9modulen er en sofistikert grensesnittsenhet som er utviklet for \u00e5 utvide funksjonaliteten til sikkerhets- og bygningsstyringssystemer.<\/p>\n<p class=\"ds-markdown-paragraph\">Ved \u00e5 tilby flere inngangs-\/utgangstilkoblinger i \u00e9n nettverksenhet, muliggj\u00f8r den omfattende overv\u00e5king og kontroll av ulike eksterne enheter og systemer.<\/p>\n<p class=\"ds-markdown-paragraph\"><strong>Omfattende I\/O-konfigurasjon<\/strong><br \/>\nA9210 tilbyr totalt 10 I\/O-porter med fleksible konfigurasjonsalternativer:<\/p>\n<ul>\n<li>\n<p class=\"ds-markdown-paragraph\">2 konfigurerbare I\/O-er som kan settes som enten innganger eller utganger<\/p>\n<\/li>\n<li>\n<p class=\"ds-markdown-paragraph\">5 dedikerte digitale innganger med overv\u00e5kingsfunksjon (0\u201312 V DC, 4 tilstander)<\/p>\n<\/li>\n<li>\n<p class=\"ds-markdown-paragraph\">3 digitale utganger (\u00e5pen avl\u00f8p, maks. 30 V DC, 100 mA hver)<\/p>\n<\/li>\n<li>\n<p class=\"ds-markdown-paragraph\">1 Form C rel\u00e9kontakt (NO\/NC) klassifisert for 2A ved 30V DC<\/p>\n<\/li>\n<\/ul>\n<p class=\"ds-markdown-paragraph\">De overv\u00e5kede inngangene har programmerbare endemotstander (1K, 2,2K, 4,7K og 10K), som gir forbedret sikkerhetsoverv\u00e5king ved \u00e5 oppdage sabotasje eller kabelkutt.<\/p>\n<p class=\"ds-markdown-paragraph\">Modulen har ogs\u00e5 en 12V DC-str\u00f8mutgang (50mA) for st\u00f8tte av tilkoblede enheter.<\/p>\n<p class=\"ds-markdown-paragraph\"><strong>Skalerbar systemutvidelse<\/strong><br \/>\nEn viktig fordel med A9210 er dens multi-drop-funksjonalitet, som tillater tilkobling av opptil 16 utvidelsesmoduler gjennom \u00e9n enkelt IP-tilkobling.<\/p>\n<p class=\"ds-markdown-paragraph\">Denne skalerbarheten muliggj\u00f8r st\u00f8tte for opptil 128 I\/O-er og 64 rel\u00e9er, noe som gj\u00f8r den ideell for storskala installasjoner uten behov for ekstra nettverksinfrastruktur.<\/p>\n<p class=\"ds-markdown-paragraph\"><strong>Robust tilkobling og integrasjon<\/strong><br \/>\nModulen har en RS485-port med Modbus-st\u00f8tte, noe som forenkler integrering med industrielle kontrollsystemer og bygningsautomasjon.<\/p>\n<p class=\"ds-markdown-paragraph\">Den st\u00f8tter standard nettverksprotokoller, inkludert IPv4\/IPv6, HTTP\/HTTPS og SNMP, noe som sikrer kompatibilitet med de fleste sikkerhets- og administrasjonssystemer.<\/p>\n<p class=\"ds-markdown-paragraph\">A9210 er bygget p\u00e5 \u00e5pne plattformer fra Axis og st\u00f8tter VAPIX API og AXIS Camera Application Platform (ACAP), noe som muliggj\u00f8r utvikling av tilpassede applikasjoner og s\u00f8ml\u00f8s integrering med Axis videoh\u00e5ndteringssystemer og tredjepartsl\u00f8sninger.<\/p>\n<p class=\"ds-markdown-paragraph\"><strong>Forbedrede sikkerhetsfunksjoner<\/strong><br \/>\nSikkerheten forsterkes gjennom Axis Edge Vault, en maskinvarebasert cybersikkerhetsplattform som tilbyr:<\/p>\n<ul>\n<li>\n<p class=\"ds-markdown-paragraph\">Sikker oppstart og signert fastvareverifisering<\/p>\n<\/li>\n<li>\n<p class=\"ds-markdown-paragraph\">Sikker n\u00f8kkellagring for kryptografiske operasjoner<\/p>\n<\/li>\n<li>\n<p class=\"ds-markdown-paragraph\">FIPS 140-2-sertifisert maskinvaresikkerhetsmodul<\/p>\n<\/li>\n<li>\n<p class=\"ds-markdown-paragraph\">Kryptert filsystem (AES-XTS-Plain64 256bit)<\/p>\n<\/li>\n<\/ul>\n<p class=\"ds-markdown-paragraph\">Disse funksjonene sikrer enhetens integritet og beskytter mot uautorisert tilgang gjennom hele livssyklusen.<\/p>\n<p class=\"ds-markdown-paragraph\"><strong>Slitesterk konstruksjon og fleksibel installasjon<\/strong><br \/>\nA9210 er utstyrt med et solid st\u00e5lkabinett og er designet for krevende milj\u00f8er med et driftstemperaturomr\u00e5de p\u00e5 -40 \u00b0C til 55 \u00b0C (-40 \u00b0F til 131 \u00b0F).<\/p>\n<p class=\"ds-markdown-paragraph\">Den st\u00f8tter flere monteringsalternativer, inkludert veggmontering og DIN-skinneinstallasjon, med fargekodede, avtakbare rekkeklemmer for forenklet kabling.<\/p>\n<p class=\"ds-markdown-paragraph\">Modulen kan drives via Power over Ethernet (PoE+ IEEE 802.3at) eller 12V DC-inngang, noe som gir fleksibilitet p\u00e5 installasjonssteder.<\/p>\n<p class=\"ds-markdown-paragraph\">Rel\u00e9utgangen st\u00f8tter b\u00e5de v\u00e5te og t\u00f8rre kontakter, og passer til ulike kontrollapplikasjoner.<\/p>\n<p class=\"ds-markdown-paragraph\"><strong>Allsidighet i bruksomr\u00e5der<\/strong><br \/>\nAXIS A9210 er egnet for en rekke bruksomr\u00e5der, inkludert:<\/p>\n<ul>\n<li>\n<p class=\"ds-markdown-paragraph\">Integrering av adgangskontrollsystem<\/p>\n<\/li>\n<li>\n<p class=\"ds-markdown-paragraph\">Milj\u00f8overv\u00e5king (temperatur, fuktighet, vanndeteksjon)<\/p>\n<\/li>\n<li>\n<p class=\"ds-markdown-paragraph\">Utvidelse av alarmsystemet<\/p>\n<\/li>\n<li>\n<p class=\"ds-markdown-paragraph\">Industriell automatisering<\/p>\n<\/li>\n<li>\n<p class=\"ds-markdown-paragraph\">Bygningsstyringssystemer<\/p>\n<\/li>\n<li>\n<p class=\"ds-markdown-paragraph\">Forbedringer av perimeterbeskyttelse<\/p>\n<\/li>\n<\/ul>\n<p class=\"ds-markdown-paragraph\"><strong>Sammendrag<\/strong><br \/>\nAXIS A9210 Network I\/O-rel\u00e9modulen gir en sikker, skalerbar og allsidig l\u00f8sning for \u00e5 utvide systemfunksjoner utover videooverv\u00e5king.<\/p>\n<p class=\"ds-markdown-paragraph\">Den omfattende I\/O-konfigurasjonen, robuste sikkerhetsfunksjonene og de fleksible integrasjonsalternativene gj\u00f8r den til en viktig komponent for moderne sikkerhets- og automatiseringssystemer, og muliggj\u00f8r sentralisert overv\u00e5king og kontroll av ulike enheter og sensorer gjennom \u00e9n enkelt nettverkstilkobling.<\/p>\n<p class=\"ds-markdown-paragraph\"><strong>Viktige spesifikasjoner:<\/strong><\/p>\n<ul>\n<li>\n<p class=\"ds-markdown-paragraph\">I\/O-porter: 10 totalt (2 konfigurerbare I\/O, 5 innganger, 3 utganger)<\/p>\n<\/li>\n<li>\n<p class=\"ds-markdown-paragraph\">Rel\u00e9: 1 Form C-kontakt (2A, 30V DC)<\/p>\n<\/li>\n<li>\n<p class=\"ds-markdown-paragraph\">Utvidelse: St\u00f8tter opptil 128 I\/O-er og 64 rel\u00e9er<\/p>\n<\/li>\n<li>\n<p class=\"ds-markdown-paragraph\">Tilkobling: Ethernet, RS485 (Modbus)<\/p>\n<\/li>\n<li>\n<p class=\"ds-markdown-paragraph\">Str\u00f8m: PoE+ (IEEE 802.3at) eller 12V DC<\/p>\n<\/li>\n<li>\n<p class=\"ds-markdown-paragraph\">Sikkerhet: Axis Edge Vault med sikker oppstart<\/p>\n<\/li>\n<li>\n<p class=\"ds-markdown-paragraph\">Driftstemperatur: -40 \u00b0C til 55 \u00b0C<\/p>\n<\/li>\n<li>\n<p class=\"ds-markdown-paragraph\">Montering: Vegg eller DIN-skinne<\/p>\n<\/li>\n<li>\n<p class=\"ds-markdown-paragraph\">Garanti: 5 \u00e5rs garanti<\/p>\n<\/li>\n<\/ul>\n<div class=\"sc-bczRLJ fySwpa\">\n<div class=\"sc-bczRLJ kEeNDb\"><\/div>\n<\/div>","protected":false},"excerpt":{"rendered":"<p>AXIS A9210 nettverks-I\/O-rel\u00e9modul utvider funksjonaliteten til sikkerhetssystemer ved \u00e5 tilby 10 konfigurerbare I\/O-porter, inkludert 5 overv\u00e5kede innganger, 3 utganger og 1 Form C-rel\u00e9utgang.<\/p>\n<p>Denne allsidige enheten muliggj\u00f8r integrering med ulike sensorer, alarmer og kontrollsystemer, noe som muliggj\u00f8r overv\u00e5king av milj\u00f8sensorer, alarmknapper og andre sikkerhetsenheter.<\/p>","protected":false},"featured_media":160186,"template":"","meta":{"_acf_changed":false},"product_brand":[],"product_cat":[4956],"product_tag":[],"class_list":{"0":"post-160189","1":"product","2":"type-product","3":"status-publish","4":"has-post-thumbnail","6":"product_cat-ovrigt-fran-axis","7":"pa_brands-axis","8":"pa_farg-vit","9":"tm-no-options","11":"first","12":"instock","13":"sale","14":"taxable","15":"shipping-taxable","16":"purchasable","17":"product-type-simple"},"acf":[],"_links":{"self":[{"href":"https:\/\/secureus.se\/no\/wp-json\/wp\/v2\/product\/160189","targetHints":{"allow":["GET"]}}],"collection":[{"href":"https:\/\/secureus.se\/no\/wp-json\/wp\/v2\/product"}],"about":[{"href":"https:\/\/secureus.se\/no\/wp-json\/wp\/v2\/types\/product"}],"wp:featuredmedia":[{"embeddable":true,"href":"https:\/\/secureus.se\/no\/wp-json\/wp\/v2\/media\/160186"}],"wp:attachment":[{"href":"https:\/\/secureus.se\/no\/wp-json\/wp\/v2\/media?parent=160189"}],"wp:term":[{"taxonomy":"product_brand","embeddable":true,"href":"https:\/\/secureus.se\/no\/wp-json\/wp\/v2\/product_brand?post=160189"},{"taxonomy":"product_cat","embeddable":true,"href":"https:\/\/secureus.se\/no\/wp-json\/wp\/v2\/product_cat?post=160189"},{"taxonomy":"product_tag","embeddable":true,"href":"https:\/\/secureus.se\/no\/wp-json\/wp\/v2\/product_tag?post=160189"}],"curies":[{"name":"wp","href":"https:\/\/api.w.org\/{rel}","templated":true}]}}