{"id":160192,"date":"2025-11-21T11:12:31","date_gmt":"2025-11-21T10:12:31","guid":{"rendered":"https:\/\/secureus.se\/?post_type=product&#038;p=160192"},"modified":"2026-04-09T11:18:07","modified_gmt":"2026-04-09T09:18:07","slug":"axis-a8207-ve-mkll-dorrstation-for-natverksvideo-gra","status":"publish","type":"product","link":"https:\/\/secureus.se\/no\/axis-a8207-ve-mkll-dorrstation-for-natverksvideo-gra\/","title":{"rendered":"AXIS A8207-VE MKll Nettverksvideod\u00f8rstasjon, Gr\u00e5"},"content":{"rendered":"<h1>AXIS A8207-VE MKll Nettverksvideod\u00f8rstasjon, Gr\u00e5<\/h1>\n<p class=\"ds-markdown-paragraph\">AXIS A8207-VE MkII Network Video Door Station er en allsidig og intelligent inngangsl\u00f8sning som kombinerer avansert videooverv\u00e5king, lydkommunikasjon og fysisk adgangskontroll i \u00e9n kompakt enhet.<\/p>\n<p class=\"ds-markdown-paragraph\">Den er utformet for \u00e5 forbedre sikkerheten og effektiviteten ved innganger med h\u00f8y trafikk av b\u00e5de kjente ansatte og bes\u00f8kende.<\/p>\n<p class=\"ds-markdown-paragraph\"><strong>Avansert video- og bildekvalitet<\/strong><br \/>\nI hjertet av d\u00f8rstasjonen sitter en 6 MP-sensor med et fast 1,56 mm-objektiv som gir et usedvanlig bredt 180\u00b0 horisontalt synsfelt. Dette eliminerer blindsoner og gir fullstendig oversikt over personer ved d\u00f8ren.<\/p>\n<p class=\"ds-markdown-paragraph\">For \u00e5 h\u00e5ndtere utfordrende lysforhold er den utstyrt med Forensic WDR (Wide Dynamic Range) p\u00e5 opptil 120 dB. Axis Zipstream-teknologi optimaliserer b\u00e5ndbreddebruken uten at det g\u00e5r p\u00e5 bekostning av viktige visuelle detaljer.<\/p>\n<p class=\"ds-markdown-paragraph\"><strong>Omfattende tilgangskontroll og autentisering<\/strong><br \/>\nEn integrert multifrekvens RFID-leser st\u00f8tter et bredt spekter av kortteknologier, inkludert MiFARE Classic\/Plus\/DesFire, HID iCLASS og HID Prox.<\/p>\n<p class=\"ds-markdown-paragraph\">Kombinert med et tastatur for PIN-inntasting, muliggj\u00f8r dette fleksible autentiseringsmetoder: kort, tag, PIN-kode eller d\u00f8rkode. St\u00f8tte for standardprotokoller som OSDP over RS485 og Wiegand sikrer enkel integrering med de fleste adgangskontrollsystemer p\u00e5 markedet.<\/p>\n<p class=\"ds-markdown-paragraph\"><strong>Kvalitativ kommunikasjon og brukerinteraksjon<\/strong><br \/>\nD\u00f8rstasjonen er utstyrt med en dobbel innebygd mikrofon, en innebygd h\u00f8yttaler med en 2 W forsterker og en separat 4 W forsterker for h\u00f8reapparatslyngen.<\/p>\n<p class=\"ds-markdown-paragraph\">Den tilbyr toveis full dupleks lydkommunikasjon med avansert ekkokansellering og st\u00f8yreduksjon for krystallklare samtaler. Brukerforst\u00e5elsen forbedres ytterligere av umiddelbar visuell tilbakemelding (opplyste symboler, indikatorstripe) og h\u00f8rbar tilbakemelding.<\/p>\n<p class=\"ds-markdown-paragraph\"><strong>Robust integrasjon og cybersikkerhet<\/strong><br \/>\nEnheten er bygget p\u00e5 \u00e5pne standarder og st\u00f8tter VAPIX API, ONVIF Profile S og G, samt Session Initiation Protocol (SIP) for direkte integrasjon med VoIP-systemer og PBX-er.<\/p>\n<p class=\"ds-markdown-paragraph\">Nettsikkerheten er forbedret med signert fastvare, sikker oppstart og et omfattende utvalg av nettverksbeskyttelsesfunksjoner for \u00e5 beskytte enheten og dataene mot uautorisert tilgang.<\/p>\n<p class=\"ds-markdown-paragraph\"><strong>Slitesterk konstruksjon og allsidighet<\/strong><br \/>\nMed et IP66- og IK08-klassifisert hus i aluminium og polykarbonat, t\u00e5ler enheten elementene og fysisk belastning.<\/p>\n<p class=\"ds-markdown-paragraph\">Den kan drives via PoE\/PoE+ eller 8\u201328 V DC, noe som gir fleksibilitet i installasjonen. En microHDMI-utgang lar deg str\u00f8mme livevideo til en skjerm i n\u00e6rheten for offentlig visning.<\/p>\n<p class=\"ds-markdown-paragraph\"><strong>Sammendrag<\/strong><br \/>\nAXIS A8207-VE MkII er mer enn en d\u00f8rstasjon; den er en sentral komponent i et moderne sikkerhetssystem.<\/p>\n<p class=\"ds-markdown-paragraph\">Evnen til \u00e5 s\u00f8ml\u00f8st kombinere HD-video, intelligent analyse, kraftig adgangskontroll og tydelig kommunikasjon gj\u00f8r den til et ideelt valg for \u00e5 skape sikre, effektive og brukervennlige innganger for kontorer, skoler, sykehus og offentlige bygninger.<\/p>\n<p class=\"ds-markdown-paragraph\"><strong>Viktige spesifikasjoner:<\/strong><\/p>\n<ul>\n<li>\n<p class=\"ds-markdown-paragraph\"><strong>Kamera:<\/strong>\u00a06 MP, 180\u00b0 horisontalt synsfelt<\/p>\n<\/li>\n<li>\n<p class=\"ds-markdown-paragraph\"><strong>Autentisering:<\/strong>\u00a0RFID (13,56 MHz og 125 kHz), PIN-kode<\/p>\n<\/li>\n<li>\n<p class=\"ds-markdown-paragraph\"><strong>Lyd:<\/strong>\u00a0Toveis lyd med ekkoreduksjon, h\u00f8reslynge<\/p>\n<\/li>\n<li>\n<p class=\"ds-markdown-paragraph\"><strong>Integrering:<\/strong>\u00a0SIP, ONVIF, VAPIX, OSDP, Wiegand<\/p>\n<\/li>\n<li>\n<p class=\"ds-markdown-paragraph\"><strong>Tilkoblinger:<\/strong>\u00a0PoE\/PoE+, I\/O, rel\u00e9er, RS485, microHDMI<\/p>\n<\/li>\n<li>\n<p class=\"ds-markdown-paragraph\"><strong>Beskyttelses klasse:<\/strong>\u00a0IP66, IK08, NEMA 4X<\/p>\n<\/li>\n<li>\n<p class=\"ds-markdown-paragraph\"><strong>Sikkerhet:<\/strong>\u00a0Signert fastvare, sikker oppstart<\/p>\n<\/li>\n<li>\n<p class=\"ds-markdown-paragraph\"><strong>Garanti:<\/strong>\u00a05 \u00e5rs garanti<\/p>\n<\/li>\n<\/ul>\n<div class=\"sc-bczRLJ gTFQwC\"><\/div>","protected":false},"excerpt":{"rendered":"<p>AXIS A8207-VE MkII er en avansert nettverksd\u00f8rstasjon som kombinerer videooverv\u00e5king, toveiskommunikasjon og adgangskontroll i \u00e9n enhet.<\/p>\n<p>Den er utstyrt med et 6 MP kamera med 180\u00b0 vidvinkel som gir utmerket bildedekning ved innganger.<\/p>\n<p>Den integrerte RFID-leseren st\u00f8tter flere frekvenser og korttyper, inkludert HID iClass, noe som muliggj\u00f8r s\u00f8ml\u00f8s integrering med eksisterende adgangskontrollsystemer.<\/p>","protected":false},"featured_media":160190,"template":"","meta":{"_acf_changed":false},"product_brand":[],"product_cat":[4956],"product_tag":[],"class_list":{"0":"post-160192","1":"product","2":"type-product","3":"status-publish","4":"has-post-thumbnail","6":"product_cat-ovrigt-fran-axis","7":"pa_brands-axis","8":"pa_farg-gra","9":"tm-no-options","11":"first","12":"instock","13":"sale","14":"taxable","15":"shipping-taxable","16":"purchasable","17":"product-type-simple"},"acf":[],"_links":{"self":[{"href":"https:\/\/secureus.se\/no\/wp-json\/wp\/v2\/product\/160192","targetHints":{"allow":["GET"]}}],"collection":[{"href":"https:\/\/secureus.se\/no\/wp-json\/wp\/v2\/product"}],"about":[{"href":"https:\/\/secureus.se\/no\/wp-json\/wp\/v2\/types\/product"}],"wp:featuredmedia":[{"embeddable":true,"href":"https:\/\/secureus.se\/no\/wp-json\/wp\/v2\/media\/160190"}],"wp:attachment":[{"href":"https:\/\/secureus.se\/no\/wp-json\/wp\/v2\/media?parent=160192"}],"wp:term":[{"taxonomy":"product_brand","embeddable":true,"href":"https:\/\/secureus.se\/no\/wp-json\/wp\/v2\/product_brand?post=160192"},{"taxonomy":"product_cat","embeddable":true,"href":"https:\/\/secureus.se\/no\/wp-json\/wp\/v2\/product_cat?post=160192"},{"taxonomy":"product_tag","embeddable":true,"href":"https:\/\/secureus.se\/no\/wp-json\/wp\/v2\/product_tag?post=160192"}],"curies":[{"name":"wp","href":"https:\/\/api.w.org\/{rel}","templated":true}]}}