{"id":160378,"date":"2025-11-24T15:14:31","date_gmt":"2025-11-24T14:14:31","guid":{"rendered":"https:\/\/secureus.se\/metallkapsling-till-easyline-4g\/"},"modified":"2026-03-27T15:07:07","modified_gmt":"2026-03-27T14:07:07","slug":"metallkapsling-till-easyline-4g","status":"publish","type":"product","link":"https:\/\/secureus.se\/no\/metallkapsling-till-easyline-4g\/","title":{"rendered":"Metallhus for EasyLine 4G"},"content":{"rendered":"<h1>Metallhus for EasyLine 4G-sender<\/h1>\n<p class=\"ds-markdown-paragraph\">Forborede hull for korrekt montering av EasyLine 4G-modulen.<\/p>\n<p class=\"ds-markdown-paragraph\">GSM\/GPRS-modulene kan enkelt monteres i metallboksen, som er utstyrt med en sabotasjebryter og plastavstandsstykke.<\/p>\n<p class=\"ds-markdown-paragraph\"><strong>Beskrivelse:<\/strong><br \/>\nInnebygd sabotasjebryter<br \/>\nModulen inneholder festebraketter<br \/>\nMetalld\u00f8ren kan fjernes med \u00e9n h\u00e5ndbevegelse<br \/>\nInnebygd sabotasjebryter.<br \/>\nForberedte hull er tilgjengelige for Easyline 4G-sendere.<br \/>\nMetalld\u00f8ren kan enkelt fjernes.<\/p>\n<p>M\u00e5l: 125 mm (bredde) x 155 mm (h\u00f8yde) x 52 mm (dybde) + 8 mm (avstand)<\/p>","protected":false},"excerpt":{"rendered":"<p>Denne slitesterke metallboksen er spesialdesignet for \u00e5 trygt oppbevare og beskytte Easyline 4G-senderen din.<\/p>\n<p>&nbsp;<\/p>","protected":false},"featured_media":160373,"template":"","meta":{"_acf_changed":false},"product_brand":[],"product_cat":[3323,1551],"product_tag":[],"class_list":{"0":"post-160378","1":"product","2":"type-product","3":"status-publish","4":"has-post-thumbnail","6":"product_cat-kapsling","7":"product_cat-larmoverforing","8":"pa_brands-asc","9":"tm-no-options","11":"first","12":"instock","13":"sale","14":"taxable","15":"shipping-taxable","16":"purchasable","17":"product-type-simple"},"acf":[],"_links":{"self":[{"href":"https:\/\/secureus.se\/no\/wp-json\/wp\/v2\/product\/160378","targetHints":{"allow":["GET"]}}],"collection":[{"href":"https:\/\/secureus.se\/no\/wp-json\/wp\/v2\/product"}],"about":[{"href":"https:\/\/secureus.se\/no\/wp-json\/wp\/v2\/types\/product"}],"wp:featuredmedia":[{"embeddable":true,"href":"https:\/\/secureus.se\/no\/wp-json\/wp\/v2\/media\/160373"}],"wp:attachment":[{"href":"https:\/\/secureus.se\/no\/wp-json\/wp\/v2\/media?parent=160378"}],"wp:term":[{"taxonomy":"product_brand","embeddable":true,"href":"https:\/\/secureus.se\/no\/wp-json\/wp\/v2\/product_brand?post=160378"},{"taxonomy":"product_cat","embeddable":true,"href":"https:\/\/secureus.se\/no\/wp-json\/wp\/v2\/product_cat?post=160378"},{"taxonomy":"product_tag","embeddable":true,"href":"https:\/\/secureus.se\/no\/wp-json\/wp\/v2\/product_tag?post=160378"}],"curies":[{"name":"wp","href":"https:\/\/api.w.org\/{rel}","templated":true}]}}