{"id":160700,"date":"2025-12-05T12:27:40","date_gmt":"2025-12-05T11:27:40","guid":{"rendered":"https:\/\/secureus.se\/?post_type=product&#038;p=160700"},"modified":"2026-02-09T16:19:14","modified_gmt":"2026-02-09T15:19:14","slug":"procon-4g-cloud-4g-sandare-och-fjarrstyrning-med-5-ingangar-och-1-relautgang","status":"publish","type":"product","link":"https:\/\/secureus.se\/no\/procon-4g-cloud-4g-sandare-och-fjarrstyrning-med-5-ingangar-och-1-relautgang\/","title":{"rendered":"ProCon 4G Cloud \u2013 4G-sender og fjernkontroll med 5 innganger og 1 rel\u00e9utgang"},"content":{"rendered":"<p><strong>Hovedbudskapet til ProCon 4G Cloud:<\/strong> en profesjonell 4G GSM\/GPRS-kommunikator som fungerer som en fjernoverv\u00e5kingsmodul, portkontroll via gratis samtaler og ogs\u00e5 som et komplett frittst\u00e5ende alarmsystem.<\/p>\n<h2><strong>Hovedfunksjoner p\u00e5 et \u00f8yeblikk<\/strong><\/h2>\n<p><strong>GSM\/2G\/3G\/4G-kommunikator og GPRS-sender<\/strong> som ogs\u00e5 kan brukes som et frittst\u00e5ende alarmpanel. <strong>5 innganger<\/strong> for signalkontroll (alarm, sabotasje, str\u00f8moverv\u00e5king, livssignal osv.) og <strong>1 NO\/NC rel\u00e9utgang<\/strong>Kan utvides med +1 \/ +3 \/ +8 rel\u00e9moduler.<\/p>\n<h2><strong>Alarm og varsling<\/strong><\/h2>\n<p>SMS, taleanrop (sirenesignal eller talemelding) og kontakt-ID-kommunikasjon opptil <strong>8 telefonnumre<\/strong> og\/eller fjernoverv\u00e5king basert p\u00e5 innkommende hendelser. Tilpassede SMS-tekster, separat innstilling av ringesignaltid, gjenoppringing og rundringing.<\/p>\n<h2><strong>Utgang og kontroll<\/strong><\/h2>\n<p>1 rel\u00e9utgang kan styres via gratis taleanrop: \u2013 Ubegrenset antall numre uten nummerpresentasjon \u2013 Opptil <strong>1000 tall<\/strong> med nummeridentifikasjon<\/p>\n<p>Monostabil (tidsstyrt, maks. 65 000 ms) eller bistabil funksjon, styrbar via telefonsamtaler, SMS og DTMF-koder.<\/p>\n<h2><strong>Frittst\u00e5ende alarmpanel<\/strong><\/h2>\n<p>Kan brukes frittst\u00e5ende <strong>4-soners GSM-alarmsystem<\/strong> med unike sone- og kontakt-ID-koder. Rel\u00e9utgangen kan styre sirenen, og systemet kan aktiveres\/deaktiveres via gratisnummer. Inkluderer sabotasjeinngang og fabrikkinnstilling via sabotasjeknapper. Kan utvides med <strong>Exp Alarm-modul<\/strong> som gir sirene-, status- og piezo-utgang samt n\u00f8kkelbryterkontroll.<\/p>\n<h2><strong>Sikkerhet, logging og str\u00f8mforsyning<\/strong><\/h2>\n<p>Innebygd <strong>Anti-jammer-system (AJS)<\/strong> som beskytter mot GSM-forstyrrelser og aktiverer alarm\/utgang i tilfelle sabotasje. Logger <strong>16 000 hendelser<\/strong> (innganger, utganger, signalstyrke, str\u00f8mbrudd, samtaler, SMS) og registrerer GSM-signal hver time. Kan analyseres i diagrammer via PC-programvare. Alternativet <strong>ProBatteri<\/strong> sikrer full indikasjon p\u00e5 str\u00f8mbrudd og opptil <strong>24 timer<\/strong> sikkerhetskopieringsoperasjon.<\/p>\n<h2><strong>Programmering og skyfunksjoner<\/strong><\/h2>\n<p>Konfigurasjon via SMS, talemeny eller PC (USB\/Bluetooth\/WiFi med ProRead). <strong>ASCloud-sjef<\/strong> webgrensesnitt og <strong>Skybehandler<\/strong> Mobilappen gir fjernprogrammering, utgangskontroll, brukerrettigheter og skybaserte kontrollikoner (monostabil\/bistabil, tidskontroll).<\/p>\n<h2><strong>SIM-funksjoner og tilleggstjenester<\/strong><\/h2>\n<p>St\u00f8tte for videresending av innkommende SMS-meldinger til et annet nummer.<\/p>\n<p><strong>Bruksomr\u00e5der:<\/strong><\/p>\n<ul>\n<li>GSM\/GPRS-overf\u00f8ring for alarmsentraler<\/li>\n<li>Frittst\u00e5ende alarmsystem<\/li>\n<li>Kontroll av port, bom eller garasjeport<\/li>\n<li>Hjemmeautomasjon (klimaanlegg, oppvarming, badstue, belysning)<\/li>\n<li>Overv\u00e5king av forsyningsspenning (230V) og alarmvarsling<\/li>\n<li>Overv\u00e5king og omstart av servere<\/li>\n<\/ul>","protected":false},"excerpt":{"rendered":"<p><strong>GSM\/2G\/3G\/4G-kommunikator kan brukes som en frittst\u00e5ende alarmsentral<\/strong><\/p>\n<ul>\n<li>5 kontaktstyrte innganger<\/li>\n<li>1 NO\/NC rel\u00e9utgang som kan styres enten via SMS fra et ubegrenset antall telefonnumre eller via taleanrop fra 1000 telefonnumre<\/li>\n<li>8 varslede telefonnumre kan angis<\/li>\n<li>SMS, talepost, kontakt-ID-kringkasting<\/li>\n<li>Utvidelsesmulighet<\/li>\n<li>GPRS-overf\u00f8ring til alarmsentralen via Enigma- og SIA IP-protokoller<\/li>\n<li>Programmering via SMS, PC og Android-applikasjon via Bluetooth og internett<\/li>\n<\/ul>","protected":false},"featured_media":160695,"template":"","meta":{"_acf_changed":false},"product_brand":[],"product_cat":[1551],"product_tag":[],"class_list":{"0":"post-160700","1":"product","2":"type-product","3":"status-publish","4":"has-post-thumbnail","6":"product_cat-larmoverforing","7":"pa_brands-asc","8":"tm-no-options","10":"first","11":"instock","12":"taxable","13":"shipping-taxable","14":"purchasable","15":"product-type-simple"},"acf":[],"_links":{"self":[{"href":"https:\/\/secureus.se\/no\/wp-json\/wp\/v2\/product\/160700","targetHints":{"allow":["GET"]}}],"collection":[{"href":"https:\/\/secureus.se\/no\/wp-json\/wp\/v2\/product"}],"about":[{"href":"https:\/\/secureus.se\/no\/wp-json\/wp\/v2\/types\/product"}],"wp:featuredmedia":[{"embeddable":true,"href":"https:\/\/secureus.se\/no\/wp-json\/wp\/v2\/media\/160695"}],"wp:attachment":[{"href":"https:\/\/secureus.se\/no\/wp-json\/wp\/v2\/media?parent=160700"}],"wp:term":[{"taxonomy":"product_brand","embeddable":true,"href":"https:\/\/secureus.se\/no\/wp-json\/wp\/v2\/product_brand?post=160700"},{"taxonomy":"product_cat","embeddable":true,"href":"https:\/\/secureus.se\/no\/wp-json\/wp\/v2\/product_cat?post=160700"},{"taxonomy":"product_tag","embeddable":true,"href":"https:\/\/secureus.se\/no\/wp-json\/wp\/v2\/product_tag?post=160700"}],"curies":[{"name":"wp","href":"https:\/\/api.w.org\/{rel}","templated":true}]}}