{"id":160835,"date":"2025-12-11T13:46:39","date_gmt":"2025-12-11T12:46:39","guid":{"rendered":"https:\/\/secureus.se\/kappa-easy-fix-xt-mattsvart\/"},"modified":"2026-04-23T11:19:04","modified_gmt":"2026-04-23T09:19:04","slug":"kappa-easy-fix-xt-mattsvart","status":"publish","type":"product","link":"https:\/\/secureus.se\/no\/kappa-easy-fix-xt-mattsvart\/","title":{"rendered":"Kappa Easy-Fix XT Matt svart"},"content":{"rendered":"<p>Deksel med justerbar magnet tilpasset for l\u00e5seblikk i Easy-Fix-serien. Klikkes fast p\u00e5 baksiden av l\u00e5seblikkstolpen. Passer til l\u00e5skasser Polaris 2XT og Revolution XT.<\/p>\n<p><b>Kjennetegn:<\/b><\/p>\n<ul>\n<li>Bare klikk p\u00e5 endeplaten<\/li>\n<li>Bredde: 14 mm<\/li>\n<li>Dybde: 14 mm<\/li>\n<li>H\u00f8yde: 44 mm<\/li>\n<\/ul>","protected":false},"excerpt":{"rendered":"<p>Kappa med justerbar magnet anpassad f\u00f6r slutbleck i Easy-Fix serien. Klickas fast p\u00e5 baksidan av slutblecksstolpen. Passar l\u00e5shus Polaris 2XT och Revolution XT. Egenskaper: Klickas enkelt p\u00e5 slutblecken Bredd: 14<\/p>","protected":false},"featured_media":160833,"template":"","meta":{"_acf_changed":false},"product_brand":[],"product_cat":[4891],"product_tag":[],"class_list":{"0":"post-160835","1":"product","2":"type-product","3":"status-publish","4":"has-post-thumbnail","6":"product_cat-slutbleck-och-tillbehor","7":"pa_brands-agb","8":"tm-no-options","10":"first","11":"instock","12":"taxable","13":"shipping-taxable","14":"purchasable","15":"product-type-simple"},"acf":[],"_links":{"self":[{"href":"https:\/\/secureus.se\/no\/wp-json\/wp\/v2\/product\/160835","targetHints":{"allow":["GET"]}}],"collection":[{"href":"https:\/\/secureus.se\/no\/wp-json\/wp\/v2\/product"}],"about":[{"href":"https:\/\/secureus.se\/no\/wp-json\/wp\/v2\/types\/product"}],"wp:featuredmedia":[{"embeddable":true,"href":"https:\/\/secureus.se\/no\/wp-json\/wp\/v2\/media\/160833"}],"wp:attachment":[{"href":"https:\/\/secureus.se\/no\/wp-json\/wp\/v2\/media?parent=160835"}],"wp:term":[{"taxonomy":"product_brand","embeddable":true,"href":"https:\/\/secureus.se\/no\/wp-json\/wp\/v2\/product_brand?post=160835"},{"taxonomy":"product_cat","embeddable":true,"href":"https:\/\/secureus.se\/no\/wp-json\/wp\/v2\/product_cat?post=160835"},{"taxonomy":"product_tag","embeddable":true,"href":"https:\/\/secureus.se\/no\/wp-json\/wp\/v2\/product_tag?post=160835"}],"curies":[{"name":"wp","href":"https:\/\/api.w.org\/{rel}","templated":true}]}}