{"id":161207,"date":"2022-07-04T07:51:01","date_gmt":"2022-07-04T05:51:01","guid":{"rendered":"https:\/\/secureus.se\/motorlas-6300-kpl-2\/"},"modified":"2026-02-26T17:34:51","modified_gmt":"2026-02-26T16:34:51","slug":"motorlas-6300-kpl-2","status":"publish","type":"product","link":"https:\/\/secureus.se\/no\/motorlas-6300-kpl-2\/","title":{"rendered":"Safetron Motorl\u00e5s 6300 kpl"},"content":{"rendered":"<p>SAFETRON motorl\u00e5s 6300 i settemballasje. Settpakken inneholder: motorl\u00e5s 6300, styreenhet CU2, tilkoblingskabel C04 (10m), endeplate 106-5 og rammeoverf\u00f8ring CT81.<\/p>\n<p>Motorl\u00e5s 6300 i smalprofildesign utl\u00f8ses p\u00e5 0,2 sekunder og derfor er det normalt ikke n\u00f8dvendig med egen dagl\u00e5s p\u00e5 h\u00f8yfrekvente d\u00f8rer. Typiske bruksomr\u00e5der er dag-, natt- og sikkerhetsl\u00e5sing i handel, kontor og industri og hvor det stilles h\u00f8ye til sv\u00e6rt h\u00f8ye krav til sikkerhet. Motorl\u00e5s 6300 er tilpasset for \u00e5 fungere sammen med d\u00f8rautomatikk.<\/p>\n<p>Styreenhet CU2 har markedets bredeste bruksomr\u00e5de, samtidig som den er mest brukervennlig. Med CU2 kan to motorl\u00e5ser kobles til uten begrensninger i signalutveksling, dette betyr at CU2 i praksis er to styreenheter i en. Det er ogs\u00e5 mulig \u00e5 programmere AUX-releer for \u00f8nsket funksjon, f.eks. full kontroll for d\u00f8rautomatisering eller essensiell funksjon.<\/p>\n<p>Kontrollenhet CU2 har automatisk skanning, som gj\u00f8r installasjonen plug-and-play. Ingen igangsetting er n\u00f8dvendig, men sammenkobling mellom enheter skjer automatisk etter 12t, da settes ogs\u00e5 installasjonsdatoen digitalt i enhetene, fra hvilken garantiperioden begynner \u00e5 gjelde.<\/p>\n<p>B\u00e5de l\u00e5sehuset og kontrollenheten har innebygget navigerbart display, som muliggj\u00f8r justering av konfigurasjonen samt informasjonshenting av f.eks. arrangementer og installasjonsdatoer.<\/p>\n<p>\u2022 Sertifisert i henhold til SSF-3522 l\u00e5s klasse 3, 4 og 5 og SS-EN 14846 Grade 7<\/p>\n<p>\u2022 Krokregel<\/p>\n<p>\u2022 Tilpasset d\u00f8rautomatikk<\/p>\n<p>\u2022 Opptil 100m kabel<\/p>\n<p>\u2022 Automatisk initialisering<\/p>\n<p>\u2022 Dorndybde 35mm<\/p>\n<p>\u2022 Deaktiverer i 0,2 sekunder<\/p>\n<p>\u2022 Kan \u00e5pnes med n\u00f8kkel\/knott (90 graders rotasjon)<\/p>\n<p>\u2022 Servicemodul i styreenhet<\/p>\n<p>\u2022 Hendelseslogg<\/p>\n<p>\u2022 Feilkodelogg<\/p>\n<p>\u2022 Seriekobling, opptil to motorl\u00e5ser til en kontrollenhet<\/p>\n<p>\u2022 Spenning: 10-48VDC, 8-35VAC, 60-300 mA<\/p>\n<p>\u2022 Temperatur: -30\u00b0C til +70\u00b0C<\/p>\n<p>\u2022 Passer til skandinaviske ovale og runde sylindre<\/p>","protected":false},"excerpt":{"rendered":"<p>SAFETRON motorl\u00e5s 6300 i satsf\u00f6rpackning. Satsf\u00f6rpackningen inneh\u00e5ller: motorl\u00e5s 6300, styrenhet CU2, anslutningskabel C04 (10m), slutbleck 106-5 samt karm\u00f6verf\u00f6ring CT81. Motorl\u00e5s 6300 i smalprofilutf\u00f6rande fr\u00e5nreglar under 0.2 sekunder och d\u00e4rf\u00f6r beh\u00f6vs<\/p>","protected":false},"featured_media":162720,"template":"","meta":{"_acf_changed":false},"product_brand":[],"product_cat":[2874],"product_tag":[4512,4542,4500,4866,4501],"class_list":{"0":"post-161207","1":"product","2":"type-product","3":"status-publish","4":"has-post-thumbnail","6":"product_cat-motorlas","7":"product_tag-motorlas-komplett-kpl","8":"product_tag-panikutrymning-nej","9":"product_tag-rel-safetron-motorlas","10":"product_tag-safetron-20","11":"product_tag-safetron-motorlas","12":"product_shipping_class-tunga-paket","13":"pa_brands-7safetron","14":"tm-no-options","16":"first","17":"instock","18":"sale","19":"featured","20":"taxable","21":"shipping-taxable","22":"purchasable","23":"product-type-simple"},"acf":[],"_links":{"self":[{"href":"https:\/\/secureus.se\/no\/wp-json\/wp\/v2\/product\/161207","targetHints":{"allow":["GET"]}}],"collection":[{"href":"https:\/\/secureus.se\/no\/wp-json\/wp\/v2\/product"}],"about":[{"href":"https:\/\/secureus.se\/no\/wp-json\/wp\/v2\/types\/product"}],"wp:featuredmedia":[{"embeddable":true,"href":"https:\/\/secureus.se\/no\/wp-json\/wp\/v2\/media\/162720"}],"wp:attachment":[{"href":"https:\/\/secureus.se\/no\/wp-json\/wp\/v2\/media?parent=161207"}],"wp:term":[{"taxonomy":"product_brand","embeddable":true,"href":"https:\/\/secureus.se\/no\/wp-json\/wp\/v2\/product_brand?post=161207"},{"taxonomy":"product_cat","embeddable":true,"href":"https:\/\/secureus.se\/no\/wp-json\/wp\/v2\/product_cat?post=161207"},{"taxonomy":"product_tag","embeddable":true,"href":"https:\/\/secureus.se\/no\/wp-json\/wp\/v2\/product_tag?post=161207"}],"curies":[{"name":"wp","href":"https:\/\/api.w.org\/{rel}","templated":true}]}}