{"id":161312,"date":"2026-01-07T12:51:13","date_gmt":"2026-01-07T11:51:13","guid":{"rendered":"https:\/\/secureus.se\/ajax-lockbridge-ajax-lasmodul-for-yale-doorman\/"},"modified":"2026-04-07T09:25:53","modified_gmt":"2026-04-07T07:25:53","slug":"ajax-lockbridge-ajax-lasmodul-for-yale-doorman","status":"publish","type":"product","link":"https:\/\/secureus.se\/no\/ajax-lockbridge-ajax-lasmodul-for-yale-doorman\/","title":{"rendered":"Ajax LockBridge \u2013 Ajax l\u00e5semodul for Yale d\u00f8rvakt"},"content":{"rendered":"<p data-start=\"484\" data-end=\"745\"><strong data-start=\"484\" data-end=\"503\">Ajax LockBridge<\/strong> er en tr\u00e5dl\u00f8s l\u00e5semodul som brukes til \u00e5 integrere <strong data-start=\"557\" data-end=\"573\">Yale-d\u00f8rvakt<\/strong> (V2N, Classic, L3 og L3S) med <strong data-start=\"605\" data-end=\"624\">Ajax alarmsystem<\/strong>N\u00e5r LockBridge er installert, blir Yale-l\u00e5sen en del av Ajax-systemet og kan styres og overv\u00e5kes direkte i Ajax-appen.<\/p>\n<p data-start=\"747\" data-end=\"1025\">I motsetning til Yales WiFi-bro kommuniserer LockBridge via <strong data-start=\"812\" data-end=\"829\">Ajax Juveler<\/strong>, noe som gir betydelig bedre rekkevidde og mer stabil drift. Kommunikasjonen fungerer ogs\u00e5 lokalt, noe som betyr at grunnleggende funksjoner forblir tilgjengelige selv om internettforbindelsen er nede.<\/p>\n<h3 data-start=\"1027\" data-end=\"1060\">Kontroller l\u00e5ser og alarmer i samme app<\/h3>\n<p data-start=\"1061\" data-end=\"1126\">N\u00e5r l\u00e5sen er paret, vil den vises som en enhet i Ajax-appen. Du kan:<\/p>\n<ul data-start=\"1127\" data-end=\"1273\">\n<li data-start=\"1127\" data-end=\"1163\">\n<p data-start=\"1129\" data-end=\"1163\">L\u00e5s og l\u00e5s opp d\u00f8ren via appen<\/p>\n<\/li>\n<li data-start=\"1164\" data-end=\"1192\">\n<p data-start=\"1166\" data-end=\"1192\">Se l\u00e5sens status i sanntid<\/p>\n<\/li>\n<li data-start=\"1193\" data-end=\"1244\">\n<p data-start=\"1195\" data-end=\"1244\">F\u00e5 varsler n\u00e5r d\u00f8ren er l\u00e5st eller ul\u00e5st<\/p>\n<\/li>\n<li data-start=\"1245\" data-end=\"1273\">\n<p data-start=\"1247\" data-end=\"1273\">Se batteristatusen til l\u00e5sen<\/p>\n<\/li>\n<\/ul>\n<p data-start=\"1275\" data-end=\"1308\">Alle hendelser logges i systemet.<\/p>\n<h3 data-start=\"1310\" data-end=\"1343\">Automatisering mellom l\u00e5s og alarm<\/h3>\n<p data-start=\"1344\" data-end=\"1419\">Med Ajax LockBridge kan du lage enkle og tydelige scenarier, som for eksempel:<\/p>\n<ul data-start=\"1420\" data-end=\"1563\">\n<li data-start=\"1420\" data-end=\"1457\">\n<p data-start=\"1422\" data-end=\"1457\">N\u00e5r d\u00f8ren er l\u00e5st \u2192 alarmen aktiveres<\/p>\n<\/li>\n<li data-start=\"1458\" data-end=\"1501\">\n<p data-start=\"1460\" data-end=\"1501\">N\u00e5r d\u00f8ren er oppl\u00e5st \u2192 alarmen er deaktivert<\/p>\n<\/li>\n<li data-start=\"1502\" data-end=\"1563\">\n<p data-start=\"1504\" data-end=\"1563\">L\u00e5ser opp d\u00f8ren automatisk n\u00e5r alarmen sl\u00e5s av via tastaturet<\/p>\n<\/li>\n<\/ul>\n<p data-start=\"1565\" data-end=\"1629\">Du kan velge selv om <strong data-start=\"1587\" data-end=\"1628\">L\u00e5sen eller alarmen skal styre systemet<\/strong>.<\/p>\n<h3 data-start=\"1631\" data-end=\"1653\">Enkel installasjon<\/h3>\n<p data-start=\"1654\" data-end=\"1764\">LockBridge installeres direkte i Yale-l\u00e5sen og drives av l\u00e5sens batterier. Ingen ekstra str\u00f8mforsyning er n\u00f8dvendig.<\/p>\n<p data-start=\"1766\" data-end=\"1823\">Installasjonen gj\u00f8res trinn for trinn i Ajax-appen ved \u00e5:<\/p>\n<ol data-start=\"1824\" data-end=\"1942\">\n<li data-start=\"1824\" data-end=\"1858\">\n<p data-start=\"1827\" data-end=\"1858\">Skann QR-koden p\u00e5 LockBridge<\/p>\n<\/li>\n<li data-start=\"1859\" data-end=\"1893\">\n<p data-start=\"1862\" data-end=\"1893\">F\u00f8lg instruksjonene i appen<\/p>\n<\/li>\n<li data-start=\"1894\" data-end=\"1942\">\n<p data-start=\"1897\" data-end=\"1942\">Gj\u00f8r \u00f8nskede innstillinger for l\u00e5ser og alarmer<\/p>\n<\/li>\n<\/ol>\n<p data-start=\"1944\" data-end=\"1994\">Fastvaren oppdateres automatisk via Ajax-systemet.<\/p>\n<hr data-start=\"2218\" data-end=\"2221\" \/>\n<h2 data-start=\"2223\" data-end=\"2250\">Tekniske spesifikasjoner<\/h2>\n<ul data-start=\"2252\" data-end=\"2702\">\n<li data-start=\"2252\" data-end=\"2302\">\n<p data-start=\"2254\" data-end=\"2302\"><strong data-start=\"2254\" data-end=\"2266\">Produkt:<\/strong> Ajax LockBridge \u2013 Yale-integrasjon<\/p>\n<\/li>\n<li data-start=\"2303\" data-end=\"2353\">\n<p data-start=\"2305\" data-end=\"2353\"><strong data-start=\"2305\" data-end=\"2329\">Kompatible Yale-l\u00e5ser:<\/strong> V2N, Klassisk, L3, L3S<\/p>\n<\/li>\n<li data-start=\"2354\" data-end=\"2519\">\n<p data-start=\"2356\" data-end=\"2519\"><strong data-start=\"2356\" data-end=\"2380\">Ajax-kompatibilitet:<\/strong><br data-start=\"2380\" data-end=\"2383\" \/>Hub 2 (2G\/4G), Hub 2 Plus, Hub BP, Hub G3, Fire Hub, Hub Hybrid 2, MegaHub, ReX og ReX 2<br data-start=\"2474\" data-end=\"2477\" \/><em data-start=\"2479\" data-end=\"2517\">(Ikke kompatibel med Hub Hybrid Fibra)<\/em><\/p>\n<\/li>\n<li data-start=\"2520\" data-end=\"2575\">\n<p data-start=\"2522\" data-end=\"2575\"><strong data-start=\"2522\" data-end=\"2543\">Tr\u00e5dl\u00f8s rekkevidde:<\/strong> opptil 1400 m (\u00e5pent terreng)<\/p>\n<\/li>\n<li data-start=\"2576\" data-end=\"2627\">\n<p data-start=\"2578\" data-end=\"2627\"><strong data-start=\"2578\" data-end=\"2599\">Str\u00f8mforsyning:<\/strong> drevet av l\u00e5sens batterier<\/p>\n<\/li>\n<li data-start=\"2628\" data-end=\"2672\">\n<p data-start=\"2630\" data-end=\"2672\"><strong data-start=\"2630\" data-end=\"2651\">Temperaturspenn:<\/strong> \u221210 \u00b0C til +40 \u00b0C<\/p>\n<\/li>\n<li data-start=\"2673\" data-end=\"2702\">\n<p data-start=\"2675\" data-end=\"2702\"><strong data-start=\"2675\" data-end=\"2697\">Maksimal luftfuktighet:<\/strong> 75 %<\/p>\n<\/li>\n<\/ul>","protected":false},"excerpt":{"rendered":"<p><strong data-start=\"230\" data-end=\"249\">Ajax LockBridge<\/strong> er en tr\u00e5dl\u00f8s l\u00e5semodul som integrerer <strong data-start=\"288\" data-end=\"328\">Yale Doorman V2N\/Classic og L3\/L3S<\/strong> direkte med Ajax alarmsystem. Styr og overv\u00e5k l\u00e5sen via Ajax-appen, lag smarte scenarier mellom l\u00e5s og alarm og f\u00e5 stabil kommunikasjon via Ajax Jeweller.<\/p>","protected":false},"featured_media":161314,"template":"","meta":{"_acf_changed":false},"product_brand":[],"product_cat":[3170],"product_tag":[],"class_list":{"0":"post-161312","1":"product","2":"type-product","3":"status-publish","4":"has-post-thumbnail","6":"product_cat-integration","7":"product_shipping_class-postnord-varubrev","8":"pa_brands-ajax-systems","9":"tm-no-options","11":"first","12":"instock","13":"taxable","14":"shipping-taxable","15":"purchasable","16":"product-type-simple"},"acf":[],"_links":{"self":[{"href":"https:\/\/secureus.se\/no\/wp-json\/wp\/v2\/product\/161312","targetHints":{"allow":["GET"]}}],"collection":[{"href":"https:\/\/secureus.se\/no\/wp-json\/wp\/v2\/product"}],"about":[{"href":"https:\/\/secureus.se\/no\/wp-json\/wp\/v2\/types\/product"}],"wp:featuredmedia":[{"embeddable":true,"href":"https:\/\/secureus.se\/no\/wp-json\/wp\/v2\/media\/161314"}],"wp:attachment":[{"href":"https:\/\/secureus.se\/no\/wp-json\/wp\/v2\/media?parent=161312"}],"wp:term":[{"taxonomy":"product_brand","embeddable":true,"href":"https:\/\/secureus.se\/no\/wp-json\/wp\/v2\/product_brand?post=161312"},{"taxonomy":"product_cat","embeddable":true,"href":"https:\/\/secureus.se\/no\/wp-json\/wp\/v2\/product_cat?post=161312"},{"taxonomy":"product_tag","embeddable":true,"href":"https:\/\/secureus.se\/no\/wp-json\/wp\/v2\/product_tag?post=161312"}],"curies":[{"name":"wp","href":"https:\/\/api.w.org\/{rel}","templated":true}]}}