{"id":161491,"date":"2026-01-12T14:11:32","date_gmt":"2026-01-12T13:11:32","guid":{"rendered":"https:\/\/secureus.se\/safetron-ellas-sl620-rattvand-generations-2\/"},"modified":"2026-01-22T11:06:48","modified_gmt":"2026-01-22T10:06:48","slug":"safetron-ellas-sl620-rattvand-generations-2","status":"publish","type":"product","link":"https:\/\/secureus.se\/no\/safetron-ellas-sl620-rattvand-generations-2\/","title":{"rendered":"Safetron elektrisk l\u00e5s SL620 h\u00f8yrehendt (generasjon 2)"},"content":{"rendered":"<p>SAFETRON SL620 Generasjon 2 er den nye versjonen av multifunksjonelle elektriske trykknappl\u00e5ser med delt funksjon og patentert hybridteknologi. Hybridteknologien muliggj\u00f8r justering av stempelplasseringen mellom ASSA connect og Classic-modulen. SL620 har en h\u00f8yrevendt funksjon.<\/p>\n<p>Velg mellom delt h\/v og enkel funksjon gjennom l\u00e5sens funksjonsvelger. Splittfunksjon betyr at trykket p\u00e5 utsiden er elektrisk styrt, mens trykket p\u00e5 innsiden alltid er mekanisk koblet og dermed alltid tillater en mekanisk utgang. Enkel betjening betyr at begge skyvene er l\u00e5st og passasjekontroll er n\u00f8dvendig fra begge sider av d\u00f8ren.<\/p>\n<p>Det gis indikasjon for l\u00e5sing, trykkbevegelse, d\u00f8rstatus gjennom magnetisk kontakt og vred-indikering.<\/p>\n<p>\u2022 Delt eller enkelt funksjon<\/p>\n<p>\u2022 Hybridteknologi: Justerbar stempelplassering mellom ASSA connect\/classic<\/p>\n<p>\u2022 Branngodkjent: 120min<\/p>\n<p>\u2022 H\u00f8yrevendt funksjon<\/p>\n<p>\u2022 Indikasjoner: l\u00e5sing, trykkbevegelse, knott og d\u00f8rstatus<\/p>\n<p>\u2022 Multispenning: 10-30VDC<\/p>\n<p>\u2022 Str\u00f8mforbruk: 40mA @ 24VDC<\/p>\n<p>\u2022 Godkjent n\u00f8devakuering sammen med n\u00f8dutstyr 793 &amp; 794<\/p>\n<p>\u2022 Godkjent med bryterregel type T<\/p>","protected":false},"excerpt":{"rendered":"<p>SAFETRON SL620 Generasjon 2 er den nye versjonen av multifunksjonelle elektriske trykknappl\u00e5ser med delt funksjon og patentert hybridteknologi. Hybridteknologien gir muligheten til \u00e5 justere stempelplasseringen mellom ASSA connect og Classic-modulen. SL620<\/p>","protected":false},"featured_media":142864,"template":"","meta":{"_acf_changed":false},"product_brand":[],"product_cat":[2429],"product_tag":[2286,4510,4866,4511],"class_list":{"0":"post-161491","1":"product","2":"type-product","3":"status-publish","4":"has-post-thumbnail","6":"product_cat-ellas","7":"product_tag-ellas-eltryckeslas","8":"product_tag-rel-safetron-eltryckeslas","9":"product_tag-safetron-20","10":"product_tag-safetron-eltryckeslas","11":"product_shipping_class-tunga-paket","12":"pa_brands-7safetron","13":"tm-has-options","15":"first","16":"instock","17":"sale","18":"featured","19":"taxable","20":"shipping-taxable","21":"purchasable","22":"product-type-simple"},"acf":[],"_links":{"self":[{"href":"https:\/\/secureus.se\/no\/wp-json\/wp\/v2\/product\/161491","targetHints":{"allow":["GET"]}}],"collection":[{"href":"https:\/\/secureus.se\/no\/wp-json\/wp\/v2\/product"}],"about":[{"href":"https:\/\/secureus.se\/no\/wp-json\/wp\/v2\/types\/product"}],"wp:featuredmedia":[{"embeddable":true,"href":"https:\/\/secureus.se\/no\/wp-json\/wp\/v2\/media\/142864"}],"wp:attachment":[{"href":"https:\/\/secureus.se\/no\/wp-json\/wp\/v2\/media?parent=161491"}],"wp:term":[{"taxonomy":"product_brand","embeddable":true,"href":"https:\/\/secureus.se\/no\/wp-json\/wp\/v2\/product_brand?post=161491"},{"taxonomy":"product_cat","embeddable":true,"href":"https:\/\/secureus.se\/no\/wp-json\/wp\/v2\/product_cat?post=161491"},{"taxonomy":"product_tag","embeddable":true,"href":"https:\/\/secureus.se\/no\/wp-json\/wp\/v2\/product_tag?post=161491"}],"curies":[{"name":"wp","href":"https:\/\/api.w.org\/{rel}","templated":true}]}}