{"id":161493,"date":"2022-07-04T07:50:02","date_gmt":"2022-07-04T05:50:02","guid":{"rendered":"https:\/\/secureus.se\/ellas-sl630\/"},"modified":"2026-03-18T12:11:00","modified_gmt":"2026-03-18T11:11:00","slug":"ellas-sl630","status":"publish","type":"product","link":"https:\/\/secureus.se\/no\/ellas-sl630\/","title":{"rendered":"Safetron elektrisk l\u00e5s SL630 (ny generasjon)"},"content":{"rendered":"<p>SAFETRON SL630 (ny generasjon) er en elektromekanisk l\u00e5s med patents\u00f8kt striptrykkteknologi. L\u00e5sen har et bredt og unikt bruksomr\u00e5de som dekker funksjonelle krav som elektrisk aktivering, d\u00f8rautomatisering, evakuering i n\u00f8dstilfeller, brannslukking, delt funksjon og gjenbruk. Aldri f\u00f8r har s\u00e5 mange komplekse funksjonelle krav blitt oppfylt av ett og samme l\u00e5shus.<\/p>\n<p>SAFETRON SL630 kan med fordel brukes i kombinasjon med d\u00f8rautomatikk, men er samtidig utstyrt med trykkene som aktiveres elektronisk. L\u00e5sen er utstyrt med doble solenoider, den ene styrer oppl\u00e5singen av dobbelfunksjonskassen og den andre aktiveringen av trykkfunksjonen. Dette betyr at det kan kobles separat til henholdsvis d\u00f8rautomatikk og gjennomgangssystemer.<\/p>\n<p>\u2022 Dobbel funksjonskoffert: H\u00f8yrevendt funksjon<\/p>\n<p>\u2022 Trykk: Reverseringsfunksjon<\/p>\n<p>SAFETRON SL630 kan stilles i delt eller enkelt modus, noe som betyr at knappene \u00e5pnes via elektronisk aktivering fra begge sider.<\/p>\n<p>SAFETRON SL630 er sertifisert og CE-merket for bruk i branncellegrenser av h\u00f8yeste branntekniske klasse: 120min.<\/p>\n<p>SAFETRON SL630 kan utstyres med to ulike r\u00f8mningsbeslag: 793 eller 794. Velg 793 for trykkstilling n\u00e5r l\u00e5sen er satt i delt funksjon eller 794 for sylinderstilling n\u00e5r l\u00e5sen er innstilt i enkeltfunksjon eller n\u00e5r trekkh\u00e5ndtaket er som skal brukes.<\/p>\n<p>SAFETRON SL630 oppfyller ogs\u00e5 kravene til gjenhus. L\u00e5sens trykkfunksjon har motsatt funksjon og derved aktiveres omhus ved \u00e5 bryte ned spenningen til d\u00f8rmilj\u00f8et. Havariet kan gj\u00f8res ved aktivert brannalarm eller ved aktivert n\u00f8darmatur 794 i kombinasjon med SAFETRON REC (Re-entry card) rel\u00e9kort.<\/p>\n<p>\u2022 Delt eller enkelt funksjon<\/p>\n<p>\u2022 Listeutskriftsteknologi<\/p>\n<p>\u2022 Branngodkjent: 120min<\/p>\n<p>\u2022 Tilpasset d\u00f8rautomatikk<\/p>\n<p>\u2022 Moderne stempelplassering<\/p>\n<p>\u2022 Forover- og bakoverfunksjon<\/p>\n<p>\u2022 N\u00f8devakuering i henhold til SS-EN 179<\/p>\n<p>\u2022 Indikasjoner: l\u00e5sing, trykkbevegelse, sylinder- og d\u00f8rstatus<\/p>\n<p>\u2022 Multispenning: 10-30VDC<\/p>\n<p>\u2022 Godkjent n\u00f8devakuering sammen med n\u00f8dutstyr 793 &amp; 794<\/p>\n<p>\u2022 Gjeninntak gjennom brannalarmhavari eller via SAFETRON REC (Re-entry card)<\/p>","protected":false},"excerpt":{"rendered":"<p>SAFETRON SL630 (nya geneationen)\u00a0 \u00e4r ett elektromekaniskt l\u00e5s med patents\u00f6kt listtrycksteknik. L\u00e5set har ett brett och unikt anv\u00e4ndningsomr\u00e5de som t\u00e4cker in funktionskrav s\u00e5som elektrisk aktivering, d\u00f6rrautomatik, n\u00f6dutrymning, brandigenh\u00e5llning, splitfunktion samt<\/p>","protected":false},"featured_media":142242,"template":"","meta":{"_acf_changed":false},"product_brand":[],"product_cat":[2429],"product_tag":[2286,4510,4866,4511],"class_list":{"0":"post-161493","1":"product","2":"type-product","3":"status-publish","4":"has-post-thumbnail","6":"product_cat-ellas","7":"product_tag-ellas-eltryckeslas","8":"product_tag-rel-safetron-eltryckeslas","9":"product_tag-safetron-20","10":"product_tag-safetron-eltryckeslas","11":"product_shipping_class-tunga-paket","12":"pa_brands-7safetron","13":"tm-no-options","15":"first","16":"instock","17":"sale","18":"featured","19":"taxable","20":"shipping-taxable","21":"purchasable","22":"product-type-simple"},"acf":[],"_links":{"self":[{"href":"https:\/\/secureus.se\/no\/wp-json\/wp\/v2\/product\/161493","targetHints":{"allow":["GET"]}}],"collection":[{"href":"https:\/\/secureus.se\/no\/wp-json\/wp\/v2\/product"}],"about":[{"href":"https:\/\/secureus.se\/no\/wp-json\/wp\/v2\/types\/product"}],"wp:featuredmedia":[{"embeddable":true,"href":"https:\/\/secureus.se\/no\/wp-json\/wp\/v2\/media\/142242"}],"wp:attachment":[{"href":"https:\/\/secureus.se\/no\/wp-json\/wp\/v2\/media?parent=161493"}],"wp:term":[{"taxonomy":"product_brand","embeddable":true,"href":"https:\/\/secureus.se\/no\/wp-json\/wp\/v2\/product_brand?post=161493"},{"taxonomy":"product_cat","embeddable":true,"href":"https:\/\/secureus.se\/no\/wp-json\/wp\/v2\/product_cat?post=161493"},{"taxonomy":"product_tag","embeddable":true,"href":"https:\/\/secureus.se\/no\/wp-json\/wp\/v2\/product_tag?post=161493"}],"curies":[{"name":"wp","href":"https:\/\/api.w.org\/{rel}","templated":true}]}}