{"id":161494,"date":"2026-01-12T14:22:06","date_gmt":"2026-01-12T13:22:06","guid":{"rendered":"https:\/\/secureus.se\/safetron-ellas-sl630-sats-nya-generationen\/"},"modified":"2026-03-18T12:12:22","modified_gmt":"2026-03-18T11:12:22","slug":"safetron-ellas-sl630-sats-nya-generationen","status":"publish","type":"product","link":"https:\/\/secureus.se\/no\/safetron-ellas-sl630-sats-nya-generationen\/","title":{"rendered":"Safetron Electric Lock SL630-sett - Ny generasjon"},"content":{"rendered":"<h1>Safetron Ell\u00e5s SL630 sats &#8211; Nya generationen<\/h1>\n<p><strong>Kit inneholder:\u00a0<\/strong><\/p>\n<ul>\n<li>SL630<\/li>\n<li>Tilkoblingskabel C08 10m<\/li>\n<li>Karmoverf\u00f8ring CT81<\/li>\n<\/ul>\n<p>SAFETRON SL630 i generation 2 \u00e4r elektromekaniskt l\u00e5s med listtrycksteknik som \u00e4r anpassat f\u00f6r anv\u00e4ndning med d\u00f6rrautomatik.<\/p>\n<p>L\u00e5set har ett brett och unikt anv\u00e4ndningsomr\u00e5de som t\u00e4cker in d\u00f6rrmilj\u00f6er med m\u00e5nga samtidiga funktionskrav som t.ex. tillg\u00e4nglighet, fr\u00e5ng\u00e4nglighet, n\u00f6dutrymning och brandigenh\u00e5llning.<\/p>\n<p>SAFETRON SL630 i generation 2 erbjuder m\u00e5nga helt nya funktioner vilket bl.a. g\u00f6r att SL630 och SL630 Secure nu sl\u00e5s ihop till en modell som nu endast heter SL630.<\/p>\n<p>SAFETRON SL630 har precis som ett traditionellt eltryckesl\u00e5s ett eller tv\u00e5 elektriskt man\u00f6vrerade trycken men med skillnaden att fallkolven ersatts av en fallkolv som \u00e4r anpassad f\u00f6r att fungera med d\u00f6rrautomatik.<\/p>\n<p>Denna kolv \u00e4r normalt sp\u00e4rrad i str\u00f6ml\u00f6st utf\u00f6rande n\u00e4r f\u00f6rreglingskolven \u00e4r inpressad, vid elektrisk aktivering kan d\u00f6rren \u00f6ppnas d\u00e5 kolven viker \u00e5t det h\u00e5ll som d\u00f6rren r\u00f6r sig. Adapterkabel\u00a0 medf\u00f6ljer.<\/p>\n<p><strong>St\u00e4llbar r\u00e4ttv\u00e4nd \/ omv\u00e4nd funktion<\/strong><br \/>\nSL630 f\u00e5r en efterl\u00e4ngtad uppdatering n\u00e4r l\u00e5sets tryckesaktivering nu enkelt st\u00e4llas mellan r\u00e4ttv\u00e4nd och omv\u00e4nd funktion.<\/p>\n<p>Detta sker genom en patents\u00f6kt funktionsv\u00e4ljare som man med en skruvmejsel v\u00e4xlar mellan tv\u00e5 l\u00e4gen. Inget beh\u00f6ver avl\u00e4gsnas fr\u00e5n l\u00e5shuset vid funktions\u00e4ndringen.<\/p>\n<p><strong>Justerbar kolvplacering<\/strong><br \/>\nSL630 f\u00e5r v\u00e5r patenterade justerbara kolvplacering precis som SL620 haft sedan tidigare vilket g\u00f6r det l\u00e4mpliga i s\u00e5v\u00e4l \u00e4ldre som nya d\u00f6rrmilj\u00f6er.<\/p>\n<p>Fallkolven kan placeras i modern eller klassisk position tack vare kolvh\u00e5llarens utformning. Processen \u00e4r b\u00e5de enkel och intuitiv.<\/p>\n<p><strong>En ny innovativ fallkolv f\u00f6r d\u00f6rrautomatik<\/strong><br \/>\nSL630 har en patents\u00f6kt ny d\u00f6rrautomatik fallkolv som vi kallar FlipLatch.<\/p>\n<p>Fallkolven \u00e4r sj\u00e4lvjusterande vilket inneb\u00e4r att den f\u00f6ljer d\u00f6rrens r\u00f6relse men har samma form som en traditionell fallkolv.<\/p>\n<p>Fallkolvens sp\u00e4rrmekanism kan likt tidigare elektroniskt frig\u00f6ras vilket g\u00f6r att l\u00e5set kan anv\u00e4ndas i d\u00f6rrar f\u00f6rsedda med d\u00f6rrautomatik och\/eller draghandtag.<\/p>\n<p><strong>Ny smart inbyggd \u00e5terinrymning<\/strong><br \/>\nSL630 f\u00e5r en ny hantering av \u00e5terinrymning genom en switch samt anslutning av mikrobrytaren i n\u00f6dbeslag 794 som nu sker direkt mot bakkant av l\u00e5shuset genom den inbyggda kontakten. Switchen har tre l\u00e4gen:<\/p>\n<ol>\n<li><strong>Av<br \/>\n<\/strong>Ingen \u00e5terinrymning.<\/li>\n<li><strong>P\u00e5 (aktiveras via n\u00f6dbeslag)<br \/>\n<\/strong>L\u00e5set st\u00e4lls i omv\u00e4nd funktion. Anslut n\u00f6dbeslag 794 till l\u00e5set via snabbkontakt, vid \u00f6ppning genom n\u00f6dbeslag kommer l\u00e5set f\u00f6rs\u00e4ttas i \u00e5terinrymningsl\u00e4ge och vara uppst\u00e4llt fr\u00e5n utsidan.<\/li>\n<li>\u00c5terst\u00e4llning sker genom potentialfri slutning p\u00e5 anslutningskabel eller genom att vrida p\u00e5 cylindern.<\/li>\n<li><strong>P\u00e5 (aktiveras via brandlarm)<br \/>\n<\/strong>\u00c5terinrymning aktiveras av externt brandlarm som ansluts till l\u00e5shuset. Vid aktivt brandlarm aktiveras \u00e5terinrymning vid n\u00e4sta utpassage via trycke som har st\u00e4llts i split funktion.<\/li>\n<li>\u00c5terst\u00e4llning sker n\u00e4r brandlarmet \u00e5terst\u00e4llts. Denna inst\u00e4llning m\u00f6jligg\u00f6r split funktion, n\u00f6dutrymning och \u00e5terinrymning vilket marknaden tidigare saknat.<\/li>\n<\/ol>\n<p><strong>Patenterad funktionsv\u00e4ljare<\/strong><br \/>\nV\u00e4ndning mellan split h\u00f6ger\/v\u00e4nster har aldrig varit enklare. SAFETRON SL630 har genom sin patenterade funktionsv\u00e4ljare m\u00f6jligheten att enkelt \u00e4ndra l\u00e4ge f\u00f6r tryckesfunktionen.<\/p>\n<p>Funktionsv\u00e4ljaren har fyra best\u00e4mda l\u00e4gen som man med hj\u00e4lp av en skruvmejsel klickar sig fram igenom.<\/p>\n<ul>\n<li>Split funktion [mekanisk uppl\u00e5st insida]<\/li>\n<li>Enkel funktion [elektrisk aktivering b\u00e5da sidor]<\/li>\n<li>Byggl\u00e4ge [mekaniskt uppl\u00e5st b\u00e5da sidor]<\/li>\n<\/ul>\n<p><strong>\u00d6ppnar trots upp till 100 kg listtryck<\/strong><br \/>\nSAFETRON SL630 har listtrycksteknik vilket inneb\u00e4r att l\u00e5set \u00f6ppnar trots att tryck mot d\u00f6rren f\u00f6religger.<\/p>\n<p>Listtryck \u00e4r ett normalt f\u00f6rekommande fenomen ofta orsakat av exempelvis \u00f6vertryck i fastigheten, skeva d\u00f6rrar eller att sn\u00f6\/grus hamnat i d\u00f6rrspringan.<\/p>\n<p>SAFETRON SL630 eliminerar dessa problem och f\u00f6rhindrar on\u00f6diga driftstopp.<\/p>\n<p>L\u00e5set \u00f6ppnar trots att upp till 100 kg listtryck ligger mot l\u00e5set vilket garanterar drifts\u00e4kerheten \u00e4ven i tunga d\u00f6rrar med mycket ogynnsamma f\u00f6ruts\u00e4ttningar.<\/p>\n<p>Den inbyggda listtrycksmekanismen i SL630 bidrar ocks\u00e5 till den mekaniska \u00f6ppningen via trycke. SL630 klarar otroligt h\u00f6ga listtryck vid mekanisk \u00f6ppning eftersom tryckeskraften som kr\u00e4vs \u00e4r minimal.<\/p>\n<p><strong>N\u00f6dutrymning enligt SS-EN 179<\/strong><br \/>\nSAFETRON SL630 \u00e4r certifierad och CE-m\u00e4rkt tillsammans med SAFETRON n\u00f6dutrymningsbeh\u00f6r 793 och 794 f\u00f6r anv\u00e4ndning i n\u00f6dutrymningsv\u00e4gar enligt Europastandarden SS-EN 179:2008.<\/p>\n<p>V\u00e4lj mellan n\u00f6dbeslag 793 placerad p\u00e5 tryckespositionen n\u00e4r l\u00e5set \u00e4r st\u00e4llt i splitfunktion eller n\u00f6dbeslag 794 placerad p\u00e5 cylinderpositionen n\u00e4r d\u00f6rren antingen \u00e4r f\u00f6rsedd med draghandtag eller n\u00e4r l\u00e5set \u00e4r st\u00e4llt i enkel funktion d\u00e5 elektronisk aktivering kr\u00e4vs f\u00f6r b\u00e5de in och utpassering.<\/p>\n<div class=\"tabRow\"><span class=\"bold\">Sp\u00e4nning<\/span>12-24 VDC (-10%\/+15%)<\/div>\n<div class=\"tabRow\"><span class=\"bold\">Str\u00f6mf\u00f6rbrukning<\/span>12 VDC: 170mA (trycke) + 170mA (fallkolv)<br \/>\n24 VDC: 80mA (trycke) + 80mA (fallkolv)<\/div>\n<div class=\"tabRow\"><span class=\"bold\">Mikrobrytare<\/span>Max 30 VDC, 500mA<\/div>\n<div class=\"tabRow\"><span class=\"bold\">Temperaturomr\u00e5de<\/span>-20\u00b0C \u2013 +40\u00b0C<\/div>\n<div class=\"tabRow\"><span class=\"bold\">Funktion<\/span>St\u00e4llbar r\u00e4ttv\u00e4nd \/ omv\u00e4nd funktion<\/div>\n<div class=\"tabRow\"><span class=\"bold\">Brandklassning<\/span>Ja (E\/ EI 120)<\/div>\n<div class=\"tabRow\"><span class=\"bold\">Kolvplacering<\/span>Justerbar modern \/ klassisk<\/div>\n","protected":false},"excerpt":{"rendered":"<p>Safetron elektrisk l\u00e5s SL630-sett \u2013 ny generasjonspakke inneholder: SL630 tilkoblingskabel C08 10 m rammeoverf\u00f8ring CT81 SAFETRON SL630 i generasjon 2 er en elektromekanisk l\u00e5s med striptrykkteknologi som er tilpasset bruk<\/p>","protected":false},"featured_media":142843,"template":"","meta":{"_acf_changed":false},"product_brand":[],"product_cat":[2429],"product_tag":[2286,2290,4510,4866,4511],"class_list":{"0":"post-161494","1":"product","2":"type-product","3":"status-publish","4":"has-post-thumbnail","6":"product_cat-ellas","7":"product_tag-ellas-eltryckeslas","8":"product_tag-ellas-komplett-sats-kpl","9":"product_tag-rel-safetron-eltryckeslas","10":"product_tag-safetron-20","11":"product_tag-safetron-eltryckeslas","12":"product_shipping_class-tunga-paket","13":"tm-has-options","15":"first","16":"instock","17":"sale","18":"featured","19":"taxable","20":"shipping-taxable","21":"purchasable","22":"product-type-simple"},"acf":[],"_links":{"self":[{"href":"https:\/\/secureus.se\/no\/wp-json\/wp\/v2\/product\/161494","targetHints":{"allow":["GET"]}}],"collection":[{"href":"https:\/\/secureus.se\/no\/wp-json\/wp\/v2\/product"}],"about":[{"href":"https:\/\/secureus.se\/no\/wp-json\/wp\/v2\/types\/product"}],"wp:featuredmedia":[{"embeddable":true,"href":"https:\/\/secureus.se\/no\/wp-json\/wp\/v2\/media\/142843"}],"wp:attachment":[{"href":"https:\/\/secureus.se\/no\/wp-json\/wp\/v2\/media?parent=161494"}],"wp:term":[{"taxonomy":"product_brand","embeddable":true,"href":"https:\/\/secureus.se\/no\/wp-json\/wp\/v2\/product_brand?post=161494"},{"taxonomy":"product_cat","embeddable":true,"href":"https:\/\/secureus.se\/no\/wp-json\/wp\/v2\/product_cat?post=161494"},{"taxonomy":"product_tag","embeddable":true,"href":"https:\/\/secureus.se\/no\/wp-json\/wp\/v2\/product_tag?post=161494"}],"curies":[{"name":"wp","href":"https:\/\/api.w.org\/{rel}","templated":true}]}}