{"id":161791,"date":"2025-11-20T11:47:40","date_gmt":"2025-11-20T10:47:40","guid":{"rendered":"https:\/\/secureus.se\/fjarrindikator-for-sakerhetssystem-5-25-volt\/"},"modified":"2026-03-31T13:29:49","modified_gmt":"2026-03-31T11:29:49","slug":"fjarrindikator-for-sakerhetssystem-5-25-volt","status":"publish","type":"product","link":"https:\/\/secureus.se\/no\/fjarrindikator-for-sakerhetssystem-5-25-volt\/","title":{"rendered":"Fjernindikator for sikkerhetssystemer 5\u201325 volt"},"content":{"rendered":"<h2 data-start=\"128\" data-end=\"176\">Fjernindikator TD-SL37 \u2013 LED-indikator, hvit<\/h2>\n<p data-start=\"237\" data-end=\"473\">TD-SL37 er en <strong data-start=\"251\" data-end=\"280\">fjernkontrollindikator (LED\/diode)<\/strong> som gir et tydelig visuelt signal n\u00e5r en tilkoblet alarminngang aktiveres. Den brukes n\u00e5r du \u00f8nsker at en hendelse skal v\u00e6re tydelig synlig p\u00e5 et annet sted enn der selve sensoren eller kontrollpanelet er plassert.<\/p>\n<p data-start=\"475\" data-end=\"607\">Det er det <strong data-start=\"482\" data-end=\"505\">ikke en alarm i seg selv<\/strong> og <strong data-start=\"510\" data-end=\"528\">ikke en sensor<\/strong> \u2013 uten en <strong data-start=\"539\" data-end=\"552\">indikator<\/strong> som viser statusen til anlegget den er koblet til.<\/p>\n<hr data-start=\"609\" data-end=\"612\" \/>\n<h3 data-start=\"614\" data-end=\"649\">Passer til flere typer alarmsystemer<\/h3>\n<p data-start=\"650\" data-end=\"740\">TD-SL37 kan brukes som en visuell indikasjon i flere typer installasjoner, for eksempel:<\/p>\n<ul data-start=\"741\" data-end=\"1035\">\n<li data-start=\"741\" data-end=\"798\">\n<p data-start=\"743\" data-end=\"798\"><strong data-start=\"743\" data-end=\"756\">Brannalarm<\/strong> (indikasjon fra branndetektor\/alarmsone)<\/p>\n<\/li>\n<li data-start=\"799\" data-end=\"871\">\n<p data-start=\"801\" data-end=\"871\"><strong data-start=\"801\" data-end=\"817\">Innbruddsalarm<\/strong> (indikasjon fra alarmsone, magnetkontakt, PIR osv.)<\/p>\n<\/li>\n<li data-start=\"872\" data-end=\"963\">\n<p data-start=\"874\" data-end=\"963\"><strong data-start=\"874\" data-end=\"915\">Telekommunikasjons-\/signal- og tekniske anlegg<\/strong> (statusindikasjon, alarmutgang, feilindikasjon)<\/p>\n<\/li>\n<li data-start=\"964\" data-end=\"1035\">\n<p data-start=\"966\" data-end=\"1035\"><strong data-start=\"966\" data-end=\"995\">Andre lavspenningssystemer<\/strong> der du trenger en tydelig LED-indikasjon<\/p>\n<\/li>\n<\/ul>\n<hr data-start=\"1037\" data-end=\"1040\" \/>\n<h3 data-start=\"1042\" data-end=\"1067\">Fordeler og funksjoner<\/h3>\n<ul data-start=\"1068\" data-end=\"1327\">\n<li data-start=\"1068\" data-end=\"1123\">\n<p data-start=\"1070\" data-end=\"1123\">Tydelig visuell indikasjon ved alarm eller aktivering<\/p>\n<\/li>\n<li data-start=\"1124\" data-end=\"1161\">\n<p data-start=\"1126\" data-end=\"1161\">H\u00f8yeffektiv LED for god sikt<\/p>\n<\/li>\n<li data-start=\"1162\" data-end=\"1205\">\n<p data-start=\"1164\" data-end=\"1205\">Bredt spenningsomr\u00e5de: <strong data-start=\"1187\" data-end=\"1203\">4,5\u201325,5 V likestr\u00f8m<\/strong><\/p>\n<\/li>\n<li data-start=\"1206\" data-end=\"1243\">\n<p data-start=\"1208\" data-end=\"1243\">Lavt str\u00f8mforbruk: <strong data-start=\"1230\" data-end=\"1241\">6\u201310 mA<\/strong><\/p>\n<\/li>\n<li data-start=\"1244\" data-end=\"1286\">\n<p data-start=\"1246\" data-end=\"1286\">Robust ABS-hus for lang levetid<\/p>\n<\/li>\n<li data-start=\"1287\" data-end=\"1327\">\n<p data-start=\"1289\" data-end=\"1327\">Kompakt format for fast installasjon<\/p>\n<\/li>\n<\/ul>\n<hr data-start=\"1329\" data-end=\"1332\" \/>\n<h3 data-start=\"1334\" data-end=\"1359\">Teknisk spesifikasjon<\/h3>\n<ul data-start=\"1360\" data-end=\"1590\">\n<li data-start=\"1360\" data-end=\"1383\">\n<p data-start=\"1362\" data-end=\"1383\"><strong data-start=\"1362\" data-end=\"1373\">Modell:<\/strong> TD-SL37<\/p>\n<\/li>\n<li data-start=\"1384\" data-end=\"1401\">\n<p data-start=\"1386\" data-end=\"1401\"><strong data-start=\"1386\" data-end=\"1395\">Farge:<\/strong> Hvit<\/p>\n<\/li>\n<li data-start=\"1402\" data-end=\"1432\">\n<p data-start=\"1404\" data-end=\"1432\"><strong data-start=\"1404\" data-end=\"1417\">Spenning:<\/strong> 4,5\u201325,5 V likestr\u00f8m<\/p>\n<\/li>\n<li data-start=\"1433\" data-end=\"1466\">\n<p data-start=\"1435\" data-end=\"1466\"><strong data-start=\"1435\" data-end=\"1456\">Str\u00f8mforbruk:<\/strong> 6\u201310 mA<\/p>\n<\/li>\n<li data-start=\"1467\" data-end=\"1511\">\n<p data-start=\"1469\" data-end=\"1511\"><strong data-start=\"1469\" data-end=\"1490\">Temperaturspenn:<\/strong> \u221210 \u00b0C til +50 \u00b0C<\/p>\n<\/li>\n<li data-start=\"1512\" data-end=\"1541\">\n<p data-start=\"1514\" data-end=\"1541\"><strong data-start=\"1514\" data-end=\"1532\">Luftfuktighet:<\/strong> 0\u201395 %<\/p>\n<\/li>\n<li data-start=\"1542\" data-end=\"1560\">\n<p data-start=\"1544\" data-end=\"1560\"><strong data-start=\"1544\" data-end=\"1553\">Vekt:<\/strong> 50 g<\/p>\n<\/li>\n<li data-start=\"1561\" data-end=\"1590\">\n<p data-start=\"1563\" data-end=\"1590\"><strong data-start=\"1563\" data-end=\"1572\">M\u00e5le:<\/strong> 86 \u00d7 86 \u00d7 33 mm<\/p>\n<\/li>\n<\/ul>\n<hr data-start=\"1592\" data-end=\"1595\" \/>\n<h3 data-start=\"1597\" data-end=\"1613\">Installasjon<\/h3>\n<ul data-start=\"1614\" data-end=\"1670\">\n<li data-start=\"1614\" data-end=\"1641\">\n<p data-start=\"1616\" data-end=\"1641\"><strong data-start=\"1616\" data-end=\"1630\">R\u00f8d kabel:<\/strong> Pluss (+)<\/p>\n<\/li>\n<li data-start=\"1642\" data-end=\"1670\">\n<p data-start=\"1644\" data-end=\"1670\"><strong data-start=\"1644\" data-end=\"1660\">Svart kabel:<\/strong> Minus (\u2212)<\/p>\n<\/li>\n<\/ul>","protected":false},"excerpt":{"rendered":"<p>TD-SL37 brannalarmfjernindikator er en hvit, p\u00e5litelig signalenhet som gir tydelig visuell indikasjon fra branndetektorer eller alarmenheter.<\/p>\n<p>Med energieffektiv LED-teknologi og bred spenningstilpasning (4,5\u201325,5 VDC) passer den perfekt i profesjonelle brannsikkerhetssystemer.<\/p>\n<p>Den diskr\u00e9 hvite fargen og den enkle installasjonen gj\u00f8r den ideell for leilighetsbygg, kontorer og industrilokaler.<\/p>","protected":false},"featured_media":161785,"template":"","meta":{"_acf_changed":false},"product_brand":[],"product_cat":[1562,5104],"product_tag":[2263],"class_list":{"0":"post-161791","1":"product","2":"type-product","3":"status-publish","4":"has-post-thumbnail","6":"product_cat-larmdon-blixtljus","7":"product_cat-indikering-summer","8":"product_tag-larmdon-blixtljus-rod","9":"product_shipping_class-postnord-varubrev","10":"pa_brands-stonehouse-security","11":"pa_farg-vit","12":"tm-no-options","14":"first","15":"instock","16":"sale","17":"featured","18":"taxable","19":"shipping-taxable","20":"purchasable","21":"product-type-simple"},"acf":[],"_links":{"self":[{"href":"https:\/\/secureus.se\/no\/wp-json\/wp\/v2\/product\/161791","targetHints":{"allow":["GET"]}}],"collection":[{"href":"https:\/\/secureus.se\/no\/wp-json\/wp\/v2\/product"}],"about":[{"href":"https:\/\/secureus.se\/no\/wp-json\/wp\/v2\/types\/product"}],"wp:featuredmedia":[{"embeddable":true,"href":"https:\/\/secureus.se\/no\/wp-json\/wp\/v2\/media\/161785"}],"wp:attachment":[{"href":"https:\/\/secureus.se\/no\/wp-json\/wp\/v2\/media?parent=161791"}],"wp:term":[{"taxonomy":"product_brand","embeddable":true,"href":"https:\/\/secureus.se\/no\/wp-json\/wp\/v2\/product_brand?post=161791"},{"taxonomy":"product_cat","embeddable":true,"href":"https:\/\/secureus.se\/no\/wp-json\/wp\/v2\/product_cat?post=161791"},{"taxonomy":"product_tag","embeddable":true,"href":"https:\/\/secureus.se\/no\/wp-json\/wp\/v2\/product_tag?post=161791"}],"curies":[{"name":"wp","href":"https:\/\/api.w.org\/{rel}","templated":true}]}}