{"id":161793,"date":"2025-11-20T10:17:32","date_gmt":"2025-11-20T09:17:32","guid":{"rendered":"https:\/\/secureus.se\/blixtljus-vit-led-td-sl32-12-24v\/"},"modified":"2026-03-31T13:25:46","modified_gmt":"2026-03-31T11:25:46","slug":"blixtljus-vit-led-td-sl32-12-24v","status":"publish","type":"product","link":"https:\/\/secureus.se\/no\/blixtljus-vit-led-td-sl32-12-24v\/","title":{"rendered":"Blinkende lys HVIT LED TD-SL32 12\u201324V lampe med 90 blink per minutt 12\u201324V"},"content":{"rendered":"<h2 data-start=\"0\" data-end=\"39\">Strobelys TD-SL32 \u2013 Hvit LED (12\u201324V)<\/h2>\n<p data-start=\"41\" data-end=\"261\">TD-SL32 er en kompakt <strong data-start=\"64\" data-end=\"81\">LED-blitslys<\/strong> som brukes som et tydelig, visuelt varselsignal i ulike typer alarmsystemer. N\u00e5r alarmen aktiveres, blinker strobelyset sterkt til begge <strong data-start=\"221\" data-end=\"242\">varsle omgivelsene<\/strong> og <strong data-start=\"247\" data-end=\"260\">avskrekke<\/strong>.<\/p>\n<p data-start=\"263\" data-end=\"382\">Passer for eksempel til villaer, garasjer, boder, butikker og andre milj\u00f8er der du \u00f8nsker en ekstra tydelig alarmindikasjon.<\/p>\n<hr data-start=\"384\" data-end=\"387\" \/>\n<h3 data-start=\"389\" data-end=\"401\">Fordeler<\/h3>\n<ul data-start=\"402\" data-end=\"635\">\n<li data-start=\"402\" data-end=\"442\">\n<p data-start=\"404\" data-end=\"442\">Tydeligvis <strong data-start=\"412\" data-end=\"431\">strobeblits<\/strong> i tilfelle alarm<\/p>\n<\/li>\n<li data-start=\"443\" data-end=\"506\">\n<p data-start=\"445\" data-end=\"506\"><strong data-start=\"445\" data-end=\"459\">LED-teknologi<\/strong> for lang levetid og lavt energiforbruk<\/p>\n<\/li>\n<li data-start=\"507\" data-end=\"543\">\n<p data-start=\"509\" data-end=\"543\">Fungerer p\u00e5 <strong data-start=\"521\" data-end=\"541\">12V eller 24V likestr\u00f8m<\/strong><\/p>\n<\/li>\n<li data-start=\"544\" data-end=\"585\">\n<p data-start=\"546\" data-end=\"585\">Robust hus laget av slitesterk ABS-plast<\/p>\n<\/li>\n<li data-start=\"586\" data-end=\"635\">\n<p data-start=\"588\" data-end=\"635\">Enkel montering med inkludert brakett\/skruer<\/p>\n<\/li>\n<\/ul>\n<hr data-start=\"637\" data-end=\"640\" \/>\n<h3 data-start=\"642\" data-end=\"670\">Tekniske spesifikasjoner<\/h3>\n<ul data-start=\"671\" data-end=\"945\">\n<li data-start=\"671\" data-end=\"694\">\n<p data-start=\"673\" data-end=\"694\"><strong data-start=\"673\" data-end=\"684\">Modell:<\/strong> TD-SL32<\/p>\n<\/li>\n<li data-start=\"695\" data-end=\"712\">\n<p data-start=\"697\" data-end=\"712\"><strong data-start=\"697\" data-end=\"706\">Farge:<\/strong> Hvit<\/p>\n<\/li>\n<li data-start=\"713\" data-end=\"735\">\n<p data-start=\"715\" data-end=\"735\"><strong data-start=\"715\" data-end=\"729\">Lyskilde:<\/strong> LED-er<\/p>\n<\/li>\n<li data-start=\"736\" data-end=\"771\">\n<p data-start=\"738\" data-end=\"771\"><strong data-start=\"738\" data-end=\"756\">Driftsspenning:<\/strong> Likestr\u00f8m 12V \/ 24V<\/p>\n<\/li>\n<li data-start=\"772\" data-end=\"805\">\n<p data-start=\"774\" data-end=\"805\"><strong data-start=\"774\" data-end=\"795\">Str\u00f8mforbruk:<\/strong> \u2264 80mA<\/p>\n<\/li>\n<li data-start=\"806\" data-end=\"846\">\n<p data-start=\"808\" data-end=\"846\"><strong data-start=\"808\" data-end=\"826\">Blitsfrekvens:<\/strong> omtrent 90 blink\/minutt<\/p>\n<\/li>\n<li data-start=\"847\" data-end=\"891\">\n<p data-start=\"849\" data-end=\"891\"><strong data-start=\"849\" data-end=\"870\">Arbeidstemperatur:<\/strong> \u221210 \u00b0C til +50 \u00b0C<\/p>\n<\/li>\n<li data-start=\"892\" data-end=\"917\">\n<p data-start=\"894\" data-end=\"917\"><strong data-start=\"894\" data-end=\"903\">Vekt:<\/strong> omtrent 99\u2013100 g<\/p>\n<\/li>\n<li data-start=\"918\" data-end=\"945\">\n<p data-start=\"920\" data-end=\"945\"><strong data-start=\"920\" data-end=\"929\">M\u00e5le:<\/strong> ca. 70 \u00d7 45 mm<\/p>\n<\/li>\n<\/ul>\n<hr data-start=\"947\" data-end=\"950\" \/>\n<h3 data-start=\"952\" data-end=\"978\">Montering og tilkobling<\/h3>\n<p data-start=\"979\" data-end=\"1220\">TD-SL32 er vanligvis koblet til <strong data-start=\"1011\" data-end=\"1036\">utgang for alarmsentral<\/strong> (sirene\/blitzutgang) slik at den aktiveres ved alarm. Den kan ogs\u00e5 drives via <strong data-start=\"1113\" data-end=\"1123\">12V DC<\/strong> hvis du vil bruke den i en frittst\u00e5ende l\u00f8sning (forutsatt at installasjonen din st\u00f8tter dette).<\/p>\n<p data-start=\"1222\" data-end=\"1237\"><strong data-start=\"1222\" data-end=\"1237\">Forbindelse:<\/strong><\/p>\n<ul data-start=\"1238\" data-end=\"1294\">\n<li data-start=\"1238\" data-end=\"1265\">\n<p data-start=\"1240\" data-end=\"1265\"><strong data-start=\"1240\" data-end=\"1254\">R\u00f8d kabel:<\/strong> + (pluss)<\/p>\n<\/li>\n<li data-start=\"1266\" data-end=\"1294\">\n<p data-start=\"1268\" data-end=\"1294\"><strong data-start=\"1268\" data-end=\"1284\">Svart kabel:<\/strong> \u2212 (minus)<\/p>\n<\/li>\n<\/ul>\n<p data-start=\"1296\" data-end=\"1386\">Enkel \u00e5 montere med skruer og brakett, slik at blitslyset er tydelig synlig fra \u00f8nsket retning.<\/p>","protected":false},"excerpt":{"rendered":"<p>Dette hvite strobelyssignalet (modell TD-SL32) er en p\u00e5litelig visuell varslingsenhet for alarmsystemer.<\/p>\n<p>Den fungerer med 12V- eller 24V-systemer og gir et kraftig, blinkende hvitt lys (90 blink\/minutt) for \u00e5 avskrekke inntrengere.<\/p>","protected":false},"featured_media":161792,"template":"","meta":{"_acf_changed":false},"product_brand":[],"product_cat":[1562,5103],"product_tag":[5076],"class_list":{"0":"post-161793","1":"product","2":"type-product","3":"status-publish","4":"has-post-thumbnail","6":"product_cat-larmdon-blixtljus","7":"product_cat-blixtljus-kombisiren","8":"product_tag-larmdon-blixtljus-vit","9":"product_shipping_class-postnord-varubrev","10":"pa_brands-stonehouse-security","11":"pa_farg-vit","12":"tm-no-options","14":"first","15":"instock","16":"sale","17":"featured","18":"taxable","19":"shipping-taxable","20":"purchasable","21":"product-type-simple"},"acf":[],"_links":{"self":[{"href":"https:\/\/secureus.se\/no\/wp-json\/wp\/v2\/product\/161793","targetHints":{"allow":["GET"]}}],"collection":[{"href":"https:\/\/secureus.se\/no\/wp-json\/wp\/v2\/product"}],"about":[{"href":"https:\/\/secureus.se\/no\/wp-json\/wp\/v2\/types\/product"}],"wp:featuredmedia":[{"embeddable":true,"href":"https:\/\/secureus.se\/no\/wp-json\/wp\/v2\/media\/161792"}],"wp:attachment":[{"href":"https:\/\/secureus.se\/no\/wp-json\/wp\/v2\/media?parent=161793"}],"wp:term":[{"taxonomy":"product_brand","embeddable":true,"href":"https:\/\/secureus.se\/no\/wp-json\/wp\/v2\/product_brand?post=161793"},{"taxonomy":"product_cat","embeddable":true,"href":"https:\/\/secureus.se\/no\/wp-json\/wp\/v2\/product_cat?post=161793"},{"taxonomy":"product_tag","embeddable":true,"href":"https:\/\/secureus.se\/no\/wp-json\/wp\/v2\/product_tag?post=161793"}],"curies":[{"name":"wp","href":"https:\/\/api.w.org\/{rel}","templated":true}]}}