{"id":161937,"date":"2025-10-01T16:44:16","date_gmt":"2025-10-01T14:44:16","guid":{"rendered":"https:\/\/secureus.se\/mini-batteribackup-12v-3a-ups-i-plast\/"},"modified":"2026-04-15T13:34:41","modified_gmt":"2026-04-15T11:34:41","slug":"mini-batteribackup-12v-3a-ups-i-plast","status":"publish","type":"product","link":"https:\/\/secureus.se\/no\/mini-batteribackup-12v-3a-ups-i-plast\/","title":{"rendered":"Mini batteribackup 12V 3A UPS i plasthus"},"content":{"rendered":"<h3 data-start=\"728\" data-end=\"781\">Mini batteri-backup 12V 3A UPS i plast - BB-12V-3A<\/h3>\n<p data-start=\"783\" data-end=\"953\">BB-12V-3A er en <strong data-start=\"799\" data-end=\"837\">kompakt 12V DC UPS i plasthus<\/strong>, designet for <strong data-start=\"853\" data-end=\"891\">generelle lavspenningsapplikasjoner<\/strong> der enkel installasjon, lav vekt og stabil drift er viktig.<\/p>\n<p data-start=\"955\" data-end=\"1120\">Ved str\u00f8mbrudd bytter enheten automatisk til batteridrift via en ekstern <strong data-start=\"1038\" data-end=\"1059\">12V\/7Ah batteri<\/strong>, som sikrer fortsatt drift av tilkoblede enheter.<\/p>\n<p data-start=\"1284\" data-end=\"1335\">Klar <strong data-start=\"1291\" data-end=\"1309\">LED-indikasjon<\/strong> gir en rask oversikt over:<\/p>\n<ul data-start=\"1336\" data-end=\"1412\">\n<li data-start=\"1336\" data-end=\"1354\">\n<p data-start=\"1338\" data-end=\"1354\">AC nettspenning<\/p>\n<\/li>\n<li data-start=\"1355\" data-end=\"1368\">\n<p data-start=\"1357\" data-end=\"1368\">DC-utgang<\/p>\n<\/li>\n<li data-start=\"1369\" data-end=\"1388\">\n<p data-start=\"1371\" data-end=\"1388\">Batteri lading<\/p>\n<\/li>\n<li data-start=\"1389\" data-end=\"1412\">\n<p data-start=\"1391\" data-end=\"1412\">Lav batterispenning<\/p>\n<\/li>\n<\/ul>\n<p data-start=\"1414\" data-end=\"1552\">UPS-en har innebygd beskyttelse mot <strong data-start=\"1444\" data-end=\"1504\">kortslutning, overstr\u00f8m, overlading og dyputlading<\/strong>, med automatisk tilbakestilling n\u00e5r feilen opph\u00f8rer.<\/p>\n<p data-start=\"1554\" data-end=\"1674\">Plasthuset gj\u00f8r modellen spesielt egnet for <strong data-start=\"1603\" data-end=\"1644\">installasjoner som ikke er sikkerhetsklassifisert<\/strong> der det ikke er behov for manipuleringsbeskyttelse.<\/p>\n<hr data-start=\"1676\" data-end=\"1679\" \/>\n<h3 data-start=\"1681\" data-end=\"1708\">Funksjoner og fordeler<\/h3>\n<ul data-start=\"1710\" data-end=\"2011\">\n<li data-start=\"1710\" data-end=\"1741\">\n<p data-start=\"1712\" data-end=\"1741\">Kompakt UPS i plastkapsling<\/p>\n<\/li>\n<li data-start=\"1742\" data-end=\"1786\">\n<p data-start=\"1744\" data-end=\"1786\">Automatisk batteridrift ved str\u00f8mbrudd<\/p>\n<\/li>\n<li data-start=\"1828\" data-end=\"1850\">\n<p data-start=\"1830\" data-end=\"1850\">Maks belastning: 3A<\/p>\n<\/li>\n<li data-start=\"1851\" data-end=\"1894\">\n<p data-start=\"1853\" data-end=\"1894\">Tydelig LED-status for drift og batteri<\/p>\n<\/li>\n<li data-start=\"1895\" data-end=\"1936\">\n<p data-start=\"1897\" data-end=\"1936\">Innebygd beskyttelse mot elektriske feil og batterifeil<\/p>\n<\/li>\n<li data-start=\"1937\" data-end=\"1969\">\n<p data-start=\"1939\" data-end=\"1969\">Enkel og rask installasjon<\/p>\n<\/li>\n<li data-start=\"1970\" data-end=\"2011\">\n<p data-start=\"1972\" data-end=\"2011\">Rimelig l\u00f8sning for generell 12V-drift<\/p>\n<\/li>\n<\/ul>\n<hr data-start=\"2013\" data-end=\"2016\" \/>\n<h3 data-start=\"2018\" data-end=\"2046\">Tekniske spesifikasjoner<\/h3>\n<ul data-start=\"2048\" data-end=\"2450\">\n<li data-start=\"2048\" data-end=\"2084\">\n<p data-start=\"2050\" data-end=\"2084\"><strong data-start=\"2050\" data-end=\"2061\">Inngang:<\/strong> 100\u2013240 V vekselstr\u00f8m, 50\/60 Hz<\/p>\n<\/li>\n<li data-start=\"2173\" data-end=\"2198\">\n<p data-start=\"2175\" data-end=\"2198\"><strong data-start=\"2175\" data-end=\"2191\">Maks utgangsstr\u00f8m:<\/strong> 3,0A<\/p>\n<\/li>\n<li data-start=\"2199\" data-end=\"2228\">\n<p data-start=\"2201\" data-end=\"2228\"><strong data-start=\"2201\" data-end=\"2221\">Batterilading:<\/strong> 0,8A<\/p>\n<\/li>\n<li data-start=\"2229\" data-end=\"2252\">\n<p data-start=\"2231\" data-end=\"2252\"><strong data-start=\"2231\" data-end=\"2244\">Innhegning:<\/strong> Plast<\/p>\n<\/li>\n<li data-start=\"2253\" data-end=\"2304\">\n<p data-start=\"2255\" data-end=\"2304\"><strong data-start=\"2255\" data-end=\"2281\">Anbefalt batteri:<\/strong> 12V \/ 7Ah (ikke inkludert)<\/p>\n<\/li>\n<li data-start=\"2305\" data-end=\"2340\">\n<p data-start=\"2307\" data-end=\"2340\"><strong data-start=\"2307\" data-end=\"2322\">Temperatur:<\/strong> -20 til +45 \u00b0C<\/p>\n<\/li>\n<li data-start=\"2341\" data-end=\"2392\">\n<p data-start=\"2343\" data-end=\"2392\"><strong data-start=\"2343\" data-end=\"2357\">Luftfuktighet:<\/strong> Opptil 90 % (ikke-kondenserende)<\/p>\n<\/li>\n<li data-start=\"2393\" data-end=\"2425\">\n<p data-start=\"2395\" data-end=\"2425\"><strong data-start=\"2395\" data-end=\"2409\">Montering:<\/strong> Innend\u00f8rs, vegg<\/p>\n<\/li>\n<li data-start=\"2426\" data-end=\"2450\">\n<p data-start=\"2428\" data-end=\"2450\"><strong data-start=\"2428\" data-end=\"2445\">Sertifisering:<\/strong> CE<\/p>\n<\/li>\n<\/ul>\n<hr data-start=\"2452\" data-end=\"2455\" \/>\n<h3 data-start=\"2457\" data-end=\"2487\">Typiske bruksomr\u00e5der<\/h3>\n<ul data-start=\"2489\" data-end=\"2670\">\n<li data-start=\"2489\" data-end=\"2525\">\n<p data-start=\"2491\" data-end=\"2525\">Mindre alarm- og sikkerhetssystemer<\/p>\n<\/li>\n<li data-start=\"2526\" data-end=\"2550\">\n<p data-start=\"2528\" data-end=\"2550\">Enklere adgangskontrollsystem<\/p>\n<\/li>\n<li data-start=\"2551\" data-end=\"2601\">\n<p data-start=\"2553\" data-end=\"2601\">Rutere, svitsjer og nettverksutstyr (12V)<\/p>\n<\/li>\n<li data-start=\"2602\" data-end=\"2635\">\n<p data-start=\"2604\" data-end=\"2635\">Sm\u00e5 kontrollsystemer og elektronikk<\/p>\n<\/li>\n<li data-start=\"2636\" data-end=\"2670\">\n<p data-start=\"2638\" data-end=\"2670\">Generell 12V reservestr\u00f8m innend\u00f8rs<\/p>\n<\/li>\n<\/ul>\n<hr data-start=\"2672\" data-end=\"2675\" \/>\n<h3 data-start=\"2677\" data-end=\"2693\">Installasjon<\/h3>\n<p data-start=\"2695\" data-end=\"2837\">Beregnet for <strong data-start=\"2706\" data-end=\"2721\">innend\u00f8rs bruk<\/strong>.<br data-start=\"2722\" data-end=\"2725\" \/>UPS-en b\u00f8r monteres st\u00f8dig med god ventilasjon. Installasjonen anbefales \u00e5 utf\u00f8res av <strong data-start=\"2816\" data-end=\"2836\">autorisert tekniker<\/strong>.<\/p>\n<p data-start=\"2695\" data-end=\"2837\"><span data-teams=\"true\">St\u00f8rrelse: 195 x 225 x 83 mm<\/span><\/p>","protected":false},"excerpt":{"rendered":"<p data-start=\"306\" data-end=\"614\"><strong data-start=\"306\" data-end=\"359\">Kompakt 12V 3A UPS-batteribackup i plasthus.<\/strong><br data-start=\"359\" data-end=\"362\" \/>BB-12V-3A er en liten og hendig 12V DC UPS for enklere sikkerhets- og lavspenningsinstallasjoner.<\/p>\n<p data-start=\"306\" data-end=\"614\">Automatisk batteridrift ved str\u00f8mbrudd og tydelig LED-indikasjon gj\u00f8r den ideell for mindre systemer der kontinuerlig drift er n\u00f8dvendig.<\/p>\n<p data-start=\"616\" data-end=\"662\"><em data-start=\"616\" data-end=\"662\">Anbefalt batteri: 12V \/ 7Ah (ikke inkludert).<\/em><\/p>","protected":false},"featured_media":161933,"template":"","meta":{"_acf_changed":false},"product_brand":[],"product_cat":[2721],"product_tag":[],"class_list":{"0":"post-161937","1":"product","2":"type-product","3":"status-publish","4":"has-post-thumbnail","6":"product_cat-batteribackuper","7":"pa_brands-stonehouse-security","8":"tm-no-options","10":"first","11":"instock","12":"sale","13":"taxable","14":"shipping-taxable","15":"purchasable","16":"product-type-simple"},"acf":[],"_links":{"self":[{"href":"https:\/\/secureus.se\/no\/wp-json\/wp\/v2\/product\/161937","targetHints":{"allow":["GET"]}}],"collection":[{"href":"https:\/\/secureus.se\/no\/wp-json\/wp\/v2\/product"}],"about":[{"href":"https:\/\/secureus.se\/no\/wp-json\/wp\/v2\/types\/product"}],"wp:featuredmedia":[{"embeddable":true,"href":"https:\/\/secureus.se\/no\/wp-json\/wp\/v2\/media\/161933"}],"wp:attachment":[{"href":"https:\/\/secureus.se\/no\/wp-json\/wp\/v2\/media?parent=161937"}],"wp:term":[{"taxonomy":"product_brand","embeddable":true,"href":"https:\/\/secureus.se\/no\/wp-json\/wp\/v2\/product_brand?post=161937"},{"taxonomy":"product_cat","embeddable":true,"href":"https:\/\/secureus.se\/no\/wp-json\/wp\/v2\/product_cat?post=161937"},{"taxonomy":"product_tag","embeddable":true,"href":"https:\/\/secureus.se\/no\/wp-json\/wp\/v2\/product_tag?post=161937"}],"curies":[{"name":"wp","href":"https:\/\/api.w.org\/{rel}","templated":true}]}}