{"id":161944,"date":"2022-04-29T14:31:00","date_gmt":"2022-04-29T12:31:00","guid":{"rendered":"https:\/\/secureus.se\/kombitagg-lika-chip-assa-pro\/"},"modified":"2026-03-27T15:20:09","modified_gmt":"2026-03-27T14:20:09","slug":"kombitagg-lika-chip-assa-pro","status":"publish","type":"product","link":"https:\/\/secureus.se\/no\/kombitagg-lika-chip-assa-pro\/","title":{"rendered":"Kombinasjonstag EM + Mifare1k\u00ae for ASSA ARX med samme tall programmert \u2013 Pro"},"content":{"rendered":"<h1>Kombinert tag EM\/Mifare1k<\/h1>\n<h3><strong>Alarm Passkontroll - Bestilling - Bes\u00f8k<\/strong><\/h3>\n<h3>Her har vi gravert inn et nummer som har samme programmering for Bewator.<\/h3>\n<p><strong>Dette betyr at det fungerer i b\u00e5de EM og Mifare systemer, men med fordelen at du kun har ett nummer \u00e5 jobbe med og legge inn i ditt bewatorsystem. I vanlige tilfeller har du forskjellige tall for EM og Mifare, noe som betyr at du m\u00e5 legge inn 2 tall i stedet for bare \u00e5 kopiere over ett tall, noe som sparer tid.<\/strong>Denne taggen fungerer i alle systemer som bruker EM- og Mifare-teknologi, inkludert RCO, Bewator\/Vanderbilt, Aptus, ASSA ARX og andre typer systemer, f.eks. bes\u00f8kssystemer eller innlogging til datamaskiner\/printere for \u00e5 m\u00f8te de mest krevende behovene innen sikkerhet og identifikasjon. Med sin robuste konstruksjon i ABS-materiale og tynn profil p\u00e5 kun 2,9 mm gir den en perfekt balanse mellom holdbarhet og eleganse. Den stilige finishen gj\u00f8r den ideell for gravering med standardnummer eller inkludert logoen din, enten gjennom gravert eller farget finish. Enten du trenger et p\u00e5litelig produkt for adgangskontroll, bes\u00f8kssystemer, booking, alarmer, billadere, lagerstyring eller andre applikasjoner, v\u00e5re &quot; ABS Pro&quot; det perfekte valget. Den er tilgjengelig i mange varianter og vi kan ogs\u00e5 produsere den med ditt eget valg av brikke. Standard i dag for tilgangsbrikker er: EM4200, Mifare1k, kombinasjonen av Mifare1k og EM4200, Mifare4k, kombinasjonen av Mifare4k og EM4200, samt DESFire, kan du skreddersy din l\u00f8sning for \u00e5 passe dine spesifikke behov. Vi forst\u00e5r viktigheten av \u00e5 levere h\u00f8ykvalitets RFID-produkter som oppfyller dagens krav og forventninger. Det er derfor vi streber etter \u00e5 tilby den beste teknologien og kompatibiliteten for \u00e5 forbedre sikkerheten og effektiviteten til systemene dine.<\/p>\n<h3><strong>Tilpasset for unike prosjekter \u2013 Kombinasjonsmerke for ASSA ARX<\/strong><\/h3>\n<p>Fordelene med v\u00e5re RFID-brikker inkluderer kompatibilitet med forskjellige systemer\/teknologier samt muligheten til \u00e5 skreddersy taggene for \u00e5 passe unike prosjekter. Vi kan programmere og integrere forskjellige brikker for \u00e5 m\u00f8te spesifikke applikasjonskrav og lage tilpassede l\u00f8sninger. Kontakt oss i dag for \u00e5 diskutere prosjektideene dine og f\u00e5 en tilpasset RFID-tagl\u00f8sning for dine behov.<\/p>\n<h5><strong>Rask levering og alltid p\u00e5 lager<\/strong><\/h5>\n<p>&quot;ABS Pro&quot; RFID n\u00f8kkelbrikke er alltid p\u00e5 lager med over 80 000 enheter i 6 farger (r\u00f8d, bl\u00e5, hvit, svart, gr\u00f8nn, gul) og med forskjellige brikker Ved hjelp av v\u00e5re lasermaskiner og programvare kan du velge logo &amp; unikt nummer for gravering med levering innen 1-3 dager.<\/p>\n<h3>Som alltid! Rfid passerbrikke med Original chip fra<a href=\"https:\/\/www.nxp.com\/\" rel=\"noopener\"> NXP<\/a> og <a href=\"https:\/\/www.emmicroelectronic.com\/\" rel=\"noopener\">EM mikroelektronikk.<\/a><\/h3>\n<p><strong>Passer for alt og alle!<\/strong><\/p>\n<ul>\n<li>Passsystem<\/li>\n<li>Bes\u00f8kssystem<\/li>\n<li>Reservasjon<\/li>\n<li>Alarm og sikkerhetssystem<\/li>\n<\/ul>\n<p><strong>Fordeler med &quot;ABS Pro&quot; Combination tag for ASSA ARX<\/strong><\/p>\n<ul>\n<li>Robust konstruksjon i ABS-materiale<\/li>\n<li>Tynn profil p\u00e5 kun 2,9 mm<\/li>\n<li>Mulighet for \u00e5 gravere standardnummer eller inkludere logo<\/li>\n<li>Stort utvalg av brikkevarianter for \u00e5 passe ulike behov og alltid p\u00e5 lager.<\/li>\n<\/ul>","protected":false},"excerpt":{"rendered":"<p>V\u00e5r mest popul\u00e6re RFID-tag &quot;ABS Pro&quot; \u2013 den perfekte l\u00f8sningen for sikkerhets- og identifiseringssystemer. Her med dobbel brikke i kombinasjonstag: EM4200+Mifare1k brikke med samme brikkenummer for enklere h\u00e5ndtering. Taggen er kun 2,9 mm tykk, laget av hardt ABS-materiale med en elegant overflate som passer overalt. Dette produktet har sertifisert brikke fra NXP\u00ae, et globalt teknologiselskap med hovedkontor i Holland. NXP\u00ae spesialiserer seg p\u00e5 RFID og NFC og tilbyr en rekke produkter innen sikkerhet, tilkobling og innebygde l\u00f8sninger<\/p>","protected":false},"featured_media":163686,"template":"","meta":{"_acf_changed":false},"product_brand":[],"product_cat":[4786],"product_tag":[4146,2095,2958],"class_list":{"0":"post-161944","1":"product","2":"type-product","3":"status-publish","4":"has-post-thumbnail","6":"product_cat-mifare1kem4200-tagg","7":"product_tag-nxp","8":"product_tag-rfid-500","9":"product_tag-stonehouse-produkt","10":"product_shipping_class-postnord-varubrev","11":"pa_brands-stonehouse-security","12":"pa_chip-teknik-lika-chipnummer-1-nummer-graverat-kombitagg","13":"pa_farg-svart","14":"tm-no-options","16":"first","17":"instock","18":"sale","19":"featured","20":"taxable","21":"shipping-taxable","22":"purchasable","23":"product-type-simple"},"acf":[],"_links":{"self":[{"href":"https:\/\/secureus.se\/no\/wp-json\/wp\/v2\/product\/161944","targetHints":{"allow":["GET"]}}],"collection":[{"href":"https:\/\/secureus.se\/no\/wp-json\/wp\/v2\/product"}],"about":[{"href":"https:\/\/secureus.se\/no\/wp-json\/wp\/v2\/types\/product"}],"wp:featuredmedia":[{"embeddable":true,"href":"https:\/\/secureus.se\/no\/wp-json\/wp\/v2\/media\/163686"}],"wp:attachment":[{"href":"https:\/\/secureus.se\/no\/wp-json\/wp\/v2\/media?parent=161944"}],"wp:term":[{"taxonomy":"product_brand","embeddable":true,"href":"https:\/\/secureus.se\/no\/wp-json\/wp\/v2\/product_brand?post=161944"},{"taxonomy":"product_cat","embeddable":true,"href":"https:\/\/secureus.se\/no\/wp-json\/wp\/v2\/product_cat?post=161944"},{"taxonomy":"product_tag","embeddable":true,"href":"https:\/\/secureus.se\/no\/wp-json\/wp\/v2\/product_tag?post=161944"}],"curies":[{"name":"wp","href":"https:\/\/api.w.org\/{rel}","templated":true}]}}