{"id":162185,"date":"2025-11-21T14:39:31","date_gmt":"2025-11-21T13:39:31","guid":{"rendered":"https:\/\/secureus.se\/provkit-testifire-xtr2-provningshojd-93-m-varme-rok-vaskor\/"},"modified":"2026-04-08T15:59:37","modified_gmt":"2026-04-08T13:59:37","slug":"provkit-testifire-xtr2-provningshojd-93-m-varme-rok-vaskor","status":"publish","type":"product","link":"https:\/\/secureus.se\/no\/provkit-testifire-xtr2-provningshojd-93-m-varme-rok-vaskor\/","title":{"rendered":"Testsett Testifire XTR2 testh\u00f8yde 9,3 m (Varme + R\u00f8yk) \u2013 Poser"},"content":{"rendered":"<h1>Testsett Testifire XTR2 testh\u00f8yde 9,3 m (Varme + R\u00f8yk) \u2013 Poser<\/h1>\n<h3 data-start=\"294\" data-end=\"355\">Sikker og p\u00e5litelig testing av r\u00f8yk- og varmedetektorer<\/h3>\n<p data-start=\"356\" data-end=\"541\">Testifire XTR2-testsettet gj\u00f8r det mulig \u00e5 teste r\u00f8yk- og varmedetektorer ved hjelp av realistiske metoder, og sikre at detektorene fungerer som de skal og oppfyller sikkerhetskrav.<\/p>\n<h3 data-start=\"543\" data-end=\"576\">Testing opptil 9,3 meter<\/h3>\n<p data-start=\"577\" data-end=\"776\">Settet er designet for testing av h\u00f8yder opptil omtrent 9,3 meter.<\/p>\n<p data-start=\"577\" data-end=\"776\">Med de medf\u00f8lgende veskene kan utstyret transporteres og brukes i store h\u00f8yder trygt, uten behov for stiger eller heiser.<\/p>\n<h3 data-start=\"778\" data-end=\"834\">Komplett testsett for profesjonell bruk<\/h3>\n<p data-start=\"835\" data-end=\"1044\">Testsettet inneholder Testifire 1001, Solo 100, tre Solo 101-er, TS3 og Solo 610.<\/p>\n<p data-start=\"835\" data-end=\"1044\">Kombinasjonen gir en fleksibel og p\u00e5litelig l\u00f8sning for installasjon, service og regelmessig vedlikehold av branndetektorer.<\/p>\n<p data-start=\"1046\" data-end=\"1061\"><strong data-start=\"1046\" data-end=\"1059\">Fordeler:<\/strong><\/p>\n<ul data-start=\"1062\" data-end=\"1280\">\n<li data-start=\"1062\" data-end=\"1097\">\n<p data-start=\"1064\" data-end=\"1097\">Testing av r\u00f8yk- og varmedetektorer<\/p>\n<\/li>\n<li data-start=\"1098\" data-end=\"1135\">\n<p data-start=\"1100\" data-end=\"1135\">Testing opptil 9,3 meters h\u00f8yde<\/p>\n<\/li>\n<li data-start=\"1136\" data-end=\"1180\">\n<p data-start=\"1138\" data-end=\"1180\">Sikker transport og oppbevaring med vesker<\/p>\n<\/li>\n<li data-start=\"1181\" data-end=\"1226\">\n<p data-start=\"1183\" data-end=\"1226\">Realistisk og p\u00e5litelig funksjonstesting<\/p>\n<\/li>\n<li data-start=\"1227\" data-end=\"1280\">\n<p data-start=\"1229\" data-end=\"1280\">Egnet for kommersielle og offentlige bygninger<\/p>\n<\/li>\n<\/ul>\n<p data-start=\"1282\" data-end=\"1307\"><strong data-start=\"1282\" data-end=\"1305\">Bruksomr\u00e5der:<\/strong><\/p>\n<ul data-start=\"1308\" data-end=\"1443\">\n<li data-start=\"1308\" data-end=\"1346\">\n<p data-start=\"1310\" data-end=\"1346\">Service og vedlikehold av brannalarmer<\/p>\n<\/li>\n<li data-start=\"1347\" data-end=\"1387\">\n<p data-start=\"1349\" data-end=\"1387\">Funksjonskontroll under nyinstallasjon<\/p>\n<\/li>\n<li data-start=\"1388\" data-end=\"1443\">\n<p data-start=\"1390\" data-end=\"1443\">Testing i h\u00f8ye bygninger og industrimilj\u00f8er<\/p>\n<\/li>\n<\/ul>\n<p data-start=\"1445\" data-end=\"1476\"><strong data-start=\"1445\" data-end=\"1474\">TEKNISKE SPESIFIKASJONER:<\/strong><\/p>\n<ul data-start=\"1477\" data-end=\"1828\">\n<li data-start=\"1477\" data-end=\"1520\">\n<p data-start=\"1479\" data-end=\"1520\">Produkttype: Detektortestsett<\/p>\n<\/li>\n<li data-start=\"1521\" data-end=\"1570\">\n<p data-start=\"1523\" data-end=\"1570\">Detektortyper: R\u00f8ykvarslere, varmedetektorer<\/p>\n<\/li>\n<li data-start=\"1571\" data-end=\"1605\">\n<p data-start=\"1573\" data-end=\"1605\">Testh\u00f8yde: Omtrent 9,3 meter<\/p>\n<\/li>\n<li data-start=\"1606\" data-end=\"1645\">\n<p data-start=\"1608\" data-end=\"1645\">Testmetoder: R\u00f8yk- og varmetesting<\/p>\n<\/li>\n<li data-start=\"1646\" data-end=\"1713\">\n<p data-start=\"1648\" data-end=\"1713\">Innhold: Testifire XTR2 med tilbeh\u00f8r, Solo 100, 3 \u00d7 Solo 101, TS3, Solo 610<\/p>\n<\/li>\n<li data-start=\"1714\" data-end=\"1735\">\n<p data-start=\"1716\" data-end=\"1735\">Tilbeh\u00f8r: Vesker<\/p>\n<\/li>\n<li data-start=\"1736\" data-end=\"1780\">\n<p data-start=\"1738\" data-end=\"1780\">Bruksomr\u00e5de: Manuell testing i stor h\u00f8yde<\/p>\n<\/li>\n<\/ul>","protected":false},"excerpt":{"rendered":"<p>Testsett Testifire XTR2 er et komplett testsett for r\u00f8yk- og varmedetektorer opptil omtrent 9,3 meter.<\/p>\n<p>Settet leveres med poser og er ideelt for installat\u00f8rer og servicepersonell som trenger sikker og effektiv testing i store h\u00f8yder.<\/p>","protected":false},"featured_media":162184,"template":"","meta":{"_acf_changed":false},"product_brand":[],"product_cat":[3848,2946],"product_tag":[],"class_list":{"0":"post-162185","1":"product","2":"type-product","3":"status-publish","4":"has-post-thumbnail","6":"product_cat-testifire-kit","7":"product_cat-testifire","8":"tm-no-options","10":"first","11":"instock","12":"sale","13":"taxable","14":"shipping-taxable","15":"purchasable","16":"product-type-simple"},"acf":[],"_links":{"self":[{"href":"https:\/\/secureus.se\/no\/wp-json\/wp\/v2\/product\/162185","targetHints":{"allow":["GET"]}}],"collection":[{"href":"https:\/\/secureus.se\/no\/wp-json\/wp\/v2\/product"}],"about":[{"href":"https:\/\/secureus.se\/no\/wp-json\/wp\/v2\/types\/product"}],"wp:featuredmedia":[{"embeddable":true,"href":"https:\/\/secureus.se\/no\/wp-json\/wp\/v2\/media\/162184"}],"wp:attachment":[{"href":"https:\/\/secureus.se\/no\/wp-json\/wp\/v2\/media?parent=162185"}],"wp:term":[{"taxonomy":"product_brand","embeddable":true,"href":"https:\/\/secureus.se\/no\/wp-json\/wp\/v2\/product_brand?post=162185"},{"taxonomy":"product_cat","embeddable":true,"href":"https:\/\/secureus.se\/no\/wp-json\/wp\/v2\/product_cat?post=162185"},{"taxonomy":"product_tag","embeddable":true,"href":"https:\/\/secureus.se\/no\/wp-json\/wp\/v2\/product_tag?post=162185"}],"curies":[{"name":"wp","href":"https:\/\/api.w.org\/{rel}","templated":true}]}}