{"id":162199,"date":"2025-11-21T14:39:25","date_gmt":"2025-11-21T13:39:25","guid":{"rendered":"https:\/\/secureus.se\/provkit-testifire-xtr2-provningshojd-4-m-varme-rok\/"},"modified":"2026-04-08T15:59:50","modified_gmt":"2026-04-08T13:59:50","slug":"provkit-testifire-xtr2-provningshojd-4-m-varme-rok","status":"publish","type":"product","link":"https:\/\/secureus.se\/no\/provkit-testifire-xtr2-provningshojd-4-m-varme-rok\/","title":{"rendered":"Testsett Testifire XTR2 testh\u00f8yde 4 m (varme + r\u00f8yk)"},"content":{"rendered":"<h1>Testsett Testifire XTR2 testh\u00f8yde 4 m (varme + r\u00f8yk)<\/h1>\n<h3 data-start=\"510\" data-end=\"571\">Sikker testing av r\u00f8yk- og varmedetektorer opptil 4 m<\/h3>\n<p data-start=\"572\" data-end=\"833\">Testifire XTR2 testsett er utviklet for effektiv funksjonstesting av r\u00f8yk- og varmedetektorer i bygninger der takh\u00f8yden overstiger standardniv\u00e5er.<\/p>\n<p data-start=\"572\" data-end=\"833\">Ved \u00e5 utf\u00f8re testing fra gulvniv\u00e5 reduseres behovet for stiger, noe som forbedrer b\u00e5de sikkerheten og arbeidsmilj\u00f8et.<\/p>\n<h3 data-start=\"835\" data-end=\"874\">Realistisk test med r\u00f8yk og varme<\/h3>\n<p data-start=\"875\" data-end=\"1119\">Testifire 1001 genererer kontrollert r\u00f8yk og varme for \u00e5 aktivere detektoren p\u00e5 en realistisk m\u00e5te.<\/p>\n<p data-start=\"875\" data-end=\"1119\">Dette sikrer at detektorene reagerer riktig i tilfelle brann og oppfyller kravene til service, inspeksjon og regelmessige kontroller.<\/p>\n<h3 data-start=\"1121\" data-end=\"1164\">Enkel og profesjonell arbeidsl\u00f8sning<\/h3>\n<p data-start=\"1165\" data-end=\"1401\">Med Solo 108-stangen kan du n\u00e5 detektorer opptil omtrent 4 meter h\u00f8ye p\u00e5 en stabil og kontrollert m\u00e5te.<\/p>\n<p data-start=\"1165\" data-end=\"1401\">Settet er enkelt \u00e5 bruke og egner seg godt til daglig arbeid p\u00e5 for eksempel kontorer, skoler, helseinstitusjoner og offentlige bygninger.<\/p>\n<p data-start=\"1403\" data-end=\"1561\">Testsettet er et utmerket valg for installat\u00f8rer, serviceselskaper og eiendomsforvaltere som trenger en p\u00e5litelig l\u00f8sning for regelmessig detektortesting.<\/p>\n<p data-start=\"1568\" data-end=\"1599\"><strong data-start=\"1568\" data-end=\"1597\">TEKNISKE SPESIFIKASJONER:<\/strong><\/p>\n<ul data-start=\"1600\" data-end=\"1766\">\n<li data-start=\"1600\" data-end=\"1628\">\n<p data-start=\"1602\" data-end=\"1628\">Testh\u00f8yde: omtrent 4 m<\/p>\n<\/li>\n<li data-start=\"1629\" data-end=\"1672\">\n<p data-start=\"1631\" data-end=\"1672\">Detektortyper: R\u00f8yk- og varmedetektorer<\/p>\n<\/li>\n<li data-start=\"1673\" data-end=\"1707\">\n<p data-start=\"1675\" data-end=\"1707\">Testutstyr: Testifire 1001<\/p>\n<\/li>\n<li data-start=\"1708\" data-end=\"1727\">\n<p data-start=\"1710\" data-end=\"1727\">Stang: Solo 108<\/p>\n<\/li>\n<li data-start=\"1728\" data-end=\"1766\">\n<p data-start=\"1730\" data-end=\"1766\">Bruksomr\u00e5de: Testing fra gulvniv\u00e5<\/p>\n<\/li>\n<\/ul>","protected":false},"excerpt":{"rendered":"<p>Testsett Testifire XTR2 er et hendig testsett for testing av r\u00f8yk- og varmedetektorer opptil omtrent 4 meters h\u00f8yde.<\/p>\n<p>Settet er beregnet for sikker testing fra gulvniv\u00e5 i milj\u00f8er med middels takh\u00f8yde.<\/p>\n<p>Egnet for profesjonell service og vedlikehold av brannalarmsystemer.<\/p>","protected":false},"featured_media":162198,"template":"","meta":{"_acf_changed":false},"product_brand":[],"product_cat":[3848,2946],"product_tag":[],"class_list":{"0":"post-162199","1":"product","2":"type-product","3":"status-publish","4":"has-post-thumbnail","6":"product_cat-testifire-kit","7":"product_cat-testifire","8":"tm-no-options","10":"first","11":"instock","12":"taxable","13":"shipping-taxable","14":"purchasable","15":"product-type-simple"},"acf":[],"_links":{"self":[{"href":"https:\/\/secureus.se\/no\/wp-json\/wp\/v2\/product\/162199","targetHints":{"allow":["GET"]}}],"collection":[{"href":"https:\/\/secureus.se\/no\/wp-json\/wp\/v2\/product"}],"about":[{"href":"https:\/\/secureus.se\/no\/wp-json\/wp\/v2\/types\/product"}],"wp:featuredmedia":[{"embeddable":true,"href":"https:\/\/secureus.se\/no\/wp-json\/wp\/v2\/media\/162198"}],"wp:attachment":[{"href":"https:\/\/secureus.se\/no\/wp-json\/wp\/v2\/media?parent=162199"}],"wp:term":[{"taxonomy":"product_brand","embeddable":true,"href":"https:\/\/secureus.se\/no\/wp-json\/wp\/v2\/product_brand?post=162199"},{"taxonomy":"product_cat","embeddable":true,"href":"https:\/\/secureus.se\/no\/wp-json\/wp\/v2\/product_cat?post=162199"},{"taxonomy":"product_tag","embeddable":true,"href":"https:\/\/secureus.se\/no\/wp-json\/wp\/v2\/product_tag?post=162199"}],"curies":[{"name":"wp","href":"https:\/\/api.w.org\/{rel}","templated":true}]}}