{"id":162217,"date":"2025-11-21T14:04:53","date_gmt":"2025-11-21T13:04:53","guid":{"rendered":"https:\/\/secureus.se\/solo-305-solo-365-kit-provningshojd-6-m-provning-rok\/"},"modified":"2026-04-23T12:57:00","modified_gmt":"2026-04-23T10:57:00","slug":"solo-305-solo-365-kit-provningshojd-6-m-provning-rok","status":"publish","type":"product","link":"https:\/\/secureus.se\/no\/solo-305-solo-365-kit-provningshojd-6-m-provning-rok\/","title":{"rendered":"Solo 305 \u2013 Solo 365-sett testh\u00f8yde 6 m \u2013 R\u00f8yktesting"},"content":{"rendered":"<h1>Solo 305 \u2013 Solo 365-sett testh\u00f8yde 6 m \u2013 R\u00f8yktesting<\/h1>\n<h3 data-start=\"429\" data-end=\"479\">Sikker og effektiv testing av r\u00f8ykvarslere<\/h3>\n<p data-start=\"480\" data-end=\"732\">Solo 305 \u2013 Solo 365-settet er utviklet for p\u00e5litelig funksjonstesting av r\u00f8ykdetektorer i bygninger med middels takh\u00f8yde.<\/p>\n<p data-start=\"480\" data-end=\"732\">Ved \u00e5 teste fra gulvniv\u00e5 reduseres behovet for stiger og l\u00f8fteanordninger, noe som forbedrer sikkerheten under service og vedlikehold.<\/p>\n<h3 data-start=\"734\" data-end=\"762\">Realistisk r\u00f8yktesting<\/h3>\n<p data-start=\"763\" data-end=\"980\">Solo 365 r\u00f8ykdetektortesteren genererer kontrollert test-aerosol som aktiverer detektorer p\u00e5 en realistisk m\u00e5te.<\/p>\n<p data-start=\"763\" data-end=\"980\">Dette sikrer at r\u00f8ykvarslere reagerer riktig under regelmessig testing og inspeksjon.<\/p>\n<h3 data-start=\"982\" data-end=\"1013\">Rekkevidde opptil 6 meter<\/h3>\n<p data-start=\"1014\" data-end=\"1229\">Solo 100-forlengeren muliggj\u00f8r testing av r\u00f8ykdetektorer opptil omtrent 6 meters h\u00f8yde.<\/p>\n<p data-start=\"1014\" data-end=\"1229\">Settet er lett og enkelt \u00e5 h\u00e5ndtere, noe som gj\u00f8r det egnet for kontorer, skoler, lagerbygninger og andre offentlige bygninger.<\/p>\n<p data-start=\"1236\" data-end=\"1267\"><strong data-start=\"1236\" data-end=\"1265\">TEKNISKE SPESIFIKASJONER:<\/strong><\/p>\n<ul data-start=\"1268\" data-end=\"1416\">\n<li data-start=\"1268\" data-end=\"1296\">\n<p data-start=\"1270\" data-end=\"1296\">Testh\u00f8yde: omtrent 6 m<\/p>\n<\/li>\n<li data-start=\"1297\" data-end=\"1327\">\n<p data-start=\"1299\" data-end=\"1327\">Detektortype: R\u00f8ykvarslere<\/p>\n<\/li>\n<li data-start=\"1328\" data-end=\"1352\">\n<p data-start=\"1330\" data-end=\"1352\">R\u00f8yktester: Solo 365<\/p>\n<\/li>\n<li data-start=\"1353\" data-end=\"1377\">\n<p data-start=\"1355\" data-end=\"1377\">Forlenger: Solo 100<\/p>\n<\/li>\n<\/ul>","protected":false},"excerpt":{"rendered":"<p>Solo 305 \u2013 Solo 365-settet er et testsett for r\u00f8ykdetektorer opptil omtrent 6 meter i h\u00f8yden.<\/p>\n<p>Settet brukes fra gulvniv\u00e5 og leveres med Solo 365 r\u00f8ykdetektortester og Solo 100-forlenger.<\/p>\n<p>Perfekt for service av r\u00f8ykdetektorer i mellomh\u00f8ye rom.<\/p>","protected":false},"featured_media":162216,"template":"","meta":{"_acf_changed":false},"product_brand":[],"product_cat":[5072,5073],"product_tag":[],"class_list":{"0":"post-162217","1":"product","2":"type-product","3":"status-publish","4":"has-post-thumbnail","6":"product_cat-solo-365","7":"product_cat-solo-365-kit","8":"tm-no-options","10":"first","11":"instock","12":"taxable","13":"shipping-taxable","14":"purchasable","15":"product-type-simple"},"acf":[],"_links":{"self":[{"href":"https:\/\/secureus.se\/no\/wp-json\/wp\/v2\/product\/162217","targetHints":{"allow":["GET"]}}],"collection":[{"href":"https:\/\/secureus.se\/no\/wp-json\/wp\/v2\/product"}],"about":[{"href":"https:\/\/secureus.se\/no\/wp-json\/wp\/v2\/types\/product"}],"wp:featuredmedia":[{"embeddable":true,"href":"https:\/\/secureus.se\/no\/wp-json\/wp\/v2\/media\/162216"}],"wp:attachment":[{"href":"https:\/\/secureus.se\/no\/wp-json\/wp\/v2\/media?parent=162217"}],"wp:term":[{"taxonomy":"product_brand","embeddable":true,"href":"https:\/\/secureus.se\/no\/wp-json\/wp\/v2\/product_brand?post=162217"},{"taxonomy":"product_cat","embeddable":true,"href":"https:\/\/secureus.se\/no\/wp-json\/wp\/v2\/product_cat?post=162217"},{"taxonomy":"product_tag","embeddable":true,"href":"https:\/\/secureus.se\/no\/wp-json\/wp\/v2\/product_tag?post=162217"}],"curies":[{"name":"wp","href":"https:\/\/api.w.org\/{rel}","templated":true}]}}