{"id":162222,"date":"2025-11-21T12:45:42","date_gmt":"2025-11-21T11:45:42","guid":{"rendered":"https:\/\/secureus.se\/testifire-cha-laddningsvagga-till-xtr2\/"},"modified":"2026-04-23T12:57:23","modified_gmt":"2026-04-23T10:57:23","slug":"testifire-cha-laddningsvagga-till-xtr2","status":"publish","type":"product","link":"https:\/\/secureus.se\/no\/testifire-cha-laddningsvagga-till-xtr2\/","title":{"rendered":"Testifire-CHA ladestasjon for XTR2"},"content":{"rendered":"<h1>Testifire-CHA ladestasjon for XTR2<\/h1>\n<h3 data-start=\"342\" data-end=\"381\">Ladestasjon for Testifire XTR2<\/h3>\n<p data-start=\"382\" data-end=\"594\">Testifire-CHA ladestasjonen s\u00f8rger for at r\u00f8ykgeneratoren i Testifire XTR2 alltid er ladet og klar til testing.<\/p>\n<p data-start=\"382\" data-end=\"594\">Holderdesignet lar deg enkelt plassere testeren i lademodus uten kompliserte tilkoblinger.<\/p>\n<h3 data-start=\"596\" data-end=\"630\">Enkel og rask installasjon<\/h3>\n<p data-start=\"631\" data-end=\"817\">Installasjonen er like enkel som \u00e5 bytte r\u00f8ykpatron eller batteri.<\/p>\n<p data-start=\"631\" data-end=\"817\">Testifire-CHA kobles direkte til Testifire XTR2 og gir sikker og effektiv lading av batteriet i r\u00f8ykgeneratoren.<\/p>\n<h3 data-start=\"819\" data-end=\"856\">Perfekt for profesjonell bruk<\/h3>\n<p data-start=\"857\" data-end=\"1056\">Ladestasjonen er ideell for installat\u00f8rer og servicepersonell som regelmessig utf\u00f8rer r\u00f8yktesting.<\/p>\n<p data-start=\"857\" data-end=\"1056\">Den er spesielt nyttig for daglig service p\u00e5 kontorer, lagerbygninger, skoler eller offentlige bygninger.<\/p>\n<p data-start=\"1063\" data-end=\"1094\"><strong data-start=\"1063\" data-end=\"1092\">TEKNISKE SPESIFIKASJONER:<\/strong><\/p>\n<ul data-start=\"1095\" data-end=\"1268\">\n<li data-start=\"1095\" data-end=\"1120\">\n<p data-start=\"1097\" data-end=\"1120\">Modell: Testifire-CHA<\/p>\n<\/li>\n<li data-start=\"1121\" data-end=\"1162\">\n<p data-start=\"1123\" data-end=\"1162\">Bruk: Testifire XTR2 r\u00f8yktester<\/p>\n<\/li>\n<li data-start=\"1163\" data-end=\"1208\">\n<p data-start=\"1165\" data-end=\"1208\">Funksjon: Lading av r\u00f8ykgeneratorens batteri<\/p>\n<\/li>\n<li data-start=\"1163\" data-end=\"1208\">Enkel installasjon: Kan byttes ut som r\u00f8ykpatron eller batteri<\/li>\n<\/ul>","protected":false},"excerpt":{"rendered":"<p>Testifire-CHA er en ladestasjon for Testifire XTR2 som gj\u00f8r det enkelt \u00e5 lade r\u00f8ykgeneratoren.<\/p>\n<p>Settet erstatter batteridrift og gj\u00f8r testingen smidig og p\u00e5litelig.<\/p>","protected":false},"featured_media":162220,"template":"","meta":{"_acf_changed":false},"product_brand":[],"product_cat":[2946,4757],"product_tag":[],"class_list":{"0":"post-162222","1":"product","2":"type-product","3":"status-publish","4":"has-post-thumbnail","6":"product_cat-testifire","7":"product_cat-xtr2","8":"tm-no-options","10":"first","11":"instock","12":"taxable","13":"shipping-taxable","14":"purchasable","15":"product-type-simple"},"acf":[],"_links":{"self":[{"href":"https:\/\/secureus.se\/no\/wp-json\/wp\/v2\/product\/162222","targetHints":{"allow":["GET"]}}],"collection":[{"href":"https:\/\/secureus.se\/no\/wp-json\/wp\/v2\/product"}],"about":[{"href":"https:\/\/secureus.se\/no\/wp-json\/wp\/v2\/types\/product"}],"wp:featuredmedia":[{"embeddable":true,"href":"https:\/\/secureus.se\/no\/wp-json\/wp\/v2\/media\/162220"}],"wp:attachment":[{"href":"https:\/\/secureus.se\/no\/wp-json\/wp\/v2\/media?parent=162222"}],"wp:term":[{"taxonomy":"product_brand","embeddable":true,"href":"https:\/\/secureus.se\/no\/wp-json\/wp\/v2\/product_brand?post=162222"},{"taxonomy":"product_cat","embeddable":true,"href":"https:\/\/secureus.se\/no\/wp-json\/wp\/v2\/product_cat?post=162222"},{"taxonomy":"product_tag","embeddable":true,"href":"https:\/\/secureus.se\/no\/wp-json\/wp\/v2\/product_tag?post=162222"}],"curies":[{"name":"wp","href":"https:\/\/api.w.org\/{rel}","templated":true}]}}