{"id":162229,"date":"2025-11-21T12:34:02","date_gmt":"2025-11-21T11:34:02","guid":{"rendered":"https:\/\/secureus.se\/ir-fjarrkontroll-testifire-25-till-testifire-1001-2001\/"},"modified":"2026-04-23T12:58:01","modified_gmt":"2026-04-23T10:58:01","slug":"ir-fjarrkontroll-testifire-25-till-testifire-1001-2001","status":"publish","type":"product","link":"https:\/\/secureus.se\/no\/ir-fjarrkontroll-testifire-25-till-testifire-1001-2001\/","title":{"rendered":"IR-fjernkontroll Testifire 25 for Testifire 1001\/2001"},"content":{"rendered":"<h1>IR-fjernkontroll Testifire 25 for Testifire 1001\/2001<\/h1>\n<h3 data-start=\"291\" data-end=\"340\">Praktisk fjernkontroll for Testifire-serien<\/h3>\n<p data-start=\"341\" data-end=\"650\">Testifire 25 IR-fjernkontrollen er et tilbeh\u00f8r utviklet for \u00e5 forenkle funksjonstesting med Testifire-testere (som Testifire 1001 og 2001).<\/p>\n<p data-start=\"341\" data-end=\"650\">N\u00e5r en detektor er plassert i en kuppel hvor testeren ikke kan bryte fotocellen direkte med linsen sin, gj\u00f8r denne fjernkontrollen det mulig \u00e5 styre testen p\u00e5 avstand.<\/p>\n<h3 data-start=\"652\" data-end=\"689\">Enkel kontroll i vanskelig tilgjengelige omr\u00e5der<\/h3>\n<p data-start=\"690\" data-end=\"991\">Noen installasjoner har detektorer montert i kupler eller i store h\u00f8yder der den optiske synsblokkeringen til testinstrumentet ikke fungerer effektivt.<\/p>\n<p data-start=\"690\" data-end=\"991\">Med Testifire 25 kan du bruke et IR-signal til \u00e5 aktivere eller deaktivere testeren uten fysisk siktlinje, noe som sparer tid og forenkler arbeidsflyten.<\/p>\n<h3 data-start=\"993\" data-end=\"1024\">Fordeler med Testifire 25<\/h3>\n<ul data-start=\"1025\" data-end=\"1255\">\n<li data-start=\"1025\" data-end=\"1084\">\n<p data-start=\"1027\" data-end=\"1084\">Brukervennlig IR-fjernkontroll for Testifire-testere<\/p>\n<\/li>\n<li data-start=\"1085\" data-end=\"1137\">\n<p data-start=\"1087\" data-end=\"1137\">Aktiverer\/deaktiverer testing av begrenset synlighet<\/p>\n<\/li>\n<li data-start=\"1138\" data-end=\"1202\">\n<p data-start=\"1140\" data-end=\"1202\">Forbedrer effektiviteten ved testing av vanskelig tilgjengelige detektorer<\/p>\n<\/li>\n<li data-start=\"1203\" data-end=\"1255\">\n<p data-start=\"1205\" data-end=\"1255\">Kompatibel med Testifire 1001 og Testifire 2001<\/p>\n<\/li>\n<\/ul>\n<p data-start=\"1257\" data-end=\"1284\">TEKNISKE SPESIFIKASJONER:<\/p>\n<ul data-start=\"1285\" data-end=\"1508\">\n<li data-start=\"1285\" data-end=\"1314\">\n<p data-start=\"1287\" data-end=\"1314\">Produkt: IR-fjernkontroll<\/p>\n<\/li>\n<li data-start=\"1315\" data-end=\"1339\">\n<p data-start=\"1317\" data-end=\"1339\">Modell: Testifire 25<\/p>\n<\/li>\n<li data-start=\"1340\" data-end=\"1397\">\n<p data-start=\"1342\" data-end=\"1397\">Funksjon: Aktiver\/deaktiver Testifire-tester via IR<\/p>\n<\/li>\n<li data-start=\"1398\" data-end=\"1448\">\n<p data-start=\"1400\" data-end=\"1448\">Kompatibilitet: Testifire 1001, Testifire 2001<\/p>\n<\/li>\n<li data-start=\"1449\" data-end=\"1508\">\n<p data-start=\"1451\" data-end=\"1508\">Bruk: For testing der direkte sikt ikke er mulig<\/p>\n<\/li>\n<\/ul>","protected":false},"excerpt":{"rendered":"<p>Testifire 25 IR-fjernkontrollen er en enkel fjernkontroll for \u00e5 aktivere eller deaktivere Testifire-testere n\u00e5r fotocellen er vanskelig \u00e5 n\u00e5.<\/p>\n<p>Det forenkler testing av detektorer der direkte siktlinje ikke er mulig. Passer for installat\u00f8rer og servicepersonell.<\/p>","protected":false},"featured_media":162228,"template":"","meta":{"_acf_changed":false},"product_brand":[],"product_cat":[2946],"product_tag":[],"class_list":{"0":"post-162229","1":"product","2":"type-product","3":"status-publish","4":"has-post-thumbnail","6":"product_cat-testifire","7":"tm-no-options","9":"first","10":"instock","11":"taxable","12":"shipping-taxable","13":"purchasable","14":"product-type-simple"},"acf":[],"_links":{"self":[{"href":"https:\/\/secureus.se\/no\/wp-json\/wp\/v2\/product\/162229","targetHints":{"allow":["GET"]}}],"collection":[{"href":"https:\/\/secureus.se\/no\/wp-json\/wp\/v2\/product"}],"about":[{"href":"https:\/\/secureus.se\/no\/wp-json\/wp\/v2\/types\/product"}],"wp:featuredmedia":[{"embeddable":true,"href":"https:\/\/secureus.se\/no\/wp-json\/wp\/v2\/media\/162228"}],"wp:attachment":[{"href":"https:\/\/secureus.se\/no\/wp-json\/wp\/v2\/media?parent=162229"}],"wp:term":[{"taxonomy":"product_brand","embeddable":true,"href":"https:\/\/secureus.se\/no\/wp-json\/wp\/v2\/product_brand?post=162229"},{"taxonomy":"product_cat","embeddable":true,"href":"https:\/\/secureus.se\/no\/wp-json\/wp\/v2\/product_cat?post=162229"},{"taxonomy":"product_tag","embeddable":true,"href":"https:\/\/secureus.se\/no\/wp-json\/wp\/v2\/product_tag?post=162229"}],"curies":[{"name":"wp","href":"https:\/\/api.w.org\/{rel}","templated":true}]}}