{"id":162231,"date":"2025-11-21T12:45:41","date_gmt":"2025-11-21T11:45:41","guid":{"rendered":"https:\/\/secureus.se\/rokgenerator-testifire-gen-1pk-till-xtr2\/"},"modified":"2026-04-08T15:59:54","modified_gmt":"2026-04-08T13:59:54","slug":"rokgenerator-testifire-gen-1pk-till-xtr2","status":"publish","type":"product","link":"https:\/\/secureus.se\/no\/rokgenerator-testifire-gen-1pk-till-xtr2\/","title":{"rendered":"R\u00f8ykgenerator Testifire-Gen-1PK for XTR2"},"content":{"rendered":"<h1>R\u00f8ykgenerator Testifire-Gen-1PK for XTR2<\/h1>\n<h3 data-start=\"351\" data-end=\"399\">Erstatningsr\u00f8ykgenerator for Testifire XTR2<\/h3>\n<p data-start=\"400\" data-end=\"602\">Testifire-Gen-1PK er utviklet for \u00e5 erstatte den eksisterende r\u00f8ykgeneratoren i Testifire XTR2.<\/p>\n<p data-start=\"400\" data-end=\"602\">Den gir stabil og p\u00e5litelig produksjon av testr\u00f8yk, og sikrer korrekt testing av r\u00f8ykdetektorer.<\/p>\n<h3 data-start=\"604\" data-end=\"628\">Enkel installasjon<\/h3>\n<p data-start=\"629\" data-end=\"838\">\u00c5 bytte den er like enkelt som \u00e5 bytte en r\u00f8ykpatron eller et batteri.<\/p>\n<p data-start=\"629\" data-end=\"838\">R\u00f8ykgeneratoren installeres direkte i Testifire XTR2 og er klar til bruk p\u00e5 sekunder, noe som gj\u00f8r service og vedlikehold effektivt og trygt.<\/p>\n<h3 data-start=\"840\" data-end=\"874\">For profesjonell bruk<\/h3>\n<p data-start=\"875\" data-end=\"1067\">R\u00f8ykgeneratoren er ideell for installat\u00f8rer, brannvernteknikere og servicepersonell som utf\u00f8rer regelmessige tester av r\u00f8ykdetektorer.<\/p>\n<p data-start=\"875\" data-end=\"1067\">Perfekt for kontorer, lagerbygninger, skoler og offentlige bygninger.<\/p>\n<p data-start=\"1074\" data-end=\"1105\"><strong data-start=\"1074\" data-end=\"1103\">TEKNISKE SPESIFIKASJONER:<\/strong><\/p>\n<ul data-start=\"1106\" data-end=\"1275\">\n<li data-start=\"1106\" data-end=\"1135\">\n<p data-start=\"1108\" data-end=\"1135\">Modell: Testifire-Gen-1PK<\/p>\n<\/li>\n<li data-start=\"1136\" data-end=\"1177\">\n<p data-start=\"1138\" data-end=\"1177\">Bruk: Testifire XTR2 r\u00f8yktester<\/p>\n<\/li>\n<li data-start=\"1178\" data-end=\"1215\">\n<p data-start=\"1180\" data-end=\"1215\">Funksjon: Erstatningsr\u00f8ykgenerator<\/p>\n<\/li>\n<li data-start=\"1216\" data-end=\"1275\">\n<p data-start=\"1218\" data-end=\"1275\">Enkel installasjon: Kan byttes ut som batteri eller r\u00f8ykpatron<\/p>\n<\/li>\n<\/ul>","protected":false},"excerpt":{"rendered":"<p data-start=\"121\" data-end=\"320\">Testifire-Gen-1PK r\u00f8ykgenerator er en erstatningsgenerator for Testifire XTR2.<\/p>\n<p data-start=\"121\" data-end=\"320\">Det gj\u00f8r det enkelt \u00e5 bytte ut r\u00f8ykgeneratoren og sikrer p\u00e5litelig r\u00f8yktesting hver gang.<\/p>","protected":false},"featured_media":162230,"template":"","meta":{"_acf_changed":false},"product_brand":[],"product_cat":[4757,2946],"product_tag":[],"class_list":{"0":"post-162231","1":"product","2":"type-product","3":"status-publish","4":"has-post-thumbnail","6":"product_cat-xtr2","7":"product_cat-testifire","8":"tm-no-options","10":"first","11":"onbackorder","12":"taxable","13":"shipping-taxable","14":"purchasable","15":"product-type-simple"},"acf":[],"_links":{"self":[{"href":"https:\/\/secureus.se\/no\/wp-json\/wp\/v2\/product\/162231","targetHints":{"allow":["GET"]}}],"collection":[{"href":"https:\/\/secureus.se\/no\/wp-json\/wp\/v2\/product"}],"about":[{"href":"https:\/\/secureus.se\/no\/wp-json\/wp\/v2\/types\/product"}],"wp:featuredmedia":[{"embeddable":true,"href":"https:\/\/secureus.se\/no\/wp-json\/wp\/v2\/media\/162230"}],"wp:attachment":[{"href":"https:\/\/secureus.se\/no\/wp-json\/wp\/v2\/media?parent=162231"}],"wp:term":[{"taxonomy":"product_brand","embeddable":true,"href":"https:\/\/secureus.se\/no\/wp-json\/wp\/v2\/product_brand?post=162231"},{"taxonomy":"product_cat","embeddable":true,"href":"https:\/\/secureus.se\/no\/wp-json\/wp\/v2\/product_cat?post=162231"},{"taxonomy":"product_tag","embeddable":true,"href":"https:\/\/secureus.se\/no\/wp-json\/wp\/v2\/product_tag?post=162231"}],"curies":[{"name":"wp","href":"https:\/\/api.w.org\/{rel}","templated":true}]}}