{"id":162235,"date":"2025-11-21T12:27:45","date_gmt":"2025-11-21T11:27:45","guid":{"rendered":"https:\/\/secureus.se\/es3-rokkassett-for-solo-365-provare-for-rokdetektorer\/"},"modified":"2026-04-08T16:00:41","modified_gmt":"2026-04-08T14:00:41","slug":"es3-rokkassett-for-solo-365-provare-for-rokdetektorer","status":"publish","type":"product","link":"https:\/\/secureus.se\/no\/es3-rokkassett-for-solo-365-provare-for-rokdetektorer\/","title":{"rendered":"ES3 r\u00f8ykkassett for Solo 365 r\u00f8ykdetektortester"},"content":{"rendered":"<h1>ES3 r\u00f8ykkassett for Solo 365 r\u00f8ykdetektortester<\/h1>\n<h3 data-start=\"296\" data-end=\"336\">Testing av r\u00f8ykvarslere med Solo 365<\/h3>\n<p data-start=\"337\" data-end=\"611\">ES3-r\u00f8ykassetten er utviklet for bruk i Solo 365 \u2013 en r\u00f8ykdetektortester for funksjonstesting av branndetektorer.<\/p>\n<p data-start=\"337\" data-end=\"611\">Ved \u00e5 generere definert testr\u00f8yk kan du bekrefte at r\u00f8ykdetektorer reagerer som de skal, noe som er viktig for \u00e5 opprettholde brannsikkerheten i bygninger.<\/p>\n<h3 data-start=\"613\" data-end=\"655\">Kontrollert og sikker r\u00f8ykproduksjon<\/h3>\n<p data-start=\"656\" data-end=\"926\">N\u00e5r den brukes i Solo 365, avgir ES3-patronen kontrollert r\u00f8yk som effektivt aktiverer r\u00f8ykdetektorer uten \u00e5 skape en faktisk brann eller farlige forhold.<\/p>\n<p data-start=\"656\" data-end=\"926\">R\u00f8yken forsvinner etter testen og etterlater ingen skadelige rester i detektoren, noe som reduserer behovet for etterarbeid.<\/p>\n<h3 data-start=\"928\" data-end=\"958\">Smidig testing p\u00e5 stedet<\/h3>\n<p data-start=\"959\" data-end=\"1211\">Denne r\u00f8ykkassetten gj\u00f8r det mulig \u00e5 utf\u00f8re funksjonstester raskt og sikkert, enten det er under installasjon, service eller regelmessig vedlikehold.<\/p>\n<p data-start=\"959\" data-end=\"1211\">Med Solo 365 og ES3-kassett f\u00e5r du en kostnadseffektiv og p\u00e5litelig l\u00f8sning for testing av r\u00f8ykdetektorer.<\/p>\n<h3 data-start=\"1213\" data-end=\"1246\">Fordeler med ES3 r\u00f8ykpatron<\/h3>\n<ul data-start=\"1247\" data-end=\"1489\">\n<li data-start=\"1247\" data-end=\"1291\">\n<p data-start=\"1249\" data-end=\"1291\">Designet for Solo 365 r\u00f8ykdetektortester<\/p>\n<\/li>\n<li data-start=\"1292\" data-end=\"1342\">\n<p data-start=\"1294\" data-end=\"1342\">Genererer kontrollert og realistisk testr\u00f8yk<\/p>\n<\/li>\n<li data-start=\"1343\" data-end=\"1379\">\n<p data-start=\"1345\" data-end=\"1379\">Trygg \u00e5 bruke uten brannfare<\/p>\n<\/li>\n<li data-start=\"1380\" data-end=\"1434\">\n<p data-start=\"1382\" data-end=\"1434\">Ingen st\u00f8t eller rester i detektoren etter testing<\/p>\n<\/li>\n<li data-start=\"1435\" data-end=\"1489\">\n<p data-start=\"1437\" data-end=\"1489\">Egnet for installasjon, service og egenkontroll<\/p>\n<\/li>\n<\/ul>\n<p data-start=\"1491\" data-end=\"1518\">TEKNISKE SPESIFIKASJONER:<\/p>\n<ul data-start=\"1519\" data-end=\"1745\">\n<li data-start=\"1519\" data-end=\"1554\">\n<p data-start=\"1521\" data-end=\"1554\">Produkt: R\u00f8ykekassett \/ r\u00f8ykepatron<\/p>\n<\/li>\n<li data-start=\"1555\" data-end=\"1570\">\n<p data-start=\"1557\" data-end=\"1570\">Modell: ES3<\/p>\n<\/li>\n<li data-start=\"1571\" data-end=\"1611\">\n<p data-start=\"1573\" data-end=\"1611\">For bruk med: Solo 365-tester<\/p>\n<\/li>\n<li data-start=\"1612\" data-end=\"1666\">\n<p data-start=\"1614\" data-end=\"1666\">Funksjon: Generering av testr\u00f8yk for r\u00f8ykdetektorer<\/p>\n<\/li>\n<li data-start=\"1667\" data-end=\"1694\">\n<p data-start=\"1669\" data-end=\"1694\">Rester etter testing: Ingen<\/p>\n<\/li>\n<li data-start=\"1695\" data-end=\"1745\">\n<p data-start=\"1697\" data-end=\"1745\">Sikkerhet: Kontrollert og sikker r\u00f8ykproduksjon<\/p>\n<\/li>\n<\/ul>","protected":false},"excerpt":{"rendered":"<p>ES3-r\u00f8ykpatronen er en r\u00f8ykpatron for Solo 365-testere som genererer kontrollert testr\u00f8yk for funksjonstesting av r\u00f8ykvarslere.<\/p>\n<p>Det sikrer at r\u00f8ykvarsleren reagerer korrekt uten at det oppst\u00e5r en reell brann.<\/p>\n<p>Passer for installat\u00f8rer, servicepersonell og eiendomsbesittere.<\/p>","protected":false},"featured_media":162234,"template":"","meta":{"_acf_changed":false},"product_brand":[],"product_cat":[5072,5069,5089],"product_tag":[],"class_list":{"0":"post-162235","1":"product","2":"type-product","3":"status-publish","4":"has-post-thumbnail","6":"product_cat-solo-365","7":"product_cat-kassetter-rok-co","8":"product_cat-solo-365-solo-365","9":"tm-no-options","11":"first","12":"instock","13":"taxable","14":"shipping-taxable","15":"purchasable","16":"product-type-simple"},"acf":[],"_links":{"self":[{"href":"https:\/\/secureus.se\/no\/wp-json\/wp\/v2\/product\/162235","targetHints":{"allow":["GET"]}}],"collection":[{"href":"https:\/\/secureus.se\/no\/wp-json\/wp\/v2\/product"}],"about":[{"href":"https:\/\/secureus.se\/no\/wp-json\/wp\/v2\/types\/product"}],"wp:featuredmedia":[{"embeddable":true,"href":"https:\/\/secureus.se\/no\/wp-json\/wp\/v2\/media\/162234"}],"wp:attachment":[{"href":"https:\/\/secureus.se\/no\/wp-json\/wp\/v2\/media?parent=162235"}],"wp:term":[{"taxonomy":"product_brand","embeddable":true,"href":"https:\/\/secureus.se\/no\/wp-json\/wp\/v2\/product_brand?post=162235"},{"taxonomy":"product_cat","embeddable":true,"href":"https:\/\/secureus.se\/no\/wp-json\/wp\/v2\/product_cat?post=162235"},{"taxonomy":"product_tag","embeddable":true,"href":"https:\/\/secureus.se\/no\/wp-json\/wp\/v2\/product_tag?post=162235"}],"curies":[{"name":"wp","href":"https:\/\/api.w.org\/{rel}","templated":true}]}}