{"id":162245,"date":"2025-11-21T12:27:37","date_gmt":"2025-11-21T11:27:37","guid":{"rendered":"https:\/\/secureus.se\/solo-371-rokgenerator-for-solo-365\/"},"modified":"2026-04-23T12:46:18","modified_gmt":"2026-04-23T10:46:18","slug":"solo-371-rokgenerator-for-solo-365","status":"publish","type":"product","link":"https:\/\/secureus.se\/no\/solo-371-rokgenerator-for-solo-365\/","title":{"rendered":"Solo 371 R\u00f8ykgenerator for Solo 365"},"content":{"rendered":"<h1>Solo 371 R\u00f8ykgenerator for Solo 365<\/h1>\n<h3 data-start=\"283\" data-end=\"331\">Reservedel for Solo 365 r\u00f8ykdetektortester<\/h3>\n<p data-start=\"332\" data-end=\"576\">Solo 371 r\u00f8ykgenerator er en erstatningsmodul for Solo 365 som fungerer med ES3 r\u00f8ykpatron.<\/p>\n<p data-start=\"332\" data-end=\"576\">R\u00f8ykgeneratoren er den delen av testverkt\u00f8yet der r\u00f8ykpatronen plasseres og der testr\u00f8yk produseres for \u00e5 kontrollere r\u00f8ykdetektorens funksjon.<\/p>\n<h3 data-start=\"578\" data-end=\"611\">Effektiv og sikker testing<\/h3>\n<p data-start=\"612\" data-end=\"911\">N\u00e5r ES3-r\u00f8ykpatronen er installert i Solo 371, varmes r\u00f8ykpatronen opp og genererer kontrollert r\u00f8yk som aktiverer r\u00f8ykdetektorer.<\/p>\n<p data-start=\"612\" data-end=\"911\">Dette gj\u00f8r at funksjonstesting kan utf\u00f8res uten reell brannrisiko. Produktet er designet for \u00e5 v\u00e6re robust og p\u00e5litelig, med minimal p\u00e5virkning p\u00e5 detektoren etter testen.<\/p>\n<h3 data-start=\"913\" data-end=\"951\">Enkel installasjon og vedlikehold<\/h3>\n<p data-start=\"952\" data-end=\"1204\">Solo 371 er enkel \u00e5 bytte ut i Solo 365-testeren, noe som gj\u00f8r det enkelt \u00e5 holde utstyret i god stand for gjentakende testing p\u00e5 stedet.<\/p>\n<p data-start=\"952\" data-end=\"1204\">En fungerende r\u00f8ykgenerator sikrer at testverkt\u00f8yet gir konsistente og p\u00e5litelige resultater.<\/p>\n<h3 data-start=\"1206\" data-end=\"1233\">Fordeler med Solo 371<\/h3>\n<ul data-start=\"1234\" data-end=\"1402\">\n<li data-start=\"1234\" data-end=\"1276\">\n<p data-start=\"1236\" data-end=\"1276\">Erstatningsenhet for Solo 365 r\u00f8ykgenerator<\/p>\n<\/li>\n<li data-start=\"1277\" data-end=\"1319\">\n<p data-start=\"1279\" data-end=\"1319\">Brukes sammen med ES3 r\u00f8ykpatron<\/p>\n<\/li>\n<li data-start=\"1320\" data-end=\"1362\">\n<p data-start=\"1322\" data-end=\"1362\">Genererer kontrollert testr\u00f8yk p\u00e5 en sikker m\u00e5te<\/p>\n<\/li>\n<li data-start=\"1363\" data-end=\"1402\">\n<p data-start=\"1365\" data-end=\"1402\">Enkel \u00e5 installere og vedlikeholde<\/p>\n<\/li>\n<\/ul>\n<p data-start=\"1404\" data-end=\"1431\">TEKNISKE SPESIFIKASJONER:<\/p>\n<ul data-start=\"1432\" data-end=\"1626\">\n<li data-start=\"1432\" data-end=\"1472\">\n<p data-start=\"1434\" data-end=\"1472\">Produkt: R\u00f8ykgenerator \/ erstatningsenhet<\/p>\n<\/li>\n<li data-start=\"1473\" data-end=\"1493\">\n<p data-start=\"1475\" data-end=\"1493\">Modell: Solo 371<\/p>\n<\/li>\n<li data-start=\"1494\" data-end=\"1534\">\n<p data-start=\"1496\" data-end=\"1534\">For bruk med: Solo 365-tester<\/p>\n<\/li>\n<li data-start=\"1535\" data-end=\"1569\">\n<p data-start=\"1537\" data-end=\"1569\">Kompatibel med: ES3 r\u00f8ykpatron<\/p>\n<\/li>\n<li data-start=\"1570\" data-end=\"1626\">\n<p data-start=\"1572\" data-end=\"1626\">Funksjon: Generering av testr\u00f8yk for testing av r\u00f8ykdetektorer<\/p>\n<\/li>\n<\/ul>","protected":false},"excerpt":{"rendered":"<p>Solo 371 r\u00f8ykgenerator er en erstatningsenhet for Solo 365 r\u00f8ykdetektortester der ES3 r\u00f8ykpatron er plassert for \u00e5 generere testr\u00f8yk.<\/p>\n<p>Det gj\u00f8r funksjonstesting av r\u00f8ykdetektorer enklere og mer p\u00e5litelig. Passer for serviceteknikere og installat\u00f8rer.<\/p>","protected":false},"featured_media":162244,"template":"","meta":{"_acf_changed":false},"product_brand":[],"product_cat":[5072,5089],"product_tag":[],"class_list":{"0":"post-162245","1":"product","2":"type-product","3":"status-publish","4":"has-post-thumbnail","6":"product_cat-solo-365","7":"product_cat-solo-365-solo-365","8":"tm-no-options","10":"first","11":"instock","12":"taxable","13":"shipping-taxable","14":"purchasable","15":"product-type-simple"},"acf":[],"_links":{"self":[{"href":"https:\/\/secureus.se\/no\/wp-json\/wp\/v2\/product\/162245","targetHints":{"allow":["GET"]}}],"collection":[{"href":"https:\/\/secureus.se\/no\/wp-json\/wp\/v2\/product"}],"about":[{"href":"https:\/\/secureus.se\/no\/wp-json\/wp\/v2\/types\/product"}],"wp:featuredmedia":[{"embeddable":true,"href":"https:\/\/secureus.se\/no\/wp-json\/wp\/v2\/media\/162244"}],"wp:attachment":[{"href":"https:\/\/secureus.se\/no\/wp-json\/wp\/v2\/media?parent=162245"}],"wp:term":[{"taxonomy":"product_brand","embeddable":true,"href":"https:\/\/secureus.se\/no\/wp-json\/wp\/v2\/product_brand?post=162245"},{"taxonomy":"product_cat","embeddable":true,"href":"https:\/\/secureus.se\/no\/wp-json\/wp\/v2\/product_cat?post=162245"},{"taxonomy":"product_tag","embeddable":true,"href":"https:\/\/secureus.se\/no\/wp-json\/wp\/v2\/product_tag?post=162245"}],"curies":[{"name":"wp","href":"https:\/\/api.w.org\/{rel}","templated":true}]}}