{"id":162247,"date":"2025-11-21T12:27:37","date_gmt":"2025-11-21T11:27:37","guid":{"rendered":"https:\/\/secureus.se\/solo-365-provning-rokdetektor-punkt-samplande\/"},"modified":"2026-04-23T12:46:22","modified_gmt":"2026-04-23T10:46:22","slug":"solo-365-provning-rokdetektor-punkt-samplande","status":"publish","type":"product","link":"https:\/\/secureus.se\/no\/solo-365-provning-rokdetektor-punkt-samplande\/","title":{"rendered":"Solo 365 \u2013 R\u00f8ykvarslertesting (punkt- og pr\u00f8vetaking)"},"content":{"rendered":"<h1>Solo 365 \u2013 R\u00f8ykvarslertesting (punkt- og pr\u00f8vetaking)<\/h1>\n<h3 data-start=\"272\" data-end=\"312\">Effektiv testing av r\u00f8ykvarslere<\/h3>\n<p data-start=\"313\" data-end=\"577\">Solo 365 er et profesjonelt testverkt\u00f8y for funksjonstesting av b\u00e5de punkt- og pr\u00f8vetakingsr\u00f8ykdetektorer.<\/p>\n<p data-start=\"313\" data-end=\"577\">Ved \u00e5 bruke trykkl\u00f8se r\u00f8ykpatroner skapes realistisk testr\u00f8yk som aktiverer detektorer p\u00e5 en sikker og kontrollert m\u00e5te, uten reell brannrisiko.<\/p>\n<h3 data-start=\"579\" data-end=\"605\">Komplett testl\u00f8sning<\/h3>\n<p data-start=\"606\" data-end=\"818\">Testing utf\u00f8res raskt og enkelt med Solo 365 takket v\u00e6re det brukervennlige designet.<\/p>\n<p data-start=\"606\" data-end=\"818\">Den er kompatibel med et bredt spekter av r\u00f8ykdetektorer og er egnet for installasjon, service og regelmessig vedlikehold.<\/p>\n<h3 data-start=\"820\" data-end=\"839\">Leveres med<\/h3>\n<ul data-start=\"840\" data-end=\"1017\">\n<li data-start=\"840\" data-end=\"895\">\n<p data-start=\"842\" data-end=\"895\">Testhode med kopp for korrekt r\u00f8ykfordeling<\/p>\n<\/li>\n<li data-start=\"896\" data-end=\"932\">\n<p data-start=\"898\" data-end=\"932\">Solo 370-batteri for sikker drift<\/p>\n<\/li>\n<li data-start=\"933\" data-end=\"977\">\n<p data-start=\"935\" data-end=\"977\">ES3 r\u00f8ykkassett for kontrollert testr\u00f8yk<\/p>\n<\/li>\n<li data-start=\"978\" data-end=\"1005\">\n<p data-start=\"980\" data-end=\"1005\">R\u00f8ykgenerator (Solo 371)<\/p>\n<\/li>\n<li data-start=\"1006\" data-end=\"1017\">\n<p data-start=\"1008\" data-end=\"1017\">Lader<\/p>\n<\/li>\n<\/ul>\n<h3 data-start=\"1019\" data-end=\"1046\">Fordeler med Solo 365<\/h3>\n<ul data-start=\"1047\" data-end=\"1290\">\n<li data-start=\"1047\" data-end=\"1088\">\n<p data-start=\"1049\" data-end=\"1088\">Sikker og p\u00e5litelig r\u00f8ykvarslertester<\/p>\n<\/li>\n<li data-start=\"1089\" data-end=\"1136\">\n<p data-start=\"1091\" data-end=\"1136\">Passer til b\u00e5de punkt- og pr\u00f8vetakingsdetektorer<\/p>\n<\/li>\n<li data-start=\"1137\" data-end=\"1194\">\n<p data-start=\"1139\" data-end=\"1194\">Raskere og enklere tester sammenlignet med eldre metoder<\/p>\n<\/li>\n<li data-start=\"1195\" data-end=\"1238\">\n<p data-start=\"1197\" data-end=\"1238\">Komplett sett for funksjonstesting p\u00e5 stedet<\/p>\n<\/li>\n<li data-start=\"1239\" data-end=\"1290\">\n<p data-start=\"1241\" data-end=\"1290\">Ingen risiko for skade p\u00e5 detektorer eller milj\u00f8et<\/p>\n<\/li>\n<\/ul>\n<p data-start=\"1292\" data-end=\"1319\">TEKNISKE SPESIFIKASJONER:<\/p>\n<ul data-start=\"1320\" data-end=\"1668\">\n<li data-start=\"1320\" data-end=\"1351\">\n<p data-start=\"1322\" data-end=\"1351\">Produkt: R\u00f8ykvarslertester<\/p>\n<\/li>\n<li data-start=\"1352\" data-end=\"1372\">\n<p data-start=\"1354\" data-end=\"1372\">Modell: Solo 365<\/p>\n<\/li>\n<li data-start=\"1373\" data-end=\"1429\">\n<p data-start=\"1375\" data-end=\"1429\">Funksjon: Testing av punkt- og pr\u00f8vetakingsr\u00f8ykdetektorer<\/p>\n<\/li>\n<li data-start=\"1430\" data-end=\"1476\">\n<p data-start=\"1432\" data-end=\"1476\">Testmedium: Trykkl\u00f8s r\u00f8ykpatron (ES3)<\/p>\n<\/li>\n<li data-start=\"1477\" data-end=\"1532\">\n<p data-start=\"1479\" data-end=\"1532\">Str\u00f8mforsyning: Solo 370 oppladbart batteri<\/p>\n<\/li>\n<li data-start=\"1533\" data-end=\"1611\">\n<p data-start=\"1535\" data-end=\"1611\">Inkludert: Testhode med kopp, r\u00f8ykpatron, r\u00f8ykgenerator, batteri, lader<\/p>\n<\/li>\n<li data-start=\"1612\" data-end=\"1668\">\n<p data-start=\"1614\" data-end=\"1668\">Sikkerhet: Kontrollert testr\u00f8yk, ingen reell brann<\/p>\n<\/li>\n<\/ul>\n<p>&nbsp;<\/p>\n<p>&nbsp;<\/p>","protected":false},"excerpt":{"rendered":"<p>Solo 365 er en r\u00f8ykdetektortester for b\u00e5de punkt- og pr\u00f8vetakingsdetektorer.<\/p>\n<p>Den bruker trykkl\u00f8se r\u00f8ykpatroner for sikker og effektiv testing.<\/p>\n<p>Komplett med testhode, batteri, ES3 r\u00f8ykpatron, r\u00f8ykgenerator og lader.<\/p>","protected":false},"featured_media":162246,"template":"","meta":{"_acf_changed":false},"product_brand":[],"product_cat":[5072,5089],"product_tag":[],"class_list":{"0":"post-162247","1":"product","2":"type-product","3":"status-publish","4":"has-post-thumbnail","6":"product_cat-solo-365","7":"product_cat-solo-365-solo-365","8":"tm-no-options","10":"first","11":"instock","12":"taxable","13":"shipping-taxable","14":"purchasable","15":"product-type-simple"},"acf":[],"_links":{"self":[{"href":"https:\/\/secureus.se\/no\/wp-json\/wp\/v2\/product\/162247","targetHints":{"allow":["GET"]}}],"collection":[{"href":"https:\/\/secureus.se\/no\/wp-json\/wp\/v2\/product"}],"about":[{"href":"https:\/\/secureus.se\/no\/wp-json\/wp\/v2\/types\/product"}],"wp:featuredmedia":[{"embeddable":true,"href":"https:\/\/secureus.se\/no\/wp-json\/wp\/v2\/media\/162246"}],"wp:attachment":[{"href":"https:\/\/secureus.se\/no\/wp-json\/wp\/v2\/media?parent=162247"}],"wp:term":[{"taxonomy":"product_brand","embeddable":true,"href":"https:\/\/secureus.se\/no\/wp-json\/wp\/v2\/product_brand?post=162247"},{"taxonomy":"product_cat","embeddable":true,"href":"https:\/\/secureus.se\/no\/wp-json\/wp\/v2\/product_cat?post=162247"},{"taxonomy":"product_tag","embeddable":true,"href":"https:\/\/secureus.se\/no\/wp-json\/wp\/v2\/product_tag?post=162247"}],"curies":[{"name":"wp","href":"https:\/\/api.w.org\/{rel}","templated":true}]}}