{"id":162249,"date":"2025-11-21T12:27:37","date_gmt":"2025-11-21T11:27:37","guid":{"rendered":"https:\/\/secureus.se\/solo-372-asd-samplings-adapter-for-solo-365\/"},"modified":"2026-04-23T12:46:27","modified_gmt":"2026-04-23T10:46:27","slug":"solo-372-asd-samplings-adapter-for-solo-365","status":"publish","type":"product","link":"https:\/\/secureus.se\/no\/solo-372-asd-samplings-adapter-for-solo-365\/","title":{"rendered":"Solo 372 ASD\/samplingadapter for Solo 365"},"content":{"rendered":"<h1>Solo 372 ASD\/samplingadapter for Solo 365<\/h1>\n<h3 data-start=\"308\" data-end=\"354\">Adapter for pr\u00f8vetakings-\/aspirasjonssystem<\/h3>\n<p data-start=\"355\" data-end=\"675\">Solo 372 ASD\/pr\u00f8vetakingsadapteren er en spesialadapter for Solo 365 r\u00f8ykdetektortester som muliggj\u00f8r funksjonstesting av pr\u00f8vetakings-\/aspirasjonsr\u00f8ykdetektorsystemer (ASD\/ASSD).<\/p>\n<p data-start=\"355\" data-end=\"675\">Ved \u00e5 erstatte standardkoppen med Solo 372 f\u00e5r du riktig tilkobling og tetning for \u00e5 lede testr\u00f8yk inn i systemets pr\u00f8vetakingskanal.<\/p>\n<h3 data-start=\"677\" data-end=\"702\">Bruk med Solo 365<\/h3>\n<p data-start=\"703\" data-end=\"1026\">N\u00e5r adapteren er montert, brukes Solo 365 sammen med ES3-r\u00f8ykpatronen og r\u00f8ykgeneratoren for \u00e5 generere kontrollert testr\u00f8yk som transporteres inn i pr\u00f8vetakingssystemet.<\/p>\n<p data-start=\"703\" data-end=\"1026\">Dette gir en realistisk test av detektorens respons uten risiko for en reell brann, noe som er viktig for sikkerhetskontroller og regelmessig vedlikehold.<\/p>\n<h3 data-start=\"1028\" data-end=\"1055\">Fordeler med Solo 372<\/h3>\n<ul data-start=\"1056\" data-end=\"1270\">\n<li data-start=\"1056\" data-end=\"1116\">\n<p data-start=\"1058\" data-end=\"1116\">Gj\u00f8r Solo 365 kompatibel med pr\u00f8vetakings-\/aspirasjonssystemer<\/p>\n<\/li>\n<li data-start=\"1117\" data-end=\"1166\">\n<p data-start=\"1119\" data-end=\"1166\">Enkel \u00e5 installere i stedet for standardkoppen<\/p>\n<\/li>\n<li data-start=\"1167\" data-end=\"1223\">\n<p data-start=\"1169\" data-end=\"1223\">Gir riktig tetting og r\u00f8ykfordeling for ASD\/ASSD<\/p>\n<\/li>\n<li data-start=\"1224\" data-end=\"1270\">\n<p data-start=\"1226\" data-end=\"1270\">Sikker funksjonstesting uten reell brann<\/p>\n<\/li>\n<\/ul>\n<h3 data-start=\"1272\" data-end=\"1296\">Bruksomr\u00e5der<\/h3>\n<ul data-start=\"1297\" data-end=\"1435\">\n<li data-start=\"1297\" data-end=\"1350\">\n<p data-start=\"1299\" data-end=\"1350\">Installasjonstest av pr\u00f8vetakings-\/aspirasjonssystemer<\/p>\n<\/li>\n<li data-start=\"1351\" data-end=\"1389\">\n<p data-start=\"1353\" data-end=\"1389\">Service og forebyggende vedlikehold<\/p>\n<\/li>\n<li data-start=\"1390\" data-end=\"1435\">\n<p data-start=\"1392\" data-end=\"1435\">Egenkontroll for eiendommer med ASD\/ASSD<\/p>\n<\/li>\n<\/ul>\n<p data-start=\"1437\" data-end=\"1464\">TEKNISKE SPESIFIKASJONER:<\/p>\n<ul data-start=\"1465\" data-end=\"1714\">\n<li data-start=\"1465\" data-end=\"1499\">\n<p data-start=\"1467\" data-end=\"1499\">Produkt: ASD\/samplingadapter<\/p>\n<\/li>\n<li data-start=\"1500\" data-end=\"1520\">\n<p data-start=\"1502\" data-end=\"1520\">Modell: Solo 372<\/p>\n<\/li>\n<li data-start=\"1521\" data-end=\"1561\">\n<p data-start=\"1523\" data-end=\"1561\">For bruk med: Solo 365-tester<\/p>\n<\/li>\n<li data-start=\"1562\" data-end=\"1639\">\n<p data-start=\"1564\" data-end=\"1639\">Funksjon: Adapter for testing av pr\u00f8vetakings-\/aspirasjonsr\u00f8ykdetektorsystemer<\/p>\n<\/li>\n<li data-start=\"1640\" data-end=\"1678\">\n<p data-start=\"1642\" data-end=\"1678\">Erstatter: Standard kopp p\u00e5 Solo 365<\/p>\n<\/li>\n<li data-start=\"1679\" data-end=\"1714\">\n<p data-start=\"1681\" data-end=\"1714\">Kompatibilitet: ASD\/ASSD-system<\/p>\n<\/li>\n<\/ul>","protected":false},"excerpt":{"rendered":"<p>Solo 372 ASD\/pr\u00f8vetakingsadapter er et tilbeh\u00f8r til Solo 365 som muliggj\u00f8r funksjonstesting av pr\u00f8vetakings-\/aspirasjonsr\u00f8ykdetektorsystemer (ASD\/ASSD).<\/p>\n<p>Den erstatter standardkoppen for \u00e5 passe til disse systemene og gj\u00f8r testingen enklere.<\/p>\n<p>Egnet for installat\u00f8rer og servicepersonell.<\/p>","protected":false},"featured_media":162248,"template":"","meta":{"_acf_changed":false},"product_brand":[],"product_cat":[5072,5089],"product_tag":[],"class_list":{"0":"post-162249","1":"product","2":"type-product","3":"status-publish","4":"has-post-thumbnail","6":"product_cat-solo-365","7":"product_cat-solo-365-solo-365","8":"tm-no-options","10":"first","11":"instock","12":"taxable","13":"shipping-taxable","14":"purchasable","15":"product-type-simple"},"acf":[],"_links":{"self":[{"href":"https:\/\/secureus.se\/no\/wp-json\/wp\/v2\/product\/162249","targetHints":{"allow":["GET"]}}],"collection":[{"href":"https:\/\/secureus.se\/no\/wp-json\/wp\/v2\/product"}],"about":[{"href":"https:\/\/secureus.se\/no\/wp-json\/wp\/v2\/types\/product"}],"wp:featuredmedia":[{"embeddable":true,"href":"https:\/\/secureus.se\/no\/wp-json\/wp\/v2\/media\/162248"}],"wp:attachment":[{"href":"https:\/\/secureus.se\/no\/wp-json\/wp\/v2\/media?parent=162249"}],"wp:term":[{"taxonomy":"product_brand","embeddable":true,"href":"https:\/\/secureus.se\/no\/wp-json\/wp\/v2\/product_brand?post=162249"},{"taxonomy":"product_cat","embeddable":true,"href":"https:\/\/secureus.se\/no\/wp-json\/wp\/v2\/product_cat?post=162249"},{"taxonomy":"product_tag","embeddable":true,"href":"https:\/\/secureus.se\/no\/wp-json\/wp\/v2\/product_tag?post=162249"}],"curies":[{"name":"wp","href":"https:\/\/api.w.org\/{rel}","templated":true}]}}