{"id":162255,"date":"2025-11-21T12:21:21","date_gmt":"2025-11-21T11:21:21","guid":{"rendered":"https:\/\/secureus.se\/detektorprovare-solo-332-rok-co-for-solo-a5-och-solo-c3\/"},"modified":"2026-03-26T12:26:44","modified_gmt":"2026-03-26T11:26:44","slug":"detektorprovare-solo-332-rok-co-for-solo-a5-och-solo-c3","status":"publish","type":"product","link":"https:\/\/secureus.se\/no\/detektorprovare-solo-332-rok-co-for-solo-a5-och-solo-c3\/","title":{"rendered":"Detektortester Solo 332 (r\u00f8yk\/CO) for Solo A5 og Solo C3"},"content":{"rendered":"<h1>Detektortester Solo 332 (r\u00f8yk\/CO) for Solo A5 og Solo C3<\/h1>\n<h3 data-start=\"375\" data-end=\"426\">Profesjonell funksjonstesting av detektorer<\/h3>\n<p data-start=\"427\" data-end=\"772\">Solo 332-detektortesteren er et praktisk testverkt\u00f8y for \u00e5 bekrefte at r\u00f8yk- og CO-detektorer reagerer riktig.<\/p>\n<p data-start=\"427\" data-end=\"772\">Den er utformet for \u00e5 tilf\u00f8re kontrollert pr\u00f8vegass direkte til detektorsensoren, noe som er en viktig del av m\u00e5nedlig\/kvartalsvis eller periodisk funksjonstesting i henhold til brannsikkerhetsprosedyrer.<\/p>\n<h3 data-start=\"774\" data-end=\"814\">Bruk med Solo A5 og Solo C3<\/h3>\n<p data-start=\"815\" data-end=\"1098\">Solo 332 brukes sammen med testgassene Solo A5 (for r\u00f8ykdetektorer) og Solo C3 (for CO-detektorer).<\/p>\n<p data-start=\"815\" data-end=\"1098\">N\u00e5r testgassflasken er montert i testeren, spr\u00f8ytes gassen inn i testkoppen og rundt detektoren, noe som muliggj\u00f8r rask og p\u00e5litelig testing.<\/p>\n<h3 data-start=\"1100\" data-end=\"1131\">Fleksibel testing i h\u00f8yden<\/h3>\n<p data-start=\"1132\" data-end=\"1407\">Testeren kan brukes h\u00e5ndholdt eller monteres p\u00e5 Solo-teleskopstenger (Solo 101, Solo 108 og\/eller Solo 100) for testing opptil omtrent 9,3 m takh\u00f8yde.<\/p>\n<p data-start=\"1132\" data-end=\"1407\">Den gjennomsiktige koppen gir god synlighet av detektorens LED-indikatorer under testing.<\/p>\n<h3 data-start=\"1409\" data-end=\"1436\">Fordeler med Solo 332<\/h3>\n<ul data-start=\"1437\" data-end=\"1838\">\n<li data-start=\"1437\" data-end=\"1543\">\n<p data-start=\"1439\" data-end=\"1543\">Utviklet for b\u00e5de r\u00f8yk- og CO-detektorer med bred kompatibilitet<\/p>\n<\/li>\n<li data-start=\"1544\" data-end=\"1656\">\n<p data-start=\"1546\" data-end=\"1656\">St\u00f8rre kopp gj\u00f8r den egnet for detektorer opptil omtrent 133 mm diameter<\/p>\n<\/li>\n<li data-start=\"1657\" data-end=\"1751\">\n<p data-start=\"1659\" data-end=\"1751\">Kan monteres p\u00e5 forlengelsesstenger for h\u00f8ydetesting<\/p>\n<\/li>\n<li data-start=\"1752\" data-end=\"1838\">\n<p data-start=\"1754\" data-end=\"1838\">Gjennomsiktig kopp gir klar oversikt under testing<\/p>\n<\/li>\n<\/ul>\n<h3 data-start=\"1840\" data-end=\"1864\">Bruksomr\u00e5der<\/h3>\n<p data-start=\"1865\" data-end=\"2089\">Solo 332 er ideell for installasjonstesting, service og rutinemessig vedlikehold av brannalarmsystemer p\u00e5 kontorer, i industrien, offentlige bygninger og boligomr\u00e5der der n\u00f8yaktig detektortesting er n\u00f8dvendig.<\/p>\n<p data-start=\"2091\" data-end=\"2118\">TEKNISKE SPESIFIKASJONER:<\/p>\n<ul data-start=\"2119\" data-end=\"2700\">\n<li data-start=\"2119\" data-end=\"2156\">\n<p data-start=\"2121\" data-end=\"2156\">Produkt: Detektortester (r\u00f8yk\/CO)<\/p>\n<\/li>\n<li data-start=\"2157\" data-end=\"2177\">\n<p data-start=\"2159\" data-end=\"2177\">Modell: Solo 332<\/p>\n<\/li>\n<li data-start=\"2178\" data-end=\"2273\">\n<p data-start=\"2180\" data-end=\"2273\">Funksjon: Funksjonstesting av r\u00f8yk- og CO-detektorer<\/p>\n<\/li>\n<li data-start=\"2274\" data-end=\"2371\">\n<p data-start=\"2276\" data-end=\"2371\">Kompatibel med pr\u00f8vegasser: Solo A5 (r\u00f8yk), Solo C3 (CO)<\/p>\n<\/li>\n<li data-start=\"2372\" data-end=\"2456\">\n<p data-start=\"2374\" data-end=\"2456\">Maks. detektordiameter: Opptil ca. 133 mm<\/p>\n<\/li>\n<li data-start=\"2457\" data-end=\"2595\">\n<p data-start=\"2459\" data-end=\"2595\">Bruk med: Solo teleskopstenger Solo 101, Solo 108, Solo 100 for testing opptil ~9,3 m<\/p>\n<\/li>\n<li data-start=\"2596\" data-end=\"2700\">\n<p data-start=\"2598\" data-end=\"2700\">Kopp: Gjennomsiktig med svingbart oppheng for testing i forskjellige vinkler<\/p>\n<\/li>\n<\/ul>","protected":false},"excerpt":{"rendered":"<p>Solo 332-detektortesteren er et robust verkt\u00f8y for funksjonstesting av r\u00f8yk- og CO-detektorer i brannalarmanlegg.<\/p>\n<p>Den brukes med testgasser av typen Solo A5 (r\u00f8yk) og Solo C3 (CO), og kan monteres p\u00e5 teleskopstenger for testing opptil en takh\u00f8yde p\u00e5 omtrent 9,3 m.<\/p>\n<p>Passer for installat\u00f8rer, teknikere og servicepersonell.<\/p>","protected":false},"featured_media":162254,"template":"","meta":{"_acf_changed":false},"product_brand":[],"product_cat":[2945,5088],"product_tag":[],"class_list":{"0":"post-162255","1":"product","2":"type-product","3":"status-publish","4":"has-post-thumbnail","6":"product_cat-solo","7":"product_cat-solo-solo","8":"tm-no-options","10":"first","11":"instock","12":"taxable","13":"shipping-taxable","14":"purchasable","15":"product-type-simple"},"acf":[],"_links":{"self":[{"href":"https:\/\/secureus.se\/no\/wp-json\/wp\/v2\/product\/162255","targetHints":{"allow":["GET"]}}],"collection":[{"href":"https:\/\/secureus.se\/no\/wp-json\/wp\/v2\/product"}],"about":[{"href":"https:\/\/secureus.se\/no\/wp-json\/wp\/v2\/types\/product"}],"wp:featuredmedia":[{"embeddable":true,"href":"https:\/\/secureus.se\/no\/wp-json\/wp\/v2\/media\/162254"}],"wp:attachment":[{"href":"https:\/\/secureus.se\/no\/wp-json\/wp\/v2\/media?parent=162255"}],"wp:term":[{"taxonomy":"product_brand","embeddable":true,"href":"https:\/\/secureus.se\/no\/wp-json\/wp\/v2\/product_brand?post=162255"},{"taxonomy":"product_cat","embeddable":true,"href":"https:\/\/secureus.se\/no\/wp-json\/wp\/v2\/product_cat?post=162255"},{"taxonomy":"product_tag","embeddable":true,"href":"https:\/\/secureus.se\/no\/wp-json\/wp\/v2\/product_tag?post=162255"}],"curies":[{"name":"wp","href":"https:\/\/api.w.org\/{rel}","templated":true}]}}