{"id":162257,"date":"2025-11-21T12:21:21","date_gmt":"2025-11-21T11:21:21","guid":{"rendered":"https:\/\/secureus.se\/universell-detektornedtagare-solo-200\/"},"modified":"2026-03-26T12:26:50","modified_gmt":"2026-03-26T11:26:50","slug":"universell-detektornedtagare-solo-200","status":"publish","type":"product","link":"https:\/\/secureus.se\/no\/universell-detektornedtagare-solo-200\/","title":{"rendered":"Universal detektorfjerner Solo 200"},"content":{"rendered":"<h1>Universal detektorfjerner Solo 200<\/h1>\n<h3 data-start=\"278\" data-end=\"324\">Enkel og sikker fjerning av detektorer<\/h3>\n<p data-start=\"325\" data-end=\"575\">Solo 200 universaldetektorfjerner er utviklet for \u00e5 forenkle og effektivisere fjerning av brannalarmdetektorer for service, vedlikehold eller utskifting.<\/p>\n<p data-start=\"325\" data-end=\"575\">De justerbare kl\u00f8rne gir et godt grep og passer til de fleste vanlige detektorene p\u00e5 markedet.<\/p>\n<h3 data-start=\"577\" data-end=\"610\">Fleksibel bruk i h\u00f8yden<\/h3>\n<p data-start=\"611\" data-end=\"892\">Verkt\u00f8yet fungerer h\u00e5ndholdt eller montert p\u00e5 teleskopstenger som Solo 101, Solo 110, Solo 111, Solo 108 og\/eller Solo 100.<\/p>\n<p data-start=\"611\" data-end=\"892\">Dette gj\u00f8r det mulig \u00e5 n\u00e5 detektorer i tak opptil omtrent 9,3 m uten bruk av stige, noe som forbedrer b\u00e5de sikkerheten og effektiviteten p\u00e5 arbeidsplassen.<\/p>\n<h3 data-start=\"894\" data-end=\"917\">Design for profesjonelle<\/h3>\n<p data-start=\"918\" data-end=\"1199\">Det universelle designet med justerbare kl\u00f8r gj\u00f8r Solo 200 egnet for en rekke detektorer og installasjoner.<\/p>\n<p data-start=\"918\" data-end=\"1199\">Den robuste konstruksjonen t\u00e5ler p\u00e5kjenningene ved hyppig bruk og gir et sikkert grep for \u00e5 l\u00f8sne detektorer uten \u00e5 skade dem eller installasjonen.<\/p>\n<h3 data-start=\"1201\" data-end=\"1228\">Fordeler med Solo 200<\/h3>\n<ul data-start=\"1229\" data-end=\"1430\">\n<li data-start=\"1229\" data-end=\"1279\">\n<p data-start=\"1231\" data-end=\"1279\">Passer til de fleste typer brannvarslere<\/p>\n<\/li>\n<li data-start=\"1280\" data-end=\"1316\">\n<p data-start=\"1282\" data-end=\"1316\">Justerbare kl\u00f8r for sikkert grep<\/p>\n<\/li>\n<li data-start=\"1317\" data-end=\"1377\">\n<p data-start=\"1319\" data-end=\"1377\">Kan monteres p\u00e5 flere teleskopstenger for arbeid i h\u00f8yden<\/p>\n<\/li>\n<li data-start=\"1378\" data-end=\"1430\">\n<p data-start=\"1380\" data-end=\"1430\">Forbedrer effektiviteten og sikkerheten under service<\/p>\n<\/li>\n<\/ul>\n<p data-start=\"1432\" data-end=\"1459\">TEKNISKE SPESIFIKASJONER:<\/p>\n<ul data-start=\"1460\" data-end=\"1740\">\n<li data-start=\"1460\" data-end=\"1501\">\n<p data-start=\"1462\" data-end=\"1501\">Produkt: Universal detektorfjerner<\/p>\n<\/li>\n<li data-start=\"1502\" data-end=\"1522\">\n<p data-start=\"1504\" data-end=\"1522\">Modell: Solo 200<\/p>\n<\/li>\n<li data-start=\"1523\" data-end=\"1564\">\n<p data-start=\"1525\" data-end=\"1564\">Funksjon: Ta ned brannalarmdetektorer<\/p>\n<\/li>\n<li data-start=\"1565\" data-end=\"1613\">\n<p data-start=\"1567\" data-end=\"1613\">Kl\u00f8r: Justerbare for forskjellige detektorst\u00f8rrelser<\/p>\n<\/li>\n<li data-start=\"1614\" data-end=\"1682\">\n<p data-start=\"1616\" data-end=\"1682\">Kompatibel med: Solo 101, Solo 110, Solo 111, Solo 108, Solo 100<\/p>\n<\/li>\n<li data-start=\"1683\" data-end=\"1740\">\n<p data-start=\"1685\" data-end=\"1740\">Maks arbeidsh\u00f8yde: Opptil ca. 9,3 m med teleskopstenger<\/p>\n<\/li>\n<\/ul>","protected":false},"excerpt":{"rendered":"<p>Solo 200 universaldetektorfjerner er et robust verkt\u00f8y for \u00e5 fjerne brannalarmdetektorer fra tak med justerbare kl\u00f8r.<\/p>\n<p>Den passer til de fleste detektortyper og kan brukes med tilgangsstenger for arbeid opptil omtrent 9,3 m.<\/p>","protected":false},"featured_media":162256,"template":"","meta":{"_acf_changed":false},"product_brand":[],"product_cat":[2945,5088,2946],"product_tag":[],"class_list":{"0":"post-162257","1":"product","2":"type-product","3":"status-publish","4":"has-post-thumbnail","6":"product_cat-solo","7":"product_cat-solo-solo","8":"product_cat-testifire","9":"tm-no-options","11":"first","12":"instock","13":"taxable","14":"shipping-taxable","15":"purchasable","16":"product-type-simple"},"acf":[],"_links":{"self":[{"href":"https:\/\/secureus.se\/no\/wp-json\/wp\/v2\/product\/162257","targetHints":{"allow":["GET"]}}],"collection":[{"href":"https:\/\/secureus.se\/no\/wp-json\/wp\/v2\/product"}],"about":[{"href":"https:\/\/secureus.se\/no\/wp-json\/wp\/v2\/types\/product"}],"wp:featuredmedia":[{"embeddable":true,"href":"https:\/\/secureus.se\/no\/wp-json\/wp\/v2\/media\/162256"}],"wp:attachment":[{"href":"https:\/\/secureus.se\/no\/wp-json\/wp\/v2\/media?parent=162257"}],"wp:term":[{"taxonomy":"product_brand","embeddable":true,"href":"https:\/\/secureus.se\/no\/wp-json\/wp\/v2\/product_brand?post=162257"},{"taxonomy":"product_cat","embeddable":true,"href":"https:\/\/secureus.se\/no\/wp-json\/wp\/v2\/product_cat?post=162257"},{"taxonomy":"product_tag","embeddable":true,"href":"https:\/\/secureus.se\/no\/wp-json\/wp\/v2\/product_tag?post=162257"}],"curies":[{"name":"wp","href":"https:\/\/api.w.org\/{rel}","templated":true}]}}