{"id":162263,"date":"2025-11-21T12:27:41","date_gmt":"2025-11-21T11:27:41","guid":{"rendered":"https:\/\/secureus.se\/membran-for-kopp-till-solo-365-spare-1059-001\/"},"modified":"2026-04-08T16:06:02","modified_gmt":"2026-04-08T14:06:02","slug":"membran-for-kopp-till-solo-365-spare-1059-001","status":"publish","type":"product","link":"https:\/\/secureus.se\/no\/membran-for-kopp-till-solo-365-spare-1059-001\/","title":{"rendered":"Membran for kopp til Solo 365 - Reservedel 1059-001"},"content":{"rendered":"<h1>Membran for kopp til Solo 365 - Reservedel 1059-001<\/h1>\n<h3 data-start=\"262\" data-end=\"298\">Reservedel til Solo 365-tester<\/h3>\n<p data-start=\"299\" data-end=\"535\">Membran for kopp (reservedel 1059-001) er en spesifikk reservedel for Solo 365 r\u00f8ykdetektortesteren.<\/p>\n<p data-start=\"299\" data-end=\"535\">Membranen fungerer sammen med koppen og s\u00f8rger for at r\u00f8yk genereres p\u00e5 en kontrollert m\u00e5te og ledes riktig mot detektoren under funksjonstesting.<\/p>\n<h3 data-start=\"537\" data-end=\"566\">Forbedrer testresultatene<\/h3>\n<p data-start=\"567\" data-end=\"840\">N\u00e5r membranen blir slitt eller forurenset, kan det p\u00e5virke testens n\u00f8yaktighet.<\/p>\n<p data-start=\"567\" data-end=\"840\">Ved \u00e5 bytte til en ny membran gjenopprettes testverkt\u00f8yets evne til \u00e5 lage p\u00e5litelige r\u00f8ykdetektortester.<\/p>\n<p data-start=\"567\" data-end=\"840\">Det er en viktig del av \u00e5 opprettholde n\u00f8yaktig og sikker testing.<\/p>\n<h3 data-start=\"842\" data-end=\"868\">Enkel \u00e5 installere<\/h3>\n<p data-start=\"869\" data-end=\"1049\">Denne membranen er enkel \u00e5 montere p\u00e5 Solo 365-testeren og krever ingen spesialverkt\u00f8y.<\/p>\n<p data-start=\"869\" data-end=\"1049\">Dette gj\u00f8r det enkelt \u00e5 vedlikeholde verkt\u00f8yet og holde det i god stand for kontinuerlig testing.<\/p>\n<h3 data-start=\"1051\" data-end=\"1084\">Fordeler med reserve 1059-001<\/h3>\n<ul data-start=\"1085\" data-end=\"1253\">\n<li data-start=\"1085\" data-end=\"1129\">\n<p data-start=\"1087\" data-end=\"1129\">Reservedel spesielt for Solo 365-testere<\/p>\n<\/li>\n<li data-start=\"1130\" data-end=\"1182\">\n<p data-start=\"1132\" data-end=\"1182\">Sikrer riktig tetting og r\u00f8ykfordeling<\/p>\n<\/li>\n<li data-start=\"1183\" data-end=\"1211\">\n<p data-start=\"1185\" data-end=\"1211\">Enkel \u00e5 bytte ut om n\u00f8dvendig<\/p>\n<\/li>\n<li data-start=\"1212\" data-end=\"1253\">\n<p data-start=\"1214\" data-end=\"1253\">Forbedrer presisjonen til funksjonstesten<\/p>\n<\/li>\n<\/ul>\n<p data-start=\"1255\" data-end=\"1282\">TEKNISKE SPESIFIKASJONER:<\/p>\n<ul data-start=\"1283\" data-end=\"1435\">\n<li data-start=\"1283\" data-end=\"1312\">\n<p data-start=\"1285\" data-end=\"1312\">Produkt: Membran for kopp<\/p>\n<\/li>\n<li data-start=\"1313\" data-end=\"1339\">\n<p data-start=\"1315\" data-end=\"1339\">Modell: Reservedel 1059-001<\/p>\n<\/li>\n<li data-start=\"1340\" data-end=\"1380\">\n<p data-start=\"1342\" data-end=\"1380\">For bruk med: Solo 365-tester<\/p>\n<\/li>\n<li data-start=\"1381\" data-end=\"1435\">\n<p data-start=\"1383\" data-end=\"1435\">Funksjon: S\u00f8rg for riktig tetting under testing<\/p>\n<\/li>\n<\/ul>","protected":false},"excerpt":{"rendered":"<p>Solo 365-koppmembranen (Spare 1059-001) er en reservedel til Solo 365-r\u00f8ykvarseltesteren som sikrer riktig forsegling under funksjonstesting.<\/p>\n<p>Den er enkel \u00e5 bytte og forbedrer testn\u00f8yaktigheten til r\u00f8ykvarslere.<\/p>","protected":false},"featured_media":162262,"template":"","meta":{"_acf_changed":false},"product_brand":[],"product_cat":[5072,5089],"product_tag":[],"class_list":{"0":"post-162263","1":"product","2":"type-product","3":"status-publish","4":"has-post-thumbnail","6":"product_cat-solo-365","7":"product_cat-solo-365-solo-365","8":"tm-no-options","10":"first","11":"instock","12":"taxable","13":"shipping-taxable","14":"purchasable","15":"product-type-simple"},"acf":[],"_links":{"self":[{"href":"https:\/\/secureus.se\/no\/wp-json\/wp\/v2\/product\/162263","targetHints":{"allow":["GET"]}}],"collection":[{"href":"https:\/\/secureus.se\/no\/wp-json\/wp\/v2\/product"}],"about":[{"href":"https:\/\/secureus.se\/no\/wp-json\/wp\/v2\/types\/product"}],"wp:featuredmedia":[{"embeddable":true,"href":"https:\/\/secureus.se\/no\/wp-json\/wp\/v2\/media\/162262"}],"wp:attachment":[{"href":"https:\/\/secureus.se\/no\/wp-json\/wp\/v2\/media?parent=162263"}],"wp:term":[{"taxonomy":"product_brand","embeddable":true,"href":"https:\/\/secureus.se\/no\/wp-json\/wp\/v2\/product_brand?post=162263"},{"taxonomy":"product_cat","embeddable":true,"href":"https:\/\/secureus.se\/no\/wp-json\/wp\/v2\/product_cat?post=162263"},{"taxonomy":"product_tag","embeddable":true,"href":"https:\/\/secureus.se\/no\/wp-json\/wp\/v2\/product_tag?post=162263"}],"curies":[{"name":"wp","href":"https:\/\/api.w.org\/{rel}","templated":true}]}}