{"id":162265,"date":"2025-11-21T12:27:42","date_gmt":"2025-11-21T11:27:42","guid":{"rendered":"https:\/\/secureus.se\/genomskinlig-kopp-memban-for-solo-365-spare-1058-001\/"},"modified":"2026-04-08T16:00:46","modified_gmt":"2026-04-08T14:00:46","slug":"genomskinlig-kopp-memban-for-solo-365-spare-1058-001","status":"publish","type":"product","link":"https:\/\/secureus.se\/no\/genomskinlig-kopp-memban-for-solo-365-spare-1058-001\/","title":{"rendered":"Gjennomsiktig kopp og membran for Solo 365 - reserve 1058-001"},"content":{"rendered":"<h1>Gjennomsiktig kopp og membran for Solo 365 - reserve 1058-001<\/h1>\n<h3 data-start=\"282\" data-end=\"329\">Reservedel til Solo 365 r\u00f8ykdetektortester<\/h3>\n<p data-start=\"330\" data-end=\"584\">Den gjennomsiktige koppen og membranen Reservedel 1058-001 er en viktig reservedel til Solo 365-testeren.<\/p>\n<p data-start=\"330\" data-end=\"584\">Det funksjonelle designet sikrer at testen utf\u00f8res korrekt ved \u00e5 innkapsle r\u00f8yk og skape riktig kontaktpunkt med r\u00f8ykdetektoren under funksjonstesting.<\/p>\n<h3 data-start=\"586\" data-end=\"627\">For bedre og mer effektiv testing<\/h3>\n<p data-start=\"628\" data-end=\"952\">Ved regelmessig bruk av Solo 365 kan koppen og membranen bli slitt eller forurenset, noe som kan p\u00e5virke testens n\u00f8yaktighet.<\/p>\n<p data-start=\"628\" data-end=\"952\">Ved \u00e5 erstatte den med en gjennomsiktig kopp og membran f\u00e5r du optimal synlighet og funksjon under hver test, noe som er avgj\u00f8rende for \u00e5 sikre at r\u00f8ykvarslere fungerer som de skal.<\/p>\n<h3 data-start=\"954\" data-end=\"978\">Enkel installasjon<\/h3>\n<p data-start=\"979\" data-end=\"1185\">Denne reservedelen er enkel \u00e5 installere p\u00e5 Solo 365-testeren og krever ingen spesialverkt\u00f8y.<\/p>\n<p data-start=\"979\" data-end=\"1185\">Den gjennomsiktige designen gir ogs\u00e5 god sikt under testing og gj\u00f8r det enklere \u00e5 utf\u00f8re konsistente tester.<\/p>\n<h3 data-start=\"1187\" data-end=\"1220\">Fordeler med reserve 1058-001<\/h3>\n<ul data-start=\"1221\" data-end=\"1399\">\n<li data-start=\"1221\" data-end=\"1256\">\n<p data-start=\"1223\" data-end=\"1256\">Reservedel til Solo 365-tester<\/p>\n<\/li>\n<li data-start=\"1257\" data-end=\"1306\">\n<p data-start=\"1259\" data-end=\"1306\">Gjennomsiktig kopp og membran for bedre synlighet<\/p>\n<\/li>\n<li data-start=\"1307\" data-end=\"1348\">\n<p data-start=\"1309\" data-end=\"1348\">Sikrer korrekte funksjonstester<\/p>\n<\/li>\n<li data-start=\"1349\" data-end=\"1399\">\n<p data-start=\"1351\" data-end=\"1399\">Enkel \u00e5 bytte ut ved slitasje eller forurensning<\/p>\n<\/li>\n<\/ul>\n<p data-start=\"1401\" data-end=\"1428\">TEKNISKE SPESIFIKASJONER:<\/p>\n<ul data-start=\"1429\" data-end=\"1621\">\n<li data-start=\"1429\" data-end=\"1456\">\n<p data-start=\"1431\" data-end=\"1456\">Produkt: Kopp og membran<\/p>\n<\/li>\n<li data-start=\"1457\" data-end=\"1483\">\n<p data-start=\"1459\" data-end=\"1483\">Modell: Reservedel 1058-001<\/p>\n<\/li>\n<li data-start=\"1484\" data-end=\"1512\">\n<p data-start=\"1486\" data-end=\"1512\">Passer til: Pr\u00f8v Solo 365<\/p>\n<\/li>\n<li data-start=\"1513\" data-end=\"1566\">\n<p data-start=\"1515\" data-end=\"1566\">Materiale: Gjennomsiktig plast (kopp) og membran<\/p>\n<\/li>\n<li data-start=\"1567\" data-end=\"1621\">\n<p data-start=\"1569\" data-end=\"1621\">Funksjon: S\u00f8rg for riktig tetting under testing<\/p>\n<\/li>\n<\/ul>","protected":false},"excerpt":{"rendered":"<p>Transparent kopp og membran (Spare 1058-001) er en reservedel til r\u00f8ykvarseltesteren Solo 365.<\/p>\n<p>Den brukes til \u00e5 holde testr\u00f8yk og sikre riktig kontakt med detektoren under testingen.<\/p>\n<p>Egnet for installat\u00f8rer og servicepersonell.<\/p>","protected":false},"featured_media":162264,"template":"","meta":{"_acf_changed":false},"product_brand":[],"product_cat":[5072,5089],"product_tag":[],"class_list":{"0":"post-162265","1":"product","2":"type-product","3":"status-publish","4":"has-post-thumbnail","6":"product_cat-solo-365","7":"product_cat-solo-365-solo-365","8":"tm-no-options","10":"first","11":"instock","12":"taxable","13":"shipping-taxable","14":"purchasable","15":"product-type-simple"},"acf":[],"_links":{"self":[{"href":"https:\/\/secureus.se\/no\/wp-json\/wp\/v2\/product\/162265","targetHints":{"allow":["GET"]}}],"collection":[{"href":"https:\/\/secureus.se\/no\/wp-json\/wp\/v2\/product"}],"about":[{"href":"https:\/\/secureus.se\/no\/wp-json\/wp\/v2\/types\/product"}],"wp:featuredmedia":[{"embeddable":true,"href":"https:\/\/secureus.se\/no\/wp-json\/wp\/v2\/media\/162264"}],"wp:attachment":[{"href":"https:\/\/secureus.se\/no\/wp-json\/wp\/v2\/media?parent=162265"}],"wp:term":[{"taxonomy":"product_brand","embeddable":true,"href":"https:\/\/secureus.se\/no\/wp-json\/wp\/v2\/product_brand?post=162265"},{"taxonomy":"product_cat","embeddable":true,"href":"https:\/\/secureus.se\/no\/wp-json\/wp\/v2\/product_cat?post=162265"},{"taxonomy":"product_tag","embeddable":true,"href":"https:\/\/secureus.se\/no\/wp-json\/wp\/v2\/product_tag?post=162265"}],"curies":[{"name":"wp","href":"https:\/\/api.w.org\/{rel}","templated":true}]}}