{"id":162269,"date":"2025-11-21T12:16:48","date_gmt":"2025-11-21T11:16:48","guid":{"rendered":"https:\/\/secureus.se\/snabbladdare-solo-727-for-batteri-solo-770\/"},"modified":"2026-04-08T16:01:46","modified_gmt":"2026-04-08T14:01:46","slug":"snabbladdare-solo-727-for-batteri-solo-770","status":"publish","type":"product","link":"https:\/\/secureus.se\/no\/snabbladdare-solo-727-for-batteri-solo-770\/","title":{"rendered":"Solo 727 hurtiglader for Solo 770-batteri"},"content":{"rendered":"<h1>Solo 727 hurtiglader for Solo 770-batteri<\/h1>\n<h3 data-start=\"360\" data-end=\"403\">Hurtiglader for Solo 770 batteristang<\/h3>\n<p data-start=\"404\" data-end=\"802\">Solo 727 er en hurtiglader spesielt utviklet for de oppladbare batteristavene Solo 770.<\/p>\n<p data-start=\"404\" data-end=\"802\">Disse batteriene brukes i b\u00e6rbare detektortestere som Solo 461 (varmedetektortester) og i multikriterietestere. <strong data-start=\"610\" data-end=\"633\">Testifire 1000\/1001<\/strong> og <strong data-start=\"638\" data-end=\"661\">Testild 2000\/2001<\/strong>, noe som gj\u00f8r Solo 727 til et viktig tilbeh\u00f8r for \u00e5 holde testutstyret klart til bruk.<\/p>\n<h3 data-start=\"804\" data-end=\"837\">Rask og fleksibel lading<\/h3>\n<p data-start=\"838\" data-end=\"1183\">Laderen kan kobles direkte til en standard 230 V stikkontakt eller til en 12 V stikkontakt i kj\u00f8ret\u00f8yet, noe som gir fleksibilitet p\u00e5 arbeidsplassen.<\/p>\n<p data-start=\"838\" data-end=\"1183\">Den er designet for \u00e5 gi en rask og sikker lading av Solo 770, og den r\u00f8de markeringen p\u00e5 kabelen gj\u00f8r det enkelt \u00e5 identifisere riktig tilkobling for batteriet.<\/p>\n<h3 data-start=\"1185\" data-end=\"1237\">Enkel \u00e5 bruke og p\u00e5litelig str\u00f8mforsyning<\/h3>\n<p data-start=\"1238\" data-end=\"1525\">Med Solo 727 f\u00e5r du en stabil ladel\u00f8sning som minimerer nedetid og sikrer at batteriene dine er klare n\u00e5r du trenger dem.<\/p>\n<p data-start=\"1238\" data-end=\"1525\">Dette gj\u00f8r det enkelt \u00e5 teste r\u00f8yk-, varme- og CO-detektorer under installasjon, service eller vedlikehold.<\/p>\n<p data-start=\"1527\" data-end=\"1554\">TEKNISKE SPESIFIKASJONER:<\/p>\n<ul data-start=\"1555\" data-end=\"1946\">\n<li data-start=\"1555\" data-end=\"1596\">\n<p data-start=\"1557\" data-end=\"1596\">Produkt: Batterilader\/hurtiglader<\/p>\n<\/li>\n<li data-start=\"1597\" data-end=\"1621\">\n<p data-start=\"1599\" data-end=\"1621\">Modell: Solo 727\u2011001<\/p>\n<\/li>\n<li data-start=\"1622\" data-end=\"1686\">\n<p data-start=\"1624\" data-end=\"1686\">Pakken inneholder: Solo 727 hurtiglader for Solo 770<\/p>\n<\/li>\n<li data-start=\"1687\" data-end=\"1727\">\n<p data-start=\"1689\" data-end=\"1727\">Kompatibilitet: Solo 770 batteripinne<\/p>\n<\/li>\n<li data-start=\"1728\" data-end=\"1792\">\n<p data-start=\"1730\" data-end=\"1792\">Str\u00f8mforsyning: 230 V veggtilkobling og 12 V biluttak<\/p>\n<\/li>\n<li data-start=\"1793\" data-end=\"1859\">\n<p data-start=\"1795\" data-end=\"1859\">Funksjon: Lading av Solo 770-batteri for testutstyr<\/p>\n<\/li>\n<li data-start=\"1860\" data-end=\"1946\">\n<p data-start=\"1862\" data-end=\"1946\">Bruk: Lader kun batteriladeren til Solo 770-skaftet<\/p>\n<\/li>\n<\/ul>","protected":false},"excerpt":{"rendered":"<p data-start=\"0\" data-end=\"338\">Solo 727 hurtiglader er en batterilader designet for Solo 770-batteristangen som brukes i testutstyr som Solo 461- og Testifire-serien.<\/p>\n<p data-start=\"0\" data-end=\"338\">Den lader batteriet raskt fra 230 V eller 12 V.<\/p>\n<p data-start=\"0\" data-end=\"338\">Passer for teknikere og servicepersonell som trenger rask og p\u00e5litelig str\u00f8mforsyning.<\/p>\n<p data-start=\"340\" data-end=\"359\">","protected":false},"featured_media":162268,"template":"","meta":{"_acf_changed":false},"product_brand":[],"product_cat":[2945,5088,5074,2946],"product_tag":[],"class_list":{"0":"post-162269","1":"product","2":"type-product","3":"status-publish","4":"has-post-thumbnail","6":"product_cat-solo","7":"product_cat-solo-solo","8":"product_cat-stromforsorjning-professionella-verktyg-for-prov-och-underhall","9":"product_cat-testifire","10":"tm-no-options","12":"first","13":"instock","14":"taxable","15":"shipping-taxable","16":"purchasable","17":"product-type-simple"},"acf":[],"_links":{"self":[{"href":"https:\/\/secureus.se\/no\/wp-json\/wp\/v2\/product\/162269","targetHints":{"allow":["GET"]}}],"collection":[{"href":"https:\/\/secureus.se\/no\/wp-json\/wp\/v2\/product"}],"about":[{"href":"https:\/\/secureus.se\/no\/wp-json\/wp\/v2\/types\/product"}],"wp:featuredmedia":[{"embeddable":true,"href":"https:\/\/secureus.se\/no\/wp-json\/wp\/v2\/media\/162268"}],"wp:attachment":[{"href":"https:\/\/secureus.se\/no\/wp-json\/wp\/v2\/media?parent=162269"}],"wp:term":[{"taxonomy":"product_brand","embeddable":true,"href":"https:\/\/secureus.se\/no\/wp-json\/wp\/v2\/product_brand?post=162269"},{"taxonomy":"product_cat","embeddable":true,"href":"https:\/\/secureus.se\/no\/wp-json\/wp\/v2\/product_cat?post=162269"},{"taxonomy":"product_tag","embeddable":true,"href":"https:\/\/secureus.se\/no\/wp-json\/wp\/v2\/product_tag?post=162269"}],"curies":[{"name":"wp","href":"https:\/\/api.w.org\/{rel}","templated":true}]}}