{"id":162273,"date":"2025-11-21T12:10:21","date_gmt":"2025-11-21T11:10:21","guid":{"rendered":"https:\/\/secureus.se\/teleskopstang-45-m-solo-100-for-solo-och-testifire-produkterna\/"},"modified":"2026-04-08T16:00:23","modified_gmt":"2026-04-08T14:00:23","slug":"teleskopstang-45-m-solo-100-for-solo-och-testifire-produkterna","status":"publish","type":"product","link":"https:\/\/secureus.se\/no\/teleskopstang-45-m-solo-100-for-solo-och-testifire-produkterna\/","title":{"rendered":"Teleskopstang 4,5 m Solo 100 for Solo- og Testifire-produkter"},"content":{"rendered":"<h1>Teleskopstang 4,5 m Solo 100 for Solo- og Testifire-produkter<\/h1>\n<h3 data-start=\"357\" data-end=\"406\">Fleksibel teleskopstang for testing i h\u00f8yden<\/h3>\n<p data-start=\"407\" data-end=\"656\">Teleskopstang Solo 100 er en profesjonell og brukervennlig tilgangsstang i glassfiber for funksjonstesting og service av detektorer i brannalarmanlegg.<\/p>\n<p data-start=\"407\" data-end=\"656\">Den gir deg stabil rekkevidde uten stige og gj\u00f8r det enkelt \u00e5 utf\u00f8re tester p\u00e5 takmonterte detektorer.<\/p>\n<h3 data-start=\"658\" data-end=\"689\">Design og bruk<\/h3>\n<p data-start=\"690\" data-end=\"1085\">Solo 100 best\u00e5r av fire teleskopiske seksjoner som kan forlenges til 4,5 m, noe som gir en rekkevidde som vanligvis n\u00e5r detektorer montert opptil omtrent 6 m over gulvet.<\/p>\n<p data-start=\"690\" data-end=\"1085\">Fest Solo- eller Testifire-verkt\u00f8yet til toppen av stangen for \u00e5 utf\u00f8re r\u00f8yk-, varme- eller CO-detektortester uten \u00e5 m\u00e5tte klatre i stiger.<\/p>\n<h3 data-start=\"1087\" data-end=\"1121\">Kombiner for enda h\u00f8yere tak<\/h3>\n<p data-start=\"1122\" data-end=\"1402\">Hvis du trenger \u00e5 n\u00e5 h\u00f8yere, kan Solo 100 kombineres med opptil tre Solo 101 forlengelsesstenger for \u00e5 n\u00e5 en total testh\u00f8yde p\u00e5 opptil omtrent 9,3 m.<\/p>\n<p data-start=\"1122\" data-end=\"1402\">Dette gj\u00f8r den ideell for store lokaler, kontorer og andre bygninger med h\u00f8yt under taket.<\/p>\n<h3 data-start=\"1404\" data-end=\"1431\">Fordeler med Solo 100<\/h3>\n<ul data-start=\"1432\" data-end=\"1718\">\n<li data-start=\"1432\" data-end=\"1487\">\n<p data-start=\"1434\" data-end=\"1487\">Teleskopstang med fire seksjoner for fleksibel lengde<\/p>\n<\/li>\n<li data-start=\"1488\" data-end=\"1529\">\n<p data-start=\"1490\" data-end=\"1529\">Rekkevidde opptil ca. 6 m p\u00e5 egenh\u00e5nd<\/p>\n<\/li>\n<li data-start=\"1530\" data-end=\"1597\">\n<p data-start=\"1532\" data-end=\"1597\">Kan forlenges til omtrent 9,3 m med Solo 101 forlengelsesstenger<\/p>\n<\/li>\n<li data-start=\"1598\" data-end=\"1662\">\n<p data-start=\"1600\" data-end=\"1662\">Lett og ikke-ledende glassfiberdesign for sikker bruk<\/p>\n<\/li>\n<li data-start=\"1663\" data-end=\"1718\">\n<p data-start=\"1665\" data-end=\"1718\">Kompatibel med testverkt\u00f8yene Solo og Testifire<\/p>\n<\/li>\n<\/ul>\n<p data-start=\"1720\" data-end=\"1747\">TEKNISKE SPESIFIKASJONER:<\/p>\n<ul data-start=\"1748\" data-end=\"2212\">\n<li data-start=\"1748\" data-end=\"1774\">\n<p data-start=\"1750\" data-end=\"1774\">Produkt: Teleskopstang<\/p>\n<\/li>\n<li data-start=\"1775\" data-end=\"1795\">\n<p data-start=\"1777\" data-end=\"1795\">Modell: Solo 100<\/p>\n<\/li>\n<li data-start=\"1796\" data-end=\"1820\">\n<p data-start=\"1798\" data-end=\"1820\">Seksjoner: 4 deler<\/p>\n<\/li>\n<li data-start=\"1821\" data-end=\"1846\">\n<p data-start=\"1823\" data-end=\"1846\">Utvidet lengde: 4,5 m<\/p>\n<\/li>\n<li data-start=\"1847\" data-end=\"1939\">\n<p data-start=\"1849\" data-end=\"1939\">Rekkevidde: Opptil ca. 6 m takh\u00f8yde uten forlengelse<\/p>\n<\/li>\n<li data-start=\"1940\" data-end=\"2033\">\n<p data-start=\"1942\" data-end=\"2033\">Kompatibel med: Solo og Testifire testverkt\u00f8y<\/p>\n<\/li>\n<li data-start=\"2034\" data-end=\"2134\">\n<p data-start=\"2036\" data-end=\"2134\">Kan utvides med: Opptil 3\u00d7 Solo 101 for totalh\u00f8yde ~9,3 m<\/p>\n<\/li>\n<li data-start=\"2135\" data-end=\"2212\">\n<p data-start=\"2137\" data-end=\"2212\">Materiale: Glassfiber, ikke-ledende<\/p>\n<\/li>\n<\/ul>","protected":false},"excerpt":{"rendered":"<p>Teleskopstangen Solo 100 er en robust 4,5 m firedelt stang som gir tilgang til detektorer opptil omtrent 6 m takh\u00f8yde.<\/p>\n<p>Den er kompatibel med Solo- og Testifire-testverkt\u00f8y og kan utvides med forlengelsesstenger for st\u00f8rre h\u00f8yde.<\/p>\n<p>Egnet for installat\u00f8rer og servicepersonell.<\/p>","protected":false},"featured_media":162272,"template":"","meta":{"_acf_changed":false},"product_brand":[],"product_cat":[2945,5070,5088,5089,5072,2946],"product_tag":[],"class_list":{"0":"post-162273","1":"product","2":"type-product","3":"status-publish","4":"has-post-thumbnail","6":"product_cat-solo","7":"product_cat-provstanger","8":"product_cat-solo-solo","9":"product_cat-solo-365-solo-365","10":"product_cat-solo-365","11":"product_cat-testifire","12":"tm-no-options","14":"first","15":"instock","16":"taxable","17":"shipping-taxable","18":"purchasable","19":"product-type-simple"},"acf":[],"_links":{"self":[{"href":"https:\/\/secureus.se\/no\/wp-json\/wp\/v2\/product\/162273","targetHints":{"allow":["GET"]}}],"collection":[{"href":"https:\/\/secureus.se\/no\/wp-json\/wp\/v2\/product"}],"about":[{"href":"https:\/\/secureus.se\/no\/wp-json\/wp\/v2\/types\/product"}],"wp:featuredmedia":[{"embeddable":true,"href":"https:\/\/secureus.se\/no\/wp-json\/wp\/v2\/media\/162272"}],"wp:attachment":[{"href":"https:\/\/secureus.se\/no\/wp-json\/wp\/v2\/media?parent=162273"}],"wp:term":[{"taxonomy":"product_brand","embeddable":true,"href":"https:\/\/secureus.se\/no\/wp-json\/wp\/v2\/product_brand?post=162273"},{"taxonomy":"product_cat","embeddable":true,"href":"https:\/\/secureus.se\/no\/wp-json\/wp\/v2\/product_cat?post=162273"},{"taxonomy":"product_tag","embeddable":true,"href":"https:\/\/secureus.se\/no\/wp-json\/wp\/v2\/product_tag?post=162273"}],"curies":[{"name":"wp","href":"https:\/\/api.w.org\/{rel}","templated":true}]}}