{"id":162275,"date":"2025-11-21T12:10:19","date_gmt":"2025-11-21T11:10:19","guid":{"rendered":"https:\/\/secureus.se\/teleskopstang-25-m-solo-108\/"},"modified":"2026-04-08T16:01:58","modified_gmt":"2026-04-08T14:01:58","slug":"teleskopstang-25-m-solo-108","status":"publish","type":"product","link":"https:\/\/secureus.se\/no\/teleskopstang-25-m-solo-108\/","title":{"rendered":"Teleskopstang 2,5 m \u2013 Solo 108"},"content":{"rendered":"<h1>Teleskopstang 2,5 m \u2013 Solo 108<\/h1>\n<h3 data-start=\"270\" data-end=\"321\">Justerbar teleskopstang for effektiv testing<\/h3>\n<p data-start=\"322\" data-end=\"568\">Teleskopstangen Solo 108 er designet for enkel og sikker testing av r\u00f8yk-, varme- og CO-detektorer i middels h\u00f8yde.<\/p>\n<p data-start=\"322\" data-end=\"568\">Den todelte designen gj\u00f8r den rask \u00e5 justere og enkel \u00e5 h\u00e5ndtere, noe som forenkler service og installasjon p\u00e5 arbeidsplassen.<\/p>\n<h3 data-start=\"570\" data-end=\"611\">Fleksibel lengde og enkel bruk<\/h3>\n<p data-start=\"612\" data-end=\"869\">Med Solo 108 kan du justere lengden p\u00e5 stangen fra 1,27 m opptil 2,5 m. Den er kompakt for transport og oppbevaring, samtidig som den gir tilstrekkelig rekkevidde for testing uten behov for stige.<\/p>\n<p data-start=\"612\" data-end=\"869\">Stangen er kompatibel med Solo- og Testifire-testverkt\u00f8y.<\/p>\n<h3 data-start=\"871\" data-end=\"898\">Fordeler med Solo 108<\/h3>\n<ul data-start=\"899\" data-end=\"1059\">\n<li data-start=\"899\" data-end=\"945\">\n<p data-start=\"901\" data-end=\"945\">To segmenter for justerbar lengde 1,27\u20132,5 m<\/p>\n<\/li>\n<li data-start=\"946\" data-end=\"972\">\n<p data-start=\"948\" data-end=\"972\">Lett og smidig design<\/p>\n<\/li>\n<li data-start=\"973\" data-end=\"1011\">\n<p data-start=\"975\" data-end=\"1011\">Passer til Solo- og Testifire-testere<\/p>\n<\/li>\n<li data-start=\"1012\" data-end=\"1059\">\n<p data-start=\"1014\" data-end=\"1059\">\u00d8ker sikkerheten og effektiviteten under testing<\/p>\n<\/li>\n<\/ul>\n<p data-start=\"1061\" data-end=\"1088\">TEKNISKE SPESIFIKASJONER:<\/p>\n<ul data-start=\"1089\" data-end=\"1303\">\n<li data-start=\"1089\" data-end=\"1115\">\n<p data-start=\"1091\" data-end=\"1115\">Produkt: Teleskopstang<\/p>\n<\/li>\n<li data-start=\"1116\" data-end=\"1136\">\n<p data-start=\"1118\" data-end=\"1136\">Modell: Solo 108<\/p>\n<\/li>\n<li data-start=\"1137\" data-end=\"1159\">\n<p data-start=\"1139\" data-end=\"1159\">Segmenter: 2 stykker<\/p>\n<\/li>\n<li data-start=\"1160\" data-end=\"1191\">\n<p data-start=\"1162\" data-end=\"1191\">Justerbar lengde: 1,27\u20132,5 m<\/p>\n<\/li>\n<li data-start=\"1192\" data-end=\"1247\">\n<p data-start=\"1194\" data-end=\"1247\">Kompatibel med: Solo og Testifire testverkt\u00f8y<\/p>\n<\/li>\n<li data-start=\"1248\" data-end=\"1303\">\n<p data-start=\"1250\" data-end=\"1303\">Bruk: For testing av detektorer i middels h\u00f8yde<\/p>\n<\/li>\n<\/ul>","protected":false},"excerpt":{"rendered":"<p>Teleskopstangen Solo 108 er en kompakt stang med 2 segmenter som kan justeres fra 1,27 m til 2,5 m.<\/p>\n<p>Den brukes med Solo- og Testifire-testere for \u00e5 n\u00e5 detektorer i middels h\u00f8yde uten stige.<\/p>\n<p>Passer for teknikere og servicepersonell.<\/p>","protected":false},"featured_media":162274,"template":"","meta":{"_acf_changed":false},"product_brand":[],"product_cat":[2945,5070,5088,5072,5089,2946],"product_tag":[],"class_list":{"0":"post-162275","1":"product","2":"type-product","3":"status-publish","4":"has-post-thumbnail","6":"product_cat-solo","7":"product_cat-provstanger","8":"product_cat-solo-solo","9":"product_cat-solo-365","10":"product_cat-solo-365-solo-365","11":"product_cat-testifire","12":"tm-no-options","14":"first","15":"instock","16":"taxable","17":"shipping-taxable","18":"purchasable","19":"product-type-simple"},"acf":[],"_links":{"self":[{"href":"https:\/\/secureus.se\/no\/wp-json\/wp\/v2\/product\/162275","targetHints":{"allow":["GET"]}}],"collection":[{"href":"https:\/\/secureus.se\/no\/wp-json\/wp\/v2\/product"}],"about":[{"href":"https:\/\/secureus.se\/no\/wp-json\/wp\/v2\/types\/product"}],"wp:featuredmedia":[{"embeddable":true,"href":"https:\/\/secureus.se\/no\/wp-json\/wp\/v2\/media\/162274"}],"wp:attachment":[{"href":"https:\/\/secureus.se\/no\/wp-json\/wp\/v2\/media?parent=162275"}],"wp:term":[{"taxonomy":"product_brand","embeddable":true,"href":"https:\/\/secureus.se\/no\/wp-json\/wp\/v2\/product_brand?post=162275"},{"taxonomy":"product_cat","embeddable":true,"href":"https:\/\/secureus.se\/no\/wp-json\/wp\/v2\/product_cat?post=162275"},{"taxonomy":"product_tag","embeddable":true,"href":"https:\/\/secureus.se\/no\/wp-json\/wp\/v2\/product_tag?post=162275"}],"curies":[{"name":"wp","href":"https:\/\/api.w.org\/{rel}","templated":true}]}}