{"id":162277,"date":"2025-11-21T12:10:19","date_gmt":"2025-11-21T11:10:19","guid":{"rendered":"https:\/\/secureus.se\/provstangsforlangare-113-m-solo-101-for-solo-och-testifire-produkterna\/"},"modified":"2026-04-08T16:02:05","modified_gmt":"2026-04-08T14:02:05","slug":"provstangsforlangare-113-m-solo-101-for-solo-och-testifire-produkterna","status":"publish","type":"product","link":"https:\/\/secureus.se\/no\/provstangsforlangare-113-m-solo-101-for-solo-och-testifire-produkterna\/","title":{"rendered":"Teststangforlenger 1,13 m - Solo 101 for Solo- og Testifire-produkter"},"content":{"rendered":"<h1>Teststangforlenger 1,13 m - Solo 101 for Solo- og Testifire-produkter<\/h1>\n<h3 data-start=\"262\" data-end=\"312\">Forleng teleskopstangen for st\u00f8rre rekkevidde<\/h3>\n<p data-start=\"313\" data-end=\"507\">Solo 101 teststavforlengeren er utformet for \u00e5 gi ekstra rekkevidde ved testing av r\u00f8yk-, varme- og CO-detektorer.<\/p>\n<p data-start=\"313\" data-end=\"507\">Den passer prim\u00e6rt til Solo 110, men kan ogs\u00e5 brukes med Solo 108 og Solo 100.<\/p>\n<h3 data-start=\"509\" data-end=\"534\">Fleksibel bruk<\/h3>\n<p data-start=\"535\" data-end=\"782\">Hver forlenger er 0,5 m lang og kan kobles sammen med opptil tre deler, noe som gir en total tilleggsh\u00f8yde p\u00e5 1,5 m.<\/p>\n<p data-start=\"535\" data-end=\"782\">Dette gj\u00f8r det enkelt \u00e5 n\u00e5 h\u00f8yt monterte detektorer uten stige og \u00f8ker effektiviteten under service og installasjon.<\/p>\n<h3 data-start=\"784\" data-end=\"811\">Fordeler med Solo 101<\/h3>\n<ul data-start=\"812\" data-end=\"1030\">\n<li data-start=\"812\" data-end=\"861\">\n<p data-start=\"814\" data-end=\"861\">Forlenger teleskopstengene med 0,5 m per enhet<\/p>\n<\/li>\n<li data-start=\"862\" data-end=\"912\">\n<p data-start=\"864\" data-end=\"912\">Kompatibel med Solo 110, Solo 108 og Solo 100<\/p>\n<\/li>\n<li data-start=\"913\" data-end=\"981\">\n<p data-start=\"915\" data-end=\"981\">Kan kobles sammen til opptil 3 deler for totalt 1,5 m ekstra rekkevidde<\/p>\n<\/li>\n<li data-start=\"982\" data-end=\"1030\">\n<p data-start=\"984\" data-end=\"1030\">Enkel og praktisk \u00e5 bruke p\u00e5 arbeidsplassen<\/p>\n<\/li>\n<\/ul>\n<p data-start=\"1032\" data-end=\"1059\">TEKNISKE SPESIFIKASJONER:<\/p>\n<ul data-start=\"1060\" data-end=\"1309\">\n<li data-start=\"1060\" data-end=\"1093\">\n<p data-start=\"1062\" data-end=\"1093\">Produkt: Teststangforlenger<\/p>\n<\/li>\n<li data-start=\"1094\" data-end=\"1114\">\n<p data-start=\"1096\" data-end=\"1114\">Modell: Solo 101<\/p>\n<\/li>\n<li data-start=\"1115\" data-end=\"1141\">\n<p data-start=\"1117\" data-end=\"1141\">Lengde per enhet: 0,5 m<\/p>\n<\/li>\n<li data-start=\"1142\" data-end=\"1190\">\n<p data-start=\"1144\" data-end=\"1190\">Kompatibel med: Solo 110, Solo 108, Solo 100<\/p>\n<\/li>\n<li data-start=\"1191\" data-end=\"1240\">\n<p data-start=\"1193\" data-end=\"1240\">Maks antall tilkoblede: 3 stk (totalt 1,5 m)<\/p>\n<\/li>\n<li data-start=\"1241\" data-end=\"1309\">\n<p data-start=\"1243\" data-end=\"1309\">Bruk: Forlenger teleskopstenger ved testing av detektorer<\/p>\n<\/li>\n<\/ul>","protected":false},"excerpt":{"rendered":"<p>Solo 101 teststangforlenger er en 0,5 m forlengelse for teleskopstenger som Solo 110, Solo 108 og Solo 100.<\/p>\n<p>Den gj\u00f8r det mulig \u00e5 n\u00e5 h\u00f8yere opp n\u00e5r du tester detektorer, og kan kobles sammen med opptil tre andre.<\/p>","protected":false},"featured_media":162276,"template":"","meta":{"_acf_changed":false},"product_brand":[],"product_cat":[2945,5070,5088,5072,5089,2946],"product_tag":[],"class_list":{"0":"post-162277","1":"product","2":"type-product","3":"status-publish","4":"has-post-thumbnail","6":"product_cat-solo","7":"product_cat-provstanger","8":"product_cat-solo-solo","9":"product_cat-solo-365","10":"product_cat-solo-365-solo-365","11":"product_cat-testifire","12":"tm-no-options","14":"first","15":"instock","16":"taxable","17":"shipping-taxable","18":"purchasable","19":"product-type-simple"},"acf":[],"_links":{"self":[{"href":"https:\/\/secureus.se\/no\/wp-json\/wp\/v2\/product\/162277","targetHints":{"allow":["GET"]}}],"collection":[{"href":"https:\/\/secureus.se\/no\/wp-json\/wp\/v2\/product"}],"about":[{"href":"https:\/\/secureus.se\/no\/wp-json\/wp\/v2\/types\/product"}],"wp:featuredmedia":[{"embeddable":true,"href":"https:\/\/secureus.se\/no\/wp-json\/wp\/v2\/media\/162276"}],"wp:attachment":[{"href":"https:\/\/secureus.se\/no\/wp-json\/wp\/v2\/media?parent=162277"}],"wp:term":[{"taxonomy":"product_brand","embeddable":true,"href":"https:\/\/secureus.se\/no\/wp-json\/wp\/v2\/product_brand?post=162277"},{"taxonomy":"product_cat","embeddable":true,"href":"https:\/\/secureus.se\/no\/wp-json\/wp\/v2\/product_cat?post=162277"},{"taxonomy":"product_tag","embeddable":true,"href":"https:\/\/secureus.se\/no\/wp-json\/wp\/v2\/product_tag?post=162277"}],"curies":[{"name":"wp","href":"https:\/\/api.w.org\/{rel}","templated":true}]}}