{"id":162552,"date":"2025-09-15T11:16:45","date_gmt":"2025-09-15T09:16:45","guid":{"rendered":"https:\/\/secureus.se\/?post_type=product&#038;p=162552"},"modified":"2026-04-09T15:42:54","modified_gmt":"2026-04-09T13:42:54","slug":"securex-aquaguard-tradlos-vattendetektor","status":"publish","type":"product","link":"https:\/\/secureus.se\/no\/securex-aquaguard-tradlos-vattendetektor\/","title":{"rendered":"SecureX AquaGuard \u2013 Tr\u00e5dl\u00f8s vanndetektor"},"content":{"rendered":"<h2 data-start=\"206\" data-end=\"281\">SecureX AquaGuard \u2013 tr\u00e5dl\u00f8s vanndetektor for tidlig varsling av lekkasjer<\/h2>\n<p data-start=\"283\" data-end=\"562\">SecureX AquaGuard er en p\u00e5litelig og enkel \u00e5 installere tr\u00e5dl\u00f8s vanndetektor som gir <strong data-start=\"367\" data-end=\"405\">umiddelbar varsling om vannlekkasjer<\/strong>Den er utviklet for \u00e5 oppdage vann p\u00e5 et tidlig stadium og dermed redusere risikoen for kostbare vannskader i boliger, fritidsboliger og n\u00e6ringsbygg.<\/p>\n<p data-start=\"564\" data-end=\"671\">N\u00e5r AquaGuard kommer i kontakt med vann, sendes alarmen direkte til <strong data-start=\"633\" data-end=\"651\">SecureX Hub<\/strong>, som igjen kan:<\/p>\n<ul data-start=\"672\" data-end=\"813\">\n<li data-start=\"672\" data-end=\"700\">\n<p data-start=\"674\" data-end=\"700\">aktivere alarmen i systemet<\/p>\n<\/li>\n<li data-start=\"701\" data-end=\"764\">\n<p data-start=\"703\" data-end=\"764\">send push-varsler i sanntid via <strong data-start=\"736\" data-end=\"762\">Stonehouse Smart-appen<\/strong><\/p>\n<\/li>\n<li data-start=\"765\" data-end=\"813\">\n<p data-start=\"767\" data-end=\"813\">utl\u00f8s ytterligere handlinger i SecureX-systemet ditt<\/p>\n<\/li>\n<\/ul>\n<p data-start=\"815\" data-end=\"1004\">Sensoren fungerer <strong data-start=\"832\" data-end=\"865\">lokalt sammen med knutepunktet<\/strong>, som betyr at vannalarmen i seg selv fungerer selv uten internett. Internett er kun n\u00f8dvendig for varsler, fjerntilgang og historikk i appen.<\/p>\n<hr data-start=\"1006\" data-end=\"1009\" \/>\n<h3 data-start=\"1011\" data-end=\"1065\">Enkel plassering \u2013 beskytter der det virkelig trengs<\/h3>\n<p data-start=\"1066\" data-end=\"1156\">SecureX AquaGuard plasseres direkte p\u00e5 gulvet der vannlekkasjer oftest oppst\u00e5r, for eksempel:<\/p>\n<ul data-start=\"1157\" data-end=\"1296\">\n<li data-start=\"1157\" data-end=\"1175\">\n<p data-start=\"1159\" data-end=\"1175\">under vasken<\/p>\n<\/li>\n<li data-start=\"1176\" data-end=\"1212\">\n<p data-start=\"1178\" data-end=\"1212\">ved oppvaskmaskinen eller vaskemaskinen<\/p>\n<\/li>\n<li data-start=\"1213\" data-end=\"1251\">\n<p data-start=\"1215\" data-end=\"1251\">i kjellere, fyrrom eller tekniske rom<\/p>\n<\/li>\n<li data-start=\"1252\" data-end=\"1296\">\n<p data-start=\"1254\" data-end=\"1296\">i fritidsboliger der tilsyn er sjeldnere<\/p>\n<\/li>\n<\/ul>\n<p data-start=\"1298\" data-end=\"1414\">Installasjonen er helt tr\u00e5dl\u00f8s og krever ingen verkt\u00f8y. Sensoren monteres enkelt med den medf\u00f8lgende dobbeltsidige teipen.<\/p>\n<hr data-start=\"1416\" data-end=\"1419\" \/>\n<h3 data-start=\"1421\" data-end=\"1465\">Stabil kommunikasjon og lang batterilevetid<\/h3>\n<p data-start=\"1466\" data-end=\"1734\">AquaGuard kommuniserer tr\u00e5dl\u00f8st via <strong data-start=\"1502\" data-end=\"1522\">433 MHz (EV1527)<\/strong> med SecureX-huben og har opptil <strong data-start=\"1559\" data-end=\"1593\">100 meters rekkevidde i fri siktlinje<\/strong>Den er drevet av <strong data-start=\"1608\" data-end=\"1636\">2 \u00d7 AA-batterier (DC 3V)<\/strong> og har sv\u00e6rt lavt str\u00f8mforbruk, noe som gir lang batterilevetid og p\u00e5litelig drift over tid.<\/p>\n<p data-start=\"1736\" data-end=\"1766\">En tydelig LED-indikator viser:<\/p>\n<ul data-start=\"1767\" data-end=\"1830\">\n<li data-start=\"1767\" data-end=\"1781\">\n<p data-start=\"1769\" data-end=\"1781\">alarmstatus<\/p>\n<\/li>\n<li data-start=\"1782\" data-end=\"1801\">\n<p data-start=\"1784\" data-end=\"1801\">lavt batteriniv\u00e5<\/p>\n<\/li>\n<li data-start=\"1802\" data-end=\"1830\">\n<p data-start=\"1804\" data-end=\"1830\">oppstarts- og driftsstatus<\/p>\n<\/li>\n<\/ul>\n<hr data-start=\"1832\" data-end=\"1835\" \/>\n<h3 data-start=\"1837\" data-end=\"1867\">En del av SecureX-systemet<\/h3>\n<p data-start=\"1868\" data-end=\"1973\">SecureX AquaGuard er en sensor for SecureX og brukes sammen med SecureX-huben. Via huben f\u00e5r du:<\/p>\n<ul data-start=\"1974\" data-end=\"2107\">\n<li data-start=\"1974\" data-end=\"2003\">\n<p data-start=\"1976\" data-end=\"2003\">sentral alarmh\u00e5ndtering<\/p>\n<\/li>\n<li data-start=\"2004\" data-end=\"2040\">\n<p data-start=\"2006\" data-end=\"2040\">varsler i Stonehouse Smart-appen<\/p>\n<\/li>\n<li data-start=\"2041\" data-end=\"2107\">\n<p data-start=\"2043\" data-end=\"2107\">mulighet for \u00e5 kombinere vannalarmer med andre SecureX-sensorer<\/p>\n<\/li>\n<\/ul>\n<hr data-start=\"2109\" data-end=\"2112\" \/>\n<h3 data-start=\"2114\" data-end=\"2136\">Fordeler i korte trekk<\/h3>\n<ul data-start=\"2137\" data-end=\"2424\">\n<li data-start=\"2137\" data-end=\"2171\">\n<p data-start=\"2139\" data-end=\"2171\">Tidlig oppdagelse av vannlekkasjer<\/p>\n<\/li>\n<li data-start=\"2172\" data-end=\"2210\">\n<p data-start=\"2174\" data-end=\"2210\">Fungerer lokalt selv uten internett<\/p>\n<\/li>\n<li data-start=\"2211\" data-end=\"2257\">\n<p data-start=\"2213\" data-end=\"2257\">Varsler i sanntid via Stonehouse Smart-appen<\/p>\n<\/li>\n<li data-start=\"2258\" data-end=\"2293\">\n<p data-start=\"2260\" data-end=\"2293\">Tr\u00e5dl\u00f8s kommunikasjon (433 MHz)<\/p>\n<\/li>\n<li data-start=\"2294\" data-end=\"2332\">\n<p data-start=\"2296\" data-end=\"2332\">Enkel installasjon uten kabling<\/p>\n<\/li>\n<li data-start=\"2333\" data-end=\"2377\">\n<p data-start=\"2335\" data-end=\"2377\">Lavt str\u00f8mforbruk og lang batterilevetid<\/p>\n<\/li>\n<li data-start=\"2378\" data-end=\"2424\">\n<p data-start=\"2380\" data-end=\"2424\">Tydelig LED-indikasjon for alarm og batteri<\/p>\n<\/li>\n<\/ul>\n<hr data-start=\"2426\" data-end=\"2429\" \/>\n<h3 data-start=\"2431\" data-end=\"2453\">Perfekt egnet for<\/h3>\n<ul data-start=\"2454\" data-end=\"2586\">\n<li data-start=\"2454\" data-end=\"2479\">\n<p data-start=\"2456\" data-end=\"2479\">Villaer og leiligheter<\/p>\n<\/li>\n<li data-start=\"2480\" data-end=\"2511\">\n<p data-start=\"2482\" data-end=\"2511\">Feriehus og sommerhus<\/p>\n<\/li>\n<li data-start=\"2512\" data-end=\"2548\">\n<p data-start=\"2514\" data-end=\"2548\">Kjellere, vaskerom og fyrrom<\/p>\n<\/li>\n<li data-start=\"2549\" data-end=\"2586\">\n<p data-start=\"2551\" data-end=\"2586\">Bedrifter, lager og tekniske rom<\/p>\n<\/li>\n<\/ul>","protected":false},"excerpt":{"rendered":"<p><strong data-start=\"2052\" data-end=\"2114\">Tr\u00e5dl\u00f8s vanndetektor for tidlig deteksjon av vannlekkasjer.<\/strong><br data-start=\"2114\" data-end=\"2117\" \/>Integreres med SecureX-hub, gir varsler via app og monteres enkelt uten kabling.<\/p>","protected":false},"featured_media":162549,"template":"","meta":{"_acf_changed":false},"product_brand":[],"product_cat":[5061],"product_tag":[],"class_list":{"0":"post-162552","1":"product","2":"type-product","3":"status-publish","4":"has-post-thumbnail","6":"product_cat-securex-larmsensorer","7":"pa_brands-securex-connect-pro","8":"pa_brands-stonehouse-smart","9":"tm-no-options","11":"first","12":"instock","13":"sale","14":"taxable","15":"shipping-taxable","16":"purchasable","17":"product-type-simple"},"acf":[],"_links":{"self":[{"href":"https:\/\/secureus.se\/no\/wp-json\/wp\/v2\/product\/162552","targetHints":{"allow":["GET"]}}],"collection":[{"href":"https:\/\/secureus.se\/no\/wp-json\/wp\/v2\/product"}],"about":[{"href":"https:\/\/secureus.se\/no\/wp-json\/wp\/v2\/types\/product"}],"wp:featuredmedia":[{"embeddable":true,"href":"https:\/\/secureus.se\/no\/wp-json\/wp\/v2\/media\/162549"}],"wp:attachment":[{"href":"https:\/\/secureus.se\/no\/wp-json\/wp\/v2\/media?parent=162552"}],"wp:term":[{"taxonomy":"product_brand","embeddable":true,"href":"https:\/\/secureus.se\/no\/wp-json\/wp\/v2\/product_brand?post=162552"},{"taxonomy":"product_cat","embeddable":true,"href":"https:\/\/secureus.se\/no\/wp-json\/wp\/v2\/product_cat?post=162552"},{"taxonomy":"product_tag","embeddable":true,"href":"https:\/\/secureus.se\/no\/wp-json\/wp\/v2\/product_tag?post=162552"}],"curies":[{"name":"wp","href":"https:\/\/api.w.org\/{rel}","templated":true}]}}