{"id":162564,"date":"2025-09-15T11:16:44","date_gmt":"2025-09-15T09:16:44","guid":{"rendered":"https:\/\/secureus.se\/?post_type=product&#038;p=162564"},"modified":"2026-04-16T10:55:56","modified_gmt":"2026-04-16T08:55:56","slug":"securex-smokeguard-insektskydd-och-led-larm","status":"publish","type":"product","link":"https:\/\/secureus.se\/no\/securex-smokeguard-insektskydd-och-led-larm\/","title":{"rendered":"SecureX SmokeGuard \u2013 r\u00f8ykvarsler EN14604 10 \u00e5rs batteri"},"content":{"rendered":"<h2 data-start=\"230\" data-end=\"291\">SecureX SmokeGuard \u2013 EN14604 r\u00f8ykdetektor med 10 \u00e5rs levetid<\/h2>\n<p data-start=\"293\" data-end=\"592\">SecureX SmokeGuard er en <strong data-start=\"318\" data-end=\"353\">EN14604-sertifisert r\u00f8ykdetektor<\/strong> Den er utviklet for \u00e5 gi p\u00e5litelig og koordinert brannbeskyttelse i hjem og eiendommer, reagerer raskt p\u00e5 r\u00f8yk og er beregnet p\u00e5 omr\u00e5der der tidlig varsling er avgj\u00f8rende, som soverom, stuer, ganger og fellesomr\u00e5der.<\/p>\n<p data-start=\"594\" data-end=\"763\">N\u00e5r det oppdages r\u00f8yk, en <strong data-start=\"626\" data-end=\"667\">kraftig sirene p\u00e5 \u226585 dB (p\u00e5 3 meter)<\/strong> sammen med en tydelig LED-indikator, slik at faren oppdages umiddelbart \u2013 selv om natten.<\/p>\n<p data-start=\"765\" data-end=\"913\">Det innebygde litiumbatteriet har en levetid p\u00e5 opptil <strong data-start=\"823\" data-end=\"832\">10 \u00e5r<\/strong>, noe som gj\u00f8r SmokeGuard s\u00e5 godt som vedlikeholdsfritt gjennom hele levetiden.<\/p>\n<hr data-start=\"915\" data-end=\"918\" \/>\n<h2 data-start=\"920\" data-end=\"979\">Sammenkoblet brannvern \u2013 alle enheter varsler samtidig<\/h2>\n<p data-start=\"981\" data-end=\"1117\">SecureX SmokeGuard er en del av <strong data-start=\"1013\" data-end=\"1036\">SecureX brannsystem<\/strong> og brukes sammen med <strong data-start=\"1065\" data-end=\"1083\">SecureX Hub<\/strong>, som er systemets sentrale enhet.<\/p>\n<p data-start=\"1119\" data-end=\"1175\">N\u00e5r <strong data-start=\"1123\" data-end=\"1129\">en<\/strong> r\u00f8yk- eller varmedetektoren i systemet utl\u00f8ser:<\/p>\n<ul data-start=\"1176\" data-end=\"1312\">\n<li data-start=\"1176\" data-end=\"1228\">\n<p data-start=\"1178\" data-end=\"1228\"><strong data-start=\"1178\" data-end=\"1228\">Alle r\u00f8yk- og varmedetektorer varsler samtidig<\/strong><\/p>\n<\/li>\n<li data-start=\"1229\" data-end=\"1267\">\n<p data-start=\"1231\" data-end=\"1267\">Sirener er aktivert over hele eiendommen<\/p>\n<\/li>\n<li data-start=\"1268\" data-end=\"1312\">\n<p data-start=\"1270\" data-end=\"1312\">Push-varsler sendes i sanntid til mobiltelefonen din<\/p>\n<\/li>\n<\/ul>\n<p data-start=\"1314\" data-end=\"1392\">Alarmen <strong data-start=\"1321\" data-end=\"1391\">kan sl\u00e5s av via SecureX-huben eller direkte i Stonehouse Smart-appen<\/strong>.<\/p>\n<p class=\"ds-markdown-paragraph\"><strong>Kan flere detektorer kobles til uten en hub?<\/strong><br \/>\nAbsolutt. Du kan opprette ditt eget tr\u00e5dl\u00f8se RF-nettverk der alle detektorer er sammenkoblet.<\/p>\n<p class=\"ds-markdown-paragraph\">Hvis \u00e9n alarmerer, alarmerer alle \u2013 uten WiFi eller internett. Perfekt for de som \u00f8nsker et enkelt og robust system.<\/p>\n<p class=\"ds-markdown-paragraph\"><strong>Hva f\u00e5r jeg hvis jeg kobler til SecureX Connect Pro?<\/strong><br \/>\nMed SecureX-huben f\u00e5r du utvidet funksjonalitet:<\/p>\n<ul>\n<li>\n<p class=\"ds-markdown-paragraph\">Alle detektorer alarmerer samtidig<\/p>\n<\/li>\n<li>\n<p class=\"ds-markdown-paragraph\">Push-varsler sendes til mobiltelefonen din ved alarm.<\/p>\n<\/li>\n<li>\n<p class=\"ds-markdown-paragraph\">Du kan se status og historikk i Stonehouse Smart-appen.<\/p>\n<\/li>\n<li>\n<p class=\"ds-markdown-paragraph\">Du kan sl\u00e5 av alarmer via appen eller huben<\/p>\n<\/li>\n<li>\n<p class=\"ds-markdown-paragraph\">Systemet blir en del av smarthjemmet ditt<\/p>\n<\/li>\n<\/ul>\n<p class=\"ds-markdown-paragraph\"><strong>M\u00e5 jeg velge mellom frittst\u00e5ende eller tilkoblet?<\/strong><br \/>\nNei. Du kan starte med et frittst\u00e5ende sammenkoblet nettverk og senere koble det til SecureX Connect Pro n\u00e5r du vil ha appkontroll og varsler.<\/p>\n<p class=\"ds-markdown-paragraph\"><strong>Fungerer det selv om internett er nede?<\/strong><br \/>\nJa. Selve alarmfunksjonen og det sammenkoblede nettverket fungerer lokalt selv uten internett. Internett er kun n\u00f8dvendig for mobilvarsler og fjernkontroll via app.<\/p>\n<hr data-start=\"1494\" data-end=\"1497\" \/>\n<h2 data-start=\"1499\" data-end=\"1530\">Appkontroll og kompatibilitet<\/h2>\n<p data-start=\"1532\" data-end=\"1594\">Alle hendelser vises i <strong data-start=\"1555\" data-end=\"1581\">Stonehouse Smart-appen<\/strong>, hvor du kan:<\/p>\n<ul data-start=\"1595\" data-end=\"1698\">\n<li data-start=\"1595\" data-end=\"1628\">\n<p data-start=\"1597\" data-end=\"1628\">Se hvilken alarm som har blitt aktivert<\/p>\n<\/li>\n<li data-start=\"1629\" data-end=\"1662\">\n<p data-start=\"1631\" data-end=\"1662\">Motta push-varsler i sanntid<\/p>\n<\/li>\n<li data-start=\"1663\" data-end=\"1698\">\n<p data-start=\"1665\" data-end=\"1698\">Sl\u00e5 av og tilbakestille alarmen<\/p>\n<\/li>\n<\/ul>\n<p data-start=\"1700\" data-end=\"1712\"><strong data-start=\"1700\" data-end=\"1712\">Det er viktig:<\/strong><\/p>\n<ul data-start=\"1713\" data-end=\"1902\">\n<li data-start=\"1713\" data-end=\"1755\">\n<p data-start=\"1715\" data-end=\"1755\">SmokeGuard kobles til SecureX-huben<\/p>\n<\/li>\n<li data-start=\"1756\" data-end=\"1819\">\n<p data-start=\"1758\" data-end=\"1819\">Det er huben som er kompatibel med <strong data-start=\"1794\" data-end=\"1817\">Tuya og Smart Life<\/strong><\/p>\n<\/li>\n<li data-start=\"1820\" data-end=\"1902\">\n<p data-start=\"1822\" data-end=\"1902\">R\u00f8ykvarsleren er <strong data-start=\"1838\" data-end=\"1864\">ikke direkte kompatibel<\/strong> med Tuya eller Smart Life uten hub<\/p>\n<\/li>\n<\/ul>\n<hr data-start=\"1904\" data-end=\"1907\" \/>\n<h2 data-start=\"1909\" data-end=\"1953\">Enkel installasjon og stabil kommunikasjon<\/h2>\n<p data-start=\"1955\" data-end=\"2172\">SmokeGuard kommuniserer tr\u00e5dl\u00f8st via <strong data-start=\"1992\" data-end=\"2003\">433 MHz<\/strong> og har stabil rekkevidde i hele hjemmet eller eiendommen. Den monteres enkelt i taket og har sv\u00e6rt lavt standby-forbruk, noe som bidrar til den lange batterilevetiden.<\/p>\n<p data-start=\"2174\" data-end=\"2257\">Det diskr\u00e9 designet gj\u00f8r at r\u00f8ykvarsleren glir inn i interi\u00f8ret uten \u00e5 forstyrre.<\/p>\n<hr data-start=\"2259\" data-end=\"2262\" \/>\n<h2 data-start=\"2264\" data-end=\"2288\">Fordeler og funksjoner<\/h2>\n<ul data-start=\"2290\" data-end=\"2775\">\n<li data-start=\"2290\" data-end=\"2325\">\n<p data-start=\"2292\" data-end=\"2325\">EN14604-sertifisert r\u00f8ykdetektor<\/p>\n<\/li>\n<li data-start=\"2326\" data-end=\"2370\">\n<p data-start=\"2328\" data-end=\"2370\">Innebygd <strong data-start=\"2336\" data-end=\"2353\">10-\u00e5rs batteri<\/strong> \u2013 1 stk <span data-teams=\"true\">CR123A<\/span><\/p>\n<\/li>\n<li data-start=\"2371\" data-end=\"2415\">\n<p data-start=\"2373\" data-end=\"2415\">Kraftig sirene \u226585 dB og LED-indikasjon<\/p>\n<\/li>\n<li data-start=\"2416\" data-end=\"2466\">\n<p data-start=\"2418\" data-end=\"2466\">Alle r\u00f8yk- og varmedetektorer varsler samtidig<\/p>\n<\/li>\n<li data-start=\"2467\" data-end=\"2518\">\n<p data-start=\"2469\" data-end=\"2518\">Alarmen sl\u00e5s av via <strong data-start=\"2488\" data-end=\"2516\">SecureX-hub eller -app<\/strong><\/p>\n<\/li>\n<li data-start=\"2519\" data-end=\"2580\">\n<p data-start=\"2521\" data-end=\"2580\">Tr\u00e5dl\u00f8s frekvens: <strong data-start=\"2539\" data-end=\"2559\">433 MHz (EV1527)<\/strong>, kodet for SecureX<\/p>\n<\/li>\n<li data-start=\"2581\" data-end=\"2643\">\n<p data-start=\"2583\" data-end=\"2643\">Tilkobling av opptil <strong data-start=\"2610\" data-end=\"2641\">40 r\u00f8yk- og varmedetektorer<\/strong><\/p>\n<\/li>\n<li data-start=\"2644\" data-end=\"2692\">\n<p data-start=\"2646\" data-end=\"2692\">Sanntidsvarsler i <strong data-start=\"2664\" data-end=\"2690\">Stonehouse Smart-appen<\/strong><\/p>\n<\/li>\n<li data-start=\"2693\" data-end=\"2740\">\n<p data-start=\"2695\" data-end=\"2740\">Stabil tr\u00e5dl\u00f8s kommunikasjon i ditt eget nettverk<\/p>\n<\/li>\n<li data-start=\"2741\" data-end=\"2775\">\n<p data-start=\"2743\" data-end=\"2775\">Enkel og diskr\u00e9 takmontering<\/p>\n<\/li>\n<li data-start=\"2741\" data-end=\"2775\">St\u00f8rrelse: 93 x 35 mm<\/li>\n<\/ul>\n<hr data-start=\"2777\" data-end=\"2780\" \/>\n<h2 data-start=\"2782\" data-end=\"2803\">Bruksomr\u00e5der<\/h2>\n<ul data-start=\"2805\" data-end=\"2937\">\n<li data-start=\"2805\" data-end=\"2830\">\n<p data-start=\"2807\" data-end=\"2830\">Soverom og stue<\/p>\n<\/li>\n<li data-start=\"2831\" data-end=\"2865\">\n<p data-start=\"2833\" data-end=\"2865\">Haller og fellesomr\u00e5der<\/p>\n<\/li>\n<li data-start=\"2866\" data-end=\"2903\">\n<p data-start=\"2868\" data-end=\"2903\">Villaer, leiligheter og feriehus<\/p>\n<\/li>\n<li data-start=\"2904\" data-end=\"2937\">\n<p data-start=\"2906\" data-end=\"2937\">Kontorer og st\u00f8rre eiendommer<\/p>\n<\/li>\n<\/ul>\n<hr data-start=\"2939\" data-end=\"2942\" \/>\n<h2 data-start=\"2944\" data-end=\"2963\">Leveringsinnhold<\/h2>\n<ul data-start=\"2965\" data-end=\"3082\">\n<li data-start=\"2965\" data-end=\"3005\">\n<p data-start=\"2967\" data-end=\"3005\">SecureX SmokeGuard r\u00f8ykdetektor: 1 stk.<\/p>\n<\/li>\n<li data-start=\"3006\" data-end=\"3031\">\n<p data-start=\"3008\" data-end=\"3031\">Monteringsbrakett: 1 stk<\/p>\n<\/li>\n<li data-start=\"3032\" data-end=\"3049\">\n<p data-start=\"3034\" data-end=\"3049\">Skruer: 3 stk<\/p>\n<\/li>\n<li data-start=\"3050\" data-end=\"3065\">\n<p data-start=\"3052\" data-end=\"3065\">St\u00f8psel: 3 stk.<\/p>\n<\/li>\n<li data-start=\"3066\" data-end=\"3082\">\n<p data-start=\"3068\" data-end=\"3082\">Manuell: 1 stk.<\/p>\n<\/li>\n<li data-start=\"3066\" data-end=\"3082\">Forh\u00e5ndsinstallert batteri \u2013 <span data-teams=\"true\">CR123A<\/span><\/li>\n<\/ul>","protected":false},"excerpt":{"rendered":"<p data-start=\"2463\" data-end=\"2616\">EN14604-sertifisert r\u00f8ykdetektor med innebygd 10-\u00e5rs batteri.<\/p>\n<p data-start=\"2463\" data-end=\"2616\">Kobles til via SecureX-huben for delte alarmer og push-varsler i Stonehouse Smart-appen.<\/p>","protected":false},"featured_media":163789,"template":"","meta":{"_acf_changed":false},"product_brand":[],"product_cat":[5062],"product_tag":[],"class_list":{"0":"post-162564","1":"product","2":"type-product","3":"status-publish","4":"has-post-thumbnail","6":"product_cat-securex-brand-gassensorer","7":"pa_brands-securex-connect-pro","8":"pa_brands-stonehouse-smart","9":"tm-no-options","11":"first","12":"instock","13":"sale","14":"taxable","15":"shipping-taxable","16":"purchasable","17":"product-type-simple"},"acf":[],"_links":{"self":[{"href":"https:\/\/secureus.se\/no\/wp-json\/wp\/v2\/product\/162564","targetHints":{"allow":["GET"]}}],"collection":[{"href":"https:\/\/secureus.se\/no\/wp-json\/wp\/v2\/product"}],"about":[{"href":"https:\/\/secureus.se\/no\/wp-json\/wp\/v2\/types\/product"}],"wp:featuredmedia":[{"embeddable":true,"href":"https:\/\/secureus.se\/no\/wp-json\/wp\/v2\/media\/163789"}],"wp:attachment":[{"href":"https:\/\/secureus.se\/no\/wp-json\/wp\/v2\/media?parent=162564"}],"wp:term":[{"taxonomy":"product_brand","embeddable":true,"href":"https:\/\/secureus.se\/no\/wp-json\/wp\/v2\/product_brand?post=162564"},{"taxonomy":"product_cat","embeddable":true,"href":"https:\/\/secureus.se\/no\/wp-json\/wp\/v2\/product_cat?post=162564"},{"taxonomy":"product_tag","embeddable":true,"href":"https:\/\/secureus.se\/no\/wp-json\/wp\/v2\/product_tag?post=162564"}],"curies":[{"name":"wp","href":"https:\/\/api.w.org\/{rel}","templated":true}]}}