{"id":162606,"date":"2025-09-15T11:16:43","date_gmt":"2025-09-15T09:16:43","guid":{"rendered":"https:\/\/secureus.se\/?post_type=product&#038;p=162606"},"modified":"2026-04-09T15:46:20","modified_gmt":"2026-04-09T13:46:20","slug":"securex-sirenguard-pro-utomhussiren","status":"publish","type":"product","link":"https:\/\/secureus.se\/no\/securex-sirenguard-pro-utomhussiren\/","title":{"rendered":"SecureX SirenGuard Pro \u2013 Utend\u00f8rs sirene med blits \u2013 Justerbar opptil 120 dB (lang rekkevidde)"},"content":{"rendered":"<h2 data-start=\"177\" data-end=\"250\">SecureX SirenGuard Pro \u2013 utend\u00f8rs sirene med sabotasjealarm<\/h2>\n<p data-start=\"252\" data-end=\"586\">SecureX SirenGuard Pro er en <strong data-start=\"281\" data-end=\"318\">kraftig og robust utend\u00f8rs sirene<\/strong> utviklet for \u00e5 gi maksimal avskrekking og tydelig alarmindikasjon i SecureX-alarmsystemet. Med en <strong data-start=\"419\" data-end=\"459\">h\u00f8y alarm p\u00e5 opptil 120 dB<\/strong> i kombinasjon med <strong data-start=\"478\" data-end=\"506\">blinkende strobelys<\/strong> SirenGuard Pro s\u00f8rger for at alarmen b\u00e5de h\u00f8res og sees \u2013 selv p\u00e5 avstand.<\/p>\n<p data-start=\"588\" data-end=\"739\">Sirenen er bygget for krevende utend\u00f8rsmilj\u00f8er og er perfekt for <strong data-start=\"656\" data-end=\"710\">villaer, bedrifter, lagerbygg, garasjer og industriomr\u00e5der<\/strong> der det kreves et h\u00f8yt sikkerhetsniv\u00e5.<\/p>\n<hr data-start=\"741\" data-end=\"744\" \/>\n<h3 data-start=\"746\" data-end=\"785\">Tydelig avskrekkende og sabotasjealarm<\/h3>\n<p data-start=\"786\" data-end=\"825\">SecureX SirenGuard Pro er utstyrt med:<\/p>\n<ul data-start=\"826\" data-end=\"963\">\n<li data-start=\"826\" data-end=\"857\">\n<p data-start=\"828\" data-end=\"857\"><strong data-start=\"828\" data-end=\"857\">To kraftige lydsensorer<\/strong><\/p>\n<\/li>\n<li data-start=\"858\" data-end=\"888\">\n<p data-start=\"860\" data-end=\"888\"><strong data-start=\"860\" data-end=\"888\">5 justerbare volumniv\u00e5er<\/strong><\/p>\n<\/li>\n<li data-start=\"889\" data-end=\"911\">\n<p data-start=\"891\" data-end=\"911\"><strong data-start=\"891\" data-end=\"911\">2 forskjellige alarmlyder<\/strong><\/p>\n<\/li>\n<li data-start=\"912\" data-end=\"935\">\n<p data-start=\"914\" data-end=\"935\"><strong data-start=\"914\" data-end=\"935\">Sirenen har et innebygd strobelys for visuell indikasjon.<\/strong><\/p>\n<\/li>\n<li data-start=\"936\" data-end=\"963\">\n<p data-start=\"938\" data-end=\"963\"><strong data-start=\"938\" data-end=\"963\">Innebygd sabotasjealarm<\/strong><\/p>\n<\/li>\n<\/ul>\n<p data-start=\"965\" data-end=\"1105\">Sabotasjealarmen aktiveres umiddelbart ved fors\u00f8k p\u00e5 demontering og sender en alarm til SecureX-systemet, noe som gir ekstra beskyttelse mot manipulasjon.<\/p>\n<hr data-start=\"1107\" data-end=\"1110\" \/>\n<h3 data-start=\"1112\" data-end=\"1160\">Fleksibel drift \u2013 str\u00f8mnett, batteri eller solcellepanel<\/h3>\n<p data-start=\"1161\" data-end=\"1256\">SirenGuard Pro kan betjenes p\u00e5 flere forskjellige m\u00e5ter, noe som gj\u00f8r den sv\u00e6rt fleksibel i installasjon:<\/p>\n<ul data-start=\"1258\" data-end=\"1417\">\n<li data-start=\"1258\" data-end=\"1291\">\n<p data-start=\"1260\" data-end=\"1291\"><strong data-start=\"1260\" data-end=\"1291\">Str\u00f8madapter (DC 6\u201315 V\/1 A)<\/strong><\/p>\n<\/li>\n<li data-start=\"1292\" data-end=\"1354\">\n<p data-start=\"1294\" data-end=\"1354\"><strong data-start=\"1294\" data-end=\"1328\">Innebygd litiumbatteri 5000 mAh<\/strong> (backup ved str\u00f8mbrudd)<\/p>\n<\/li>\n<li data-start=\"1355\" data-end=\"1417\">\n<p data-start=\"1357\" data-end=\"1417\"><strong data-start=\"1357\" data-end=\"1379\">Solcellepanel (valgfritt)<\/strong> for uavhengig og energieffektiv drift<\/p>\n<\/li>\n<\/ul>\n<p data-start=\"1419\" data-end=\"1534\">Dette gj\u00f8r sirenen ideell for steder der str\u00f8mnettet ikke er tilgjengelig, eller der du \u00f8nsker \u00e5 minimere vedlikehold og kabling.<\/p>\n<hr data-start=\"1536\" data-end=\"1539\" \/>\n<h3 data-start=\"1541\" data-end=\"1571\">En del av SecureX-systemet<\/h3>\n<p data-start=\"1572\" data-end=\"1730\">SecureX SirenGuard Pro er en systemkomponent i SecureX og brukes alltid sammen med <strong data-start=\"1662\" data-end=\"1680\">SecureX Hub<\/strong>, som h\u00e5ndterer all kommunikasjon og alarmkontroll.<\/p>\n<ul data-start=\"1732\" data-end=\"1978\">\n<li data-start=\"1732\" data-end=\"1771\">\n<p data-start=\"1734\" data-end=\"1771\">Sirenen kobles til SecureX-huben<\/p>\n<\/li>\n<li data-start=\"1772\" data-end=\"1822\">\n<p data-start=\"1774\" data-end=\"1822\">Alle alarmer og status videresendes via huben<\/p>\n<\/li>\n<li data-start=\"1823\" data-end=\"1879\">\n<p data-start=\"1825\" data-end=\"1879\">Push-varsler i sanntid via <strong data-start=\"1851\" data-end=\"1877\">Stonehouse Smart-appen<\/strong><\/p>\n<\/li>\n<li data-start=\"1880\" data-end=\"1942\">\n<p data-start=\"1882\" data-end=\"1942\">Kompatibilitet med <strong data-start=\"1901\" data-end=\"1940\">Tuya og Smart Life gj\u00f8res via huben<\/strong><\/p>\n<\/li>\n<li data-start=\"1943\" data-end=\"1978\">\n<p data-start=\"1945\" data-end=\"1978\">Sirenen brukes ikke frittst\u00e5ende<\/p>\n<\/li>\n<\/ul>\n<hr data-start=\"1980\" data-end=\"1983\" \/>\n<h3 data-start=\"1985\" data-end=\"2007\">Fordeler i korte trekk<\/h3>\n<ul data-start=\"2008\" data-end=\"2375\">\n<li data-start=\"2008\" data-end=\"2058\">\n<p data-start=\"2010\" data-end=\"2058\">H\u00f8y h\u00f8rbar alarm opptil <strong data-start=\"2037\" data-end=\"2047\">120dB<\/strong> (5 niv\u00e5er)<\/p>\n<\/li>\n<li data-start=\"2059\" data-end=\"2095\">\n<p data-start=\"2061\" data-end=\"2095\">Strobelys for visuell varsling<\/p>\n<\/li>\n<li data-start=\"2096\" data-end=\"2140\">\n<p data-start=\"2098\" data-end=\"2140\">Langdistansekommunikasjon<\/p>\n<\/li>\n<li data-start=\"2141\" data-end=\"2180\">\n<p data-start=\"2143\" data-end=\"2180\">Innebygd sabotasjealarm ved demontering<\/p>\n<\/li>\n<li data-start=\"2181\" data-end=\"2237\">\n<p data-start=\"2183\" data-end=\"2237\">Drift via nettadapter, batteri eller solcellepanel (valgfritt)<\/p>\n<\/li>\n<li data-start=\"2238\" data-end=\"2275\">\n<p data-start=\"2240\" data-end=\"2275\">Full integrasjon via SecureX-huben<\/p>\n<\/li>\n<li data-start=\"2276\" data-end=\"2318\">\n<p data-start=\"2278\" data-end=\"2318\">Sanntidsvarsler i Stonehouse Smart-appen<\/p>\n<\/li>\n<li data-start=\"2319\" data-end=\"2375\">\n<p data-start=\"2321\" data-end=\"2375\">V\u00e6rbestandig og robust konstruksjon for utend\u00f8rs bruk<\/p>\n<\/li>\n<\/ul>\n<hr data-start=\"2377\" data-end=\"2380\" \/>\n<h3 data-start=\"2382\" data-end=\"2412\">Typiske bruksomr\u00e5der<\/h3>\n<ul data-start=\"2413\" data-end=\"2550\">\n<li data-start=\"2413\" data-end=\"2440\">\n<p data-start=\"2415\" data-end=\"2440\">Villaer og sommerhus<\/p>\n<\/li>\n<li data-start=\"2441\" data-end=\"2470\">\n<p data-start=\"2443\" data-end=\"2470\">Bedrifter og butikklokaler<\/p>\n<\/li>\n<li data-start=\"2471\" data-end=\"2508\">\n<p data-start=\"2473\" data-end=\"2508\">Garasjer, lagerbygninger og industriomr\u00e5der<\/p>\n<\/li>\n<li data-start=\"2509\" data-end=\"2550\">\n<p data-start=\"2511\" data-end=\"2550\">Utend\u00f8rsmilj\u00f8er med h\u00f8ye sikkerhetskrav<\/p>\n<\/li>\n<\/ul>\n<hr data-start=\"2552\" data-end=\"2555\" \/>\n<h3 data-start=\"2557\" data-end=\"2582\">Teknisk spesifikasjon<\/h3>\n<ul data-start=\"2583\" data-end=\"2983\">\n<li data-start=\"2583\" data-end=\"2644\">\n<p data-start=\"2585\" data-end=\"2644\">Str\u00f8mforsyning: DC 6\u201315 V \/ 1 A eller solcellepanel (valgfritt)<\/p>\n<\/li>\n<li data-start=\"2645\" data-end=\"2681\">\n<p data-start=\"2647\" data-end=\"2681\">Batteri: 3,7 V \/ 5000 mAh litium<\/p>\n<\/li>\n<li data-start=\"2682\" data-end=\"2710\">\n<p data-start=\"2684\" data-end=\"2710\">Standby-str\u00f8m: ca. 0,25 mA<\/p>\n<\/li>\n<li data-start=\"2711\" data-end=\"2734\">\n<p data-start=\"2713\" data-end=\"2734\">Alarmstr\u00f8m: &lt;500 mA<\/p>\n<\/li>\n<li data-start=\"2735\" data-end=\"2773\">\n<p data-start=\"2737\" data-end=\"2773\">Lydniv\u00e5: Opptil 120 dB (5 niv\u00e5er)<\/p>\n<\/li>\n<li data-start=\"2774\" data-end=\"2823\">\n<p data-start=\"2776\" data-end=\"2823\">Tr\u00e5dl\u00f8s teknologi: Lang rekkevidde, SecureX-kodet<\/p>\n<\/li>\n<li data-start=\"2824\" data-end=\"2866\">\n<p data-start=\"2826\" data-end=\"2866\">Rekkevidde: Opptil ca. 500 m (siktlinje)<\/p>\n<\/li>\n<li data-start=\"2867\" data-end=\"2907\">\n<p data-start=\"2869\" data-end=\"2907\">Arbeidstemperatur: \u221220 \u00b0C til +50 \u00b0C<\/p>\n<\/li>\n<li data-start=\"2908\" data-end=\"2955\">\n<p data-start=\"2910\" data-end=\"2955\">Relativ luftfuktighet: &lt;95 % (ikke-kondenserende)<\/p>\n<\/li>\n<li data-start=\"2956\" data-end=\"2983\">\n<p data-start=\"2958\" data-end=\"2983\">M\u00e5l: 270 \u00d7 180 \u00d7 47 mm<\/p>\n<\/li>\n<\/ul>\n<hr data-start=\"2985\" data-end=\"2988\" \/>\n<h3 data-start=\"2990\" data-end=\"3010\">Leveringsinnhold<\/h3>\n<ul data-start=\"3011\" data-end=\"3187\">\n<li data-start=\"3011\" data-end=\"3056\">\n<p data-start=\"3013\" data-end=\"3056\">SecureX SirenGuard Pro utend\u00f8rs sirene: 1 stk.<\/p>\n<\/li>\n<li data-start=\"3057\" data-end=\"3087\">\n<p data-start=\"3059\" data-end=\"3087\">Veggmonteringsplate: 1 stk.<\/p>\n<\/li>\n<li data-start=\"3088\" data-end=\"3105\">\n<p data-start=\"3090\" data-end=\"3105\">Skruer: 4 stk<\/p>\n<\/li>\n<li data-start=\"3106\" data-end=\"3121\">\n<p data-start=\"3108\" data-end=\"3121\">St\u00f8psel: 4 stk.<\/p>\n<\/li>\n<li data-start=\"3122\" data-end=\"3170\">\n<p data-start=\"3124\" data-end=\"3170\">USB-C str\u00f8madapter (for str\u00f8mtilkobling): 1 stk.<\/p>\n<\/li>\n<li data-start=\"3171\" data-end=\"3187\">\n<p data-start=\"3173\" data-end=\"3187\">Manuell: 1 stk.<\/p>\n<\/li>\n<\/ul>","protected":false},"excerpt":{"rendered":"<p>SecureX SirenGuard Pro er en kraftig utend\u00f8rssirene med justerbart lydniv\u00e5 opptil 120 dB, strobelys og sabotasjealarm.<\/p>\n<p>Fullt integrert med SecureX-huben, optimalisert for Stonehouse Smart-appen.<\/p>\n<p>Drevet av innebygd batteri, str\u00f8madapter eller solcellepanel (valgfritt) for maksimal fleksibilitet.<\/p>","protected":false},"featured_media":162600,"template":"","meta":{"_acf_changed":false},"product_brand":[],"product_cat":[5064],"product_tag":[],"class_list":{"0":"post-162606","1":"product","2":"type-product","3":"status-publish","4":"has-post-thumbnail","6":"product_cat-securex-sirener","7":"pa_brands-securex-connect-pro","8":"pa_brands-stonehouse-smart","9":"tm-no-options","11":"first","12":"instock","13":"sale","14":"taxable","15":"shipping-taxable","16":"purchasable","17":"product-type-simple"},"acf":[],"_links":{"self":[{"href":"https:\/\/secureus.se\/no\/wp-json\/wp\/v2\/product\/162606","targetHints":{"allow":["GET"]}}],"collection":[{"href":"https:\/\/secureus.se\/no\/wp-json\/wp\/v2\/product"}],"about":[{"href":"https:\/\/secureus.se\/no\/wp-json\/wp\/v2\/types\/product"}],"wp:featuredmedia":[{"embeddable":true,"href":"https:\/\/secureus.se\/no\/wp-json\/wp\/v2\/media\/162600"}],"wp:attachment":[{"href":"https:\/\/secureus.se\/no\/wp-json\/wp\/v2\/media?parent=162606"}],"wp:term":[{"taxonomy":"product_brand","embeddable":true,"href":"https:\/\/secureus.se\/no\/wp-json\/wp\/v2\/product_brand?post=162606"},{"taxonomy":"product_cat","embeddable":true,"href":"https:\/\/secureus.se\/no\/wp-json\/wp\/v2\/product_cat?post=162606"},{"taxonomy":"product_tag","embeddable":true,"href":"https:\/\/secureus.se\/no\/wp-json\/wp\/v2\/product_tag?post=162606"}],"curies":[{"name":"wp","href":"https:\/\/api.w.org\/{rel}","templated":true}]}}