{"id":162639,"date":"2025-09-15T11:16:42","date_gmt":"2025-09-15T09:16:42","guid":{"rendered":"https:\/\/secureus.se\/?post_type=product&#038;p=162639"},"modified":"2026-04-09T15:47:50","modified_gmt":"2026-04-09T13:47:50","slug":"securex-connect-pro-lorapanel-touchskarm","status":"publish","type":"product","link":"https:\/\/secureus.se\/no\/securex-connect-pro-lorapanel-touchskarm\/","title":{"rendered":"SecureX Connect Pro Central med ber\u00f8ringsskjerm \u2013 svensk versjon med 4G og app"},"content":{"rendered":"<h2>SecureX Connect Pro Central ber\u00f8ringsskjerm svensk versjon<\/h2>\n<p>Alarm uten abonnement med 3 \u00e5rs garanti og full support via Swedish Stonehouse Security AB.<\/p>\n<p>SecureX Connect Pro er hjertet i SecureX-systemet \u2013 en kraftig alarmsentral med <strong>7-tommers ber\u00f8ringsskjerm<\/strong> som samler alle SecureX-enheter i ett system.<\/p>\n<p>Med den enkle oppstartsmenyen kan alle konfigurere alarmen p\u00e5 omtrent 30 minutter, menyen viser p\u00e5 svensk hvordan man gj\u00f8r det, <span style=\"text-decoration: underline;\"><strong>Menyen f\u00f8lger alltid spr\u00e5ket du har valgt<\/strong><\/span> \u00e5 ha som standard.<\/p>\n<p>Ved alarm vil sirener starte, og du vil motta alarmen p\u00e5 mobiltelefonen din via appen. Hvis du har valgt og konfigurert et 4G SIM-kort, vil en SMS og en talemelding bli sendt til telefonen din.<\/p>\n<p>Stemmen annonserer p\u00e5 ditt spr\u00e5k hvilken seksjon som er utl\u00f8st, og du kan ogs\u00e5 lytte til hva som skjer i eiendommen din. Hvis du for eksempel har en stille SOS-alarm, kan personen snakke med deg, og du kan snakke og kommunisere med dem via hubens innebygde mikrofon.<\/p>\n<p>Panelet f\u00e5r <strong>gratis oppdateringer via appen<\/strong> gjennom hele alarmens levetid.<\/p>\n<p>SecureX-alarmen <strong>panel (med display og ren tekst), talemeldinger og Stonehouse Smart-app<\/strong> tilgjengelig p\u00e5:<\/p>\n<p><em><strong><span style=\"text-decoration: underline;\">Svensk, engelsk, tysk, finsk, fransk, nederlandsk, polsk, spansk, norsk og dansk.<\/span><\/strong><\/em><\/p>\n<hr \/>\n<h3>Kraftig panel med lang rekkevidde<\/h3>\n<p>Den store <strong>7-tommers IPS-ber\u00f8ringsskjerm (1024 \u00d7 600)<\/strong> gir et tydelig grensesnitt som er enkelt \u00e5 bruke. Med <strong>600 MHz-brikke<\/strong> og <strong>innebygd 5000 mAh batteri<\/strong> systemet fortsetter \u00e5 fungere selv ved str\u00f8mbrudd.<\/p>\n<p>Takk til <strong>Lang rekkevidde\/LoRa<\/strong> st\u00e5r du opp til <strong>500 m rekkevidde i fri siktlinje<\/strong>, noe som gj\u00f8r den spesielt god i st\u00f8rre eiendommer der vanlig WiFi-rekkevidde ikke er nok.<\/p>\n<hr \/>\n<h3>Hybridalarm \u2013 tr\u00e5dl\u00f8s + kablet<\/h3>\n<p>SecureX Connect Pro st\u00f8tter:<\/p>\n<ul>\n<li>Opptil <strong>200 tr\u00e5dl\u00f8se SecureX-enheter<\/strong><\/li>\n<li><strong>8 kablede soner<\/strong> for hybridinstallasjon<\/li>\n<li><strong>Wi-Fi, 2G eller 4G<\/strong> for tilkobling<\/li>\n<li><strong>Toveis kommunikasjon<\/strong> og opp til <strong>5 n\u00f8dnumre<\/strong><\/li>\n<li>Innebygde protokoller: <strong>433 MHz (EV1527)<\/strong> og <strong>868 MHz lang rekkevidde<\/strong> med SecureX-kryptering<\/li>\n<\/ul>\n<p>All kontroll skjer via <strong>Stonehouse Smart-appen<\/strong> (med nordiske spr\u00e5k). Kompatibilitet med <strong>Tuya<\/strong> og <strong>Smart liv<\/strong> skjer via huben.<\/p>\n<hr \/>\n<h3>Viktig avklaring<\/h3>\n<ul>\n<li>Dette er <strong>Kun SecureX-hub\/-panel<\/strong><\/li>\n<li><strong>Ingen sensorer eller tilbeh\u00f8r inkludert<\/strong><\/li>\n<li><strong>USB-C str\u00f8madapter inkludert<\/strong><\/li>\n<li>Brukes med SecureX-sensorer og tilbeh\u00f8r<\/li>\n<\/ul>\n<hr \/>\n<h3>Funksjoner og fordeler<\/h3>\n<ul>\n<li><strong>7-tommers IPS-ber\u00f8ringsskjerm<\/strong> med h\u00f8y oppl\u00f8sning<\/li>\n<li><strong>10 spr\u00e5k + taleinformasjon:<\/strong> Svensk, norsk, dansk, finsk, engelsk, tysk, polsk, fransk, spansk, nederlandsk<\/li>\n<li><strong>Lang rekkevidde\/LoRa opptil 500 m<\/strong> (klar utsikt)<\/li>\n<li><strong>200 tr\u00e5dl\u00f8se enheter + 8 kablede soner<\/strong><\/li>\n<li><strong>Innebygd sirene <\/strong>(opptil 120 dB)<\/li>\n<li><strong>5000 mAh reservebatteri<\/strong> (opptil ca. 32 timer standby)<\/li>\n<li><strong>Toveissamtaler og flere n\u00f8dnumre<\/strong><\/li>\n<li><strong>Sabotasjealarm og advarsel om lavt batteri<\/strong><\/li>\n<li>Full kontroll via app<\/li>\n<li>Enkel installasjon via <strong>USB-C<\/strong> eller <strong>12V<\/strong><\/li>\n<li><strong>Gratis OTA-oppdateringer<\/strong> via Stonehouse Smart-appen<\/li>\n<li><strong>St\u00f8tte via Stonehouse Security<\/strong> som ogs\u00e5 er ansvarlig for appen og programvaren til alarmenheten.<\/li>\n<\/ul>\n<hr \/>\n<h3>Sertifiseringer og kvalitet<\/h3>\n<p>SecureX Connect Pro er testet og sertifisert i henhold til:<\/p>\n<ul>\n<li><strong>CE<\/strong><\/li>\n<li><strong>RoHS<\/strong><\/li>\n<li><strong>\u00c5 N\u00c5<\/strong><\/li>\n<li><strong>FCC-ID (H700)<\/strong><\/li>\n<li><strong>Storbritannia (H700)<\/strong><\/li>\n<li><strong>ERP-rapport<\/strong> (energieffektiv konstruksjon)<\/li>\n<\/ul>\n<hr \/>\n<h3>Leveringsinnhold<\/h3>\n<ul>\n<li>SecureX Connect Pro 7\u2033 alarmhub: <strong>1 stk<\/strong><\/li>\n<li>USB-C str\u00f8madapter: <strong>1 stk<\/strong><\/li>\n<li>Veggmonteringsbrakett<\/li>\n<li>Skruer og plugger<\/li>\n<li>H\u00e5ndbok<\/li>\n<\/ul>","protected":false},"excerpt":{"rendered":"<p class=\"\" data-start=\"307\" data-end=\"466\"><strong data-start=\"46\" data-end=\"116\">SecureX Connect Pro Hub utviklet for det norske markedet.<\/strong><\/p>\n<p class=\"\" data-start=\"307\" data-end=\"466\">Den norske ber\u00f8ringsskjermen og den enkle oppstartsguiden gj\u00f8r systemet lett \u00e5 ta i bruk. Huben samler alle SecureX-enheter i ett smart og brukervennlig system.<\/p>\n<p class=\"\" data-start=\"307\" data-end=\"466\">Du mottar alarmer direkte p\u00e5 mobiltelefonen din, og med et 4G SIM-kort kan du ogs\u00e5 motta SMS og talemeldinger ved alarm.<\/p>\n<p class=\"\" data-start=\"307\" data-end=\"466\">Panelet har innebygd sirene, sabotasjealarm, backupbatteri og styres via svensk. <strong data-start=\"348\" data-end=\"374\">Stonehouse Smart-appen<\/strong>, og er kompatibel med <strong data-start=\"399\" data-end=\"420\" data-is-only-node=\"\">Tuya og Smart Life<\/strong>.<\/p>\n<p data-start=\"307\" data-end=\"466\">SecureX-alarmen <strong>panel (med display og ren tekst), talemeldinger og Stonehouse Smart-app<\/strong> Tilgjengelig p\u00e5 svensk, engelsk, tysk, finsk, fransk, nederlandsk, polsk, spansk, norsk og dansk.<\/p>","protected":false},"featured_media":162629,"template":"","meta":{"_acf_changed":false},"product_brand":[],"product_cat":[5060,5099],"product_tag":[],"class_list":{"0":"post-162639","1":"product","2":"type-product","3":"status-publish","4":"has-post-thumbnail","6":"product_cat-securex-kit-hub","7":"product_cat-smart-home-larm-securex","8":"pa_brands-securex-connect-pro","9":"pa_brands-stonehouse-smart","10":"tm-no-options","12":"first","13":"instock","14":"sale","15":"taxable","16":"shipping-taxable","17":"purchasable","18":"product-type-simple"},"acf":[],"_links":{"self":[{"href":"https:\/\/secureus.se\/no\/wp-json\/wp\/v2\/product\/162639","targetHints":{"allow":["GET"]}}],"collection":[{"href":"https:\/\/secureus.se\/no\/wp-json\/wp\/v2\/product"}],"about":[{"href":"https:\/\/secureus.se\/no\/wp-json\/wp\/v2\/types\/product"}],"wp:featuredmedia":[{"embeddable":true,"href":"https:\/\/secureus.se\/no\/wp-json\/wp\/v2\/media\/162629"}],"wp:attachment":[{"href":"https:\/\/secureus.se\/no\/wp-json\/wp\/v2\/media?parent=162639"}],"wp:term":[{"taxonomy":"product_brand","embeddable":true,"href":"https:\/\/secureus.se\/no\/wp-json\/wp\/v2\/product_brand?post=162639"},{"taxonomy":"product_cat","embeddable":true,"href":"https:\/\/secureus.se\/no\/wp-json\/wp\/v2\/product_cat?post=162639"},{"taxonomy":"product_tag","embeddable":true,"href":"https:\/\/secureus.se\/no\/wp-json\/wp\/v2\/product_tag?post=162639"}],"curies":[{"name":"wp","href":"https:\/\/api.w.org\/{rel}","templated":true}]}}