{"id":162717,"date":"2026-02-16T10:35:17","date_gmt":"2026-02-16T09:35:17","guid":{"rendered":"https:\/\/secureus.se\/securex-rfid-tagg-for-larmstyrning\/"},"modified":"2026-04-02T13:03:28","modified_gmt":"2026-04-02T11:03:28","slug":"securex-rfid-tagg-for-larmstyrning","status":"publish","type":"product","link":"https:\/\/secureus.se\/no\/securex-rfid-tagg-for-larmstyrning\/","title":{"rendered":"SecureX RFID-brikke for alarmkontroll"},"content":{"rendered":"<p data-start=\"286\" data-end=\"532\">SecureX RFID-brikker er en enkel og sikker l\u00f8sning for identifisering og tilgang i SecureX-systemet. Med et raskt trykk p\u00e5 leseren kan brukere deaktivere alarmen, f\u00e5 tilgang eller identifisere seg i systemet \u2013 uten kode eller app.<\/p>\n<p data-start=\"534\" data-end=\"765\">Brikkene er designet for daglig bruk og har en robust konstruksjon som t\u00e5ler slitasje over tid. De er perfekte for bedrifter, eiendommer, ansatte, bes\u00f8kende eller andre milj\u00f8er der smidig og kontrollert tilgang er viktig.<\/p>\n<p data-start=\"767\" data-end=\"978\">Som et propriet\u00e6rt SecureX-produkt kan RFID-brikkene ogs\u00e5 tilpasses med din egen tekst\/logo.<\/p>\n<p data-start=\"767\" data-end=\"978\">Dette gir et ensartet og profesjonelt inntrykk, samtidig som det gj\u00f8r taggene enkle \u00e5 gjenkjenne og koble til virksomheten din.<\/p>\n<p data-start=\"980\" data-end=\"993\"><strong data-start=\"980\" data-end=\"993\">Fordeler:<\/strong><\/p>\n<ul data-start=\"994\" data-end=\"1195\">\n<li data-start=\"994\" data-end=\"1027\">\n<p data-start=\"996\" data-end=\"1027\">Rask og enkel identifisering<\/p>\n<\/li>\n<li data-start=\"1028\" data-end=\"1070\">\n<p data-start=\"1030\" data-end=\"1070\">Enkel \u00e5 bruke uten kode eller mobiltelefon<\/p>\n<\/li>\n<li data-start=\"1071\" data-end=\"1111\">\n<p data-start=\"1073\" data-end=\"1111\">H\u00f8y driftssikkerhet og lang levetid<\/p>\n<\/li>\n<li data-start=\"1112\" data-end=\"1150\">\n<p data-start=\"1114\" data-end=\"1150\">Tilpasning med egen logo mulig<\/p>\n<\/li>\n<li data-start=\"1151\" data-end=\"1195\">\n<p data-start=\"1153\" data-end=\"1195\">Full kompatibilitet med SecureX-systemet<\/p>\n<\/li>\n<\/ul>\n<p data-start=\"1197\" data-end=\"1262\" data-is-last-node=\"\" data-is-only-node=\"\">En praktisk og profesjonell l\u00f8sning for moderne adgangskontroll.<\/p>","protected":false},"excerpt":{"rendered":"<p>SecureX RFID-brikker gir rask og enkel tilgang til SecureX-systemet ditt. Bare hold brikken mot leseren for \u00e5 deaktivere eller kontrollere tillatelser.<\/p>\n<p>Merkene er slitesterke, p\u00e5litelige og kan leveres med din egen logo\/nummer for en profesjonell og personlig l\u00f8sning.<\/p>","protected":false},"featured_media":162716,"template":"","meta":{"_acf_changed":false},"product_brand":[],"product_cat":[5067,5065],"product_tag":[],"class_list":{"0":"post-162717","1":"product","2":"type-product","3":"status-publish","4":"has-post-thumbnail","6":"product_cat-securex-knappsatser","7":"product_cat-securex-tillbehor","8":"tm-no-options","10":"first","11":"instock","12":"sale","13":"taxable","14":"shipping-taxable","15":"purchasable","16":"product-type-simple"},"acf":[],"_links":{"self":[{"href":"https:\/\/secureus.se\/no\/wp-json\/wp\/v2\/product\/162717","targetHints":{"allow":["GET"]}}],"collection":[{"href":"https:\/\/secureus.se\/no\/wp-json\/wp\/v2\/product"}],"about":[{"href":"https:\/\/secureus.se\/no\/wp-json\/wp\/v2\/types\/product"}],"wp:featuredmedia":[{"embeddable":true,"href":"https:\/\/secureus.se\/no\/wp-json\/wp\/v2\/media\/162716"}],"wp:attachment":[{"href":"https:\/\/secureus.se\/no\/wp-json\/wp\/v2\/media?parent=162717"}],"wp:term":[{"taxonomy":"product_brand","embeddable":true,"href":"https:\/\/secureus.se\/no\/wp-json\/wp\/v2\/product_brand?post=162717"},{"taxonomy":"product_cat","embeddable":true,"href":"https:\/\/secureus.se\/no\/wp-json\/wp\/v2\/product_cat?post=162717"},{"taxonomy":"product_tag","embeddable":true,"href":"https:\/\/secureus.se\/no\/wp-json\/wp\/v2\/product_tag?post=162717"}],"curies":[{"name":"wp","href":"https:\/\/api.w.org\/{rel}","templated":true}]}}