{"id":162887,"date":"2026-03-02T10:20:23","date_gmt":"2026-03-02T09:20:23","guid":{"rendered":"https:\/\/secureus.se\/?post_type=product&#038;p=162887"},"modified":"2026-04-15T11:18:04","modified_gmt":"2026-04-15T09:18:04","slug":"temperatur-luftfuktighetssensor-med-2-st-c-nc-no-relautgangar-rs485-modbus","status":"publish","type":"product","link":"https:\/\/secureus.se\/no\/temperatur-luftfuktighetssensor-med-2-st-c-nc-no-relautgangar-rs485-modbus\/","title":{"rendered":"Temperatur- og fuktighetssensor med 2 C\/NC\/NO rel\u00e9utganger \u2013 RS485 Modbus"},"content":{"rendered":"<section class=\"product-detail__top-container\">\n<div class=\"product-detail__top-content\">\n<div class=\"wrap-text admin-perex\">\n<h2 data-start=\"168\" data-end=\"239\">Temperatur- og fuktighetssensor med 2 rel\u00e9utganger \u2013 RS485 Modbus<\/h2>\n<p data-start=\"241\" data-end=\"454\">Denne temperatur- og fuktighetssensoren er konstruert for installasjon i <strong data-start=\"316\" data-end=\"384\">alarmsystemer, bygningsautomasjon og tekniske overv\u00e5kingssystemer<\/strong> der klimaendringer skal kunne utl\u00f8se alarmer eller styres via rel\u00e9.<\/p>\n<p data-start=\"456\" data-end=\"557\">Sensoren er ogs\u00e5 utstyrt med <strong data-start=\"480\" data-end=\"509\">to separate rel\u00e9utganger<\/strong> som kan brukes til ulike typer klimaalarmer:<\/p>\n<ul data-start=\"559\" data-end=\"704\">\n<li data-start=\"559\" data-end=\"631\">\n<p data-start=\"561\" data-end=\"631\"><strong data-start=\"561\" data-end=\"585\">Rel\u00e9 1 \u2013 Temperatur:<\/strong> aktivert ved innstilt temperaturgrenseverdi<\/p>\n<\/li>\n<li data-start=\"632\" data-end=\"704\">\n<p data-start=\"634\" data-end=\"704\"><strong data-start=\"634\" data-end=\"661\">Rel\u00e9 2 \u2013 Fuktighet:<\/strong> aktiveres ved innstilt fuktighetsverdi<\/p>\n<\/li>\n<\/ul>\n<p data-start=\"706\" data-end=\"831\">Dette gj\u00f8r sensoren spesielt egnet for installasjoner der temperatur eller fuktighet kan p\u00e5virke drift, utstyr eller sikkerhet.<\/p>\n<p data-start=\"833\" data-end=\"960\">Rel\u00e9ene kan kobles direkte til, for eksempel, <strong data-start=\"877\" data-end=\"959\">alarminnganger p\u00e5 sentralenheter, kontrollsystemer, ventilasjonssystemer eller driftsalarmer<\/strong>.<\/p>\n<p data-start=\"962\" data-end=\"1119\">Rel\u00e9ene har en lastekapasitet p\u00e5 opptil <strong data-start=\"1008\" data-end=\"1024\"><span data-olk-copy-source=\"MessageBody\">24V\/2A eller 0,5A ved 220V<\/span><\/strong>\u00a0som gj\u00f8r det mulig \u00e5 styre eksterne enheter eller sende alarmsignaler til andre systemer.<\/p>\n<p data-start=\"962\" data-end=\"1119\">V\u00e6r oppmerksom p\u00e5 at dersom du har st\u00f8rre belastninger, b\u00f8r du ikke styre disse direkte via enhetens innebygde rel\u00e9er, men i stedet gj\u00f8re dette via en kontaktor eller et mellomrel\u00e9.<\/p>\n<p data-start=\"962\" data-end=\"1119\"><strong>Driftsspenning:<\/strong> 12~36V DC eller 24V AC (\u00b120%)<\/p>\n<p data-start=\"962\" data-end=\"1119\"><strong>Enhetens driftstemperatur:<\/strong>\u00a0 \u00a0-20\u2013+70 grader Celsius.<\/p>\n<h2 data-start=\"1253\" data-end=\"1287\">Tilpasset for alarminstallasjoner<\/h2>\n<p data-start=\"1289\" data-end=\"1515\">Sensoren er et praktisk supplement til sikkerhets- og overv\u00e5kingssystemer der milj\u00f8forholdene m\u00e5 overv\u00e5kes. Gjennom de to rel\u00e9utgangene kan sensoren brukes til \u00e5 opprette separate alarmer for temperatur og fuktighet.<\/p>\n<p data-start=\"1517\" data-end=\"1557\">Typiske funksjoner i alarminstallasjoner:<\/p>\n<ul data-start=\"1559\" data-end=\"1774\">\n<li data-start=\"1559\" data-end=\"1598\">\n<p data-start=\"1561\" data-end=\"1598\">temperaturoverv\u00e5king i <strong data-start=\"1585\" data-end=\"1598\">serverrom<\/strong><\/p>\n<\/li>\n<li data-start=\"1599\" data-end=\"1639\">\n<p data-start=\"1601\" data-end=\"1639\">fuktighetsalarm i <strong data-start=\"1612\" data-end=\"1639\">teknisk rom eller kjeller<\/strong><\/p>\n<\/li>\n<li data-start=\"1640\" data-end=\"1674\">\n<p data-start=\"1642\" data-end=\"1674\">klimaoverv\u00e5king i <strong data-start=\"1662\" data-end=\"1674\">alarmskap<\/strong><\/p>\n<\/li>\n<li data-start=\"1675\" data-end=\"1724\">\n<p data-start=\"1677\" data-end=\"1724\">driftsalarm for <strong data-start=\"1691\" data-end=\"1724\">kj\u00f8le- eller ventilasjonssystem<\/strong><\/p>\n<\/li>\n<li data-start=\"1725\" data-end=\"1774\">\n<p data-start=\"1727\" data-end=\"1774\">milj\u00f8overv\u00e5king i <strong data-start=\"1746\" data-end=\"1774\">eiendom og industri<\/strong><\/p>\n<\/li>\n<\/ul>\n<hr data-start=\"1776\" data-end=\"1779\" \/>\n<h2 data-start=\"1781\" data-end=\"1812\">RS485 Modbus for integrasjon<\/h2>\n<p data-start=\"1814\" data-end=\"2000\">I tillegg til rel\u00e9utgangene har sensoren <strong data-start=\"1848\" data-end=\"1886\">RS485-kommunikasjon med Modbus RTU<\/strong>, noe som gj\u00f8r det mulig \u00e5 integrere den i bygningsautomasjon, PLS-systemer eller andre overv\u00e5kingsplattformer.<\/p>\n<p data-start=\"2002\" data-end=\"2109\">Temperatur og fuktighet kan deretter leses av sentralt, mens rel\u00e9utgangene brukes til lokale alarmer.<\/p>\n<hr data-start=\"2111\" data-end=\"2114\" \/>\n<h2 data-start=\"2116\" data-end=\"2146\">Skjerm for lokal avlesning<\/h2>\n<p data-start=\"2148\" data-end=\"2372\">Det integrerte LCD-displayet viser gjeldende temperatur og fuktighet direkte p\u00e5 sensoren. Dette gj\u00f8r installasjon, kontroll og service enklere, ettersom verdiene kan kontrolleres lokalt uten tilkobling til et overordnet system.<\/p>\n<hr data-start=\"2374\" data-end=\"2377\" \/>\n<h2 data-start=\"2379\" data-end=\"2415\">Stabil m\u00e5ling i tekniske milj\u00f8er<\/h2>\n<p data-start=\"2417\" data-end=\"2617\">Sensoren er konstruert for stabil drift i tekniske installasjoner og m\u00e5ler temperatur og relativ fuktighet med h\u00f8y n\u00f8yaktighet.<\/p>\n<p data-start=\"2417\" data-end=\"2617\">Den eksterne sensoren gir rask respons p\u00e5 klimaendringer.<\/p>\n<p data-start=\"2796\" data-end=\"2825\">\n<\/div>\n<\/div>\n<\/section>","protected":false},"excerpt":{"rendered":"<p data-start=\"353\" data-end=\"615\">Overv\u00e5k temperatur og fuktighet i sanntid med denne profesjonelle sensoren for bygningsautomasjon, klimakontroll og industrielle milj\u00f8er.<\/p>\n<p data-start=\"962\" data-end=\"1119\"><strong>Driftsspenning:<\/strong> 12~36V DC eller 24V AC (\u00b120%)<\/p>\n<p data-start=\"962\" data-end=\"1119\"><strong>Enhetens driftstemperatur:<\/strong>\u00a0 \u00a0-20\u2013+70 grader Celsius.<\/p>\n<p data-start=\"353\" data-end=\"615\">Programmering gj\u00f8res direkte p\u00e5 displayet og alarmer via min\/maks-verdier p\u00e5 separate rel\u00e9er C\/NC\/NO til andre systemer som alarmer.<\/p>\n<p data-start=\"353\" data-end=\"615\">Sensoren bruker <strong data-start=\"515\" data-end=\"549\">RS485 Modbus-RTU-kommunikasjon<\/strong> og har <strong data-start=\"558\" data-end=\"577\">innebygd skjerm<\/strong> for tydelig avlesning direkte p\u00e5 stedet.<\/p>\n<p data-start=\"617\" data-end=\"799\">Den robuste konstruksjonen og den eksterne sensoren gj\u00f8r den ideell for <strong data-start=\"689\" data-end=\"760\">serverrom, lager, industri, eiendom og tekniske installasjoner<\/strong> der stabil milj\u00f8overv\u00e5king er viktig.<\/p>","protected":false},"featured_media":144999,"template":"","meta":{"_acf_changed":false},"product_brand":[],"product_cat":[1308,1309],"product_tag":[],"class_list":{"0":"post-162887","1":"product","2":"type-product","3":"status-publish","4":"has-post-thumbnail","6":"product_cat-driftlarm-kyla-vatten-temp","7":"product_cat-temperaturdetektor-vattendetektor","8":"product_shipping_class-tunga-paket","9":"pa_brands-stonehouse-security","10":"tm-no-options","12":"first","13":"instock","14":"sale","15":"featured","16":"taxable","17":"shipping-taxable","18":"purchasable","19":"product-type-simple"},"acf":[],"_links":{"self":[{"href":"https:\/\/secureus.se\/no\/wp-json\/wp\/v2\/product\/162887","targetHints":{"allow":["GET"]}}],"collection":[{"href":"https:\/\/secureus.se\/no\/wp-json\/wp\/v2\/product"}],"about":[{"href":"https:\/\/secureus.se\/no\/wp-json\/wp\/v2\/types\/product"}],"wp:featuredmedia":[{"embeddable":true,"href":"https:\/\/secureus.se\/no\/wp-json\/wp\/v2\/media\/144999"}],"wp:attachment":[{"href":"https:\/\/secureus.se\/no\/wp-json\/wp\/v2\/media?parent=162887"}],"wp:term":[{"taxonomy":"product_brand","embeddable":true,"href":"https:\/\/secureus.se\/no\/wp-json\/wp\/v2\/product_brand?post=162887"},{"taxonomy":"product_cat","embeddable":true,"href":"https:\/\/secureus.se\/no\/wp-json\/wp\/v2\/product_cat?post=162887"},{"taxonomy":"product_tag","embeddable":true,"href":"https:\/\/secureus.se\/no\/wp-json\/wp\/v2\/product_tag?post=162887"}],"curies":[{"name":"wp","href":"https:\/\/api.w.org\/{rel}","templated":true}]}}