{"id":162919,"date":"2026-03-06T11:41:55","date_gmt":"2026-03-06T10:41:55","guid":{"rendered":"https:\/\/secureus.se\/?post_type=product&#038;p=162919"},"modified":"2026-04-09T11:18:09","modified_gmt":"2026-04-09T09:18:09","slug":"cranford-controls-vxb-1evad-vaggsond-vad-fyr-24v-dc-en54-23-w-2-4-8-vit-kropp-och-blixt-djup-bas","status":"publish","type":"product","link":"https:\/\/secureus.se\/no\/cranford-controls-vxb-1evad-vaggsond-vad-fyr-24v-dc-en54-23-w-2-4-8-vit-kropp-och-blixt-djup-bas\/","title":{"rendered":"Cranford Controls VXB-1EVAD Veggprobe VAD-varslingslys, 24V DC EN54-23 W-2.4-8 Hvit kropp og blits, dyp bass"},"content":{"rendered":"<div class=\"headernamehrnone\">\n<p>Oppdag p\u00e5liteligheten og effektiviteten til Cranford Controls VXB-1EVAD Wall Spatial Sounder VAD Beacon. Denne avanserte enheten er designet med et elegant hvitt hus og dyp bass, og fungerer p\u00e5 24V DC og oppfyller de strenge standardene EN54-3 for sirener og EN54-23 for VAD-beaconer. Den tilbyr et valg mellom et sl\u00e5ende hvitt eller r\u00f8dt blink, noe som sikrer synlighet og samsvar i en rekke milj\u00f8er. Med 32 valgbare toner gir den allsidige alternativer for auditiv signalering. Cranford Controls VXB-1EVAD er ideell for \u00e5 forbedre sikkerhetsprotokoller i ethvert milj\u00f8, og er ditt valg for p\u00e5litelige varslingssystemer. Ikke vent, forbedre sikkerhetstiltakene dine i dag!<\/p>\n<p>&nbsp;<\/p>\n<\/div>\n<div class=\"row headername\">\n<div class=\"item-header rd-hyg-item-header\"><strong>Hovedtrekk<\/strong><\/div>\n<div class=\"row\">\n<ul>\n<li>Godkjent i henhold til EN54-3 (lydsender) og EN54-23 (VAD-sender)<\/li>\n<li>Hvitt blits (C-2.4-8), r\u00f8dt blits (C-2.4-7) tilgjengelig som tilleggsutstyr<\/li>\n<li>32 valgbare toner<\/li>\n<\/ul>\n<\/div>\n<\/div>","protected":false},"excerpt":{"rendered":"<ul class=\"UnorderedListStyle--1koui9a ksyVRL mainfeatureslist\">\n<li class=\"ListItemStyle--1yqofwy kEFzCE\">Godkjent i henhold til EN54-3 (lydsender) og EN54-23 (VAD-sender)<\/li>\n<li class=\"ListItemStyle--1yqofwy kEFzCE\">Hvitt blits (C-2.4-8), r\u00f8dt blits (C-2.4-7) tilgjengelig som tilleggsutstyr<\/li>\n<li class=\"ListItemStyle--1yqofwy kEFzCE\">32 valgbare toner<\/li>\n<\/ul>","protected":false},"featured_media":162918,"template":"","meta":{"_acf_changed":false},"product_brand":[],"product_cat":[5103,5097,1562,1825],"product_tag":[],"class_list":{"0":"post-162919","1":"product","2":"type-product","3":"status-publish","4":"has-post-thumbnail","6":"product_cat-blixtljus-kombisiren","7":"product_cat-kombisiren-blixt-brand","8":"product_cat-larmdon-blixtljus","9":"product_cat-sirener-brand","10":"pa_farg-vit","11":"tm-no-options","13":"first","14":"onbackorder","15":"taxable","16":"shipping-taxable","17":"purchasable","18":"product-type-simple"},"acf":[],"_links":{"self":[{"href":"https:\/\/secureus.se\/no\/wp-json\/wp\/v2\/product\/162919","targetHints":{"allow":["GET"]}}],"collection":[{"href":"https:\/\/secureus.se\/no\/wp-json\/wp\/v2\/product"}],"about":[{"href":"https:\/\/secureus.se\/no\/wp-json\/wp\/v2\/types\/product"}],"wp:featuredmedia":[{"embeddable":true,"href":"https:\/\/secureus.se\/no\/wp-json\/wp\/v2\/media\/162918"}],"wp:attachment":[{"href":"https:\/\/secureus.se\/no\/wp-json\/wp\/v2\/media?parent=162919"}],"wp:term":[{"taxonomy":"product_brand","embeddable":true,"href":"https:\/\/secureus.se\/no\/wp-json\/wp\/v2\/product_brand?post=162919"},{"taxonomy":"product_cat","embeddable":true,"href":"https:\/\/secureus.se\/no\/wp-json\/wp\/v2\/product_cat?post=162919"},{"taxonomy":"product_tag","embeddable":true,"href":"https:\/\/secureus.se\/no\/wp-json\/wp\/v2\/product_tag?post=162919"}],"curies":[{"name":"wp","href":"https:\/\/api.w.org\/{rel}","templated":true}]}}