{"id":163393,"date":"2026-03-20T11:40:56","date_gmt":"2026-03-20T10:40:56","guid":{"rendered":"https:\/\/secureus.se\/?post_type=product&#038;p=163393"},"modified":"2026-04-01T11:15:08","modified_gmt":"2026-04-01T09:15:08","slug":"ajax-keypad-outdoor-ip66-grafit","status":"publish","type":"product","link":"https:\/\/secureus.se\/no\/ajax-keypad-outdoor-ip66-grafit\/","title":{"rendered":"Ajax Tastatur Utend\u00f8rs IP66 - Grafitt"},"content":{"rendered":"<p data-start=\"272\" data-end=\"623\">Ajax KeyPad Outdoor Jeweller er et tr\u00e5dl\u00f8st kontrollpanel med tydelige mekaniske knapper for smidig og sikker kontroll av Ajax-systemet, b\u00e5de innend\u00f8rs og utend\u00f8rs. Det er designet for \u00e5 gi enkel tilgang til alarmkontroll, adgang og noen automatiseringsfunksjoner i ett enkelt grensesnitt.<\/p>\n<p data-start=\"625\" data-end=\"949\">Kontrollpanelet har innebygd <strong data-start=\"652\" data-end=\"670\">DESFire-leser<\/strong> for Ajax Pass og Tag, samt st\u00f8tte for <strong data-start=\"708\" data-end=\"738\">Bluetooth lavenergi (BLE)<\/strong>. Dette betyr at brukeren kan identifisere seg med kort, kode eller mobiltelefon. Enheten st\u00f8tter ogs\u00e5 bruk med smarttelefoner via BLE, noe som gj\u00f8r det mulig \u00e5 bruke mobiltelefonen som adgangskort.<\/p>\n<p data-start=\"951\" data-end=\"1284\">Den innebygde summeren kan blant annet gi h\u00f8rbar indikasjon for alarmer, inn- og utgang, og en ding dong-funksjon. KeyPad Outdoor Jeweller kan ogs\u00e5 brukes til \u00e5 styre automatiseringsenheter direkte fra kontrollpanelet, noe som gj\u00f8r den til et fleksibelt valg selv i installasjoner der du \u00f8nsker \u00e5 kombinere alarmkontroll og smart kontroll.<\/p>\n<p data-start=\"1286\" data-end=\"1580\">De store mekaniske knappene er utformet for tydelig og p\u00e5litelig betjening, selv i mer utsatte milj\u00f8er. Takket v\u00e6re beskyttelsesklassen <strong data-start=\"1417\" data-end=\"1425\">IP66<\/strong> og slagmotstand <strong data-start=\"1443\" data-end=\"1451\">IK08<\/strong> Modellen er godt egnet for installasjon i for eksempel inngangspartier, porter, forretningslokaler og andre milj\u00f8er der det kreves h\u00f8y holdbarhet.<\/p>\n<p data-start=\"1582\" data-end=\"1618\"><strong data-start=\"1582\" data-end=\"1600\">Kompatibilitet<\/strong><br data-start=\"1600\" data-end=\"1603\" \/>Kompatibel med:<\/p>\n<ul data-start=\"1619\" data-end=\"1699\">\n<li data-section-id=\"10wrjv5\" data-start=\"1619\" data-end=\"1631\">Hub 2 (2G)<\/li>\n<li data-section-id=\"10wrbvb\" data-start=\"1632\" data-end=\"1644\">Hub 2 (4G)<\/li>\n<li data-section-id=\"10w8o2n\" data-start=\"1645\" data-end=\"1657\">Hub 2 Plus<\/li>\n<li data-section-id=\"1n2ssn9\" data-start=\"1658\" data-end=\"1666\">Hub BP<\/li>\n<li data-section-id=\"kgd6px\" data-start=\"1667\" data-end=\"1685\">Hub Hybrid Fiber<\/li>\n<li data-section-id=\"1o4sx3\" data-start=\"1686\" data-end=\"1691\">ReX<\/li>\n<li data-section-id=\"179hg8l\" data-start=\"1692\" data-end=\"1699\">Rex 2<\/li>\n<\/ul>\n<p data-start=\"1701\" data-end=\"1724\"><strong data-start=\"1701\" data-end=\"1724\">Teknisk informasjon<\/strong><\/p>\n<ul data-start=\"1725\" data-end=\"2207\">\n<li data-section-id=\"1xn1d3q\" data-start=\"1725\" data-end=\"1780\"><strong data-start=\"1727\" data-end=\"1748\">Tr\u00e5dl\u00f8s rekkevidde:<\/strong> opptil 2700 km i \u00e5pent terreng<\/li>\n<li data-section-id=\"z1c1r7\" data-start=\"1781\" data-end=\"1818\"><strong data-start=\"1783\" data-end=\"1798\">Batteritype:<\/strong> 2 x CR123A, inkludert<\/li>\n<li data-section-id=\"i70wrq\" data-start=\"1819\" data-end=\"1858\"><strong data-start=\"1821\" data-end=\"1842\">Batteritid:<\/strong> opptil 3 \u00e5r<\/li>\n<li data-section-id=\"1bdcz5s\" data-start=\"1859\" data-end=\"1908\"><strong data-start=\"1861\" data-end=\"1889\">Ekstern str\u00f8mforsyning:<\/strong> 10,5\u201314 VDC, 1 A<\/li>\n<li data-section-id=\"1vune04\" data-start=\"1909\" data-end=\"1980\"><strong data-start=\"1911\" data-end=\"1941\">Sikkerhetskopiering med ekstern str\u00f8mforsyning:<\/strong> batteriene fungerer som reservestr\u00f8m<\/li>\n<li data-section-id=\"9mfiut\" data-start=\"1981\" data-end=\"2025\"><strong data-start=\"1983\" data-end=\"2004\">Temperaturspenn:<\/strong> -25 \u00b0C til +60 \u00b0C<\/li>\n<li data-section-id=\"3o971j\" data-start=\"2026\" data-end=\"2062\"><strong data-start=\"2028\" data-end=\"2046\">Luftfuktighet:<\/strong> opptil 80 %<\/li>\n<li data-section-id=\"11gxegg\" data-start=\"2063\" data-end=\"2121\"><strong data-start=\"2065\" data-end=\"2078\">Lesertype:<\/strong> DESFire\u00ae EV1, EV2 ISO14443-A (13,56 MHz)<\/li>\n<li data-section-id=\"euscg8\" data-start=\"2122\" data-end=\"2158\"><strong data-start=\"2124\" data-end=\"2144\">Antall brukere:<\/strong> opptil 50<\/li>\n<li data-section-id=\"3zmijv\" data-start=\"2159\" data-end=\"2185\"><strong data-start=\"2161\" data-end=\"2178\">Slagfasthet:<\/strong> IK08<\/li>\n<li data-section-id=\"jbg9ix\" data-start=\"2186\" data-end=\"2207\"><strong data-start=\"2188\" data-end=\"2201\">IP-klasse:<\/strong> IP66<\/li>\n<\/ul>","protected":false},"excerpt":{"rendered":"<ul>\n<li data-section-id=\"1j3w74h\" data-start=\"158\" data-end=\"164\">IP66<\/li>\n<li data-section-id=\"fy49ne\" data-start=\"165\" data-end=\"189\">Innebygd DESFire-leser<\/li>\n<li data-section-id=\"1v0sags\" data-start=\"190\" data-end=\"212\">Innebygd BLE-funksjon<\/li>\n<li data-section-id=\"1vmmd7l\" data-start=\"213\" data-end=\"229\">Innebygd summer<\/li>\n<li data-section-id=\"180l11s\" data-start=\"230\" data-end=\"270\">Mulighet for ekstern str\u00f8mforsyning<\/li>\n<\/ul>","protected":false},"featured_media":163771,"template":"","meta":{"_acf_changed":false},"product_brand":[],"product_cat":[3164,3157],"product_tag":[],"class_list":{"0":"post-163393","1":"product","2":"type-product","3":"status-publish","4":"has-post-thumbnail","6":"product_cat-larmstyrning","7":"product_cat-utomhussakerhet","8":"pa_brands-ajax-systems","9":"tm-no-options","11":"first","12":"instock","13":"taxable","14":"shipping-taxable","15":"purchasable","16":"product-type-simple"},"acf":[],"_links":{"self":[{"href":"https:\/\/secureus.se\/no\/wp-json\/wp\/v2\/product\/163393","targetHints":{"allow":["GET"]}}],"collection":[{"href":"https:\/\/secureus.se\/no\/wp-json\/wp\/v2\/product"}],"about":[{"href":"https:\/\/secureus.se\/no\/wp-json\/wp\/v2\/types\/product"}],"wp:featuredmedia":[{"embeddable":true,"href":"https:\/\/secureus.se\/no\/wp-json\/wp\/v2\/media\/163771"}],"wp:attachment":[{"href":"https:\/\/secureus.se\/no\/wp-json\/wp\/v2\/media?parent=163393"}],"wp:term":[{"taxonomy":"product_brand","embeddable":true,"href":"https:\/\/secureus.se\/no\/wp-json\/wp\/v2\/product_brand?post=163393"},{"taxonomy":"product_cat","embeddable":true,"href":"https:\/\/secureus.se\/no\/wp-json\/wp\/v2\/product_cat?post=163393"},{"taxonomy":"product_tag","embeddable":true,"href":"https:\/\/secureus.se\/no\/wp-json\/wp\/v2\/product_tag?post=163393"}],"curies":[{"name":"wp","href":"https:\/\/api.w.org\/{rel}","templated":true}]}}